{"id":4194,"date":"2025-03-05T14:27:40","date_gmt":"2025-03-05T13:27:40","guid":{"rendered":"https:\/\/agora.xtec.cat\/ceip-puig-gairalt\/?page_id=4194"},"modified":"2025-03-05T17:23:22","modified_gmt":"2025-03-05T16:23:22","slug":"vagues-estudiantils","status":"publish","type":"page","link":"https:\/\/agora.xtec.cat\/ceip-puig-gairalt\/vagues-estudiantils\/","title":{"rendered":"Vagues estudiantils"},"content":{"rendered":"<p>La <a href=\"https:\/\/portaljuridic.gencat.cat\/ca\/document-del-pjur\/?documentId=554481\">Constituci\u00f3 espanyola<\/a> reconeix en els articles <a href=\"https:\/\/portaljuridic.gencat.cat\/ca\/document-del-pjur\/?documentId=554481#1086937\">20<\/a> i <a href=\"https:\/\/portaljuridic.gencat.cat\/ca\/document-del-pjur\/?documentId=554481#1086938\">21<\/a> el dret a la llibertat d&#8217;expressi\u00f3 i el dret de reuni\u00f3, i posteriorment a l&#8217;<a href=\"https:\/\/portaljuridic.gencat.cat\/ca\/document-del-pjur\/?documentId=554481#1086944\">article 27<\/a>, tractant sobre el dret a l&#8217;educaci\u00f3, s&#8217;estableix que \u201cels alumnes (al costat de pares i professors) intervindran en el control i gesti\u00f3 de tots els centres sostinguts per l&#8217;Administraci\u00f3 amb fons p\u00fablics, en els termes que la Llei estableixi\u201d.<\/p>\n<p><strong>La concreci\u00f3 d&#8217;aquests drets, per als estudiants, queda regulat en les seg\u00fcents Lleis:<\/strong><\/p>\n<p>&#8211; <a href=\"https:\/\/portaljuridic.gencat.cat\/ca\/document-del-pjur\/?documentId=628910\">Llei Org\u00e0nica 8\/1985, del 3 de juliol, Reguladora del Dret a l&#8217;Educaci\u00f3<\/a>.<\/p>\n<p>&#8211; <a href=\"https:\/\/www.boe.es\/buscar\/doc.php?id=BOE-A-1986-20180\">Reial decret 1532\/1986, d&#8217;11 de juliol, per la qual es regulen les associacions d&#8217;alumnes<\/a>.<\/p>\n<p>&#8211; <a href=\"https:\/\/www.boe.es\/buscar\/doc.php?id=BOE-A-1995-13291\">Reial decret 732\/1995, del 5 de maig, pel qual s&#8217;estableixen els drets i deures dels alumnes i les normes de conviv\u00e8ncia als centres<\/a>.<\/p>\n<p>En l&#8217;Institut Escola Puig i Gairalt, d\u2019acord amb les pautes que fixa l\u2019<a href=\"https:\/\/portaljuridic.gencat.cat\/ca\/document-del-pjur\/?documentId=628910#1251498\">article 8<\/a> de la <a href=\"https:\/\/portaljuridic.gencat.cat\/ca\/document-del-pjur\/?documentId=628910#1251498\">llei org\u00e0nica 8\/1985, de 3 de juliol, reguladora del dret a l\u2019educaci\u00f3<\/a> on es determina que <strong>a partir de tercer curs d\u2019Educaci\u00f3 Secund\u00e0ria Obligat\u00f2ria<\/strong>, l\u2019alumnat podr\u00e0 prendre decisions col\u00b7lectives adoptades en relaci\u00f3 amb la seva assist\u00e8ncia a classe. Aquests exercicis del dret de reuni\u00f3 ha de ser pr\u00e8viament comunicats a la direcci\u00f3 del centre, sense la corresponent autoritzaci\u00f3 de pares, mares o tutors\/es legals i seguint, tamb\u00e9, les normes recollides a les <a href=\"https:\/\/agora.xtec.cat\/ceip-puig-gairalt\/projecte-educatiu\/nofc\/\">NOFC<\/a> del centre. A continuaci\u00f3 teniu a la vostra disposici\u00f3 les pautes en cas de convocat\u00f2ria de vaga i les inst\u00e0ncies de vaga:<\/p>\n<table style=\"width: 100.269%; border-collapse: collapse;\">\n<tbody>\n<tr>\n<td style=\"width: 21.8402%; text-align: center;\"><\/td>\n<td style=\"width: 41.4281%; text-align: center;\"><strong>Vaga per drets dels estudiants<\/strong><\/td>\n<td style=\"width: 54.0153%; text-align: center;\"><strong>Vaga per temes socials<\/strong><\/td>\n<\/tr>\n<tr>\n<td style=\"width: 21.8402%; text-align: center;\"><strong>Pautes en cas de convocat\u00f2ria<\/strong><\/td>\n<td style=\"width: 41.4281%; text-align: center;\"><a title=\"Pautes-en-cas-de-convocatoria-de-vaga-per-drets-dels-estudiants.pdf\" href=\"https:\/\/agora.xtec.cat\/ceip-puig-gairalt\/docs\/pautes-en-cas-de-convocatoria-de-vaga-per-drets-dels-estudiants\/?bp-attachment=Pautes-en-cas-de-convocatoria-de-vaga-per-drets-dels-estudiants.pdf\">Pautes en cas de convocat\u00f2ria de vaga per drets dels estudiants<\/a><\/td>\n<td style=\"width: 54.0153%; text-align: center;\"><a title=\"Pautes-en-cas-de-convocatoria-de-vaga-per-temes-socials.pdf\" href=\"https:\/\/agora.xtec.cat\/ceip-puig-gairalt\/docs\/pautes-en-cas-de-convocatoria-de-vaga-per-temes-socials\/?bp-attachment=Pautes-en-cas-de-convocatoria-de-vaga-per-temes-socials.pdf\">Pautes en cas de convocat\u00f2ria de vaga per temes socials<\/a><\/td>\n<\/tr>\n<tr>\n<td style=\"width: 21.8402%; text-align: center;\"><strong>Inst\u00e0ncia<\/strong><\/td>\n<td style=\"width: 41.4281%; text-align: center;\"><a title=\"Instancia-de-vaga-per-drets-dels-estudiants.pdf\" href=\"https:\/\/agora.xtec.cat\/ceip-puig-gairalt\/docs\/instancia-de-vaga-per-drets-estudiants\/?bp-attachment=Instancia-de-vaga-per-drets-dels-estudiants.pdf\">Inst\u00e0ncia de vaga per drets dels estudiants<\/a><\/td>\n<td style=\"width: 54.0153%; text-align: center;\"><a title=\"Instancia-Individual-de-vaga-per-temes-socials.pdf\" href=\"https:\/\/agora.xtec.cat\/ceip-puig-gairalt\/docs\/instancia-individual-de-vaga-per-temes-socials\/?bp-attachment=Instancia-Individual-de-vaga-per-temes-socials.pdf\">Inst\u00e0ncia individual de vaga per temes socials<\/a><\/td>\n<\/tr>\n<\/tbody>\n<\/table>\n<p>Aquestes inst\u00e0ncies per manifestar l&#8217;adhesi\u00f3 a la vaga serveixen per poder justificar l&#8217;abs\u00e8ncia al centre educatiu a trav\u00e9s de la plataforma iEduca i; per tant, no s\u00f3n necess\u00e0ries per a la pr\u00f2pia adhesi\u00f3 a la vaga. En cas de no ser entregat 48 hores abans de la vaga, l&#8217;abs\u00e8ncia de l&#8217;alumnat al centre quedar\u00e0 registrada en la plataforma iEduca com a <em>No justificada<\/em>.<\/p>\n","protected":false},"excerpt":{"rendered":"<p>La <a href=\"https:\/\/portaljuridic.gencat.cat\/ca\/document-del-pjur\/?documentId=554481\">Constituci\u00f3 espanyola<\/a> reconeix en els articles <a href=\"https:\/\/portaljuridic.gencat.cat\/ca\/document-del-pjur\/?documentId=554481#1086937\">20<\/a> i <a href=\"https:\/\/portaljuridic.gencat.cat\/ca\/document-del-pjur\/?documentId=554481#1086938\">21<\/a> el dret a la llibertat d&#8217;expressi\u00f3 i el dret de reuni\u00f3, i posteriorment a l&#8217;<a href=\"https:\/\/portaljuridic.gencat.cat\/ca\/document-del-pjur\/?documentId=554481#1086944\">article 27<\/a>, tractant sobre el dret a l&#8217;educaci\u00f3, s&#8217;estableix que \u201cels alumnes (al costat de pares i&hellip;  <a href=\"https:\/\/agora.xtec.cat\/ceip-puig-gairalt\/vagues-estudiantils\/\" title=\"Read Vagues estudiantils\">Llegeix m\u00e9s\u00bb<\/a><\/p>\n","protected":false},"author":1,"featured_media":0,"parent":0,"menu_order":0,"comment_status":"closed","ping_status":"closed","template":"page-templates\/side-menu.php","meta":{"_bbp_topic_count":0,"_bbp_reply_count":0,"_bbp_total_topic_count":0,"_bbp_total_reply_count":0,"_bbp_voice_count":0,"_bbp_anonymous_reply_count":0,"_bbp_topic_count_hidden":0,"_bbp_reply_count_hidden":0,"_bbp_forum_subforum_count":0,"footnotes":""},"class_list":["post-4194","page","type-page","status-publish","hentry"],"post_mailing_queue_ids":[],"_links":{"self":[{"href":"https:\/\/agora.xtec.cat\/ceip-puig-gairalt\/wp-json\/wp\/v2\/pages\/4194","targetHints":{"allow":["GET"]}}],"collection":[{"href":"https:\/\/agora.xtec.cat\/ceip-puig-gairalt\/wp-json\/wp\/v2\/pages"}],"about":[{"href":"https:\/\/agora.xtec.cat\/ceip-puig-gairalt\/wp-json\/wp\/v2\/types\/page"}],"author":[{"embeddable":true,"href":"https:\/\/agora.xtec.cat\/ceip-puig-gairalt\/wp-json\/wp\/v2\/users\/1"}],"replies":[{"embeddable":true,"href":"https:\/\/agora.xtec.cat\/ceip-puig-gairalt\/wp-json\/wp\/v2\/comments?post=4194"}],"version-history":[{"count":6,"href":"https:\/\/agora.xtec.cat\/ceip-puig-gairalt\/wp-json\/wp\/v2\/pages\/4194\/revisions"}],"predecessor-version":[{"id":4212,"href":"https:\/\/agora.xtec.cat\/ceip-puig-gairalt\/wp-json\/wp\/v2\/pages\/4194\/revisions\/4212"}],"wp:attachment":[{"href":"https:\/\/agora.xtec.cat\/ceip-puig-gairalt\/wp-json\/wp\/v2\/media?parent=4194"}],"curies":[{"name":"wp","href":"https:\/\/api.w.org\/{rel}","templated":true}]}}