{"id":4174,"date":"2025-03-04T15:03:31","date_gmt":"2025-03-04T14:03:31","guid":{"rendered":"https:\/\/agora.xtec.cat\/ceip-puig-gairalt\/?page_id=4174"},"modified":"2025-03-04T15:12:52","modified_gmt":"2025-03-04T14:12:52","slug":"administracio","status":"publish","type":"page","link":"https:\/\/agora.xtec.cat\/ceip-puig-gairalt\/lescola\/administracio\/","title":{"rendered":"Administraci\u00f3"},"content":{"rendered":"<h4>Horari d\u2019atenci\u00f3 al p\u00fablic presencial<\/h4>\n<p>Matins: de 8:00 a 13:00 h.<\/p>\n<h4>Horari d\u2019atenci\u00f3 al p\u00fablic telef\u00f2nic<\/h4>\n<p>Matins: 8:00 a 13:30 h.<br \/>\nTardes: de 15:00 a 16:30 h.<\/p>\n<h3>Sol\u00b7licituds de certificats<\/h3>\n<p>Les sol\u00b7licituds de certificats de matriculaci\u00f3, per a la nacionalitat i altres, s\u2019han de fer preferentment per correu electr\u00f2nic a <a href=\"mailto:a8076935@xtec.cat\">a8076935<span class=\"\">@xtec<\/span>.cat<\/a>.<\/p>\n<p><a href=\"https:\/\/drive.google.com\/file\/d\/1oq94LGQ185ZGD5ttJVNQC3qx5BgBf2hm\/view\">Sol\u00b7licitud de reconeixement de l\u2019equival\u00e8ncia del nivell B2\/C1 de llengua catalana per a l\u2019escolaritat reglada no universit\u00e0ria<\/a><\/p>\n","protected":false},"excerpt":{"rendered":"<p>Horari d\u2019atenci\u00f3 al p\u00fablic presencial<br \/>\nMatins: de 8:00 a 13:00 h.<br \/>\nHorari d\u2019atenci\u00f3 al p\u00fablic telef\u00f2nic<br \/>\nMatins: 8:00 a 13:30 h.<br \/>\nTardes: de 15:00 a 16:30 h.<br \/>\nSol\u00b7licituds de certificats<br \/>\nLes sol\u00b7licituds de certificats de matriculaci\u00f3, per a la nacionalitat i altres, s\u2019han de fer preferentment per correu electr\u00f2nic a <a&hellip;  <a href=\"https:\/\/agora.xtec.cat\/ceip-puig-gairalt\/lescola\/administracio\/\" title=\"Read Administraci\u00f3\">Llegeix m\u00e9s\u00bb<\/a><\/p>\n","protected":false},"author":1,"featured_media":0,"parent":22,"menu_order":12,"comment_status":"closed","ping_status":"closed","template":"","meta":{"_bbp_topic_count":0,"_bbp_reply_count":0,"_bbp_total_topic_count":0,"_bbp_total_reply_count":0,"_bbp_voice_count":0,"_bbp_anonymous_reply_count":0,"_bbp_topic_count_hidden":0,"_bbp_reply_count_hidden":0,"_bbp_forum_subforum_count":0,"footnotes":""},"class_list":["post-4174","page","type-page","status-publish","hentry"],"post_mailing_queue_ids":[],"_links":{"self":[{"href":"https:\/\/agora.xtec.cat\/ceip-puig-gairalt\/wp-json\/wp\/v2\/pages\/4174","targetHints":{"allow":["GET"]}}],"collection":[{"href":"https:\/\/agora.xtec.cat\/ceip-puig-gairalt\/wp-json\/wp\/v2\/pages"}],"about":[{"href":"https:\/\/agora.xtec.cat\/ceip-puig-gairalt\/wp-json\/wp\/v2\/types\/page"}],"author":[{"embeddable":true,"href":"https:\/\/agora.xtec.cat\/ceip-puig-gairalt\/wp-json\/wp\/v2\/users\/1"}],"replies":[{"embeddable":true,"href":"https:\/\/agora.xtec.cat\/ceip-puig-gairalt\/wp-json\/wp\/v2\/comments?post=4174"}],"version-history":[{"count":5,"href":"https:\/\/agora.xtec.cat\/ceip-puig-gairalt\/wp-json\/wp\/v2\/pages\/4174\/revisions"}],"predecessor-version":[{"id":4188,"href":"https:\/\/agora.xtec.cat\/ceip-puig-gairalt\/wp-json\/wp\/v2\/pages\/4174\/revisions\/4188"}],"up":[{"embeddable":true,"href":"https:\/\/agora.xtec.cat\/ceip-puig-gairalt\/wp-json\/wp\/v2\/pages\/22"}],"wp:attachment":[{"href":"https:\/\/agora.xtec.cat\/ceip-puig-gairalt\/wp-json\/wp\/v2\/media?parent=4174"}],"curies":[{"name":"wp","href":"https:\/\/api.w.org\/{rel}","templated":true}]}}