{"id":3922,"date":"2024-06-07T11:22:19","date_gmt":"2024-06-07T09:22:19","guid":{"rendered":"https:\/\/agora.xtec.cat\/ceip-puig-gairalt\/?page_id=3922"},"modified":"2025-06-23T12:41:28","modified_gmt":"2025-06-23T10:41:28","slug":"horari-calendari-2024-25","status":"publish","type":"page","link":"https:\/\/agora.xtec.cat\/ceip-puig-gairalt\/lescola\/horari-calendari-2024-25\/","title":{"rendered":"Horari i calendari del curs 2025\/26"},"content":{"rendered":"<p><img loading=\"lazy\" decoding=\"async\" class=\"alignnone size-full wp-image-3961\" src=\"https:\/\/agora.xtec.cat\/ceip-puig-gairalt\/wp-content\/uploads\/usu1399\/2025\/06\/Banners-calendari-2025-26.gif\" alt=\"\" width=\"1366\" height=\"350\" \/><\/p>\n<p style=\"text-align: justify;\">Benvolgudes fam\u00edlies,<\/p>\n<p style=\"text-align: justify;\">A continuaci\u00f3 us fem coneixedores i coneixedors dels horaris del curs 2025\/26. Aquest curs, <strong>totes les etapes educatives<\/strong> (educaci\u00f3 infantil, educaci\u00f3 prim\u00e0ria i educaci\u00f3 secund\u00e0ria) comencen el <strong>dilluns 8 de setembre del 2024<\/strong>. A continuaci\u00f3, us mostrem l&#8217;horari de cada etapa.<\/p>\n<h4 style=\"text-align: justify;\"><strong>Infantil<\/strong><\/h4>\n<table style=\"border-collapse: collapse; width: 500px; height: 69px;\">\n<tbody>\n<tr style=\"height: 32px;\">\n<td style=\"height: 16px; text-align: center;\"><strong>Franja hor\u00e0ria<\/strong><\/td>\n<td style=\"height: 16px; text-align: center;\"><strong>Descripci\u00f3<\/strong><\/td>\n<\/tr>\n<tr style=\"height: 32px;\">\n<td style=\"height: 16px; text-align: center;\">9 a 12:30 h i de 14:30 a 16 h<\/td>\n<td style=\"height: 16px; text-align: center;\">Lectiu<\/td>\n<\/tr>\n<\/tbody>\n<\/table>\n<h4><img loading=\"lazy\" decoding=\"async\" class=\"alignnone size-full wp-image-3707\" src=\"https:\/\/agora.xtec.cat\/ceip-puig-gairalt\/wp-content\/uploads\/usu1399\/2024\/03\/I3-A.png\" alt=\"\" width=\"120\" height=\"350\" \/> \u00a0<img loading=\"lazy\" decoding=\"async\" class=\"alignnone size-full wp-image-3709\" src=\"https:\/\/agora.xtec.cat\/ceip-puig-gairalt\/wp-content\/uploads\/usu1399\/2024\/03\/I4-A.png\" alt=\"\" width=\"120\" height=\"350\" \/> \u00a0<img loading=\"lazy\" decoding=\"async\" class=\"alignnone size-full wp-image-3711\" src=\"https:\/\/agora.xtec.cat\/ceip-puig-gairalt\/wp-content\/uploads\/usu1399\/2024\/03\/I5-A.png\" alt=\"\" width=\"120\" height=\"350\" \/><\/h4>\n<h4><img loading=\"lazy\" decoding=\"async\" class=\"alignnone size-full wp-image-3708\" src=\"https:\/\/agora.xtec.cat\/ceip-puig-gairalt\/wp-content\/uploads\/usu1399\/2024\/03\/I3-B.png\" alt=\"\" width=\"120\" height=\"350\" \/>\u00a0 <img loading=\"lazy\" decoding=\"async\" class=\"alignnone size-full wp-image-3710\" src=\"https:\/\/agora.xtec.cat\/ceip-puig-gairalt\/wp-content\/uploads\/usu1399\/2024\/03\/I4-B.png\" alt=\"\" width=\"120\" height=\"350\" \/> \u00a0<img loading=\"lazy\" decoding=\"async\" class=\"alignnone size-full wp-image-3712\" src=\"https:\/\/agora.xtec.cat\/ceip-puig-gairalt\/wp-content\/uploads\/usu1399\/2024\/03\/I5-B.png\" alt=\"\" width=\"120\" height=\"350\" \/><\/h4>\n<h4 style=\"text-align: justify;\"><strong>Prim\u00e0ria<\/strong><\/h4>\n<table style=\"border-collapse: collapse; width: 500px; height: 69px;\">\n<tbody>\n<tr style=\"height: 32px;\">\n<td style=\"height: 16px; text-align: center;\"><strong>Franja hor\u00e0ria<\/strong><\/td>\n<td style=\"height: 16px; text-align: center;\"><strong>Descripci\u00f3<\/strong><\/td>\n<\/tr>\n<tr style=\"height: 32px;\">\n<td style=\"height: 16px; text-align: center;\">8:30 a 13 h i de 15 a 16:30 h<\/td>\n<td style=\"height: 16px; text-align: center;\">Lectiu<\/td>\n<\/tr>\n<\/tbody>\n<\/table>\n<h4><img loading=\"lazy\" decoding=\"async\" class=\"alignnone size-full wp-image-3683\" src=\"https:\/\/agora.xtec.cat\/ceip-puig-gairalt\/wp-content\/uploads\/usu1399\/2024\/03\/1r-EP-A.png\" alt=\"\" width=\"120\" height=\"350\" \/>\u00a0 <img loading=\"lazy\" decoding=\"async\" class=\"alignnone size-full wp-image-3688\" src=\"https:\/\/agora.xtec.cat\/ceip-puig-gairalt\/wp-content\/uploads\/usu1399\/2024\/03\/2n-EP-A.png\" alt=\"\" width=\"120\" height=\"350\" \/> \u00a0<img loading=\"lazy\" decoding=\"async\" class=\"alignnone size-full wp-image-3693\" src=\"https:\/\/agora.xtec.cat\/ceip-puig-gairalt\/wp-content\/uploads\/usu1399\/2024\/03\/3r-EP-A.png\" alt=\"\" width=\"120\" height=\"350\" \/> \u00a0<img loading=\"lazy\" decoding=\"async\" class=\"alignnone size-full wp-image-3698\" src=\"https:\/\/agora.xtec.cat\/ceip-puig-gairalt\/wp-content\/uploads\/usu1399\/2024\/03\/4t-EP-A.png\" alt=\"\" width=\"120\" height=\"350\" \/> \u00a0<img loading=\"lazy\" decoding=\"async\" class=\"alignnone size-full wp-image-3703\" src=\"https:\/\/agora.xtec.cat\/ceip-puig-gairalt\/wp-content\/uploads\/usu1399\/2024\/03\/5e-EP-A.png\" alt=\"\" width=\"120\" height=\"350\" \/> \u00a0<img loading=\"lazy\" decoding=\"async\" class=\"alignnone size-full wp-image-3705\" src=\"https:\/\/agora.xtec.cat\/ceip-puig-gairalt\/wp-content\/uploads\/usu1399\/2024\/03\/6e-EP-A.png\" alt=\"\" width=\"120\" height=\"350\" \/><\/h4>\n<h4><img loading=\"lazy\" decoding=\"async\" class=\"alignnone size-full wp-image-3684\" src=\"https:\/\/agora.xtec.cat\/ceip-puig-gairalt\/wp-content\/uploads\/usu1399\/2024\/03\/1r-EP-B.png\" alt=\"\" width=\"120\" height=\"350\" \/> \u00a0<img loading=\"lazy\" decoding=\"async\" class=\"alignnone size-full wp-image-3689\" src=\"https:\/\/agora.xtec.cat\/ceip-puig-gairalt\/wp-content\/uploads\/usu1399\/2024\/03\/2n-EP-B.png\" alt=\"\" width=\"120\" height=\"350\" \/> \u00a0<img loading=\"lazy\" decoding=\"async\" class=\"alignnone size-full wp-image-3694\" src=\"https:\/\/agora.xtec.cat\/ceip-puig-gairalt\/wp-content\/uploads\/usu1399\/2024\/03\/3r-EP-B.png\" alt=\"\" width=\"120\" height=\"350\" \/> \u00a0<img loading=\"lazy\" decoding=\"async\" class=\"alignnone size-full wp-image-3699\" src=\"https:\/\/agora.xtec.cat\/ceip-puig-gairalt\/wp-content\/uploads\/usu1399\/2024\/03\/4t-EP-B.png\" alt=\"\" width=\"120\" height=\"350\" \/> \u00a0<img loading=\"lazy\" decoding=\"async\" class=\"alignnone size-full wp-image-3704\" src=\"https:\/\/agora.xtec.cat\/ceip-puig-gairalt\/wp-content\/uploads\/usu1399\/2024\/03\/5e-EP-B.png\" alt=\"\" width=\"120\" height=\"350\" \/> \u00a0<img loading=\"lazy\" decoding=\"async\" class=\"alignnone size-full wp-image-3706\" src=\"https:\/\/agora.xtec.cat\/ceip-puig-gairalt\/wp-content\/uploads\/usu1399\/2024\/03\/6e-EP-B.png\" alt=\"\" width=\"120\" height=\"350\" \/><\/h4>\n<h4 style=\"text-align: justify;\"><strong>Secund\u00e0ria<\/strong><\/h4>\n<table style=\"border-collapse: collapse; width: 500px; height: 69px;\">\n<tbody>\n<tr style=\"height: 32px;\">\n<td style=\"height: 16px; text-align: center;\"><strong>Franja hor\u00e0ria<\/strong><\/td>\n<td style=\"height: 16px; text-align: center;\"><strong>Descripci\u00f3<\/strong><\/td>\n<\/tr>\n<tr style=\"height: 32px;\">\n<td style=\"height: 16px; text-align: center;\">8 a 13:30 h (dv. 14 h) i de 15 a 16:30 h (excepte dx. i dv.)<\/td>\n<td style=\"height: 16px; text-align: center;\">Lectiu<\/td>\n<\/tr>\n<\/tbody>\n<\/table>\n<h4><img loading=\"lazy\" decoding=\"async\" class=\"alignnone size-full wp-image-3685\" src=\"https:\/\/agora.xtec.cat\/ceip-puig-gairalt\/wp-content\/uploads\/usu1399\/2024\/03\/1r-ESO-A.png\" alt=\"\" width=\"120\" height=\"350\" \/> \u00a0<img loading=\"lazy\" decoding=\"async\" class=\"alignnone size-full wp-image-3690\" src=\"https:\/\/agora.xtec.cat\/ceip-puig-gairalt\/wp-content\/uploads\/usu1399\/2024\/03\/2n-ESO-A.png\" alt=\"\" width=\"120\" height=\"350\" \/> \u00a0<img loading=\"lazy\" decoding=\"async\" class=\"alignnone size-full wp-image-3695\" src=\"https:\/\/agora.xtec.cat\/ceip-puig-gairalt\/wp-content\/uploads\/usu1399\/2024\/03\/3r-ESO-A.png\" alt=\"\" width=\"120\" height=\"350\" \/> \u00a0<img loading=\"lazy\" decoding=\"async\" class=\"alignnone size-full wp-image-3700\" src=\"https:\/\/agora.xtec.cat\/ceip-puig-gairalt\/wp-content\/uploads\/usu1399\/2024\/03\/4t-ESO-A.png\" alt=\"\" width=\"120\" height=\"350\" \/><\/h4>\n<h4><img loading=\"lazy\" decoding=\"async\" class=\"alignnone size-full wp-image-3686\" src=\"https:\/\/agora.xtec.cat\/ceip-puig-gairalt\/wp-content\/uploads\/usu1399\/2024\/03\/1r-ESO-B.png\" alt=\"\" width=\"120\" height=\"350\" \/> \u00a0<img loading=\"lazy\" decoding=\"async\" class=\"alignnone size-full wp-image-3691\" src=\"https:\/\/agora.xtec.cat\/ceip-puig-gairalt\/wp-content\/uploads\/usu1399\/2024\/03\/2n-ESO-B.png\" alt=\"\" width=\"120\" height=\"350\" \/> \u00a0<img loading=\"lazy\" decoding=\"async\" class=\"alignnone size-full wp-image-3696\" src=\"https:\/\/agora.xtec.cat\/ceip-puig-gairalt\/wp-content\/uploads\/usu1399\/2024\/03\/3r-ESO-B.png\" alt=\"\" width=\"120\" height=\"350\" \/> \u00a0<img loading=\"lazy\" decoding=\"async\" class=\"alignnone size-full wp-image-3701\" src=\"https:\/\/agora.xtec.cat\/ceip-puig-gairalt\/wp-content\/uploads\/usu1399\/2024\/03\/4t-ESO-B.png\" alt=\"\" width=\"120\" height=\"350\" \/><\/h4>\n<h4><span style=\"color: #ffffff;\"><img loading=\"lazy\" decoding=\"async\" class=\"alignnone size-full wp-image-3731\" src=\"https:\/\/agora.xtec.cat\/ceip-puig-gairalt\/wp-content\/uploads\/usu1399\/2024\/03\/Blank.png\" alt=\"\" width=\"120\" height=\"350\" \/><\/span><span style=\"color: #ffffff;\"><img loading=\"lazy\" decoding=\"async\" class=\"alignnone size-full wp-image-3731\" src=\"https:\/\/agora.xtec.cat\/ceip-puig-gairalt\/wp-content\/uploads\/usu1399\/2024\/03\/Blank.png\" alt=\"\" width=\"120\" height=\"350\" \/><\/span>\u00a0 \u00a0 \u00a0 \u00a0 \u00a0 \u00a0 \u00a0 \u00a0 \u00a0 \u00a0 \u00a0 \u00a0 \u00a0 \u00a0 \u00a0<img loading=\"lazy\" decoding=\"async\" class=\"alignnone wp-image-3697\" src=\"https:\/\/agora.xtec.cat\/ceip-puig-gairalt\/wp-content\/uploads\/usu1399\/2025\/06\/4t-ESO-C.png\" alt=\"\" width=\"120\" height=\"52\" \/><\/h4>\n<p>Us adjuntem en aquest article el calendari del curs escolar 2025-2026. Tamb\u00e9 podeu veure l&#8217;horari d&#8217;entrada i sortida de cada comunitat.\u00a0Podeu trobar-lo fent clic aqu\u00ed: <a href=\"https:\/\/drive.google.com\/file\/d\/1ZnCmC-wV3ylJhYAk825yO9f6nyuRRz0Y\/view?usp=sharing\">Calendari Escolar Curs 2025\/26<\/a>.<\/p>\n<p><img loading=\"lazy\" decoding=\"async\" class=\"alignnone size-full wp-image-4333\" src=\"https:\/\/agora.xtec.cat\/ceip-puig-gairalt\/wp-content\/uploads\/usu1399\/2025\/06\/Calendari-2025-26.png\" alt=\"\" width=\"1202\" height=\"828\" srcset=\"https:\/\/agora.xtec.cat\/ceip-puig-gairalt\/wp-content\/uploads\/usu1399\/2025\/06\/Calendari-2025-26.png 1202w, https:\/\/agora.xtec.cat\/ceip-puig-gairalt\/wp-content\/uploads\/usu1399\/2025\/06\/Calendari-2025-26-300x207.png 300w, https:\/\/agora.xtec.cat\/ceip-puig-gairalt\/wp-content\/uploads\/usu1399\/2025\/06\/Calendari-2025-26-1024x705.png 1024w, https:\/\/agora.xtec.cat\/ceip-puig-gairalt\/wp-content\/uploads\/usu1399\/2025\/06\/Calendari-2025-26-768x529.png 768w\" sizes=\"auto, (max-width: 1202px) 100vw, 1202px\" \/><\/p>\n<table style=\"border-collapse: collapse; width: 100%; height: 160px;\">\n<tbody>\n<tr style=\"height: 32px;\">\n<td style=\"width: 50%; height: 32px;\"><strong>HORARI DEL CENTRE<\/strong><\/td>\n<td style=\"width: 50%; height: 32px;\"><strong>HORARI INTENSIU<\/strong><\/td>\n<\/tr>\n<tr style=\"height: 32px;\">\n<td style=\"width: 50%; height: 32px;\">Educaci\u00f3 Infantil: de 09:00-12:30 h \/ de 14:30-16:00 h<\/td>\n<td style=\"width: 50%; height: 32px;\">Educaci\u00f3 Infantil: de 09:00-13:00 h (10 al 20 de juny)<\/td>\n<\/tr>\n<tr style=\"height: 32px;\">\n<td style=\"width: 50%; height: 32px;\">Educaci\u00f3 Prim\u00e0ria: de 08:30-13:00 h \/ de 15:00-16:30 h<\/td>\n<td style=\"width: 50%; height: 32px;\">Educaci\u00f3 Prim\u00e0ria: de 08:30-13:00 h (10 al 20 de juny)<\/td>\n<\/tr>\n<tr style=\"height: 32px;\">\n<td style=\"width: 50%; height: 32px;\">Educaci\u00f3 Secund\u00e0ria: de 08:00-13:30 h \/ de 15:00-16:30 h<\/td>\n<td style=\"width: 50%; height: 32px;\">Educaci\u00f3 Secund\u00e0ria: de 09:00-13:30 h (10 al 20 de juny)<\/td>\n<\/tr>\n<\/tbody>\n<\/table>\n<p>&nbsp;<\/p>\n","protected":false},"excerpt":{"rendered":"<p>Benvolgudes fam\u00edlies,<br \/>\nA continuaci\u00f3 us fem coneixedores i coneixedors dels horaris del curs 2025\/26. Aquest curs, totes les etapes educatives (educaci\u00f3 infantil, educaci\u00f3 prim\u00e0ria i educaci\u00f3 secund\u00e0ria) comencen el dilluns 8 de setembre del 2024. A continuaci\u00f3, us mostrem l&#8217;horari de cada etapa.<br \/>\nInfantil<\/p>\n<p>Franja hor\u00e0ria<br \/>\nDescripci\u00f3<\/p>\n<p>9 a 12:30&hellip;  <a href=\"https:\/\/agora.xtec.cat\/ceip-puig-gairalt\/lescola\/horari-calendari-2024-25\/\" title=\"Read Horari i calendari del curs 2025\/26\">Llegeix m\u00e9s\u00bb<\/a><\/p>\n","protected":false},"author":1,"featured_media":0,"parent":22,"menu_order":7,"comment_status":"closed","ping_status":"closed","template":"page-templates\/side-menu.php","meta":{"_bbp_topic_count":0,"_bbp_reply_count":0,"_bbp_total_topic_count":0,"_bbp_total_reply_count":0,"_bbp_voice_count":0,"_bbp_anonymous_reply_count":0,"_bbp_topic_count_hidden":0,"_bbp_reply_count_hidden":0,"_bbp_forum_subforum_count":0,"footnotes":""},"class_list":["post-3922","page","type-page","status-publish","hentry"],"post_mailing_queue_ids":[],"_links":{"self":[{"href":"https:\/\/agora.xtec.cat\/ceip-puig-gairalt\/wp-json\/wp\/v2\/pages\/3922","targetHints":{"allow":["GET"]}}],"collection":[{"href":"https:\/\/agora.xtec.cat\/ceip-puig-gairalt\/wp-json\/wp\/v2\/pages"}],"about":[{"href":"https:\/\/agora.xtec.cat\/ceip-puig-gairalt\/wp-json\/wp\/v2\/types\/page"}],"author":[{"embeddable":true,"href":"https:\/\/agora.xtec.cat\/ceip-puig-gairalt\/wp-json\/wp\/v2\/users\/1"}],"replies":[{"embeddable":true,"href":"https:\/\/agora.xtec.cat\/ceip-puig-gairalt\/wp-json\/wp\/v2\/comments?post=3922"}],"version-history":[{"count":7,"href":"https:\/\/agora.xtec.cat\/ceip-puig-gairalt\/wp-json\/wp\/v2\/pages\/3922\/revisions"}],"predecessor-version":[{"id":4341,"href":"https:\/\/agora.xtec.cat\/ceip-puig-gairalt\/wp-json\/wp\/v2\/pages\/3922\/revisions\/4341"}],"up":[{"embeddable":true,"href":"https:\/\/agora.xtec.cat\/ceip-puig-gairalt\/wp-json\/wp\/v2\/pages\/22"}],"wp:attachment":[{"href":"https:\/\/agora.xtec.cat\/ceip-puig-gairalt\/wp-json\/wp\/v2\/media?parent=3922"}],"curies":[{"name":"wp","href":"https:\/\/api.w.org\/{rel}","templated":true}]}}