{"id":3316,"date":"2023-06-15T19:36:11","date_gmt":"2023-06-15T17:36:11","guid":{"rendered":"https:\/\/agora.xtec.cat\/ceip-puig-gairalt\/?page_id=3316"},"modified":"2023-06-15T21:37:24","modified_gmt":"2023-06-15T19:37:24","slug":"sequenciacio-de-sabers","status":"publish","type":"page","link":"https:\/\/agora.xtec.cat\/ceip-puig-gairalt\/projecte-educatiu\/sequenciacio-de-sabers\/","title":{"rendered":"Seq\u00fcenciaci\u00f3 de sabers"},"content":{"rendered":"<h3>Educaci\u00f3 Infantil<\/h3>\n<p><a href=\"https:\/\/drive.google.com\/file\/d\/1EJSTL8q_Lc7SNDsmE3DIplM6bg6BUmKq\/view?usp=drive_link\"><img loading=\"lazy\" decoding=\"async\" class=\"alignnone size-full wp-image-3286\" src=\"https:\/\/agora.xtec.cat\/ceip-puig-gairalt\/wp-content\/uploads\/usu1399\/2023\/06\/EI-Eix-1.png\" alt=\"\" width=\"450\" height=\"350\" \/><\/a>\u00a0 \u00a0 \u00a0<a href=\"https:\/\/drive.google.com\/file\/d\/1xLzFr4BxBdSEhxIdRSHx89gEcKDmNPls\/view?usp=drive_link\"><img loading=\"lazy\" decoding=\"async\" class=\"alignnone size-full wp-image-3287\" src=\"https:\/\/agora.xtec.cat\/ceip-puig-gairalt\/wp-content\/uploads\/usu1399\/2023\/06\/EI-Eix-2.png\" alt=\"\" width=\"450\" height=\"350\" \/><\/a><\/p>\n<p><a href=\"https:\/\/drive.google.com\/file\/d\/1zjwNszZ6oWH-t32bpLIcR9Mn5Dq87TAx\/view?usp=drive_link\"><img loading=\"lazy\" decoding=\"async\" class=\"alignnone size-full wp-image-3288\" src=\"https:\/\/agora.xtec.cat\/ceip-puig-gairalt\/wp-content\/uploads\/usu1399\/2023\/06\/EI-Eix-3.png\" alt=\"\" width=\"450\" height=\"350\" \/><\/a>\u00a0 \u00a0 \u00a0<a href=\"https:\/\/drive.google.com\/file\/d\/12pNXTyhj_OR-IOKw9XNcpdn_r926y_TX\/view?usp=drive_link\"><img loading=\"lazy\" decoding=\"async\" class=\"alignnone size-full wp-image-3289\" src=\"https:\/\/agora.xtec.cat\/ceip-puig-gairalt\/wp-content\/uploads\/usu1399\/2023\/06\/EI-Eix-4.png\" alt=\"\" width=\"450\" height=\"350\" \/><\/a><\/p>\n<h3>Educaci\u00f3 Prim\u00e0ria<\/h3>\n<p><a href=\"https:\/\/drive.google.com\/file\/d\/1IfcKbRP9XHlobTVFUuqt4HegB8sCdFpG\/view?usp=drive_link\"><img loading=\"lazy\" decoding=\"async\" class=\"alignnone size-full wp-image-3311\" src=\"https:\/\/agora.xtec.cat\/ceip-puig-gairalt\/wp-content\/uploads\/usu1399\/2023\/06\/EdP-Catala.png\" alt=\"\" width=\"450\" height=\"350\" \/><\/a>\u00a0 \u00a0 \u00a0<a href=\"https:\/\/drive.google.com\/file\/d\/1TI_6gHej4hHCTgxtRXdabJu9Jy9-KtvI\/view?usp=drive_link\"><img loading=\"lazy\" decoding=\"async\" class=\"alignnone size-full wp-image-3310\" style=\"font-family: inherit; font-size: 1em;\" src=\"https:\/\/agora.xtec.cat\/ceip-puig-gairalt\/wp-content\/uploads\/usu1399\/2023\/06\/EdP-Castella.png\" alt=\"\" width=\"450\" height=\"350\" \/><\/a><\/p>\n<p><a href=\"https:\/\/drive.google.com\/file\/d\/1wE7n6rotKxPiQE7dGlcSEMLmPnAcfwce\/view?usp=drive_link\"><img loading=\"lazy\" decoding=\"async\" class=\"alignnone size-full wp-image-3309\" style=\"font-family: inherit; font-size: 1em;\" src=\"https:\/\/agora.xtec.cat\/ceip-puig-gairalt\/wp-content\/uploads\/usu1399\/2023\/06\/EdP-Angles.png\" alt=\"\" width=\"450\" height=\"350\" \/><\/a>\u00a0 \u00a0 \u00a0<a href=\"https:\/\/drive.google.com\/file\/d\/1LYHwyltBq7aQ2G69gAeeeyo5AVQYV9IO\/view?usp=drive_link\"><img loading=\"lazy\" decoding=\"async\" class=\"alignnone size-full wp-image-3313\" style=\"font-family: inherit; font-size: 1em;\" src=\"https:\/\/agora.xtec.cat\/ceip-puig-gairalt\/wp-content\/uploads\/usu1399\/2023\/06\/EdP-Matematiques.png\" alt=\"\" width=\"450\" height=\"350\" \/><\/a><\/p>\n<p><a href=\"https:\/\/drive.google.com\/file\/d\/1zdYr-1S35GZmmmnAGVSwqwsvYlTiswZZ\/view?usp=drive_link\"><img loading=\"lazy\" decoding=\"async\" class=\"alignnone size-full wp-image-3314\" style=\"font-family: inherit; font-size: 1em;\" src=\"https:\/\/agora.xtec.cat\/ceip-puig-gairalt\/wp-content\/uploads\/usu1399\/2023\/06\/EdP-Medi.png\" alt=\"\" width=\"450\" height=\"350\" \/><\/a>\u00a0 \u00a0 \u00a0<a href=\"https:\/\/drive.google.com\/file\/d\/1b9p3WlwwpyJG6MP2nE0WDAoq50UqfszV\/view?usp=drive_link\"><img loading=\"lazy\" decoding=\"async\" class=\"alignnone size-full wp-image-3308\" style=\"font-family: inherit; font-size: 1em;\" src=\"https:\/\/agora.xtec.cat\/ceip-puig-gairalt\/wp-content\/uploads\/usu1399\/2023\/06\/EdP-VIP.png\" alt=\"\" width=\"450\" height=\"350\" \/><\/a><\/p>\n<p><a href=\"https:\/\/drive.google.com\/file\/d\/1chEPE1ws-exFcDmVWE9EnGnM3Um1Uq28\/view?usp=drive_link\"><img loading=\"lazy\" decoding=\"async\" class=\"alignnone size-full wp-image-3312\" style=\"font-family: inherit; font-size: 1em;\" src=\"https:\/\/agora.xtec.cat\/ceip-puig-gairalt\/wp-content\/uploads\/usu1399\/2023\/06\/EdP-EF.png\" alt=\"\" width=\"450\" height=\"350\" \/><\/a><\/p>\n<h3>Educaci\u00f3 Secund\u00e0ria Obligat\u00f2ria<\/h3>\n<p><a href=\"https:\/\/drive.google.com\/file\/d\/1CUyzgoUWm77IxrZiJ6NTA_PZD1mDpYhq\/view?usp=drive_link\"><img loading=\"lazy\" decoding=\"async\" class=\"alignnone size-full wp-image-3267\" src=\"https:\/\/agora.xtec.cat\/ceip-puig-gairalt\/wp-content\/uploads\/usu1399\/2023\/06\/ESO-Catala.png\" alt=\"\" width=\"450\" height=\"350\" \/><\/a>\u00a0 \u00a0 \u00a0<a href=\"https:\/\/drive.google.com\/file\/d\/1hPaU7Ap9FlXr1gyLvXy7ZjMfMUyvVIqx\/view?usp=drive_link\"><img loading=\"lazy\" decoding=\"async\" class=\"alignnone size-full wp-image-3266\" src=\"https:\/\/agora.xtec.cat\/ceip-puig-gairalt\/wp-content\/uploads\/usu1399\/2023\/06\/ESO-Castella.png\" alt=\"\" width=\"450\" height=\"350\" \/><\/a><\/p>\n<p><a href=\"https:\/\/drive.google.com\/file\/d\/1pThRQ6EONceMaNoEtjv82csr9rGu0kKA\/view?usp=drive_link\"><img loading=\"lazy\" decoding=\"async\" class=\"alignnone size-full wp-image-3264\" src=\"https:\/\/agora.xtec.cat\/ceip-puig-gairalt\/wp-content\/uploads\/usu1399\/2023\/06\/ESO-Angles.png\" alt=\"\" width=\"450\" height=\"350\" \/><\/a>\u00a0 \u00a0 \u00a0<a href=\"https:\/\/drive.google.com\/file\/d\/1_8k8XPP93TmsBcNmhwb1LVXCNwypBkmM\/view?usp=drive_link\"><img loading=\"lazy\" decoding=\"async\" class=\"alignnone size-full wp-image-3275\" src=\"https:\/\/agora.xtec.cat\/ceip-puig-gairalt\/wp-content\/uploads\/usu1399\/2023\/06\/ESO-Matematiques.png\" alt=\"\" width=\"450\" height=\"350\" \/><\/a><\/p>\n<p><a href=\"https:\/\/drive.google.com\/file\/d\/1Bq0FvpcMmLdz-QeIDcODe8D2XUUy-zop\/view?usp=drive_link\"><img loading=\"lazy\" decoding=\"async\" class=\"alignnone size-full wp-image-3265\" src=\"https:\/\/agora.xtec.cat\/ceip-puig-gairalt\/wp-content\/uploads\/usu1399\/2023\/06\/ESO-Biologia.png\" alt=\"\" width=\"450\" height=\"350\" \/><\/a>\u00a0 \u00a0 \u00a0<a href=\"https:\/\/drive.google.com\/file\/d\/1pezOefC5h9ukwjEyBETVlN-H8Szb-Bwy\/view?usp=drive_link\"><img loading=\"lazy\" decoding=\"async\" class=\"alignnone size-full wp-image-3272\" src=\"https:\/\/agora.xtec.cat\/ceip-puig-gairalt\/wp-content\/uploads\/usu1399\/2023\/06\/ESO-FiQ.png\" alt=\"\" width=\"450\" height=\"350\" \/><\/a><\/p>\n<p><a href=\"https:\/\/drive.google.com\/file\/d\/1ZESqBPj3gnqVN4QhiZRSKi63FKVsINga\/view?usp=drive_link\"><img loading=\"lazy\" decoding=\"async\" class=\"alignnone size-full wp-image-3260\" src=\"https:\/\/agora.xtec.cat\/ceip-puig-gairalt\/wp-content\/uploads\/usu1399\/2023\/06\/ESO-Socials.png\" alt=\"\" width=\"450\" height=\"350\" \/><\/a>\u00a0 \u00a0 \u00a0<a href=\"https:\/\/drive.google.com\/file\/d\/1MOdROsF7s6-RPTkFKqKFjClWqt9M84U1\/view?usp=drive_link\"><img loading=\"lazy\" decoding=\"async\" class=\"alignnone size-full wp-image-3261\" src=\"https:\/\/agora.xtec.cat\/ceip-puig-gairalt\/wp-content\/uploads\/usu1399\/2023\/06\/ESO-Tecnologia.png\" alt=\"\" width=\"450\" height=\"350\" \/><\/a><\/p>\n<p><a href=\"https:\/\/drive.google.com\/file\/d\/1ZGeruqMMxQYxPRmhLusCuInZl2BA4-cR\/view?usp=drive_link\"><img loading=\"lazy\" decoding=\"async\" class=\"alignnone size-full wp-image-3263\" src=\"https:\/\/agora.xtec.cat\/ceip-puig-gairalt\/wp-content\/uploads\/usu1399\/2023\/06\/ESO-VIP.png\" alt=\"\" width=\"450\" height=\"350\" \/><\/a>\u00a0 \u00a0 \u00a0<a href=\"https:\/\/drive.google.com\/file\/d\/1rWuGMYBHPqq506uDawLAJa_mmQLkzVCr\/view?usp=drive_link\"><img loading=\"lazy\" decoding=\"async\" class=\"alignnone size-full wp-image-3276\" src=\"https:\/\/agora.xtec.cat\/ceip-puig-gairalt\/wp-content\/uploads\/usu1399\/2023\/06\/ESO-Musica.png\" alt=\"\" width=\"450\" height=\"350\" \/><\/a><\/p>\n<p><a href=\"https:\/\/drive.google.com\/file\/d\/1pmbijgB-zrsjEkhT-nQ8CAqGxNxOo1pO\/view?usp=drive_link\"><img loading=\"lazy\" decoding=\"async\" class=\"alignnone size-full wp-image-3271\" src=\"https:\/\/agora.xtec.cat\/ceip-puig-gairalt\/wp-content\/uploads\/usu1399\/2023\/06\/ESO-EF.png\" alt=\"\" width=\"450\" height=\"350\" \/><\/a>\u00a0 \u00a0 \u00a0<a href=\"https:\/\/drive.google.com\/file\/d\/1TMwTQAwvoQKyHyT3EqY5SYtrbzy9Avz-\/view?usp=drive_link\"><img loading=\"lazy\" decoding=\"async\" class=\"alignnone size-full wp-image-3262\" src=\"https:\/\/agora.xtec.cat\/ceip-puig-gairalt\/wp-content\/uploads\/usu1399\/2023\/06\/ESO-Valors.png\" alt=\"\" width=\"450\" height=\"350\" \/><\/a><\/p>\n<p><img loading=\"lazy\" decoding=\"async\" class=\"alignnone size-full wp-image-3269\" src=\"https:\/\/agora.xtec.cat\/ceip-puig-gairalt\/wp-content\/uploads\/usu1399\/2023\/06\/ESO-Cultura-Classica.png\" alt=\"\" width=\"450\" height=\"350\" \/>\u00a0 \u00a0 \u00a0<img loading=\"lazy\" decoding=\"async\" class=\"alignnone size-full wp-image-3277\" src=\"https:\/\/agora.xtec.cat\/ceip-puig-gairalt\/wp-content\/uploads\/usu1399\/2023\/06\/ESO-Robotica.png\" alt=\"\" width=\"450\" height=\"350\" \/><\/p>\n<p><img loading=\"lazy\" decoding=\"async\" class=\"alignnone size-full wp-image-3334\" src=\"https:\/\/agora.xtec.cat\/ceip-puig-gairalt\/wp-content\/uploads\/usu1399\/2023\/06\/ESO-Emprenedoria.png\" alt=\"\" width=\"450\" height=\"350\" \/>\u00a0 \u00a0 \u00a0<img loading=\"lazy\" decoding=\"async\" class=\"alignnone size-full wp-image-3268\" src=\"https:\/\/agora.xtec.cat\/ceip-puig-gairalt\/wp-content\/uploads\/usu1399\/2023\/06\/ESO-Cultura-Cientifica.png\" alt=\"\" width=\"450\" height=\"350\" \/><\/p>\n<p><img loading=\"lazy\" decoding=\"async\" class=\"alignnone size-full wp-image-3270\" src=\"https:\/\/agora.xtec.cat\/ceip-puig-gairalt\/wp-content\/uploads\/usu1399\/2023\/06\/ESO-Economia-Basica.png\" alt=\"\" width=\"450\" height=\"350\" \/>\u00a0 \u00a0 \u00a0<img loading=\"lazy\" decoding=\"async\" class=\"alignnone size-full wp-image-3273\" src=\"https:\/\/agora.xtec.cat\/ceip-puig-gairalt\/wp-content\/uploads\/usu1399\/2023\/06\/ESO-FOPP.png\" alt=\"\" width=\"450\" height=\"350\" \/><\/p>\n<p><img loading=\"lazy\" decoding=\"async\" class=\"alignnone size-full wp-image-3335\" src=\"https:\/\/agora.xtec.cat\/ceip-puig-gairalt\/wp-content\/uploads\/usu1399\/2023\/06\/ESO-Filosofia.png\" alt=\"\" width=\"450\" height=\"350\" \/>\u00a0 \u00a0 \u00a0<img loading=\"lazy\" decoding=\"async\" class=\"alignnone size-full wp-image-3337\" src=\"https:\/\/agora.xtec.cat\/ceip-puig-gairalt\/wp-content\/uploads\/usu1399\/2023\/06\/ESO-Informatica.png\" alt=\"\" width=\"450\" height=\"350\" \/><\/p>\n","protected":false},"excerpt":{"rendered":"<p>Educaci\u00f3 Infantil<br \/>\n<a href=\"https:\/\/drive.google.com\/file\/d\/1EJSTL8q_Lc7SNDsmE3DIplM6bg6BUmKq\/view?usp=drive_link\"><\/a>\u00a0 \u00a0 \u00a0<a href=\"https:\/\/drive.google.com\/file\/d\/1xLzFr4BxBdSEhxIdRSHx89gEcKDmNPls\/view?usp=drive_link\"><\/a><br \/>\n<a href=\"https:\/\/drive.google.com\/file\/d\/1zjwNszZ6oWH-t32bpLIcR9Mn5Dq87TAx\/view?usp=drive_link\"><\/a>\u00a0 \u00a0 \u00a0<a href=\"https:\/\/drive.google.com\/file\/d\/12pNXTyhj_OR-IOKw9XNcpdn_r926y_TX\/view?usp=drive_link\"><\/a><br \/>\nEducaci\u00f3 Prim\u00e0ria<br \/>\n<a href=\"https:\/\/drive.google.com\/file\/d\/1IfcKbRP9XHlobTVFUuqt4HegB8sCdFpG\/view?usp=drive_link\"><\/a>\u00a0 \u00a0 \u00a0<a href=\"https:\/\/drive.google.com\/file\/d\/1TI_6gHej4hHCTgxtRXdabJu9Jy9-KtvI\/view?usp=drive_link\"><\/a><br \/>\n<a href=\"https:\/\/drive.google.com\/file\/d\/1wE7n6rotKxPiQE7dGlcSEMLmPnAcfwce\/view?usp=drive_link\"><\/a>\u00a0 \u00a0 \u00a0<a href=\"https:\/\/drive.google.com\/file\/d\/1LYHwyltBq7aQ2G69gAeeeyo5AVQYV9IO\/view?usp=drive_link\"><\/a><br \/>\n<a href=\"https:\/\/drive.google.com\/file\/d\/1zdYr-1S35GZmmmnAGVSwqwsvYlTiswZZ\/view?usp=drive_link\"><\/a>\u00a0 \u00a0 \u00a0<a href=\"https:\/\/drive.google.com\/file\/d\/1b9p3WlwwpyJG6MP2nE0WDAoq50UqfszV\/view?usp=drive_link\"><\/a><br \/>\n<a href=\"https:\/\/drive.google.com\/file\/d\/1chEPE1ws-exFcDmVWE9EnGnM3Um1Uq28\/view?usp=drive_link\"><\/a><br \/>\nEducaci\u00f3 Secund\u00e0ria Obligat\u00f2ria<br \/>\n<a href=\"https:\/\/drive.google.com\/file\/d\/1CUyzgoUWm77IxrZiJ6NTA_PZD1mDpYhq\/view?usp=drive_link\"><\/a>\u00a0 \u00a0 \u00a0<a href=\"https:\/\/drive.google.com\/file\/d\/1hPaU7Ap9FlXr1gyLvXy7ZjMfMUyvVIqx\/view?usp=drive_link\"><\/a><br \/>\n<a href=\"https:\/\/drive.google.com\/file\/d\/1pThRQ6EONceMaNoEtjv82csr9rGu0kKA\/view?usp=drive_link\"><\/a>\u00a0 \u00a0 \u00a0<a href=\"https:\/\/drive.google.com\/file\/d\/1_8k8XPP93TmsBcNmhwb1LVXCNwypBkmM\/view?usp=drive_link\"><\/a><br \/>\n<a href=\"https:\/\/drive.google.com\/file\/d\/1Bq0FvpcMmLdz-QeIDcODe8D2XUUy-zop\/view?usp=drive_link\"><\/a>\u00a0 \u00a0 \u00a0<a href=\"https:\/\/drive.google.com\/file\/d\/1pezOefC5h9ukwjEyBETVlN-H8Szb-Bwy\/view?usp=drive_link\"><\/a><br \/>\n<a href=\"https:\/\/drive.google.com\/file\/d\/1ZESqBPj3gnqVN4QhiZRSKi63FKVsINga\/view?usp=drive_link\"><\/a>\u00a0 \u00a0 \u00a0<a href=\"https:\/\/drive.google.com\/file\/d\/1MOdROsF7s6-RPTkFKqKFjClWqt9M84U1\/view?usp=drive_link\"><\/a><br \/>\n<a href=\"https:\/\/drive.google.com\/file\/d\/1ZGeruqMMxQYxPRmhLusCuInZl2BA4-cR\/view?usp=drive_link\"><\/a>\u00a0 \u00a0 \u00a0<a&hellip;  <a href=\"https:\/\/agora.xtec.cat\/ceip-puig-gairalt\/projecte-educatiu\/sequenciacio-de-sabers\/\" title=\"Read Seq\u00fcenciaci\u00f3 de sabers\">Llegeix m\u00e9s\u00bb<\/a><\/p>\n","protected":false},"author":1,"featured_media":0,"parent":64,"menu_order":9,"comment_status":"closed","ping_status":"closed","template":"page-templates\/side-menu.php","meta":{"_bbp_topic_count":0,"_bbp_reply_count":0,"_bbp_total_topic_count":0,"_bbp_total_reply_count":0,"_bbp_voice_count":0,"_bbp_anonymous_reply_count":0,"_bbp_topic_count_hidden":0,"_bbp_reply_count_hidden":0,"_bbp_forum_subforum_count":0,"footnotes":""},"class_list":["post-3316","page","type-page","status-publish","hentry"],"post_mailing_queue_ids":[],"_links":{"self":[{"href":"https:\/\/agora.xtec.cat\/ceip-puig-gairalt\/wp-json\/wp\/v2\/pages\/3316","targetHints":{"allow":["GET"]}}],"collection":[{"href":"https:\/\/agora.xtec.cat\/ceip-puig-gairalt\/wp-json\/wp\/v2\/pages"}],"about":[{"href":"https:\/\/agora.xtec.cat\/ceip-puig-gairalt\/wp-json\/wp\/v2\/types\/page"}],"author":[{"embeddable":true,"href":"https:\/\/agora.xtec.cat\/ceip-puig-gairalt\/wp-json\/wp\/v2\/users\/1"}],"replies":[{"embeddable":true,"href":"https:\/\/agora.xtec.cat\/ceip-puig-gairalt\/wp-json\/wp\/v2\/comments?post=3316"}],"version-history":[{"count":3,"href":"https:\/\/agora.xtec.cat\/ceip-puig-gairalt\/wp-json\/wp\/v2\/pages\/3316\/revisions"}],"predecessor-version":[{"id":3338,"href":"https:\/\/agora.xtec.cat\/ceip-puig-gairalt\/wp-json\/wp\/v2\/pages\/3316\/revisions\/3338"}],"up":[{"embeddable":true,"href":"https:\/\/agora.xtec.cat\/ceip-puig-gairalt\/wp-json\/wp\/v2\/pages\/64"}],"wp:attachment":[{"href":"https:\/\/agora.xtec.cat\/ceip-puig-gairalt\/wp-json\/wp\/v2\/media?parent=3316"}],"curies":[{"name":"wp","href":"https:\/\/api.w.org\/{rel}","templated":true}]}}