{"id":3243,"date":"2023-06-15T17:37:12","date_gmt":"2023-06-15T15:37:12","guid":{"rendered":"https:\/\/agora.xtec.cat\/ceip-puig-gairalt\/?page_id=3243"},"modified":"2023-06-15T22:27:45","modified_gmt":"2023-06-15T20:27:45","slug":"criteris-davaluacio","status":"publish","type":"page","link":"https:\/\/agora.xtec.cat\/ceip-puig-gairalt\/projecte-educatiu\/criteris-davaluacio\/","title":{"rendered":"Criteris d&#8217;avaluaci\u00f3"},"content":{"rendered":"<h3>Educaci\u00f3 Infantil<\/h3>\n<p><img loading=\"lazy\" decoding=\"async\" class=\"alignnone size-full wp-image-3286\" src=\"https:\/\/agora.xtec.cat\/ceip-puig-gairalt\/wp-content\/uploads\/usu1399\/2023\/06\/EI-Eix-1.png\" alt=\"\" width=\"450\" height=\"350\" \/>\u00a0 \u00a0 \u00a0<img loading=\"lazy\" decoding=\"async\" class=\"alignnone size-full wp-image-3287\" src=\"https:\/\/agora.xtec.cat\/ceip-puig-gairalt\/wp-content\/uploads\/usu1399\/2023\/06\/EI-Eix-2.png\" alt=\"\" width=\"450\" height=\"350\" \/><\/p>\n<p><img loading=\"lazy\" decoding=\"async\" class=\"alignnone size-full wp-image-3288\" src=\"https:\/\/agora.xtec.cat\/ceip-puig-gairalt\/wp-content\/uploads\/usu1399\/2023\/06\/EI-Eix-3.png\" alt=\"\" width=\"450\" height=\"350\" \/>\u00a0 \u00a0 \u00a0<img loading=\"lazy\" decoding=\"async\" class=\"alignnone size-full wp-image-3289\" src=\"https:\/\/agora.xtec.cat\/ceip-puig-gairalt\/wp-content\/uploads\/usu1399\/2023\/06\/EI-Eix-4.png\" alt=\"\" width=\"450\" height=\"350\" \/><\/p>\n<h3>Educaci\u00f3 Prim\u00e0ria<\/h3>\n<p><img loading=\"lazy\" decoding=\"async\" class=\"alignnone size-full wp-image-3311\" src=\"https:\/\/agora.xtec.cat\/ceip-puig-gairalt\/wp-content\/uploads\/usu1399\/2023\/06\/EdP-Catala.png\" alt=\"\" width=\"450\" height=\"350\" \/>\u00a0 \u00a0 \u00a0<img loading=\"lazy\" decoding=\"async\" class=\"alignnone size-full wp-image-3310\" style=\"font-family: inherit; font-size: 1em;\" src=\"https:\/\/agora.xtec.cat\/ceip-puig-gairalt\/wp-content\/uploads\/usu1399\/2023\/06\/EdP-Castella.png\" alt=\"\" width=\"450\" height=\"350\" \/><\/p>\n<p><img loading=\"lazy\" decoding=\"async\" class=\"alignnone size-full wp-image-3309\" style=\"font-family: inherit; font-size: 1em;\" src=\"https:\/\/agora.xtec.cat\/ceip-puig-gairalt\/wp-content\/uploads\/usu1399\/2023\/06\/EdP-Angles.png\" alt=\"\" width=\"450\" height=\"350\" \/>\u00a0 \u00a0 \u00a0<img loading=\"lazy\" decoding=\"async\" class=\"alignnone size-full wp-image-3313\" style=\"font-family: inherit; font-size: 1em;\" src=\"https:\/\/agora.xtec.cat\/ceip-puig-gairalt\/wp-content\/uploads\/usu1399\/2023\/06\/EdP-Matematiques.png\" alt=\"\" width=\"450\" height=\"350\" \/><\/p>\n<p><img loading=\"lazy\" decoding=\"async\" class=\"alignnone size-full wp-image-3314\" style=\"font-family: inherit; font-size: 1em;\" src=\"https:\/\/agora.xtec.cat\/ceip-puig-gairalt\/wp-content\/uploads\/usu1399\/2023\/06\/EdP-Medi.png\" alt=\"\" width=\"450\" height=\"350\" \/>\u00a0 \u00a0 \u00a0<img loading=\"lazy\" decoding=\"async\" class=\"alignnone size-full wp-image-3308\" style=\"font-family: inherit; font-size: 1em;\" src=\"https:\/\/agora.xtec.cat\/ceip-puig-gairalt\/wp-content\/uploads\/usu1399\/2023\/06\/EdP-VIP.png\" alt=\"\" width=\"450\" height=\"350\" \/><\/p>\n<p><img loading=\"lazy\" decoding=\"async\" class=\"alignnone size-full wp-image-3307\" style=\"font-family: inherit; font-size: 1em;\" src=\"https:\/\/agora.xtec.cat\/ceip-puig-gairalt\/wp-content\/uploads\/usu1399\/2023\/06\/EdP-Musica.png\" alt=\"\" width=\"450\" height=\"350\" \/>\u00a0 \u00a0 \u00a0<img loading=\"lazy\" decoding=\"async\" class=\"alignnone size-full wp-image-3312\" style=\"font-family: inherit; font-size: 1em;\" src=\"https:\/\/agora.xtec.cat\/ceip-puig-gairalt\/wp-content\/uploads\/usu1399\/2023\/06\/EdP-EF.png\" alt=\"\" width=\"450\" height=\"350\" \/><\/p>\n<h3>Educaci\u00f3 Secund\u00e0ria Obligat\u00f2ria<\/h3>\n<p><img loading=\"lazy\" decoding=\"async\" class=\"alignnone size-full wp-image-3267\" src=\"https:\/\/agora.xtec.cat\/ceip-puig-gairalt\/wp-content\/uploads\/usu1399\/2023\/06\/ESO-Catala.png\" alt=\"\" width=\"450\" height=\"350\" \/>\u00a0 \u00a0 \u00a0<img loading=\"lazy\" decoding=\"async\" class=\"alignnone size-full wp-image-3266\" src=\"https:\/\/agora.xtec.cat\/ceip-puig-gairalt\/wp-content\/uploads\/usu1399\/2023\/06\/ESO-Castella.png\" alt=\"\" width=\"450\" height=\"350\" \/><\/p>\n<p><img loading=\"lazy\" decoding=\"async\" class=\"alignnone size-full wp-image-3264\" src=\"https:\/\/agora.xtec.cat\/ceip-puig-gairalt\/wp-content\/uploads\/usu1399\/2023\/06\/ESO-Angles.png\" alt=\"\" width=\"450\" height=\"350\" \/>\u00a0 \u00a0 \u00a0<a href=\"https:\/\/drive.google.com\/file\/d\/1h3g7g7CSUfa8umfqi7y0OoWTZKGLBgwP\/view?usp=sharing\"><img loading=\"lazy\" decoding=\"async\" class=\"alignnone size-full wp-image-3275\" src=\"https:\/\/agora.xtec.cat\/ceip-puig-gairalt\/wp-content\/uploads\/usu1399\/2023\/06\/ESO-Matematiques.png\" alt=\"\" width=\"450\" height=\"350\" \/><\/a><\/p>\n<p><img loading=\"lazy\" decoding=\"async\" class=\"alignnone size-full wp-image-3265\" src=\"https:\/\/agora.xtec.cat\/ceip-puig-gairalt\/wp-content\/uploads\/usu1399\/2023\/06\/ESO-Biologia.png\" alt=\"\" width=\"450\" height=\"350\" \/>\u00a0 \u00a0 \u00a0<img loading=\"lazy\" decoding=\"async\" class=\"alignnone size-full wp-image-3272\" src=\"https:\/\/agora.xtec.cat\/ceip-puig-gairalt\/wp-content\/uploads\/usu1399\/2023\/06\/ESO-FiQ.png\" alt=\"\" width=\"450\" height=\"350\" \/><\/p>\n<p><img loading=\"lazy\" decoding=\"async\" class=\"alignnone size-full wp-image-3260\" src=\"https:\/\/agora.xtec.cat\/ceip-puig-gairalt\/wp-content\/uploads\/usu1399\/2023\/06\/ESO-Socials.png\" alt=\"\" width=\"450\" height=\"350\" \/>\u00a0 \u00a0 \u00a0<img loading=\"lazy\" decoding=\"async\" class=\"alignnone size-full wp-image-3261\" src=\"https:\/\/agora.xtec.cat\/ceip-puig-gairalt\/wp-content\/uploads\/usu1399\/2023\/06\/ESO-Tecnologia.png\" alt=\"\" width=\"450\" height=\"350\" \/><\/p>\n<p><img loading=\"lazy\" decoding=\"async\" class=\"alignnone size-full wp-image-3263\" src=\"https:\/\/agora.xtec.cat\/ceip-puig-gairalt\/wp-content\/uploads\/usu1399\/2023\/06\/ESO-VIP.png\" alt=\"\" width=\"450\" height=\"350\" \/>\u00a0 \u00a0 \u00a0<img loading=\"lazy\" decoding=\"async\" class=\"alignnone size-full wp-image-3276\" src=\"https:\/\/agora.xtec.cat\/ceip-puig-gairalt\/wp-content\/uploads\/usu1399\/2023\/06\/ESO-Musica.png\" alt=\"\" width=\"450\" height=\"350\" \/><\/p>\n<p><img loading=\"lazy\" decoding=\"async\" class=\"alignnone size-full wp-image-3271\" src=\"https:\/\/agora.xtec.cat\/ceip-puig-gairalt\/wp-content\/uploads\/usu1399\/2023\/06\/ESO-EF.png\" alt=\"\" width=\"450\" height=\"350\" \/>\u00a0 \u00a0 \u00a0<img loading=\"lazy\" decoding=\"async\" class=\"alignnone size-full wp-image-3262\" src=\"https:\/\/agora.xtec.cat\/ceip-puig-gairalt\/wp-content\/uploads\/usu1399\/2023\/06\/ESO-Valors.png\" alt=\"\" width=\"450\" height=\"350\" \/><\/p>\n<p><img loading=\"lazy\" decoding=\"async\" class=\"alignnone size-full wp-image-3269\" src=\"https:\/\/agora.xtec.cat\/ceip-puig-gairalt\/wp-content\/uploads\/usu1399\/2023\/06\/ESO-Cultura-Classica.png\" alt=\"\" width=\"450\" height=\"350\" \/>\u00a0 \u00a0 \u00a0<img loading=\"lazy\" decoding=\"async\" class=\"alignnone size-full wp-image-3277\" src=\"https:\/\/agora.xtec.cat\/ceip-puig-gairalt\/wp-content\/uploads\/usu1399\/2023\/06\/ESO-Robotica.png\" alt=\"\" width=\"450\" height=\"350\" \/><\/p>\n<p><img loading=\"lazy\" decoding=\"async\" class=\"alignnone size-full wp-image-3334\" src=\"https:\/\/agora.xtec.cat\/ceip-puig-gairalt\/wp-content\/uploads\/usu1399\/2023\/06\/ESO-Emprenedoria.png\" alt=\"\" width=\"450\" height=\"350\" \/>\u00a0 \u00a0 \u00a0<img loading=\"lazy\" decoding=\"async\" class=\"alignnone size-full wp-image-3268\" src=\"https:\/\/agora.xtec.cat\/ceip-puig-gairalt\/wp-content\/uploads\/usu1399\/2023\/06\/ESO-Cultura-Cientifica.png\" alt=\"\" width=\"450\" height=\"350\" \/><\/p>\n<p><img loading=\"lazy\" decoding=\"async\" class=\"alignnone size-full wp-image-3270\" src=\"https:\/\/agora.xtec.cat\/ceip-puig-gairalt\/wp-content\/uploads\/usu1399\/2023\/06\/ESO-Economia-Basica.png\" alt=\"\" width=\"450\" height=\"350\" \/>\u00a0 \u00a0 \u00a0<img loading=\"lazy\" decoding=\"async\" class=\"alignnone size-full wp-image-3273\" src=\"https:\/\/agora.xtec.cat\/ceip-puig-gairalt\/wp-content\/uploads\/usu1399\/2023\/06\/ESO-FOPP.png\" alt=\"\" width=\"450\" height=\"350\" \/><\/p>\n<p><img loading=\"lazy\" decoding=\"async\" class=\"alignnone size-full wp-image-3335\" src=\"https:\/\/agora.xtec.cat\/ceip-puig-gairalt\/wp-content\/uploads\/usu1399\/2023\/06\/ESO-Filosofia.png\" alt=\"\" width=\"450\" height=\"350\" \/>\u00a0 \u00a0 \u00a0<img loading=\"lazy\" decoding=\"async\" class=\"alignnone size-full wp-image-3337\" src=\"https:\/\/agora.xtec.cat\/ceip-puig-gairalt\/wp-content\/uploads\/usu1399\/2023\/06\/ESO-Informatica.png\" alt=\"\" width=\"450\" height=\"350\" \/><\/p>\n","protected":false},"excerpt":{"rendered":"<p>Educaci\u00f3 Infantil<br \/>\n\u00a0 \u00a0 \u00a0<br \/>\n\u00a0 \u00a0 \u00a0<br \/>\nEducaci\u00f3 Prim\u00e0ria<br \/>\n\u00a0 \u00a0 \u00a0<br \/>\n\u00a0 \u00a0 \u00a0<br \/>\n\u00a0 \u00a0 \u00a0<br \/>\n\u00a0 \u00a0 \u00a0<br \/>\nEducaci\u00f3 Secund\u00e0ria Obligat\u00f2ria<br \/>\n\u00a0 \u00a0 \u00a0<br \/>\n\u00a0 \u00a0 \u00a0<a href=\"https:\/\/drive.google.com\/file\/d\/1h3g7g7CSUfa8umfqi7y0OoWTZKGLBgwP\/view?usp=sharing\"><\/a><br \/>\n\u00a0 \u00a0 \u00a0<br \/>\n\u00a0 \u00a0 \u00a0<br \/>\n\u00a0 \u00a0 \u00a0<br \/>\n\u00a0 \u00a0 \u00a0<br \/>\n\u00a0 \u00a0 \u00a0<br \/>\n\u00a0 \u00a0 \u00a0<br \/>\n\u00a0 \u00a0 \u00a0<br \/>\n\u00a0 \u00a0 \u00a0<\/p>\n","protected":false},"author":1,"featured_media":0,"parent":64,"menu_order":10,"comment_status":"closed","ping_status":"closed","template":"page-templates\/side-menu.php","meta":{"_bbp_topic_count":0,"_bbp_reply_count":0,"_bbp_total_topic_count":0,"_bbp_total_reply_count":0,"_bbp_voice_count":0,"_bbp_anonymous_reply_count":0,"_bbp_topic_count_hidden":0,"_bbp_reply_count_hidden":0,"_bbp_forum_subforum_count":0,"footnotes":""},"class_list":["post-3243","page","type-page","status-publish","hentry"],"post_mailing_queue_ids":[],"_links":{"self":[{"href":"https:\/\/agora.xtec.cat\/ceip-puig-gairalt\/wp-json\/wp\/v2\/pages\/3243","targetHints":{"allow":["GET"]}}],"collection":[{"href":"https:\/\/agora.xtec.cat\/ceip-puig-gairalt\/wp-json\/wp\/v2\/pages"}],"about":[{"href":"https:\/\/agora.xtec.cat\/ceip-puig-gairalt\/wp-json\/wp\/v2\/types\/page"}],"author":[{"embeddable":true,"href":"https:\/\/agora.xtec.cat\/ceip-puig-gairalt\/wp-json\/wp\/v2\/users\/1"}],"replies":[{"embeddable":true,"href":"https:\/\/agora.xtec.cat\/ceip-puig-gairalt\/wp-json\/wp\/v2\/comments?post=3243"}],"version-history":[{"count":3,"href":"https:\/\/agora.xtec.cat\/ceip-puig-gairalt\/wp-json\/wp\/v2\/pages\/3243\/revisions"}],"predecessor-version":[{"id":3339,"href":"https:\/\/agora.xtec.cat\/ceip-puig-gairalt\/wp-json\/wp\/v2\/pages\/3243\/revisions\/3339"}],"up":[{"embeddable":true,"href":"https:\/\/agora.xtec.cat\/ceip-puig-gairalt\/wp-json\/wp\/v2\/pages\/64"}],"wp:attachment":[{"href":"https:\/\/agora.xtec.cat\/ceip-puig-gairalt\/wp-json\/wp\/v2\/media?parent=3243"}],"curies":[{"name":"wp","href":"https:\/\/api.w.org\/{rel}","templated":true}]}}