{"id":2965,"date":"2022-10-27T16:04:44","date_gmt":"2022-10-27T14:04:44","guid":{"rendered":"https:\/\/agora.xtec.cat\/ceip-puig-gairalt\/?page_id=2965"},"modified":"2024-10-15T14:56:59","modified_gmt":"2024-10-15T12:56:59","slug":"centre-maker","status":"publish","type":"page","link":"https:\/\/agora.xtec.cat\/ceip-puig-gairalt\/projecte-educatiu\/centre-maker\/","title":{"rendered":"Centre MAKER"},"content":{"rendered":"<p><a href=\"https:\/\/serveiseducatius.xtec.cat\/cesire\/faig-fent-per-aprendre-imaginant-globalment\/\"><img loading=\"lazy\" decoding=\"async\" class=\"alignnone wp-image-3853 size-full\" src=\"https:\/\/agora.xtec.cat\/ceip-puig-gairalt\/wp-content\/uploads\/usu1399\/2024\/05\/Banner-FAIG.jpg\" alt=\"\" width=\"1400\" height=\"499\" srcset=\"https:\/\/agora.xtec.cat\/ceip-puig-gairalt\/wp-content\/uploads\/usu1399\/2024\/05\/Banner-FAIG.jpg 1400w, https:\/\/agora.xtec.cat\/ceip-puig-gairalt\/wp-content\/uploads\/usu1399\/2024\/05\/Banner-FAIG-300x107.jpg 300w, https:\/\/agora.xtec.cat\/ceip-puig-gairalt\/wp-content\/uploads\/usu1399\/2024\/05\/Banner-FAIG-1024x365.jpg 1024w, https:\/\/agora.xtec.cat\/ceip-puig-gairalt\/wp-content\/uploads\/usu1399\/2024\/05\/Banner-FAIG-768x274.jpg 768w\" sizes=\"auto, (max-width: 1400px) 100vw, 1400px\" \/><\/a><\/p>\n<p>FAIG \u00e9s un programa experimental de suport a la innovaci\u00f3 del Departament d\u2019Educaci\u00f3 de Catalunya promogut per la Direcci\u00f3 General d\u2019Innovaci\u00f3, Digitalitzaci\u00f3 i Curr\u00edculum. L&#8217;Institut Escola Puig i Gairalt va ser seleccionat com un dels 150 centres participants en el Programa FAIG del Departament d&#8217;Educaci\u00f3 de la Generalitat de Catalunya i el CESIRE. Estem molt il\u00b7lusionats i amb moltes ganes d\u2019aprofundir en la innovaci\u00f3 educativa a trav\u00e9s de projectes MAKER, que ens permetran explorar noves metodologies i eines per millorar l&#8217;aprenentatge dels nostres alumnes.<\/p>\n<p><a href=\"https:\/\/serveiseducatius.xtec.cat\/cesire\/faig-fent-per-aprendre-imaginant-globalment\/projectes-faig\/\"><img loading=\"lazy\" decoding=\"async\" class=\"size-full wp-image-3859 aligncenter\" src=\"https:\/\/agora.xtec.cat\/ceip-puig-gairalt\/wp-content\/uploads\/usu1399\/2024\/05\/Boto-FAIG-Xarxa.png\" alt=\"\" width=\"192\" height=\"69\" \/><\/a><\/p>\n<h3>Fitxes de projectes FAIG del centre<\/h3>\n<p>En les pr\u00f2ximes setmanes es penjaran les fitxes dels projectes FAIG.<\/p>\n","protected":false},"excerpt":{"rendered":"<p><a href=\"https:\/\/serveiseducatius.xtec.cat\/cesire\/faig-fent-per-aprendre-imaginant-globalment\/\"><\/a><br \/>\nFAIG \u00e9s un programa experimental de suport a la innovaci\u00f3 del Departament d\u2019Educaci\u00f3 de Catalunya promogut per la Direcci\u00f3 General d\u2019Innovaci\u00f3, Digitalitzaci\u00f3 i Curr\u00edculum. L&#8217;Institut Escola Puig i Gairalt va ser seleccionat com un dels 150 centres participants en el Programa FAIG del Departament&hellip;  <a href=\"https:\/\/agora.xtec.cat\/ceip-puig-gairalt\/projecte-educatiu\/centre-maker\/\" title=\"Read Centre MAKER\">Llegeix m\u00e9s\u00bb<\/a><\/p>\n","protected":false},"author":1,"featured_media":0,"parent":64,"menu_order":7,"comment_status":"closed","ping_status":"closed","template":"page-templates\/side-menu.php","meta":{"_bbp_topic_count":0,"_bbp_reply_count":0,"_bbp_total_topic_count":0,"_bbp_total_reply_count":0,"_bbp_voice_count":0,"_bbp_anonymous_reply_count":0,"_bbp_topic_count_hidden":0,"_bbp_reply_count_hidden":0,"_bbp_forum_subforum_count":0,"footnotes":""},"class_list":["post-2965","page","type-page","status-publish","hentry"],"post_mailing_queue_ids":[],"_links":{"self":[{"href":"https:\/\/agora.xtec.cat\/ceip-puig-gairalt\/wp-json\/wp\/v2\/pages\/2965","targetHints":{"allow":["GET"]}}],"collection":[{"href":"https:\/\/agora.xtec.cat\/ceip-puig-gairalt\/wp-json\/wp\/v2\/pages"}],"about":[{"href":"https:\/\/agora.xtec.cat\/ceip-puig-gairalt\/wp-json\/wp\/v2\/types\/page"}],"author":[{"embeddable":true,"href":"https:\/\/agora.xtec.cat\/ceip-puig-gairalt\/wp-json\/wp\/v2\/users\/1"}],"replies":[{"embeddable":true,"href":"https:\/\/agora.xtec.cat\/ceip-puig-gairalt\/wp-json\/wp\/v2\/comments?post=2965"}],"version-history":[{"count":6,"href":"https:\/\/agora.xtec.cat\/ceip-puig-gairalt\/wp-json\/wp\/v2\/pages\/2965\/revisions"}],"predecessor-version":[{"id":4072,"href":"https:\/\/agora.xtec.cat\/ceip-puig-gairalt\/wp-json\/wp\/v2\/pages\/2965\/revisions\/4072"}],"up":[{"embeddable":true,"href":"https:\/\/agora.xtec.cat\/ceip-puig-gairalt\/wp-json\/wp\/v2\/pages\/64"}],"wp:attachment":[{"href":"https:\/\/agora.xtec.cat\/ceip-puig-gairalt\/wp-json\/wp\/v2\/media?parent=2965"}],"curies":[{"name":"wp","href":"https:\/\/api.w.org\/{rel}","templated":true}]}}