{"id":28,"date":"2014-09-18T12:29:35","date_gmt":"2014-09-18T11:29:35","guid":{"rendered":"http:\/\/agora.xtec.cat\/ceip-puig-gairalt\/?page_id=28"},"modified":"2024-05-20T22:17:17","modified_gmt":"2024-05-20T20:17:17","slug":"consell-escolar","status":"publish","type":"page","link":"https:\/\/agora.xtec.cat\/ceip-puig-gairalt\/lescola\/consell-escolar\/","title":{"rendered":"Consell escolar"},"content":{"rendered":"<p style=\"text-align: justify;\">El Consell Escolar \u00e9s l\u2019\u00f2rgan de gesti\u00f3 on els representants de cada sector educatiu consensuen la presa de decisions. Est\u00e0 integrat per mestres i professorat, equip directiu, per representants de pares i mares, del personal no docent, de l\u2019Ajuntament i alumnes. En els centres p\u00fablics, la funci\u00f3 principal del consell escolar \u00e9s debatre i aprovar tots aquells temes importants per al funcionament i l&#8217;organitzaci\u00f3 del centre: el projecte educatiu, el pla i la mem\u00f2ria anual de centre, el pressupost, etc. Les persones del consell escolar s\u00f3n elegides per un per\u00edode de quatre anys i es renoven per meitats cada dos anys.<\/p>\n<h3><strong>MEMBRES DEL CONSELL ESCOLAR:<\/strong><\/h3>\n<h4><em>Equip directiu<\/em><\/h4>\n<ul>\n<li>Directora: Clara Ferro Mestres<\/li>\n<li>Cap d&#8217;Estudis d&#8217;Infantil i Prim\u00e0ria: Sara Jord\u00e1n Carreras<\/li>\n<li>Cap d&#8217;Estudis de Secund\u00e0ria: Javier Seva Fern\u00e1ndez<\/li>\n<li>Secretari: Damian Pascual Calero Aguado<\/li>\n<li>Coordinaci\u00f3 pedag\u00f2gica: Jordi Sarriera Navarro<\/li>\n<\/ul>\n<h4><em>Sector professorat<\/em><\/h4>\n<ul>\n<li>Alba Hern\u00e1ndez Alarc\u00f3n<\/li>\n<li>Ana Camacho Mart\u00ednez<\/li>\n<li>Cristina Hern\u00e1ndez Tal\u00f3n<\/li>\n<li>Rosa Bl\u00e1zquez Mart\u00edn<\/li>\n<li>William Cotterill Knight<\/li>\n<li>Valquiria Gil Videira<\/li>\n<\/ul>\n<h4><em>Sector fam\u00edlies d&#8217;alumnat<\/em><\/h4>\n<ul>\n<li>Martina Sena Medina<\/li>\n<li>Rosalina Ferreras Rivas<\/li>\n<li>Rossemery Vicente Guevara<\/li>\n<li>Soraya Carmona Torres<\/li>\n<\/ul>\n<h4><em>Representaci\u00f3 del sector PAE<\/em><\/h4>\n<ul>\n<li>Javier Mu\u00f1oz Serrano<\/li>\n<\/ul>\n<h4><em>Representaci\u00f3 del sector PAS<\/em><\/h4>\n<ul>\n<li>Mar Cerezo Alcalde<\/li>\n<\/ul>\n<h4><em>R<\/em><em>epresentaci\u00f3 <\/em><em>del sector de l&#8217;ajuntament<\/em><\/h4>\n<ul>\n<li>Vanessa Idoate Salgado<\/li>\n<\/ul>\n<div>\n<h4><em>Representaci\u00f3 del sector alumnat<\/em><\/h4>\n<ul>\n<li><span style=\"font-weight: 400;\">Mohammed Berroho<\/span><\/li>\n<li>Juan David Pineda Zambrano<\/li>\n<\/ul>\n<\/div>\n","protected":false},"excerpt":{"rendered":"<p>El Consell Escolar \u00e9s l\u2019\u00f2rgan de gesti\u00f3 on els representants de cada sector educatiu consensuen la presa de decisions. Est\u00e0 integrat per mestres i professorat, equip directiu, per representants de pares i mares, del personal no docent, de l\u2019Ajuntament i alumnes. En els centres p\u00fablics,&hellip;  <a href=\"https:\/\/agora.xtec.cat\/ceip-puig-gairalt\/lescola\/consell-escolar\/\" title=\"Read Consell escolar\">Llegeix m\u00e9s\u00bb<\/a><\/p>\n","protected":false},"author":1,"featured_media":0,"parent":22,"menu_order":4,"comment_status":"closed","ping_status":"closed","template":"page-templates\/side-menu.php","meta":{"_bbp_topic_count":0,"_bbp_reply_count":0,"_bbp_total_topic_count":0,"_bbp_total_reply_count":0,"_bbp_voice_count":0,"_bbp_anonymous_reply_count":0,"_bbp_topic_count_hidden":0,"_bbp_reply_count_hidden":0,"_bbp_forum_subforum_count":0,"footnotes":""},"class_list":["post-28","page","type-page","status-publish","hentry"],"post_mailing_queue_ids":[],"_links":{"self":[{"href":"https:\/\/agora.xtec.cat\/ceip-puig-gairalt\/wp-json\/wp\/v2\/pages\/28","targetHints":{"allow":["GET"]}}],"collection":[{"href":"https:\/\/agora.xtec.cat\/ceip-puig-gairalt\/wp-json\/wp\/v2\/pages"}],"about":[{"href":"https:\/\/agora.xtec.cat\/ceip-puig-gairalt\/wp-json\/wp\/v2\/types\/page"}],"author":[{"embeddable":true,"href":"https:\/\/agora.xtec.cat\/ceip-puig-gairalt\/wp-json\/wp\/v2\/users\/1"}],"replies":[{"embeddable":true,"href":"https:\/\/agora.xtec.cat\/ceip-puig-gairalt\/wp-json\/wp\/v2\/comments?post=28"}],"version-history":[{"count":7,"href":"https:\/\/agora.xtec.cat\/ceip-puig-gairalt\/wp-json\/wp\/v2\/pages\/28\/revisions"}],"predecessor-version":[{"id":3867,"href":"https:\/\/agora.xtec.cat\/ceip-puig-gairalt\/wp-json\/wp\/v2\/pages\/28\/revisions\/3867"}],"up":[{"embeddable":true,"href":"https:\/\/agora.xtec.cat\/ceip-puig-gairalt\/wp-json\/wp\/v2\/pages\/22"}],"wp:attachment":[{"href":"https:\/\/agora.xtec.cat\/ceip-puig-gairalt\/wp-json\/wp\/v2\/media?parent=28"}],"curies":[{"name":"wp","href":"https:\/\/api.w.org\/{rel}","templated":true}]}}