{"id":2158,"date":"2020-11-25T20:37:25","date_gmt":"2020-11-25T19:37:25","guid":{"rendered":"http:\/\/agora.xtec.cat\/ceip-puig-gairalt\/?page_id=2158"},"modified":"2024-10-22T13:51:55","modified_gmt":"2024-10-22T11:51:55","slug":"ambients","status":"publish","type":"page","link":"https:\/\/agora.xtec.cat\/ceip-puig-gairalt\/projecte-educatiu\/ambients\/","title":{"rendered":"Ambients i P\u00edndoles d&#8217;Aprenentatge"},"content":{"rendered":"<p style=\"text-align: justify;\">Des del curs 2020\/21 la Comunitat de Petits, la Comunitat de Mitjans, la Comunitat de Grans treballen per ambients, i la Comunitat de Joves des del curs 2023\/24 treballa p\u00edndoles d&#8217;aprenentatge.<\/p>\n<p style=\"text-align: justify;\">El treball per ambients forma part de la nostra metodologia i manera de veure l\u2019educaci\u00f3. Forma part del nostre ideari i \u00e9s un dels pilars fonamentals de l\u2019Institut Escola, juntament amb el treball cooperatiu.<\/p>\n<p style=\"text-align: justify;\">Entenem els ambients com una manera d\u2019entendre els processos d\u2019aprenentatge dels infants basats en el <strong>respecte<\/strong>, la\u00a0<strong>confian\u00e7a<\/strong>\u00a0la\u00a0<strong>llibertat<\/strong>\u00a0i la\u00a0<strong>circulaci\u00f3<\/strong>.<\/p>\n<p style=\"text-align: justify;\"><em>Els ambients d\u2019aprenentatge representen una organitzaci\u00f3 on l\u2019alumne es converteix en el constructor del seu propi aprenentatge a partir del joc, la investigaci\u00f3 i les relacions amb els companys, tot explorant l\u2019espai amb llibertat segons els seus interessos i motivacions. \u00c9s l\u2019alumne qui pren les decisions i busca les seves pr\u00f2pies estrat\u00e8gies per trobar les solucions davant reptes i situacions que s&#8217;anir\u00e0 trobant. El mestre es presenta com un guia i observador.<\/em><\/p>\n<p style=\"text-align: justify;\">Els ambients s\u00f3n, doncs,\u00a0espais f\u00edsics preparats conscientment perqu\u00e8 l\u2019aprenentatge es doni a\u00a0partir de l\u2019exploraci\u00f3 i la investigaci\u00f3 aut\u00f2noma dels nens i nenes.<\/p>\n<table style=\"width: 900px; height: 50px;\">\n<tbody>\n<tr>\n<td style=\"width: 25%; background-color: #b4a7d6; text-align: center;\"><strong>Ambients Petits<\/strong><\/td>\n<td style=\"width: 25%; background-color: #9fc5e8; text-align: center;\"><strong>Ambients Mitjans<\/strong><\/td>\n<td style=\"width: 25%; background-color: #6fca46; text-align: center;\"><strong>Ambients Grans<\/strong><\/td>\n<td style=\"width: 25%; background-color: #ff9900; text-align: center;\"><strong>P\u00edndoles d&#8217;aprenentatge<\/strong><\/td>\n<\/tr>\n<tr>\n<td style=\"width: 25%;\">\n<ul style=\"list-style-type: disc;\">\n<li>Natura i experimentaci\u00f3.<\/li>\n<li>Minimons i construccions.<\/li>\n<li>Llum i ombres.<\/li>\n<li>Juguem a ser.<\/li>\n<li>Exterior.<\/li>\n<li>Joc i moviment.<\/li>\n<li>Un, dos, tres, acci\u00f3!.<\/li>\n<li>Art\u00edstic.<\/li>\n<\/ul>\n<\/td>\n<td style=\"width: 25%;\">\n<ul style=\"list-style-type: disc;\">\n<li><em>Hab\u00eda una vez<\/em> (joc simb\u00f2lic).<\/li>\n<li>Divermat.<\/li>\n<li>Moviment.<\/li>\n<li>Mini robots.<\/li>\n<li><em>Funtastic<\/em>.<\/li>\n<li>Creart.<\/li>\n<li>Medimons.<\/li>\n<li>El bosc de lletres.<\/li>\n<\/ul>\n<\/td>\n<td style=\"width: 25%;\">\n<ul style=\"list-style-type: disc;\">\n<li>Som artistes.<\/li>\n<li>F\u00f3rum.<\/li>\n<li>Setci\u00e8ncies.<\/li>\n<li><em>Be a star.<\/em><\/li>\n<li>Un mar de lletres.<\/li>\n<li>Quadern de Bit\u00e0cola<\/li>\n<li>Moviment.<\/li>\n<li>Jo, robot.<\/li>\n<\/ul>\n<\/td>\n<td style=\"width: 25%;\">\n<ul style=\"list-style-type: disc;\">\n<li style=\"list-style-type: none;\">\n<ul style=\"list-style-type: disc;\">\n<li>Catal\u00e0.<\/li>\n<li>Castell\u00e0.<\/li>\n<li>Ci\u00e8ncies.<\/li>\n<li>Matem\u00e0tiques i STEAM.<\/li>\n<li>Social ODS.<\/li>\n<li>Art\u00edstic.<\/li>\n<li>Angl\u00e8s.<\/li>\n<\/ul>\n<\/li>\n<\/ul>\n<\/td>\n<\/tr>\n<\/tbody>\n<\/table>\n<h4>Organitzaci\u00f3 hor\u00e0ria pel curs 2024\/25 (a partir d&#8217;octubre)<\/h4>\n<table style=\"width: 900px;\">\n<tbody>\n<tr>\n<td style=\"width: 25%; background-color: #b4a7d6; text-align: center;\"><strong>Ambients Petits<\/strong><\/td>\n<td style=\"width: 25%; background-color: #9fc5e8; text-align: center;\"><strong>Ambients Mitjans<\/strong><\/td>\n<td style=\"width: 25%; background-color: #6fca46; text-align: center;\"><strong>Ambients Grans<\/strong><\/td>\n<td style=\"width: 25%; background-color: #ff9900; text-align: center;\"><strong>P\u00edndoles d&#8217;aprenentatge<\/strong><\/td>\n<\/tr>\n<tr>\n<td style=\"width: 25%; text-align: center; vertical-align: middle;\">Dimcres i dijous de 14:30 a 16 h<\/td>\n<td style=\"width: 25%; text-align: center; vertical-align: middle;\">Dilluns i dimecres d&#8217;11 a 13h<\/td>\n<td style=\"width: 25%; text-align: center; vertical-align: middle;\">Dimarts i dijous d&#8217;11 a 13h<\/td>\n<td style=\"width: 25%; text-align: center; vertical-align: middle;\">Dimecres de 09:00 a 11:00 h<\/td>\n<\/tr>\n<\/tbody>\n<\/table>\n<p>&nbsp;<\/p>\n","protected":false},"excerpt":{"rendered":"<p>Des del curs 2020\/21 la Comunitat de Petits, la Comunitat de Mitjans, la Comunitat de Grans treballen per ambients, i la Comunitat de Joves des del curs 2023\/24 treballa p\u00edndoles d&#8217;aprenentatge.<br \/>\nEl treball per ambients forma part de la nostra metodologia i manera de veure l\u2019educaci\u00f3.&hellip;  <a href=\"https:\/\/agora.xtec.cat\/ceip-puig-gairalt\/projecte-educatiu\/ambients\/\" title=\"Read Ambients i P\u00edndoles d&#8217;Aprenentatge\">Llegeix m\u00e9s\u00bb<\/a><\/p>\n","protected":false},"author":1,"featured_media":0,"parent":64,"menu_order":4,"comment_status":"closed","ping_status":"closed","template":"page-templates\/side-menu.php","meta":{"_bbp_topic_count":0,"_bbp_reply_count":0,"_bbp_total_topic_count":0,"_bbp_total_reply_count":0,"_bbp_voice_count":0,"_bbp_anonymous_reply_count":0,"_bbp_topic_count_hidden":0,"_bbp_reply_count_hidden":0,"_bbp_forum_subforum_count":0,"footnotes":""},"class_list":["post-2158","page","type-page","status-publish","hentry"],"post_mailing_queue_ids":[],"_links":{"self":[{"href":"https:\/\/agora.xtec.cat\/ceip-puig-gairalt\/wp-json\/wp\/v2\/pages\/2158","targetHints":{"allow":["GET"]}}],"collection":[{"href":"https:\/\/agora.xtec.cat\/ceip-puig-gairalt\/wp-json\/wp\/v2\/pages"}],"about":[{"href":"https:\/\/agora.xtec.cat\/ceip-puig-gairalt\/wp-json\/wp\/v2\/types\/page"}],"author":[{"embeddable":true,"href":"https:\/\/agora.xtec.cat\/ceip-puig-gairalt\/wp-json\/wp\/v2\/users\/1"}],"replies":[{"embeddable":true,"href":"https:\/\/agora.xtec.cat\/ceip-puig-gairalt\/wp-json\/wp\/v2\/comments?post=2158"}],"version-history":[{"count":6,"href":"https:\/\/agora.xtec.cat\/ceip-puig-gairalt\/wp-json\/wp\/v2\/pages\/2158\/revisions"}],"predecessor-version":[{"id":4074,"href":"https:\/\/agora.xtec.cat\/ceip-puig-gairalt\/wp-json\/wp\/v2\/pages\/2158\/revisions\/4074"}],"up":[{"embeddable":true,"href":"https:\/\/agora.xtec.cat\/ceip-puig-gairalt\/wp-json\/wp\/v2\/pages\/64"}],"wp:attachment":[{"href":"https:\/\/agora.xtec.cat\/ceip-puig-gairalt\/wp-json\/wp\/v2\/media?parent=2158"}],"curies":[{"name":"wp","href":"https:\/\/api.w.org\/{rel}","templated":true}]}}