{"id":1385,"date":"2020-04-15T23:20:34","date_gmt":"2020-04-15T21:20:34","guid":{"rendered":"http:\/\/agora.xtec.cat\/ceip-puig-gairalt\/?page_id=1385"},"modified":"2024-05-20T22:29:51","modified_gmt":"2024-05-20T20:29:51","slug":"comunitats","status":"publish","type":"page","link":"https:\/\/agora.xtec.cat\/ceip-puig-gairalt\/comunitats\/","title":{"rendered":"Comunitats"},"content":{"rendered":"<p>L\u2019Institut Escola Puig i Gairalt \u00e9s un centre educatiu d\u2019educaci\u00f3 infantil, prim\u00e0ria i secund\u00e0ria.<\/p>\n<p>El centre s\u2019organitza en <strong>quatre grans comunitats:<\/strong><\/p>\n<ul>\n<li>La <span style=\"color: #b4a7d6;\"><strong>comunitat de petits<\/strong><\/span>: constitu\u00efda per a infants de 3 a 6 anys (I3, I4 i I5).<\/li>\n<li>La <span style=\"color: #9fc5e8;\"><strong>comunitat de mitjans<\/strong><\/span>: constitu\u00efda per estudiants de 6 a 9 anys (1r, 2n i 3r d&#8217;Educaci\u00f3 Prim\u00e0ria).<\/li>\n<li>La <span style=\"color: #6fca46;\"><strong>comunitat de grans<\/strong><\/span>: constitu\u00efda per estudiants de 9 a 12 anys (4t, 5\u00e8 i 6\u00e8 d&#8217;Educaci\u00f3 Prim\u00e0ria).<\/li>\n<li>La <span style=\"color: #ff9900;\"><strong>comunitat de joves<\/strong><\/span>: constitu\u00efda per estudiants de 12 a 16 anys (1r, 2n, 3r i 4t d&#8217;Educaci\u00f3 Secund\u00e0ria Obligat\u00f2ria).<\/li>\n<\/ul>\n<p>Aquestes comunitats, fam\u00edlies, mestres, professorat, monitors\/es, personal de suport, personal PAE, personal PAS, personal de neteja\u2026 constitueixen la gran fam\u00edlia de l\u2019Institut Escola Puig i Gairalt.<\/p>\n","protected":false},"excerpt":{"rendered":"<p>L\u2019Institut Escola Puig i Gairalt \u00e9s un centre educatiu d\u2019educaci\u00f3 infantil, prim\u00e0ria i secund\u00e0ria.<br \/>\nEl centre s\u2019organitza en quatre grans comunitats:<\/p>\n<ul>\n<li>La comunitat de petits: constitu\u00efda per a infants de 3 a 6 anys (I3, I4 i I5).<\/li>\n<li>La comunitat de mitjans: constitu\u00efda per estudiants de 6 a&hellip;  <a href=\"https:\/\/agora.xtec.cat\/ceip-puig-gairalt\/comunitats\/\" title=\"Read Comunitats\">Llegeix m\u00e9s\u00bb<\/a><br \/>\n","protected":false},"author":1,"featured_media":0,"parent":0,"menu_order":0,"comment_status":"closed","ping_status":"closed","template":"","meta":{"_bbp_topic_count":0,"_bbp_reply_count":0,"_bbp_total_topic_count":0,"_bbp_total_reply_count":0,"_bbp_voice_count":0,"_bbp_anonymous_reply_count":0,"_bbp_topic_count_hidden":0,"_bbp_reply_count_hidden":0,"_bbp_forum_subforum_count":0,"footnotes":""},"class_list":["post-1385","page","type-page","status-publish","hentry"],"post_mailing_queue_ids":[],"_links":{"self":[{"href":"https:\/\/agora.xtec.cat\/ceip-puig-gairalt\/wp-json\/wp\/v2\/pages\/1385","targetHints":{"allow":["GET"]}}],"collection":[{"href":"https:\/\/agora.xtec.cat\/ceip-puig-gairalt\/wp-json\/wp\/v2\/pages"}],"about":[{"href":"https:\/\/agora.xtec.cat\/ceip-puig-gairalt\/wp-json\/wp\/v2\/types\/page"}],"author":[{"embeddable":true,"href":"https:\/\/agora.xtec.cat\/ceip-puig-gairalt\/wp-json\/wp\/v2\/users\/1"}],"replies":[{"embeddable":true,"href":"https:\/\/agora.xtec.cat\/ceip-puig-gairalt\/wp-json\/wp\/v2\/comments?post=1385"}],"version-history":[{"count":5,"href":"https:\/\/agora.xtec.cat\/ceip-puig-gairalt\/wp-json\/wp\/v2\/pages\/1385\/revisions"}],"predecessor-version":[{"id":3872,"href":"https:\/\/agora.xtec.cat\/ceip-puig-gairalt\/wp-json\/wp\/v2\/pages\/1385\/revisions\/3872"}],"wp:attachment":[{"href":"https:\/\/agora.xtec.cat\/ceip-puig-gairalt\/wp-json\/wp\/v2\/media?parent=1385"}],"curies":[{"name":"wp","href":"https:\/\/api.w.org\/{rel}","templated":true}]}}