{"id":372,"date":"2016-02-15T20:18:39","date_gmt":"2016-02-15T19:18:39","guid":{"rendered":"http:\/\/agora.xtec.cat\/ceip-puig-agut-manlleu\/?page_id=372"},"modified":"2024-11-19T12:40:30","modified_gmt":"2024-11-19T11:40:30","slug":"video","status":"publish","type":"page","link":"https:\/\/agora.xtec.cat\/ceip-puig-agut-manlleu\/video\/","title":{"rendered":"Video"},"content":{"rendered":"<p>Podeu veure v\u00eddeos d&#8217;activitats realitzades a l&#8217;escola:<\/p>\n<p><strong>Projecte Escola Puig-Agut &#8211; Museu del Ter. (2022-24)<\/strong><\/p>\n<p>Representaci\u00f3 del poemari La f\u00e0brica. Una exhibici\u00f3 del treball que s\u2019ha fet al llarg d\u2019aquest curs. Seguint les passes de Miquel Mart\u00ed i Pol, ens han mostrat el funcionament i la duresa que representava ser obrer en aquella \u00e8poca.<br \/>\n<iframe loading=\"lazy\" title=\"YouTube video player\" src=\"https:\/\/www.youtube.com\/embed\/P6Wbn-Tok7E?si=_k1MmZN2AYfLureB\" width=\"560\" height=\"315\" frameborder=\"0\" allowfullscreen=\"allowfullscreen\"><\/iframe><\/p>\n<p>Us presentem el resultat del projecte \u201cles dones a la f\u00e0brica t\u00e8xtil\u201d. Activitat realitzada per l\u2019alumnat de 6\u00e8.<br \/>\n<iframe loading=\"lazy\" title=\"YouTube video player\" src=\"https:\/\/www.youtube.com\/embed\/0Eya1RG9p7g?si=iEiPsemkmMynIm4E\" width=\"560\" height=\"315\" frameborder=\"0\" allowfullscreen=\"allowfullscreen\"><\/iframe><\/p>\n<p><strong>Curs 2020-21<\/strong><\/p>\n<p>Carnaval<br \/>\n<iframe loading=\"lazy\" src=\"https:\/\/www.youtube.com\/embed\/V43voJ7ejMQ\" width=\"560\" height=\"315\" frameborder=\"0\" allowfullscreen=\"allowfullscreen\"><\/iframe><\/p>\n<p>Concert d&#8217;hivern. El9TV<br \/>\n<iframe loading=\"lazy\" src=\"https:\/\/www.youtube.com\/embed\/8pauLSmatw0\" width=\"560\" height=\"315\" frameborder=\"0\" allowfullscreen=\"allowfullscreen\"><\/iframe><\/p>\n<p>Activitats a Educaci\u00f3 infantil. (Classe verda).<br \/>\n<iframe loading=\"lazy\" src=\"https:\/\/www.youtube.com\/embed\/_dzCWey9RcE\" width=\"560\" height=\"315\" frameborder=\"0\" allowfullscreen=\"allowfullscreen\"><\/iframe><br \/>\n<strong>Curs 2019-20<\/strong><\/p>\n<p>V\u00eddeo fet per les mestres d&#8217;EI. Juguem a casa !<br \/>\n<iframe loading=\"lazy\" src=\"https:\/\/www.youtube.com\/embed\/BlXspdOG81k\" width=\"560\" height=\"315\" frameborder=\"0\"><\/iframe><\/p>\n<p>Les mestres d&#8217;educaci\u00f3 especial ens han explicat la llegenda de Sant Jordi amb llenguatge de signes.<br \/>\n<iframe loading=\"lazy\" src=\"https:\/\/www.youtube.com\/embed\/UWuw6PGxwKE\" width=\"560\" height=\"315\" frameborder=\"0\"><\/iframe><\/p>\n<p>Voleu fer aquests reptes que us hem preparat els\/les mestres de cicle superior ?<br \/>\n<iframe loading=\"lazy\" src=\"https:\/\/www.youtube.com\/embed\/YdlKdCZD0QY\" width=\"560\" height=\"315\" frameborder=\"0\"><\/iframe><\/p>\n<p>&nbsp;<\/p>\n<table style=\"width: 551px; height: 62px;\">\n<tbody>\n<tr style=\"height: 31px;\">\n<td style=\"width: 182px; height: 31px;\"><a href=\"https:\/\/www.youtube.com\/watch?v=9BURhmZwSLE&amp;feature=emb_logo\">Percussi\u00f3 corporal<\/a><\/td>\n<td style=\"width: 193px; height: 31px;\"><a href=\"https:\/\/www.youtube.com\/watch?v=eTon3Jorgzo&amp;feature=emb_logo\">English Challenge<\/a><\/td>\n<td style=\"width: 166px; height: 31px;\"><a href=\"https:\/\/www.youtube.com\/watch?v=3UwGQaphEEA&amp;feature=emb_logo\">Molinet de paper<\/a><\/td>\n<\/tr>\n<tr style=\"height: 31px;\">\n<td style=\"width: 182px; height: 31px;\"><a href=\"https:\/\/www.youtube.com\/watch?v=z2SAYUsabPU&amp;feature=emb_logo\">Fem un volc\u00e0<\/a><\/td>\n<td style=\"width: 193px; height: 31px;\"><a href=\"https:\/\/www.youtube.com\/watch?v=obI3GyIC3dk&amp;feature=emb_logo\">Fem galetes<\/a><\/td>\n<td style=\"width: 166px; height: 31px;\"><a href=\"https:\/\/www.youtube.com\/watch?v=3OJJFye8pYw&amp;feature=emb_logo\">la lluna<\/a><\/td>\n<\/tr>\n<\/tbody>\n<\/table>\n<p>i per \u00faltim&#8230; reciclem !<br \/>\n<iframe loading=\"lazy\" src=\"https:\/\/www.youtube.com\/embed\/uohoupg-AvU\" width=\"560\" height=\"315\" frameborder=\"0\"><\/iframe><br \/>\nUn v\u00eddeo per vosaltres ! Una abra\u00e7ada molt forta !<\/p>\n<p><iframe loading=\"lazy\" src=\"https:\/\/www.youtube.com\/embed\/ekqdaS_ByiM\" width=\"560\" height=\"315\" frameborder=\"0\"><\/iframe><\/p>\n<p>Anem a la fisrt lego League !<\/p>\n<p><iframe loading=\"lazy\" src=\"https:\/\/www.youtube.com\/embed\/9uZg5LKjKYg\" width=\"560\" height=\"315\" frameborder=\"0\"><\/iframe><\/p>\n<p>Carnaval !!!<br \/>\n<iframe loading=\"lazy\" src=\"https:\/\/www.youtube.com\/embed\/NTSyeAjed2k\" width=\"560\" height=\"315\" frameborder=\"0\"><\/iframe><\/p>\n<p>Anem a la pla\u00e7a i al Mercat Municipal a Cantar nadales<br \/>\n<iframe loading=\"lazy\" src=\"https:\/\/www.youtube.com\/embed\/w27lyiLhgtk\" width=\"560\" height=\"315\" frameborder=\"0\"><\/iframe><\/p>\n<p>Els m\u00e9s petits tamb\u00e9 fan r\u00e0dio.<br \/>\n<iframe loading=\"lazy\" src=\"https:\/\/www.youtube.com\/embed\/3qG7O91Zzvw\" width=\"560\" height=\"315\" frameborder=\"0\"><\/iframe><\/p>\n<p>Projecte Viladomat. Alumnat de cicle mitj\u00e0 i en Guillem Soler<br \/>\n<iframe loading=\"lazy\" src=\"https:\/\/www.youtube.com\/embed\/4UGalZIAWhU\" width=\"560\" height=\"315\" frameborder=\"0\"><\/iframe><\/p>\n<p><strong>Batukada !<\/strong><br \/>\n<iframe loading=\"lazy\" src=\"https:\/\/www.youtube.com\/embed\/QR69hLvDBKw\" width=\"560\" height=\"315\" frameborder=\"0\"><\/iframe><\/p>\n<p>Teeball cooperatiu a educaci\u00f3 f\u00edsica.<br \/>\n<iframe loading=\"lazy\" src=\"https:\/\/www.youtube.com\/embed\/ccir7HrkZ6o\" width=\"560\" height=\"315\" frameborder=\"0\" allowfullscreen=\"allowfullscreen\"><\/iframe><\/p>\n<p><strong>curs 2018-19<\/strong><br \/>\nEspais, treball d&#8217;educaci\u00f3 infantil<br \/>\n<iframe loading=\"lazy\" src=\"https:\/\/www.youtube.com\/embed\/ZDxBj5PZRlQ\" width=\"560\" height=\"315\" frameborder=\"0\"><\/iframe><\/p>\n<p>Projecte Clave XXI. Anem a cantar al Palau de la M\u00fasica.<br \/>\n<iframe loading=\"lazy\" src=\"https:\/\/www.youtube.com\/embed\/AX3naRZsYLs\" width=\"560\" height=\"315\" frameborder=\"0\" allowfullscreen=\"allowfullscreen\"><\/iframe><\/p>\n<p>Projecte Viladomat. Cantata fi de curs amb l&#8217;Escola Municipal de M\u00fasica de Manlleu. Teatre Centre.<br \/>\n<iframe loading=\"lazy\" src=\"https:\/\/www.youtube.com\/embed\/q-xe17puHmA\" width=\"560\" height=\"315\" frameborder=\"0\" allowfullscreen=\"allowfullscreen\"><\/iframe><\/p>\n<p>Actuaci\u00f3 de teatre Cicle inicial.<br \/>\n<iframe loading=\"lazy\" src=\"https:\/\/www.youtube.com\/embed\/IuJICuBzWT0\" width=\"560\" height=\"315\" frameborder=\"0\" allowfullscreen=\"allowfullscreen\"><\/iframe><\/p>\n<p>Projecte Viladomat<br \/>\nCantem Caramelles<br \/>\n<iframe loading=\"lazy\" src=\"https:\/\/www.youtube.com\/embed\/Dngv-3QoVqo\" width=\"560\" height=\"315\" frameborder=\"0\" allowfullscreen=\"allowfullscreen\"><\/iframe><\/p>\n<p><strong>Curs 2016-17<\/strong><br \/>\nUn cop d&#8217;ull a l&#8217;escola<br \/>\n<iframe loading=\"lazy\" src=\"https:\/\/www.youtube.com\/embed\/jDNNXAkizas\" width=\"560\" height=\"315\" frameborder=\"0\"><\/iframe><br \/>\nProjecte : cicle superior el circ<br \/>\n<iframe loading=\"lazy\" src=\"https:\/\/www.youtube.com\/embed\/VAwr4LTaoys\" width=\"560\" height=\"315\" frameborder=\"0\"><\/iframe><br \/>\nCarnaval<br \/>\n<iframe loading=\"lazy\" src=\"https:\/\/www.youtube.com\/embed\/YcpEidtS-DQ\" width=\"560\" height=\"315\" frameborder=\"0\"><\/iframe><\/p>\n<p><strong>Curs 2015- 16<\/strong><br \/>\nCastanyada. Novembre 2015<br \/>\n<iframe loading=\"lazy\" src=\"https:\/\/www.youtube.com\/embed\/wJ-JMtIypRw\" width=\"560\" height=\"315\" frameborder=\"0\"><\/iframe><\/p>\n<table style=\"height: 68px;\" width=\"556\">\n<tbody>\n<tr>\n<td>Carnaval 2015<\/td>\n<td>Preg\u00f3<\/td>\n<td><a href=\"https:\/\/youtu.be\/iflJGH7j-Sg\" target=\"_blank\" rel=\"noopener noreferrer\"><img loading=\"lazy\" decoding=\"async\" class=\"aligncenter size-full wp-image-381\" src=\"http:\/\/agora.xtec.cat\/ceip-puig-agut-manlleu\/wp-content\/uploads\/usu41\/2016\/02\/video.jpg\" alt=\"video\" width=\"30\" height=\"30\" \/><\/a><\/td>\n<td>ball<\/td>\n<td><a href=\"https:\/\/youtu.be\/GmM6bgs9ZvY\" target=\"_blank\" rel=\"noopener noreferrer\"><img loading=\"lazy\" decoding=\"async\" class=\"aligncenter size-full wp-image-381\" src=\"http:\/\/agora.xtec.cat\/ceip-puig-agut-manlleu\/wp-content\/uploads\/usu41\/2016\/02\/video.jpg\" alt=\"video\" width=\"30\" height=\"30\" \/><\/a><\/td>\n<td>Carnaval<\/td>\n<td><a href=\"https:\/\/youtu.be\/D6IpYBhTYMU\" target=\"_blank\" rel=\"noopener noreferrer\"><img loading=\"lazy\" decoding=\"async\" class=\"aligncenter size-full wp-image-381\" src=\"http:\/\/agora.xtec.cat\/ceip-puig-agut-manlleu\/wp-content\/uploads\/usu41\/2016\/02\/video.jpg\" alt=\"video\" width=\"30\" height=\"30\" \/><\/a><\/td>\n<\/tr>\n<\/tbody>\n<\/table>\n","protected":false},"excerpt":{"rendered":"<p>Podeu veure v\u00eddeos d&#8217;activitats realitzades a l&#8217;escola:<br \/>\nProjecte Escola Puig-Agut &#8211; Museu del Ter. (2022-24)<br \/>\nRepresentaci\u00f3 del poemari La f\u00e0brica. Una exhibici\u00f3 del treball que s\u2019ha fet al llarg d\u2019aquest curs. Seguint les passes de Miquel Mart\u00ed i Pol, ens han mostrat el funcionament i la duresa&hellip;  <a href=\"https:\/\/agora.xtec.cat\/ceip-puig-agut-manlleu\/video\/\" title=\"Read Video\">Llegeix m\u00e9s\u00bb<\/a><\/p>\n","protected":false},"author":1,"featured_media":0,"parent":0,"menu_order":85,"comment_status":"closed","ping_status":"closed","template":"","meta":{"_bbp_topic_count":0,"_bbp_reply_count":0,"_bbp_total_topic_count":0,"_bbp_total_reply_count":0,"_bbp_voice_count":0,"_bbp_anonymous_reply_count":0,"_bbp_topic_count_hidden":0,"_bbp_reply_count_hidden":0,"_bbp_forum_subforum_count":0,"footnotes":""},"class_list":["post-372","page","type-page","status-publish","hentry"],"post_mailing_queue_ids":[],"_links":{"self":[{"href":"https:\/\/agora.xtec.cat\/ceip-puig-agut-manlleu\/wp-json\/wp\/v2\/pages\/372","targetHints":{"allow":["GET"]}}],"collection":[{"href":"https:\/\/agora.xtec.cat\/ceip-puig-agut-manlleu\/wp-json\/wp\/v2\/pages"}],"about":[{"href":"https:\/\/agora.xtec.cat\/ceip-puig-agut-manlleu\/wp-json\/wp\/v2\/types\/page"}],"author":[{"embeddable":true,"href":"https:\/\/agora.xtec.cat\/ceip-puig-agut-manlleu\/wp-json\/wp\/v2\/users\/1"}],"replies":[{"embeddable":true,"href":"https:\/\/agora.xtec.cat\/ceip-puig-agut-manlleu\/wp-json\/wp\/v2\/comments?post=372"}],"version-history":[{"count":6,"href":"https:\/\/agora.xtec.cat\/ceip-puig-agut-manlleu\/wp-json\/wp\/v2\/pages\/372\/revisions"}],"predecessor-version":[{"id":2898,"href":"https:\/\/agora.xtec.cat\/ceip-puig-agut-manlleu\/wp-json\/wp\/v2\/pages\/372\/revisions\/2898"}],"wp:attachment":[{"href":"https:\/\/agora.xtec.cat\/ceip-puig-agut-manlleu\/wp-json\/wp\/v2\/media?parent=372"}],"curies":[{"name":"wp","href":"https:\/\/api.w.org\/{rel}","templated":true}]}}