{"id":28,"date":"2014-09-18T12:29:35","date_gmt":"2014-09-18T12:29:35","guid":{"rendered":"http:\/\/agora.xtec.cat\/ceip-puig-agut-manlleu\/?page_id=28"},"modified":"2025-06-16T10:12:08","modified_gmt":"2025-06-16T08:12:08","slug":"consell-escolar","status":"publish","type":"page","link":"https:\/\/agora.xtec.cat\/ceip-puig-agut-manlleu\/lescola\/consell-escolar\/","title":{"rendered":"Consell Escolar"},"content":{"rendered":"<p style=\"text-align: justify;\" align=\"center\">La gesti\u00f3\u00a0del centre es porta a terme pel Consell Escolar on estan representats\u00a0tots els estaments de l&#8217;escola (mestres, pares i mares, personal no docent\u00a0i un representant de l&#8217;Ajuntament).<\/p>\n<p style=\"text-align: justify;\">El consell\u00a0escolar \u00e9s l&#8217;\u00f2rgan m\u00e0xim de participaci\u00f3 i\u00a0decisi\u00f3 de l&#8217;escola. T\u00e9 com a funcions b\u00e0siques aprovar\u00a0les directrius generals de la programaci\u00f3 i activitats del centre,\u00a0els pressupostos, el reglament de r\u00e8gim intern, resoldre conflictes,\u00a0decidir sobre la matriculaci\u00f3 dels alumnes,&#8230;<\/p>\n<p>&nbsp;<\/p>\n<table width=\"95%\">\n<tbody>\n<tr>\n<td width=\"38%\"><strong>Representants<\/strong><br \/>\n<strong> del sector pares i mares<\/strong><\/td>\n<td width=\"60%\">Hanane Benibrahim<\/p>\n<p>Sana Bennaissati<\/p>\n<p>Pendent nomenar (Presidenta AFA)<\/p>\n<p>Fikria Admi<\/p>\n<p>Laila Buhyayt<\/p>\n<p><span style=\"font-weight: 400;\">Layla Lahfati<\/span><\/td>\n<\/tr>\n<tr>\n<td width=\"38%\"><strong>Representants<\/strong><br \/>\n<strong> del sector mestres<\/strong><\/td>\n<td width=\"60%\">Esther Crespi<\/p>\n<p><span style=\"font-weight: 400;\">Emma Urb\u00f3n.<\/span><\/p>\n<p>Eli Vilalta.<\/p>\n<p><span style=\"font-weight: 400;\">Carlota Serra.<\/span><\/p>\n<p>Anna Carbones<\/p>\n<p>Rosa M. Mercader.<\/td>\n<\/tr>\n<tr>\n<td width=\"38%\"><strong>Representant<\/strong><br \/>\n<strong> personal no docent<\/strong><\/td>\n<td width=\"60%\">Olga Bassaga\u00f1a Ballesteros<\/p>\n<p>Aurora Casillas<\/td>\n<\/tr>\n<tr>\n<td width=\"38%\"><strong>Representant<\/strong><br \/>\n<strong> de l&#8217;Ajuntament de Manlleu<\/strong><\/td>\n<td width=\"60%\">Pere Puig<\/td>\n<\/tr>\n<tr>\n<td width=\"38%\"><strong>Equip<\/strong><br \/>\n<strong> Directiu<\/strong><\/td>\n<td width=\"60%\">Josep Castellon Sancho<\/p>\n<p>Eva Verdaguer Molas<\/p>\n<p>Nat\u00e0lia Garcia Torra<\/td>\n<\/tr>\n<\/tbody>\n<\/table>\n<p>&nbsp;<\/p>\n","protected":false},"excerpt":{"rendered":"<p>La gesti\u00f3\u00a0del centre es porta a terme pel Consell Escolar on estan representats\u00a0tots els estaments de l&#8217;escola (mestres, pares i mares, personal no docent\u00a0i un representant de l&#8217;Ajuntament).<br \/>\nEl consell\u00a0escolar \u00e9s l&#8217;\u00f2rgan m\u00e0xim de participaci\u00f3 i\u00a0decisi\u00f3 de l&#8217;escola. T\u00e9 com a funcions b\u00e0siques aprovar\u00a0les directrius generals&hellip;  <a href=\"https:\/\/agora.xtec.cat\/ceip-puig-agut-manlleu\/lescola\/consell-escolar\/\" title=\"Read Consell Escolar\">Llegeix m\u00e9s\u00bb<\/a><\/p>\n","protected":false},"author":2,"featured_media":0,"parent":22,"menu_order":30,"comment_status":"closed","ping_status":"closed","template":"page-templates\/side-menu.php","meta":{"_bbp_topic_count":0,"_bbp_reply_count":0,"_bbp_total_topic_count":0,"_bbp_total_reply_count":0,"_bbp_voice_count":0,"_bbp_anonymous_reply_count":0,"_bbp_topic_count_hidden":0,"_bbp_reply_count_hidden":0,"_bbp_forum_subforum_count":0,"footnotes":""},"class_list":["post-28","page","type-page","status-publish","hentry"],"post_mailing_queue_ids":[],"_links":{"self":[{"href":"https:\/\/agora.xtec.cat\/ceip-puig-agut-manlleu\/wp-json\/wp\/v2\/pages\/28","targetHints":{"allow":["GET"]}}],"collection":[{"href":"https:\/\/agora.xtec.cat\/ceip-puig-agut-manlleu\/wp-json\/wp\/v2\/pages"}],"about":[{"href":"https:\/\/agora.xtec.cat\/ceip-puig-agut-manlleu\/wp-json\/wp\/v2\/types\/page"}],"author":[{"embeddable":true,"href":"https:\/\/agora.xtec.cat\/ceip-puig-agut-manlleu\/wp-json\/wp\/v2\/users\/2"}],"replies":[{"embeddable":true,"href":"https:\/\/agora.xtec.cat\/ceip-puig-agut-manlleu\/wp-json\/wp\/v2\/comments?post=28"}],"version-history":[{"count":6,"href":"https:\/\/agora.xtec.cat\/ceip-puig-agut-manlleu\/wp-json\/wp\/v2\/pages\/28\/revisions"}],"predecessor-version":[{"id":3008,"href":"https:\/\/agora.xtec.cat\/ceip-puig-agut-manlleu\/wp-json\/wp\/v2\/pages\/28\/revisions\/3008"}],"up":[{"embeddable":true,"href":"https:\/\/agora.xtec.cat\/ceip-puig-agut-manlleu\/wp-json\/wp\/v2\/pages\/22"}],"wp:attachment":[{"href":"https:\/\/agora.xtec.cat\/ceip-puig-agut-manlleu\/wp-json\/wp\/v2\/media?parent=28"}],"curies":[{"name":"wp","href":"https:\/\/api.w.org\/{rel}","templated":true}]}}