{"id":2602,"date":"2023-06-29T07:20:06","date_gmt":"2023-06-29T05:20:06","guid":{"rendered":"https:\/\/agora.xtec.cat\/ceip-puig-agut-manlleu\/?page_id=2602"},"modified":"2023-06-29T07:28:35","modified_gmt":"2023-06-29T05:28:35","slug":"estrategia-digitial-de-centre","status":"publish","type":"page","link":"https:\/\/agora.xtec.cat\/ceip-puig-agut-manlleu\/estrategia-digitial-de-centre\/","title":{"rendered":"Estrat\u00e8gia digital de centre."},"content":{"rendered":"<p>&nbsp;<\/p>\n<p>L&#8217;estrat\u00e8gia digital de centre (EDC) defineix i concreta les l\u00ednies d&#8217;actuaci\u00f3 d&#8217;un centre que fan possible que docents, alumnat i centre assoleixin la compet\u00e8ncia digital. Per aconseguir aquesta compet\u00e8ncia digital, l&#8217;EDC compr\u00e8n tots els \u00e0mbits del centre: organitzatius, metodol\u00f2gics, curriculars i comunicatius, els quals s&#8217;han de veure necess\u00e0riament implicats i, si escau, transformats, des d\u2019una perspectiva d&#8217;innovaci\u00f3 i de millora cont\u00ednua.<\/p>\n<p>Per con\u00e8ixer l&#8217;estrat\u00e8gia digital de l&#8217;escola Puig-Agut pots clicar la imatge:<\/p>\n<p><a href=\"https:\/\/sites.google.com\/xtec.cat\/escola-puig-agut?usp=sharing&amp;pli=1\"><img loading=\"lazy\" decoding=\"async\" class=\"aligncenter size-full wp-image-2604\" src=\"https:\/\/agora.xtec.cat\/ceip-puig-agut-manlleu\/wp-content\/uploads\/usu41\/2023\/06\/estrategia-digital-centre.jpg\" alt=\"\" width=\"725\" height=\"214\" srcset=\"https:\/\/agora.xtec.cat\/ceip-puig-agut-manlleu\/wp-content\/uploads\/usu41\/2023\/06\/estrategia-digital-centre.jpg 725w, https:\/\/agora.xtec.cat\/ceip-puig-agut-manlleu\/wp-content\/uploads\/usu41\/2023\/06\/estrategia-digital-centre-300x89.jpg 300w\" sizes=\"auto, (max-width: 725px) 100vw, 725px\" \/><\/a><\/p>\n<p>&nbsp;<\/p>\n<p>&nbsp;<\/p>\n<p>&nbsp;<\/p>\n","protected":false},"excerpt":{"rendered":"<p>&nbsp;<br \/>\nL&#8217;estrat\u00e8gia digital de centre (EDC) defineix i concreta les l\u00ednies d&#8217;actuaci\u00f3 d&#8217;un centre que fan possible que docents, alumnat i centre assoleixin la compet\u00e8ncia digital. Per aconseguir aquesta compet\u00e8ncia digital, l&#8217;EDC compr\u00e8n tots els \u00e0mbits del centre: organitzatius, metodol\u00f2gics, curriculars i comunicatius, els quals s&#8217;han&hellip;  <a href=\"https:\/\/agora.xtec.cat\/ceip-puig-agut-manlleu\/estrategia-digitial-de-centre\/\" title=\"Read Estrat\u00e8gia digital de centre.\">Llegeix m\u00e9s\u00bb<\/a><\/p>\n","protected":false},"author":1,"featured_media":0,"parent":0,"menu_order":0,"comment_status":"closed","ping_status":"closed","template":"","meta":{"_bbp_topic_count":0,"_bbp_reply_count":0,"_bbp_total_topic_count":0,"_bbp_total_reply_count":0,"_bbp_voice_count":0,"_bbp_anonymous_reply_count":0,"_bbp_topic_count_hidden":0,"_bbp_reply_count_hidden":0,"_bbp_forum_subforum_count":0,"footnotes":""},"class_list":["post-2602","page","type-page","status-publish","hentry"],"post_mailing_queue_ids":[],"_links":{"self":[{"href":"https:\/\/agora.xtec.cat\/ceip-puig-agut-manlleu\/wp-json\/wp\/v2\/pages\/2602","targetHints":{"allow":["GET"]}}],"collection":[{"href":"https:\/\/agora.xtec.cat\/ceip-puig-agut-manlleu\/wp-json\/wp\/v2\/pages"}],"about":[{"href":"https:\/\/agora.xtec.cat\/ceip-puig-agut-manlleu\/wp-json\/wp\/v2\/types\/page"}],"author":[{"embeddable":true,"href":"https:\/\/agora.xtec.cat\/ceip-puig-agut-manlleu\/wp-json\/wp\/v2\/users\/1"}],"replies":[{"embeddable":true,"href":"https:\/\/agora.xtec.cat\/ceip-puig-agut-manlleu\/wp-json\/wp\/v2\/comments?post=2602"}],"version-history":[{"count":3,"href":"https:\/\/agora.xtec.cat\/ceip-puig-agut-manlleu\/wp-json\/wp\/v2\/pages\/2602\/revisions"}],"predecessor-version":[{"id":2609,"href":"https:\/\/agora.xtec.cat\/ceip-puig-agut-manlleu\/wp-json\/wp\/v2\/pages\/2602\/revisions\/2609"}],"wp:attachment":[{"href":"https:\/\/agora.xtec.cat\/ceip-puig-agut-manlleu\/wp-json\/wp\/v2\/media?parent=2602"}],"curies":[{"name":"wp","href":"https:\/\/api.w.org\/{rel}","templated":true}]}}