{"id":26,"date":"2014-09-18T12:24:32","date_gmt":"2014-09-18T12:24:32","guid":{"rendered":"http:\/\/agora.xtec.cat\/ceip-puig-agut-manlleu\/?page_id=26"},"modified":"2015-08-10T10:40:49","modified_gmt":"2015-08-10T09:40:49","slug":"historia","status":"publish","type":"page","link":"https:\/\/agora.xtec.cat\/ceip-puig-agut-manlleu\/lescola\/historia\/","title":{"rendered":"Hist\u00f2ria"},"content":{"rendered":"<p>&nbsp;<\/p>\n<p style=\"text-align: justify;\"><span style=\"font-family: inherit; font-size: 1em; line-height: 1.6;\">L&#8217;escola va comen\u00e7ar el seu funcionament l&#8217;any <strong>1972<\/strong> amb el nom de <em>&#8220;Colegio Nacional Francisco Franco&#8221;<\/em>.\u00a0<\/span><\/p>\n<p style=\"text-align: justify;\">L&#8217;Associaci\u00f3 de Pares d&#8217;alumnes existeix des del <strong>1976<\/strong>.<\/p>\n<p style=\"text-align: justify;\">A mesura que van passar els anys, l&#8217;escola va anar creixent, augmentant les seves aules i millorant les seves instal\u00b7lacions.<\/p>\n<p style=\"text-align: justify;\">L&#8217;any <strong>1980<\/strong> va canviar el nom per l&#8217;actual: <strong>Escola Puig-Agut.<\/strong><\/p>\n<p style=\"text-align: justify;\">A l&#8217;escola, l&#8217;any <strong>1981<\/strong> existia un pati cobert que es va convertir en l&#8217;actual gimn\u00e0s. Al mateix any, ja funciona la sala d&#8217;actes.<\/p>\n<p style=\"text-align: justify;\">Des del <strong>1983<\/strong> funciona el servei de Menjador i Cuina. Un any m\u00e9s tard, s&#8217;engegava la primera aula d&#8217;inform\u00e0tica, que ja comptava amb 20 ordinadors.<\/p>\n<p>&nbsp;<\/p>\n<table>\n<tbody>\n<tr>\n<td><img loading=\"lazy\" decoding=\"async\" class=\" aligncenter\" src=\"http:\/\/www.xtec.cat\/ceip-puig-agut-manlleu\/imatges\/histori1.jpg\" alt=\"\" width=\"280\" height=\"207\" \/><\/td>\n<td><img loading=\"lazy\" decoding=\"async\" class=\" aligncenter\" src=\"http:\/\/www.xtec.cat\/ceip-puig-agut-manlleu\/imatges\/histori3.jpg\" alt=\"\" width=\"219\" height=\"331\" \/><\/td>\n<td><img loading=\"lazy\" decoding=\"async\" class=\"aligncenter\" src=\"http:\/\/www.xtec.cat\/ceip-puig-agut-manlleu\/imatges\/histori2.jpg\" alt=\"\" width=\"313\" height=\"232\" \/><\/td>\n<\/tr>\n<\/tbody>\n<\/table>\n<p>&nbsp;<\/p>\n<p style=\"text-align: center;\"><span style=\"font-family: Arial, Helvetica, sans-serif; font-size: small;\"><b><span style=\"font-size: medium;\">SANTUARI DE PUIG-AGUT<\/span><\/b><\/span><\/p>\n<p style=\"text-align: justify;\">Situat al promontori on conflueixen els termes de les tres parr\u00f2quies de Torell\u00f3, Manlleu i Sescorts, \u00e9s una ermita d&#8217;estil neog\u00f2tic promoguda per Ramon Madirolas (18880), amb la participaci\u00f3 de les fam\u00edlies Parrella i Clap\u00e9s, les propietats de les quals limiten tamb\u00e9 en aquest indret.<\/p>\n<p style=\"text-align: justify;\">S&#8217;aixec\u00e0 sota la direcci\u00f3 de l&#8217;arquitecte August Font i Carreras, a partir d&#8217;una idea basada en la bas\u00edlica francesa de Tarbes. Fou bene\u00efda pel bisbe Josep Morgades i Gil l&#8217;any 1886. Fou el primer temple expiatori de la pen\u00ednsula dedicat al Sagrat Cor.<\/p>\n<table>\n<tbody>\n<tr>\n<td>\n<p><figure class=\"figure wp-caption aligncenter\"><img loading=\"lazy\" decoding=\"async\" class=\"\" src=\"http:\/\/1.bp.blogspot.com\/_sPXn_7EGLd8\/Sd-nhHVvcCI\/AAAAAAAAAJs\/a9GFCRKFBhI\/s1600\/puig-agut-hdr.jpg\" alt=\"\" width=\"363\" height=\"274\" \/><figcaption class=\"wp-caption-text\">Jaume Planas Taliu<\/figcaption><\/figure><\/td>\n<td>\n<p><figure class=\"figure wp-caption aligncenter\"><img loading=\"lazy\" decoding=\"async\" class=\"\" src=\"http:\/\/2.bp.blogspot.com\/_sPXn_7EGLd8\/Sd-ngxW55rI\/AAAAAAAAAJk\/NlwOWmMTQhI\/s1600\/puig-agut1.jpg\" alt=\"\" width=\"361\" height=\"272\" \/><figcaption class=\"wp-caption-text\">Jaume Planas Taliu<\/figcaption><\/figure><\/td>\n<\/tr>\n<\/tbody>\n<\/table>\n<p>&nbsp;<\/p>\n","protected":false},"excerpt":{"rendered":"<p>&nbsp;<br \/>\nL&#8217;escola va comen\u00e7ar el seu funcionament l&#8217;any 1972 amb el nom de &#8220;Colegio Nacional Francisco Franco&#8221;.\u00a0<br \/>\nL&#8217;Associaci\u00f3 de Pares d&#8217;alumnes existeix des del 1976.<br \/>\nA mesura que van passar els anys, l&#8217;escola va anar creixent, augmentant les seves aules i millorant les seves instal\u00b7lacions.<br \/>\nL&#8217;any 1980 va canviar&hellip;  <a href=\"https:\/\/agora.xtec.cat\/ceip-puig-agut-manlleu\/lescola\/historia\/\" title=\"Read Hist\u00f2ria\">Llegeix m\u00e9s\u00bb<\/a><\/p>\n","protected":false},"author":2,"featured_media":0,"parent":22,"menu_order":20,"comment_status":"closed","ping_status":"closed","template":"page-templates\/side-menu.php","meta":{"_bbp_topic_count":0,"_bbp_reply_count":0,"_bbp_total_topic_count":0,"_bbp_total_reply_count":0,"_bbp_voice_count":0,"_bbp_anonymous_reply_count":0,"_bbp_topic_count_hidden":0,"_bbp_reply_count_hidden":0,"_bbp_forum_subforum_count":0,"footnotes":""},"class_list":["post-26","page","type-page","status-publish","hentry"],"post_mailing_queue_ids":[],"_links":{"self":[{"href":"https:\/\/agora.xtec.cat\/ceip-puig-agut-manlleu\/wp-json\/wp\/v2\/pages\/26","targetHints":{"allow":["GET"]}}],"collection":[{"href":"https:\/\/agora.xtec.cat\/ceip-puig-agut-manlleu\/wp-json\/wp\/v2\/pages"}],"about":[{"href":"https:\/\/agora.xtec.cat\/ceip-puig-agut-manlleu\/wp-json\/wp\/v2\/types\/page"}],"author":[{"embeddable":true,"href":"https:\/\/agora.xtec.cat\/ceip-puig-agut-manlleu\/wp-json\/wp\/v2\/users\/2"}],"replies":[{"embeddable":true,"href":"https:\/\/agora.xtec.cat\/ceip-puig-agut-manlleu\/wp-json\/wp\/v2\/comments?post=26"}],"version-history":[{"count":3,"href":"https:\/\/agora.xtec.cat\/ceip-puig-agut-manlleu\/wp-json\/wp\/v2\/pages\/26\/revisions"}],"predecessor-version":[{"id":260,"href":"https:\/\/agora.xtec.cat\/ceip-puig-agut-manlleu\/wp-json\/wp\/v2\/pages\/26\/revisions\/260"}],"up":[{"embeddable":true,"href":"https:\/\/agora.xtec.cat\/ceip-puig-agut-manlleu\/wp-json\/wp\/v2\/pages\/22"}],"wp:attachment":[{"href":"https:\/\/agora.xtec.cat\/ceip-puig-agut-manlleu\/wp-json\/wp\/v2\/media?parent=26"}],"curies":[{"name":"wp","href":"https:\/\/api.w.org\/{rel}","templated":true}]}}