{"id":2583,"date":"2022-01-15T12:04:40","date_gmt":"2022-01-15T11:04:40","guid":{"rendered":"https:\/\/agora.xtec.cat\/ceip-puig-agut-manlleu\/?page_id=2583"},"modified":"2024-10-15T12:34:10","modified_gmt":"2024-10-15T10:34:10","slug":"programa-de-tecnics-dintegracio-social-i-educadors-socials","status":"publish","type":"page","link":"https:\/\/agora.xtec.cat\/ceip-puig-agut-manlleu\/programa-de-tecnics-dintegracio-social-i-educadors-socials\/","title":{"rendered":"Programa de t\u00e8cnics d&#8217;integraci\u00f3 social i educadors socials"},"content":{"rendered":"<p>En el marc del Pacte contra la segregaci\u00f3 escolar de Catalunya,\u00a0 el curs 2020-2021\u00a0el\u00a0<a href=\"http:\/\/educacio.gencat.cat\/ca\/departament\/linies-estrategiques\/pla-millora-oportunitats-educatives\/\">Pla de Millora de les oportunitats educatives<\/a>\u00a0incorpora t\u00e8cnics d&#8217;integraci\u00f3 social i\u00a0 educadors socials als centres de m\u00e9s complexitat el 2 d&#8217;agost de 2022 s&#8217;aprova el Programa temporal cofinan\u00e7at per la Uni\u00f3 Europea que t\u00e9 per<strong>\u00a0<\/strong>objecte suplementar amb professionals d&#8217;atenci\u00f3 educativa l&#8217;activitat que es presta en els centres docents que conformen un entorn de complexitat, amb la finalitat de garantir l&#8217;equitat en l&#8217;acc\u00e9s a l&#8217;educaci\u00f3.<\/p>\n<p><a href=\"https:\/\/agora.xtec.cat\/ceip-puig-agut-manlleu\/wp-content\/uploads\/usu41\/2023\/06\/Publicacio-web-del-centre-es.pdf\">Model publicitari per la web del centre.<\/a><\/p>\n<p><a href=\"https:\/\/agora.xtec.cat\/ceip-puig-agut-manlleu\/wp-content\/uploads\/usu41\/2023\/06\/Plantilla-cartell-A3-FSE-2021_2027-externs.pdf\">Cartell informatiu.<\/a><\/p>\n<p><a href=\"https:\/\/agora.xtec.cat\/ceip-puig-agut-manlleu\/wp-content\/uploads\/usu41\/2024\/10\/Carta-Families.pdf\">Programa informaci\u00f3 fam\u00edlies<\/a><\/p>\n<p><a href=\"https:\/\/sites.google.com\/xtec.cat\/espaifamiliarpuigagut\/inici\">Exemples d&#8217;actuaci\u00f3.<\/a><\/p>\n<p>&nbsp;<\/p>\n","protected":false},"excerpt":{"rendered":"<p>En el marc del Pacte contra la segregaci\u00f3 escolar de Catalunya,\u00a0 el curs 2020-2021\u00a0el\u00a0<a href=\"http:\/\/educacio.gencat.cat\/ca\/departament\/linies-estrategiques\/pla-millora-oportunitats-educatives\/\">Pla de Millora de les oportunitats educatives<\/a>\u00a0incorpora t\u00e8cnics d&#8217;integraci\u00f3 social i\u00a0 educadors socials als centres de m\u00e9s complexitat el 2 d&#8217;agost de 2022 s&#8217;aprova el Programa temporal cofinan\u00e7at per la Uni\u00f3&hellip;  <a href=\"https:\/\/agora.xtec.cat\/ceip-puig-agut-manlleu\/programa-de-tecnics-dintegracio-social-i-educadors-socials\/\" title=\"Read Programa de t\u00e8cnics d&#8217;integraci\u00f3 social i educadors socials\">Llegeix m\u00e9s\u00bb<\/a><\/p>\n","protected":false},"author":1,"featured_media":0,"parent":0,"menu_order":0,"comment_status":"closed","ping_status":"closed","template":"","meta":{"_bbp_topic_count":0,"_bbp_reply_count":0,"_bbp_total_topic_count":0,"_bbp_total_reply_count":0,"_bbp_voice_count":0,"_bbp_anonymous_reply_count":0,"_bbp_topic_count_hidden":0,"_bbp_reply_count_hidden":0,"_bbp_forum_subforum_count":0,"footnotes":""},"class_list":["post-2583","page","type-page","status-publish","hentry"],"post_mailing_queue_ids":[],"_links":{"self":[{"href":"https:\/\/agora.xtec.cat\/ceip-puig-agut-manlleu\/wp-json\/wp\/v2\/pages\/2583","targetHints":{"allow":["GET"]}}],"collection":[{"href":"https:\/\/agora.xtec.cat\/ceip-puig-agut-manlleu\/wp-json\/wp\/v2\/pages"}],"about":[{"href":"https:\/\/agora.xtec.cat\/ceip-puig-agut-manlleu\/wp-json\/wp\/v2\/types\/page"}],"author":[{"embeddable":true,"href":"https:\/\/agora.xtec.cat\/ceip-puig-agut-manlleu\/wp-json\/wp\/v2\/users\/1"}],"replies":[{"embeddable":true,"href":"https:\/\/agora.xtec.cat\/ceip-puig-agut-manlleu\/wp-json\/wp\/v2\/comments?post=2583"}],"version-history":[{"count":4,"href":"https:\/\/agora.xtec.cat\/ceip-puig-agut-manlleu\/wp-json\/wp\/v2\/pages\/2583\/revisions"}],"predecessor-version":[{"id":2874,"href":"https:\/\/agora.xtec.cat\/ceip-puig-agut-manlleu\/wp-json\/wp\/v2\/pages\/2583\/revisions\/2874"}],"wp:attachment":[{"href":"https:\/\/agora.xtec.cat\/ceip-puig-agut-manlleu\/wp-json\/wp\/v2\/media?parent=2583"}],"curies":[{"name":"wp","href":"https:\/\/api.w.org\/{rel}","templated":true}]}}