{"id":22,"date":"2014-09-18T12:19:57","date_gmt":"2014-09-18T12:19:57","guid":{"rendered":"http:\/\/agora.xtec.cat\/ceip-puig-agut-manlleu\/?page_id=22"},"modified":"2015-07-23T10:24:32","modified_gmt":"2015-07-23T09:24:32","slug":"lescola","status":"publish","type":"page","link":"https:\/\/agora.xtec.cat\/ceip-puig-agut-manlleu\/lescola\/","title":{"rendered":"L&#8217;escola"},"content":{"rendered":"<p style=\"text-align: justify;\"><strong>L&#8217;Escola<\/strong><b>\u00a0Puig-Agut\u00a0<\/b>est\u00e0 situada al nord del centre de la poblaci\u00f3 de Manlleu, entre els carrers Bellfort i Pintor Gu\u00e0rdia,al barri de l&#8217;Erm; al costat del Mercat Municipal i de l&#8217;esgl\u00e9sia de Sant Pau.<\/p>\n<p style=\"text-align: justify;\">Manlleu est\u00e0 situada a la part central de la comarca d&#8217;Osona, dins la prov\u00edncia de Barcelona. El riu Ter ha definit els l\u00edmits del paisatge del terme, aix\u00ed com el seu desenvolupament urb\u00e0.<\/p>\n<p style=\"text-align: justify;\"><strong>\u00c0LBUM PICASA EDIFICI<\/strong><\/p>\n","protected":false},"excerpt":{"rendered":"<p>L&#8217;Escola\u00a0Puig-Agut\u00a0est\u00e0 situada al nord del centre de la poblaci\u00f3 de Manlleu, entre els carrers Bellfort i Pintor Gu\u00e0rdia,al barri de l&#8217;Erm; al costat del Mercat Municipal i de l&#8217;esgl\u00e9sia de Sant Pau.<br \/>\nManlleu est\u00e0 situada a la part central de la comarca d&#8217;Osona, dins la prov\u00edncia&hellip;  <a href=\"https:\/\/agora.xtec.cat\/ceip-puig-agut-manlleu\/lescola\/\" title=\"Read L&#8217;escola\">Llegeix m\u00e9s\u00bb<\/a><\/p>\n","protected":false},"author":2,"featured_media":0,"parent":0,"menu_order":0,"comment_status":"closed","ping_status":"closed","template":"page-templates\/side-menu.php","meta":{"_bbp_topic_count":0,"_bbp_reply_count":0,"_bbp_total_topic_count":0,"_bbp_total_reply_count":0,"_bbp_voice_count":0,"_bbp_anonymous_reply_count":0,"_bbp_topic_count_hidden":0,"_bbp_reply_count_hidden":0,"_bbp_forum_subforum_count":0,"footnotes":""},"class_list":["post-22","page","type-page","status-publish","hentry"],"post_mailing_queue_ids":[],"_links":{"self":[{"href":"https:\/\/agora.xtec.cat\/ceip-puig-agut-manlleu\/wp-json\/wp\/v2\/pages\/22","targetHints":{"allow":["GET"]}}],"collection":[{"href":"https:\/\/agora.xtec.cat\/ceip-puig-agut-manlleu\/wp-json\/wp\/v2\/pages"}],"about":[{"href":"https:\/\/agora.xtec.cat\/ceip-puig-agut-manlleu\/wp-json\/wp\/v2\/types\/page"}],"author":[{"embeddable":true,"href":"https:\/\/agora.xtec.cat\/ceip-puig-agut-manlleu\/wp-json\/wp\/v2\/users\/2"}],"replies":[{"embeddable":true,"href":"https:\/\/agora.xtec.cat\/ceip-puig-agut-manlleu\/wp-json\/wp\/v2\/comments?post=22"}],"version-history":[{"count":2,"href":"https:\/\/agora.xtec.cat\/ceip-puig-agut-manlleu\/wp-json\/wp\/v2\/pages\/22\/revisions"}],"predecessor-version":[{"id":187,"href":"https:\/\/agora.xtec.cat\/ceip-puig-agut-manlleu\/wp-json\/wp\/v2\/pages\/22\/revisions\/187"}],"wp:attachment":[{"href":"https:\/\/agora.xtec.cat\/ceip-puig-agut-manlleu\/wp-json\/wp\/v2\/media?parent=22"}],"curies":[{"name":"wp","href":"https:\/\/api.w.org\/{rel}","templated":true}]}}