{"id":1860,"date":"2021-02-05T19:11:57","date_gmt":"2021-02-05T18:11:57","guid":{"rendered":"https:\/\/agora.xtec.cat\/ceip-puig-agut-manlleu\/?page_id=1860"},"modified":"2023-03-22T16:56:24","modified_gmt":"2023-03-22T15:56:24","slug":"pmoe","status":"publish","type":"page","link":"https:\/\/agora.xtec.cat\/ceip-puig-agut-manlleu\/pmoe\/","title":{"rendered":"PMOE 2021-22"},"content":{"rendered":"<p><a href=\"https:\/\/drive.google.com\/file\/d\/1uujPjMwiG32xwBaVKhvV9q7EYI5XQYoz\/view?usp=sharing\"><img loading=\"lazy\" decoding=\"async\" class=\"aligncenter wp-image-1876\" src=\"https:\/\/agora.xtec.cat\/ceip-puig-agut-manlleu\/wp-content\/uploads\/usu41\/2021\/02\/pmoe2-1024x486.jpg\" alt=\"\" width=\"625\" height=\"297\" srcset=\"https:\/\/agora.xtec.cat\/ceip-puig-agut-manlleu\/wp-content\/uploads\/usu41\/2021\/02\/pmoe2-1024x486.jpg 1024w, https:\/\/agora.xtec.cat\/ceip-puig-agut-manlleu\/wp-content\/uploads\/usu41\/2021\/02\/pmoe2-300x142.jpg 300w, https:\/\/agora.xtec.cat\/ceip-puig-agut-manlleu\/wp-content\/uploads\/usu41\/2021\/02\/pmoe2-768x365.jpg 768w, https:\/\/agora.xtec.cat\/ceip-puig-agut-manlleu\/wp-content\/uploads\/usu41\/2021\/02\/pmoe2.jpg 1089w\" sizes=\"auto, (max-width: 625px) 100vw, 625px\" \/><\/a><\/p>\n<p>Mesura 3 : Proposta 1.<\/p>\n<p>Taller de rob\u00f2tica en horari escolar. Participaci\u00f3 a la Fist lego League. Dirigit a l&#8217;alumnat de 6\u00e8.<\/p>\n<p><a href=\"https:\/\/agora.xtec.cat\/ceip-puig-agut-manlleu\/wp-content\/uploads\/usu41\/2021\/02\/robtica-31.jpg\"><img loading=\"lazy\" decoding=\"async\" class=\"aligncenter size-full wp-image-1914\" src=\"https:\/\/agora.xtec.cat\/ceip-puig-agut-manlleu\/wp-content\/uploads\/usu41\/2021\/02\/robtica-31.jpg\" alt=\"\" width=\"405\" height=\"306\" srcset=\"https:\/\/agora.xtec.cat\/ceip-puig-agut-manlleu\/wp-content\/uploads\/usu41\/2021\/02\/robtica-31.jpg 405w, https:\/\/agora.xtec.cat\/ceip-puig-agut-manlleu\/wp-content\/uploads\/usu41\/2021\/02\/robtica-31-300x227.jpg 300w, https:\/\/agora.xtec.cat\/ceip-puig-agut-manlleu\/wp-content\/uploads\/usu41\/2021\/02\/robtica-31-200x150.jpg 200w\" sizes=\"auto, (max-width: 405px) 100vw, 405px\" \/><\/a><\/p>\n<p>Mesura 3. Proposta 2.<\/p>\n<p><span style=\"font-weight: 400;\">Taller de llenguatge oral en angl\u00e8s <\/span><\/p>\n<p><a href=\"https:\/\/agora.xtec.cat\/ceip-puig-agut-manlleu\/wp-content\/uploads\/usu41\/2021\/02\/angles33.jpg\"><img loading=\"lazy\" decoding=\"async\" class=\"aligncenter wp-image-1922\" src=\"https:\/\/agora.xtec.cat\/ceip-puig-agut-manlleu\/wp-content\/uploads\/usu41\/2021\/02\/angles33-1024x373.jpg\" alt=\"\" width=\"618\" height=\"225\" srcset=\"https:\/\/agora.xtec.cat\/ceip-puig-agut-manlleu\/wp-content\/uploads\/usu41\/2021\/02\/angles33-1024x373.jpg 1024w, https:\/\/agora.xtec.cat\/ceip-puig-agut-manlleu\/wp-content\/uploads\/usu41\/2021\/02\/angles33-300x109.jpg 300w, https:\/\/agora.xtec.cat\/ceip-puig-agut-manlleu\/wp-content\/uploads\/usu41\/2021\/02\/angles33-768x280.jpg 768w, https:\/\/agora.xtec.cat\/ceip-puig-agut-manlleu\/wp-content\/uploads\/usu41\/2021\/02\/angles33.jpg 1170w\" sizes=\"auto, (max-width: 618px) 100vw, 618px\" \/><\/a><\/p>\n<p>Mesura 3. Proposta 3.<\/p>\n<p>Activitat de cant coral a 6\u00e8.<\/p>\n<p><a href=\"https:\/\/agora.xtec.cat\/ceip-puig-agut-manlleu\/wp-content\/uploads\/usu41\/2021\/03\/cant-coral-7.jpg\"><img loading=\"lazy\" decoding=\"async\" class=\"aligncenter size-large wp-image-1980\" src=\"https:\/\/agora.xtec.cat\/ceip-puig-agut-manlleu\/wp-content\/uploads\/usu41\/2021\/03\/cant-coral-7-1024x234.jpg\" alt=\"\" width=\"1024\" height=\"234\" srcset=\"https:\/\/agora.xtec.cat\/ceip-puig-agut-manlleu\/wp-content\/uploads\/usu41\/2021\/03\/cant-coral-7-1024x234.jpg 1024w, https:\/\/agora.xtec.cat\/ceip-puig-agut-manlleu\/wp-content\/uploads\/usu41\/2021\/03\/cant-coral-7-300x69.jpg 300w, https:\/\/agora.xtec.cat\/ceip-puig-agut-manlleu\/wp-content\/uploads\/usu41\/2021\/03\/cant-coral-7-768x176.jpg 768w, https:\/\/agora.xtec.cat\/ceip-puig-agut-manlleu\/wp-content\/uploads\/usu41\/2021\/03\/cant-coral-7.jpg 1481w\" sizes=\"auto, (max-width: 1024px) 100vw, 1024px\" \/><\/a><\/p>\n<p>Mesura 3. Proposta 4.<\/p>\n<p>Curs de nataci\u00f3. Dirigit a l&#8217;alumnat de 1r.<\/p>\n<p><a href=\"https:\/\/agora.xtec.cat\/ceip-puig-agut-manlleu\/wp-content\/uploads\/usu41\/2021\/02\/pmoe-34.jpg\"><img loading=\"lazy\" decoding=\"async\" class=\"aligncenter size-large wp-image-1915\" src=\"https:\/\/agora.xtec.cat\/ceip-puig-agut-manlleu\/wp-content\/uploads\/usu41\/2021\/02\/pmoe-34.jpg\" alt=\"\" width=\"844\" height=\"282\" srcset=\"https:\/\/agora.xtec.cat\/ceip-puig-agut-manlleu\/wp-content\/uploads\/usu41\/2021\/02\/pmoe-34.jpg 844w, https:\/\/agora.xtec.cat\/ceip-puig-agut-manlleu\/wp-content\/uploads\/usu41\/2021\/02\/pmoe-34-300x100.jpg 300w, https:\/\/agora.xtec.cat\/ceip-puig-agut-manlleu\/wp-content\/uploads\/usu41\/2021\/02\/pmoe-34-768x257.jpg 768w\" sizes=\"auto, (max-width: 844px) 100vw, 844px\" \/><\/a><\/p>\n<p>Mesura 3. Proposta 5<\/p>\n<p>Activitat de teatre: CM: Nora i el Jazz<\/p>\n<p><a href=\"https:\/\/agora.xtec.cat\/ceip-puig-agut-manlleu\/wp-content\/uploads\/usu41\/2021\/03\/teatr-nora-i-el-jzz.jpg\"><img loading=\"lazy\" decoding=\"async\" class=\"aligncenter size-full wp-image-1972\" src=\"https:\/\/agora.xtec.cat\/ceip-puig-agut-manlleu\/wp-content\/uploads\/usu41\/2021\/03\/teatr-nora-i-el-jzz.jpg\" alt=\"\" width=\"1019\" height=\"312\" srcset=\"https:\/\/agora.xtec.cat\/ceip-puig-agut-manlleu\/wp-content\/uploads\/usu41\/2021\/03\/teatr-nora-i-el-jzz.jpg 1019w, https:\/\/agora.xtec.cat\/ceip-puig-agut-manlleu\/wp-content\/uploads\/usu41\/2021\/03\/teatr-nora-i-el-jzz-300x92.jpg 300w, https:\/\/agora.xtec.cat\/ceip-puig-agut-manlleu\/wp-content\/uploads\/usu41\/2021\/03\/teatr-nora-i-el-jzz-768x235.jpg 768w\" sizes=\"auto, (max-width: 1019px) 100vw, 1019px\" \/><\/a><\/p>\n<p>Activitat de teatre: EI: kaixes<\/p>\n<p><a href=\"https:\/\/agora.xtec.cat\/ceip-puig-agut-manlleu\/wp-content\/uploads\/usu41\/2021\/03\/kaixes-ei.png\"><img loading=\"lazy\" decoding=\"async\" class=\"aligncenter size-full wp-image-1973\" src=\"https:\/\/agora.xtec.cat\/ceip-puig-agut-manlleu\/wp-content\/uploads\/usu41\/2021\/03\/kaixes-ei.png\" alt=\"\" width=\"774\" height=\"267\" srcset=\"https:\/\/agora.xtec.cat\/ceip-puig-agut-manlleu\/wp-content\/uploads\/usu41\/2021\/03\/kaixes-ei.png 774w, https:\/\/agora.xtec.cat\/ceip-puig-agut-manlleu\/wp-content\/uploads\/usu41\/2021\/03\/kaixes-ei-300x103.png 300w, https:\/\/agora.xtec.cat\/ceip-puig-agut-manlleu\/wp-content\/uploads\/usu41\/2021\/03\/kaixes-ei-768x265.png 768w\" sizes=\"auto, (max-width: 774px) 100vw, 774px\" \/><\/a><\/p>\n<p>Mesura 3. Proposta 7<\/p>\n<p>Escape room. 6\u00e8.<\/p>\n<p><a href=\"https:\/\/photos.app.goo.gl\/xB6jvdefRNvHmhbn8\"><img loading=\"lazy\" decoding=\"async\" class=\"aligncenter size-full wp-image-1975\" src=\"https:\/\/agora.xtec.cat\/ceip-puig-agut-manlleu\/wp-content\/uploads\/usu41\/2021\/03\/escaperoom6.jpg\" alt=\"\" width=\"766\" height=\"281\" srcset=\"https:\/\/agora.xtec.cat\/ceip-puig-agut-manlleu\/wp-content\/uploads\/usu41\/2021\/03\/escaperoom6.jpg 766w, https:\/\/agora.xtec.cat\/ceip-puig-agut-manlleu\/wp-content\/uploads\/usu41\/2021\/03\/escaperoom6-300x110.jpg 300w\" sizes=\"auto, (max-width: 766px) 100vw, 766px\" \/><\/a><\/p>\n<p>&nbsp;<\/p>\n<p style=\"text-align: left;\"><strong>Mesura 4. Proposta 2<\/strong><\/p>\n<p style=\"text-align: left;\"><strong>Gener- 2021<\/strong><\/p>\n<p style=\"text-align: left;\"><strong>Extraescolar de batucada<\/strong>.<\/p>\n<p style=\"text-align: left;\">Un professor de l&#8217;Escola de M\u00fasica de Manlleu, Sr. Joan Molina, realitza una extraescolar de batucada. Dirigit a l&#8217;alumnat de cicle mitj\u00e0.<\/p>\n<p style=\"text-align: left;\">Dijous i divendres de 17 a 18h<\/p>\n<p style=\"text-align: left;\"><a href=\"https:\/\/photos.google.com\/share\/AF1QipPZjtSPGGcRi4GHVbDm0LnjyXPv_ZLIQzH-h0JSHYPCbnBnkv0ZM32bVqKRVj9m0Q?key=TWpvYU9QNU9ZZEoyZDBYMWx6MFlOWGRUc2tXSXVB\"><img loading=\"lazy\" decoding=\"async\" class=\"alignnone wp-image-357\" src=\"http:\/\/blocs.xtec.cat\/projecteviladomat\/files\/2021\/02\/batucada1.jpg\" alt=\"\" width=\"480\" height=\"271\" \/><\/a><\/p>\n<p>Mesura 4: Proposta 1.<\/p>\n<p>Extraescolar en horari de menjador. (13h\u00a0 14h).<\/p>\n<p><a href=\"https:\/\/agora.xtec.cat\/ceip-puig-agut-manlleu\/wp-content\/uploads\/usu41\/2021\/02\/pmoe3.jpg\"><img loading=\"lazy\" decoding=\"async\" class=\" wp-image-1890 alignleft\" src=\"https:\/\/agora.xtec.cat\/ceip-puig-agut-manlleu\/wp-content\/uploads\/usu41\/2021\/02\/pmoe3.jpg\" alt=\"\" width=\"331\" height=\"442\" srcset=\"https:\/\/agora.xtec.cat\/ceip-puig-agut-manlleu\/wp-content\/uploads\/usu41\/2021\/02\/pmoe3.jpg 453w, https:\/\/agora.xtec.cat\/ceip-puig-agut-manlleu\/wp-content\/uploads\/usu41\/2021\/02\/pmoe3-225x300.jpg 225w\" sizes=\"auto, (max-width: 331px) 100vw, 331px\" \/><\/a><\/p>\n<p>&nbsp;<\/p>\n<p>&nbsp;<\/p>\n<p>&nbsp;<\/p>\n<p>&nbsp;<\/p>\n<p>&nbsp;<\/p>\n<p>&nbsp;<\/p>\n<p>&nbsp;<\/p>\n<p>&nbsp;<\/p>\n<p>&nbsp;<\/p>\n<p>&nbsp;<\/p>\n<p>&nbsp;<\/p>\n<p>Mesura 11 Proposta 1<\/p>\n<p>Taller d&#8217;inform\u00e0tica alumnat i fam\u00edlia.<\/p>\n<p><a href=\"https:\/\/agora.xtec.cat\/ceip-puig-agut-manlleu\/wp-content\/uploads\/usu41\/2021\/02\/fam\u00edlies22.jpg\"><img loading=\"lazy\" decoding=\"async\" class=\"aligncenter size-full wp-image-1923\" src=\"https:\/\/agora.xtec.cat\/ceip-puig-agut-manlleu\/wp-content\/uploads\/usu41\/2021\/02\/fam\u00edlies22.jpg\" alt=\"\" width=\"956\" height=\"262\" srcset=\"https:\/\/agora.xtec.cat\/ceip-puig-agut-manlleu\/wp-content\/uploads\/usu41\/2021\/02\/fam\u00edlies22.jpg 956w, https:\/\/agora.xtec.cat\/ceip-puig-agut-manlleu\/wp-content\/uploads\/usu41\/2021\/02\/fam\u00edlies22-300x82.jpg 300w, https:\/\/agora.xtec.cat\/ceip-puig-agut-manlleu\/wp-content\/uploads\/usu41\/2021\/02\/fam\u00edlies22-768x210.jpg 768w\" sizes=\"auto, (max-width: 956px) 100vw, 956px\" \/><\/a><\/p>\n<p>&nbsp;<\/p>\n","protected":false},"excerpt":{"rendered":"<p><a href=\"https:\/\/drive.google.com\/file\/d\/1uujPjMwiG32xwBaVKhvV9q7EYI5XQYoz\/view?usp=sharing\"><\/a><br \/>\nMesura 3 : Proposta 1.<br \/>\nTaller de rob\u00f2tica en horari escolar. Participaci\u00f3 a la Fist lego League. Dirigit a l&#8217;alumnat de 6\u00e8.<br \/>\n<a href=\"https:\/\/agora.xtec.cat\/ceip-puig-agut-manlleu\/wp-content\/uploads\/usu41\/2021\/02\/robtica-31.jpg\"><\/a><br \/>\nMesura 3. Proposta 2.<br \/>\nTaller de llenguatge oral en angl\u00e8s<br \/>\n<a href=\"https:\/\/agora.xtec.cat\/ceip-puig-agut-manlleu\/wp-content\/uploads\/usu41\/2021\/02\/angles33.jpg\"><\/a><br \/>\nMesura 3. Proposta 3.<br \/>\nActivitat de cant coral a 6\u00e8.<br \/>\n<a href=\"https:\/\/agora.xtec.cat\/ceip-puig-agut-manlleu\/wp-content\/uploads\/usu41\/2021\/03\/cant-coral-7.jpg\"><\/a><br \/>\nMesura 3. Proposta 4.<br \/>\nCurs&hellip;  <a href=\"https:\/\/agora.xtec.cat\/ceip-puig-agut-manlleu\/pmoe\/\" title=\"Read PMOE 2021-22\">Llegeix m\u00e9s\u00bb<\/a><\/p>\n","protected":false},"author":1,"featured_media":0,"parent":0,"menu_order":0,"comment_status":"closed","ping_status":"closed","template":"","meta":{"_bbp_topic_count":0,"_bbp_reply_count":0,"_bbp_total_topic_count":0,"_bbp_total_reply_count":0,"_bbp_voice_count":0,"_bbp_anonymous_reply_count":0,"_bbp_topic_count_hidden":0,"_bbp_reply_count_hidden":0,"_bbp_forum_subforum_count":0,"footnotes":""},"class_list":["post-1860","page","type-page","status-publish","hentry"],"post_mailing_queue_ids":[],"_links":{"self":[{"href":"https:\/\/agora.xtec.cat\/ceip-puig-agut-manlleu\/wp-json\/wp\/v2\/pages\/1860","targetHints":{"allow":["GET"]}}],"collection":[{"href":"https:\/\/agora.xtec.cat\/ceip-puig-agut-manlleu\/wp-json\/wp\/v2\/pages"}],"about":[{"href":"https:\/\/agora.xtec.cat\/ceip-puig-agut-manlleu\/wp-json\/wp\/v2\/types\/page"}],"author":[{"embeddable":true,"href":"https:\/\/agora.xtec.cat\/ceip-puig-agut-manlleu\/wp-json\/wp\/v2\/users\/1"}],"replies":[{"embeddable":true,"href":"https:\/\/agora.xtec.cat\/ceip-puig-agut-manlleu\/wp-json\/wp\/v2\/comments?post=1860"}],"version-history":[{"count":3,"href":"https:\/\/agora.xtec.cat\/ceip-puig-agut-manlleu\/wp-json\/wp\/v2\/pages\/1860\/revisions"}],"predecessor-version":[{"id":2509,"href":"https:\/\/agora.xtec.cat\/ceip-puig-agut-manlleu\/wp-json\/wp\/v2\/pages\/1860\/revisions\/2509"}],"wp:attachment":[{"href":"https:\/\/agora.xtec.cat\/ceip-puig-agut-manlleu\/wp-json\/wp\/v2\/media?parent=1860"}],"curies":[{"name":"wp","href":"https:\/\/api.w.org\/{rel}","templated":true}]}}