{"id":1397,"date":"2020-01-31T16:22:18","date_gmt":"2020-01-31T15:22:18","guid":{"rendered":"https:\/\/agora.xtec.cat\/ceip-puig-agut-manlleu\/?page_id=1397"},"modified":"2023-03-22T16:58:34","modified_gmt":"2023-03-22T15:58:34","slug":"poefa","status":"publish","type":"page","link":"https:\/\/agora.xtec.cat\/ceip-puig-agut-manlleu\/documentacio-escola\/poefa\/","title":{"rendered":"POEFA 2020-21"},"content":{"rendered":"<p>Activitats realitzades:<\/p>\n<ol>\n<li><strong>Teatre escolar.<\/strong><br \/>\nAquest l&#8217;alumnat de prim\u00e0ria ha anat a veure l&#8217;espectacle de teatre en angl\u00e8s d&#8217;IPA Productions: &#8220;Robin Hood&#8221; i &#8220;Cinderella&#8221;.<\/li>\n<\/ol>\n<p>Ha estat genial !<\/p>\n<p><a href=\"https:\/\/photos.app.goo.gl\/BAQ8KieemUYY2jyv6\"><img loading=\"lazy\" decoding=\"async\" class=\"size-full wp-image-1592 aligncenter\" src=\"http:\/\/blocs.xtec.cat\/puigagutsuperior\/files\/2020\/10\/ipa2020.jpg\" alt=\"\" width=\"410\" height=\"308\" \/>Imatges cicle inicial<\/a><\/p>\n<p><a href=\"https:\/\/photos.app.goo.gl\/Q52S7mimQxqkWpuU8\">Imatges cicle superior.<\/a><\/p>\n<p><a href=\"https:\/\/agora.xtec.cat\/ceip-puig-agut-manlleu\/general\/teatre-angles\/\">\u00a0\u00a0<\/a><br \/>\n<strong>2. Revista escolar. (alumnat i fam\u00edlia)<\/strong><\/p>\n<p>Aqu\u00ed estem, llegint i comentant a la classe la revista de l&#8217;escola, despr\u00e9s ens l&#8217;emportarem a casa per mirar-la amb els pares i les mares.<\/p>\n<p><a href=\"http:\/\/blocs.xtec.cat\/puigagutsuperior\/files\/2020\/10\/revista19.jpg\"><img loading=\"lazy\" decoding=\"async\" class=\"alignnone size-full wp-image-1607\" src=\"http:\/\/blocs.xtec.cat\/puigagutsuperior\/files\/2020\/10\/revista19.jpg\" alt=\"\" width=\"943\" height=\"215\" \/><\/a><\/p>\n<p>&nbsp;<\/p>\n<p><strong>3. Activitat de nataci\u00f3. Alumnat de 1r. (1r. trimestre)<\/strong><\/p>\n<p>Tots a l&#8217;aigua ! Aprofitem el curs per aprendre a nedar a la piscina Municipal de Manlleu.<\/p>\n<p><a href=\"https:\/\/agora.xtec.cat\/ceip-puig-agut-manlleu\/wp-content\/uploads\/usu41\/2020\/10\/piscina-20.jpg\"><img loading=\"lazy\" decoding=\"async\" class=\"aligncenter size-full wp-image-1761\" src=\"https:\/\/agora.xtec.cat\/ceip-puig-agut-manlleu\/wp-content\/uploads\/usu41\/2020\/10\/piscina-20.jpg\" alt=\"\" width=\"906\" height=\"210\" srcset=\"https:\/\/agora.xtec.cat\/ceip-puig-agut-manlleu\/wp-content\/uploads\/usu41\/2020\/10\/piscina-20.jpg 906w, https:\/\/agora.xtec.cat\/ceip-puig-agut-manlleu\/wp-content\/uploads\/usu41\/2020\/10\/piscina-20-300x70.jpg 300w, https:\/\/agora.xtec.cat\/ceip-puig-agut-manlleu\/wp-content\/uploads\/usu41\/2020\/10\/piscina-20-768x178.jpg 768w\" sizes=\"auto, (max-width: 906px) 100vw, 906px\" \/><\/a><\/p>\n<p>&nbsp;<\/p>\n<p><strong>4.- Activitat alumnat i fam\u00edlia. Treball inform\u00e0tic.(1r trimestre)<\/strong><\/p>\n<p>Alumnat i fam\u00edlia van a un centre (Higia) per fer un treball inform\u00e0tic. p\u00e0gina web, bloc i correu electr\u00f2nic.<\/p>\n<p><a href=\"https:\/\/photos.app.goo.gl\/h8BdkkgMqBsRSDfu8\"><img loading=\"lazy\" decoding=\"async\" class=\"aligncenter size-full wp-image-1767\" src=\"https:\/\/agora.xtec.cat\/ceip-puig-agut-manlleu\/wp-content\/uploads\/usu41\/2020\/10\/higia20.jpg\" alt=\"\" width=\"641\" height=\"226\" srcset=\"https:\/\/agora.xtec.cat\/ceip-puig-agut-manlleu\/wp-content\/uploads\/usu41\/2020\/10\/higia20.jpg 641w, https:\/\/agora.xtec.cat\/ceip-puig-agut-manlleu\/wp-content\/uploads\/usu41\/2020\/10\/higia20-300x106.jpg 300w\" sizes=\"auto, (max-width: 641px) 100vw, 641px\" \/><\/a><\/p>\n<p>&nbsp;<\/p>\n<p><strong>5.- Activitat: Sortida al Museu del Ter<\/strong>.<\/p>\n<p>L&#8217;alumnat de prim\u00e0ria realitza una activitat al MIT.<\/p>\n<p>Els habitants del riu (<a href=\"https:\/\/blocs.xtec.cat\/ciclei\/2020\/10\/30\/sortida-al-museu-del-ter\/\">Cicle inicial<\/a> i cicle superior)<\/p>\n<p>Taller de feltre (Cicle mitj\u00e0)<\/p>\n<p><a href=\"https:\/\/agora.xtec.cat\/ceip-puig-agut-manlleu\/wp-content\/uploads\/usu41\/2020\/10\/MIT.jpg\"><img loading=\"lazy\" decoding=\"async\" class=\"aligncenter size-full wp-image-1776\" src=\"https:\/\/agora.xtec.cat\/ceip-puig-agut-manlleu\/wp-content\/uploads\/usu41\/2020\/10\/MIT.jpg\" alt=\"\" width=\"300\" height=\"225\" srcset=\"https:\/\/agora.xtec.cat\/ceip-puig-agut-manlleu\/wp-content\/uploads\/usu41\/2020\/10\/MIT.jpg 300w, https:\/\/agora.xtec.cat\/ceip-puig-agut-manlleu\/wp-content\/uploads\/usu41\/2020\/10\/MIT-200x150.jpg 200w\" sizes=\"auto, (max-width: 300px) 100vw, 300px\" \/><\/a><\/p>\n<p>&nbsp;<\/p>\n<p><strong>6.- Activitat de rob\u00f2tica.<\/strong><\/p>\n<p>L&#8217;alumnat de 6\u00e8 realitza una taller de rob\u00f2tica en horari escolar.<\/p>\n<p><a href=\"https:\/\/photos.app.goo.gl\/sHZcL9qhzTHND7T89\"><img loading=\"lazy\" decoding=\"async\" class=\"aligncenter size-full wp-image-1779\" src=\"https:\/\/agora.xtec.cat\/ceip-puig-agut-manlleu\/wp-content\/uploads\/usu41\/2020\/11\/robotica20201.jpg\" alt=\"\" width=\"351\" height=\"263\" srcset=\"https:\/\/agora.xtec.cat\/ceip-puig-agut-manlleu\/wp-content\/uploads\/usu41\/2020\/11\/robotica20201.jpg 351w, https:\/\/agora.xtec.cat\/ceip-puig-agut-manlleu\/wp-content\/uploads\/usu41\/2020\/11\/robotica20201-300x225.jpg 300w, https:\/\/agora.xtec.cat\/ceip-puig-agut-manlleu\/wp-content\/uploads\/usu41\/2020\/11\/robotica20201-200x150.jpg 200w\" sizes=\"auto, (max-width: 351px) 100vw, 351px\" \/><\/a><\/p>\n<p><strong>7.- Activitat extraescolar.\u00a0<\/strong><\/p>\n<p>A l&#8217;hora del menjador fem dues hores d&#8217;activitat extraescolar. Fem esport !!!<\/p>\n<p><a href=\"https:\/\/photos.app.goo.gl\/QAdN9QxszzmKfvRL6\"><img loading=\"lazy\" decoding=\"async\" class=\"aligncenter size-full wp-image-1783\" src=\"https:\/\/agora.xtec.cat\/ceip-puig-agut-manlleu\/wp-content\/uploads\/usu41\/2020\/11\/extraescolar2020.jpg\" alt=\"\" width=\"344\" height=\"265\" srcset=\"https:\/\/agora.xtec.cat\/ceip-puig-agut-manlleu\/wp-content\/uploads\/usu41\/2020\/11\/extraescolar2020.jpg 344w, https:\/\/agora.xtec.cat\/ceip-puig-agut-manlleu\/wp-content\/uploads\/usu41\/2020\/11\/extraescolar2020-300x231.jpg 300w\" sizes=\"auto, (max-width: 344px) 100vw, 344px\" \/><\/a><\/p>\n<p>&nbsp;<\/p>\n<p><strong>8.- Teatre a l&#8217;escola. Actriu: Rosa Fit\u00e9.<\/strong><\/p>\n<p>Aquest mat\u00ed i aquesta\u00a0 tarda alumnes de 3r i 2n han anat al teatre de l&#8217;escola a veure l&#8217;actuaci\u00f3 de l&#8217;actriu Rosa Fit\u00e9. Hem vist la representaci\u00f3 dels contes : Pere Pescallunes, Castanya de coloraines, la fada s\u2019enfada, Pensaments Voladors, la moda.<\/p>\n<p><a href=\"https:\/\/agora.xtec.cat\/ceip-puig-agut-manlleu\/wp-content\/uploads\/usu41\/2020\/11\/teatrerosafite.jpg\"><img loading=\"lazy\" decoding=\"async\" class=\"aligncenter size-large wp-image-1785\" src=\"https:\/\/agora.xtec.cat\/ceip-puig-agut-manlleu\/wp-content\/uploads\/usu41\/2020\/11\/teatrerosafite-1024x170.jpg\" alt=\"\" width=\"1024\" height=\"170\" srcset=\"https:\/\/agora.xtec.cat\/ceip-puig-agut-manlleu\/wp-content\/uploads\/usu41\/2020\/11\/teatrerosafite-1024x170.jpg 1024w, https:\/\/agora.xtec.cat\/ceip-puig-agut-manlleu\/wp-content\/uploads\/usu41\/2020\/11\/teatrerosafite-300x50.jpg 300w, https:\/\/agora.xtec.cat\/ceip-puig-agut-manlleu\/wp-content\/uploads\/usu41\/2020\/11\/teatrerosafite-768x127.jpg 768w, https:\/\/agora.xtec.cat\/ceip-puig-agut-manlleu\/wp-content\/uploads\/usu41\/2020\/11\/teatrerosafite.jpg 1651w\" sizes=\"auto, (max-width: 1024px) 100vw, 1024px\" \/><\/a><\/p>\n<p>&nbsp;<\/p>\n<p><strong>9.- Taller de m\u00fasica. Cant Coral i percussi\u00f3 corporal.<\/strong><\/p>\n<p>Comencem l&#8217;activitat de Cant Coral amb en Guillem Soler.<\/p>\n<p><a href=\"https:\/\/photos.app.goo.gl\/9SKhBHvjAoHYu1aV6\"><img loading=\"lazy\" decoding=\"async\" class=\"alignnone size-full wp-image-1651\" src=\"http:\/\/blocs.xtec.cat\/puigagutsuperior\/files\/2020\/11\/guillem-2.jpg\" alt=\"\" width=\"648\" height=\"225\" \/><\/a><\/p>\n<p>Avui hem comen\u00e7at el taller de percussi\u00f3 corporal que realitzem conjuntament amb l&#8217;escola Municipal de M\u00fasica de Manlleu.<\/p>\n<p>Aquest taller el fa tot l&#8217;alumnat d&#8217;educaci\u00f3 prim\u00e0ria.<\/p>\n<p><a href=\"https:\/\/photos.app.goo.gl\/2vMuNJ2hZ3aAXY786\"><img loading=\"lazy\" decoding=\"async\" class=\"size-full wp-image-1805 alignleft\" src=\"https:\/\/agora.xtec.cat\/ceip-puig-agut-manlleu\/wp-content\/uploads\/usu41\/2020\/11\/taller-percussio-corporal.jpg\" alt=\"\" width=\"360\" height=\"270\" srcset=\"https:\/\/agora.xtec.cat\/ceip-puig-agut-manlleu\/wp-content\/uploads\/usu41\/2020\/11\/taller-percussio-corporal.jpg 360w, https:\/\/agora.xtec.cat\/ceip-puig-agut-manlleu\/wp-content\/uploads\/usu41\/2020\/11\/taller-percussio-corporal-300x225.jpg 300w, https:\/\/agora.xtec.cat\/ceip-puig-agut-manlleu\/wp-content\/uploads\/usu41\/2020\/11\/taller-percussio-corporal-200x150.jpg 200w\" sizes=\"auto, (max-width: 360px) 100vw, 360px\" \/><\/a><\/p>\n<p>&nbsp;<\/p>\n<p>&nbsp;<\/p>\n<p>&nbsp;<\/p>\n<p>&nbsp;<\/p>\n<p>&nbsp;<\/p>\n<p>&nbsp;<\/p>\n<p>&nbsp;<\/p>\n<p><a href=\"https:\/\/blocs.xtec.cat\/puigagutcmitja\/2020\/12\/10\/we-will-rock-you-the-queen\/\">Cicle mitj\u00e0<\/a>.<\/p>\n<p><strong>10.- Activitat d&#8217;angl\u00e8s. Conta contes virtual.<\/strong><\/p>\n<p>Taller d&#8217;angl\u00e8s que fa l&#8217;alumnat de 4t , 5\u00e8 i 6\u00e8. Un professor nadiu ens explica contes de forma virtual.<\/p>\n<p><a href=\"https:\/\/agora.xtec.cat\/ceip-puig-agut-manlleu\/wp-content\/uploads\/usu41\/2020\/12\/angles-cs-2020.jpg\"><img loading=\"lazy\" decoding=\"async\" class=\"aligncenter size-large wp-image-1817\" src=\"https:\/\/agora.xtec.cat\/ceip-puig-agut-manlleu\/wp-content\/uploads\/usu41\/2020\/12\/angles-cs-2020-1024x255.jpg\" alt=\"\" width=\"1024\" height=\"255\" srcset=\"https:\/\/agora.xtec.cat\/ceip-puig-agut-manlleu\/wp-content\/uploads\/usu41\/2020\/12\/angles-cs-2020-1024x255.jpg 1024w, https:\/\/agora.xtec.cat\/ceip-puig-agut-manlleu\/wp-content\/uploads\/usu41\/2020\/12\/angles-cs-2020-300x75.jpg 300w, https:\/\/agora.xtec.cat\/ceip-puig-agut-manlleu\/wp-content\/uploads\/usu41\/2020\/12\/angles-cs-2020-768x191.jpg 768w, https:\/\/agora.xtec.cat\/ceip-puig-agut-manlleu\/wp-content\/uploads\/usu41\/2020\/12\/angles-cs-2020.jpg 1058w\" sizes=\"auto, (max-width: 1024px) 100vw, 1024px\" \/><\/a><\/p>\n<p>&nbsp;<\/p>\n<p>Aquestes activitats formen part del Programa d\u2019orientaci\u00f3 i refor\u00e7 per a l\u2019avan\u00e7 i suport a l\u2019educaci\u00f3 del Ministeri<br \/>\nd\u2019Educaci\u00f3 i Formaci\u00f3 Professional i est\u00e0 cofinan\u00e7at pel Fons Social Europeu 2014-2020.<\/p>\n<p><a href=\"https:\/\/agora.xtec.cat\/ceip-puig-agut-manlleu\/wp-content\/uploads\/usu41\/2020\/02\/poefa1.jpg\"><br \/>\n<img loading=\"lazy\" decoding=\"async\" class=\"aligncenter size-large wp-image-1436\" src=\"https:\/\/agora.xtec.cat\/ceip-puig-agut-manlleu\/wp-content\/uploads\/usu41\/2020\/02\/poefa1-1024x683.jpg\" alt=\"\" width=\"1024\" height=\"683\" srcset=\"https:\/\/agora.xtec.cat\/ceip-puig-agut-manlleu\/wp-content\/uploads\/usu41\/2020\/02\/poefa1-1024x683.jpg 1024w, https:\/\/agora.xtec.cat\/ceip-puig-agut-manlleu\/wp-content\/uploads\/usu41\/2020\/02\/poefa1-300x200.jpg 300w, https:\/\/agora.xtec.cat\/ceip-puig-agut-manlleu\/wp-content\/uploads\/usu41\/2020\/02\/poefa1-768x512.jpg 768w, https:\/\/agora.xtec.cat\/ceip-puig-agut-manlleu\/wp-content\/uploads\/usu41\/2020\/02\/poefa1.jpg 1269w\" sizes=\"auto, (max-width: 1024px) 100vw, 1024px\" \/><\/a><\/p>\n<p>&nbsp;<\/p>\n<p>&nbsp;<\/p>\n","protected":false},"excerpt":{"rendered":"<p>Activitats realitzades:<\/p>\n<ol>\n<li>Teatre escolar.<br \/>\nAquest l&#8217;alumnat de prim\u00e0ria ha anat a veure l&#8217;espectacle de teatre en angl\u00e8s d&#8217;IPA Productions: &#8220;Robin Hood&#8221; i &#8220;Cinderella&#8221;.<\/li>\n<\/ol>\n<p>Ha estat genial !<br \/>\n<a href=\"https:\/\/photos.app.goo.gl\/BAQ8KieemUYY2jyv6\">Imatges cicle inicial<\/a><br \/>\n<a href=\"https:\/\/photos.app.goo.gl\/Q52S7mimQxqkWpuU8\">Imatges cicle superior.<\/a><br \/>\n<a href=\"https:\/\/agora.xtec.cat\/ceip-puig-agut-manlleu\/general\/teatre-angles\/\">\u00a0\u00a0<\/a><br \/>\n2. Revista escolar. (alumnat i fam\u00edlia)<br \/>\nAqu\u00ed estem, llegint i comentant a la classe la revista&hellip;  <a href=\"https:\/\/agora.xtec.cat\/ceip-puig-agut-manlleu\/documentacio-escola\/poefa\/\" title=\"Read POEFA 2020-21\">Llegeix m\u00e9s\u00bb<\/a><\/p>\n","protected":false},"author":1,"featured_media":0,"parent":619,"menu_order":0,"comment_status":"closed","ping_status":"closed","template":"","meta":{"_bbp_topic_count":0,"_bbp_reply_count":0,"_bbp_total_topic_count":0,"_bbp_total_reply_count":0,"_bbp_voice_count":0,"_bbp_anonymous_reply_count":0,"_bbp_topic_count_hidden":0,"_bbp_reply_count_hidden":0,"_bbp_forum_subforum_count":0,"footnotes":""},"class_list":["post-1397","page","type-page","status-publish","hentry"],"post_mailing_queue_ids":[],"_links":{"self":[{"href":"https:\/\/agora.xtec.cat\/ceip-puig-agut-manlleu\/wp-json\/wp\/v2\/pages\/1397","targetHints":{"allow":["GET"]}}],"collection":[{"href":"https:\/\/agora.xtec.cat\/ceip-puig-agut-manlleu\/wp-json\/wp\/v2\/pages"}],"about":[{"href":"https:\/\/agora.xtec.cat\/ceip-puig-agut-manlleu\/wp-json\/wp\/v2\/types\/page"}],"author":[{"embeddable":true,"href":"https:\/\/agora.xtec.cat\/ceip-puig-agut-manlleu\/wp-json\/wp\/v2\/users\/1"}],"replies":[{"embeddable":true,"href":"https:\/\/agora.xtec.cat\/ceip-puig-agut-manlleu\/wp-json\/wp\/v2\/comments?post=1397"}],"version-history":[{"count":4,"href":"https:\/\/agora.xtec.cat\/ceip-puig-agut-manlleu\/wp-json\/wp\/v2\/pages\/1397\/revisions"}],"predecessor-version":[{"id":2510,"href":"https:\/\/agora.xtec.cat\/ceip-puig-agut-manlleu\/wp-json\/wp\/v2\/pages\/1397\/revisions\/2510"}],"up":[{"embeddable":true,"href":"https:\/\/agora.xtec.cat\/ceip-puig-agut-manlleu\/wp-json\/wp\/v2\/pages\/619"}],"wp:attachment":[{"href":"https:\/\/agora.xtec.cat\/ceip-puig-agut-manlleu\/wp-json\/wp\/v2\/media?parent=1397"}],"curies":[{"name":"wp","href":"https:\/\/api.w.org\/{rel}","templated":true}]}}