{"id":988,"date":"2018-10-17T13:06:08","date_gmt":"2018-10-17T11:06:08","guid":{"rendered":"http:\/\/agora.xtec.cat\/ceip-prosperitat\/?page_id=988"},"modified":"2019-01-31T13:20:55","modified_gmt":"2019-01-31T12:20:55","slug":"biblioteca","status":"publish","type":"page","link":"https:\/\/agora.xtec.cat\/ceip-prosperitat\/projecte-educatiu\/biblioteca\/","title":{"rendered":"Biblioteca"},"content":{"rendered":"<p>&nbsp;<\/p>\n<p><a href=\"https:\/\/agora.xtec.cat\/ceip-prosperitat\/wp-content\/uploads\/usu1724\/2019\/01\/IMG_20190130_131630_219-1-1.jpg\"><img loading=\"lazy\" decoding=\"async\" class=\"wp-image-2070 alignright\" src=\"https:\/\/agora.xtec.cat\/ceip-prosperitat\/wp-content\/uploads\/usu1724\/2019\/01\/IMG_20190130_131630_219-1-1-611x1024.jpg\" alt=\"\" width=\"152\" height=\"255\" srcset=\"https:\/\/agora.xtec.cat\/ceip-prosperitat\/wp-content\/uploads\/usu1724\/2019\/01\/IMG_20190130_131630_219-1-1-611x1024.jpg 611w, https:\/\/agora.xtec.cat\/ceip-prosperitat\/wp-content\/uploads\/usu1724\/2019\/01\/IMG_20190130_131630_219-1-1-179x300.jpg 179w, https:\/\/agora.xtec.cat\/ceip-prosperitat\/wp-content\/uploads\/usu1724\/2019\/01\/IMG_20190130_131630_219-1-1-768x1286.jpg 768w\" sizes=\"auto, (max-width: 152px) 100vw, 152px\" \/><\/a><\/p>\n<h1>BENVINGUTS A LA BIBLIOTECA!<\/h1>\n<h3 style=\"text-align: center;\">AQUESTA \u00c9S LA NOSTRA MASCOTA<\/h3>\n<h3 style=\"text-align: center;\">&#8220;EL BIBLIOPROSPE&#8221;<\/h3>\n<p>&nbsp;<\/p>\n<p style=\"text-align: left;\">A la nostra\u00a0 biblioteca proposem diverses activitats:<\/p>\n<h1 style=\"text-align: center;\"><strong>BIBLIOPATI<\/strong><\/h1>\n<p>Els dimecres, a l&#8217;hora de l&#8217;esbarjo, la biblioteca est\u00e0 oberta perqu\u00e8 els alumnes de Cicle Mitj\u00e0 i Superior puguin fer-ne \u00fas.<\/p>\n<p><a href=\"https:\/\/agora.xtec.cat\/ceip-prosperitat\/wp-content\/uploads\/usu1724\/2019\/01\/IMG_20190130_111137_514.jpg\"><img loading=\"lazy\" decoding=\"async\" class=\"alignnone wp-image-2060\" src=\"https:\/\/agora.xtec.cat\/ceip-prosperitat\/wp-content\/uploads\/usu1724\/2019\/01\/IMG_20190130_111137_514-1024x768.jpg\" alt=\"\" width=\"520\" height=\"390\" srcset=\"https:\/\/agora.xtec.cat\/ceip-prosperitat\/wp-content\/uploads\/usu1724\/2019\/01\/IMG_20190130_111137_514-1024x768.jpg 1024w, https:\/\/agora.xtec.cat\/ceip-prosperitat\/wp-content\/uploads\/usu1724\/2019\/01\/IMG_20190130_111137_514-300x225.jpg 300w, https:\/\/agora.xtec.cat\/ceip-prosperitat\/wp-content\/uploads\/usu1724\/2019\/01\/IMG_20190130_111137_514-768x576.jpg 768w, https:\/\/agora.xtec.cat\/ceip-prosperitat\/wp-content\/uploads\/usu1724\/2019\/01\/IMG_20190130_111137_514-200x150.jpg 200w\" sizes=\"auto, (max-width: 520px) 100vw, 520px\" \/><\/a><\/p>\n<p>Alguns alumnes de sis\u00e8 s\u00f3n els bibliotecaris que ajuden a la resta de companys\/es a triar llibres, buscar informaci\u00f3,&#8230;<\/p>\n<p><a href=\"https:\/\/agora.xtec.cat\/ceip-prosperitat\/wp-content\/uploads\/usu1724\/2019\/01\/IMG_20190130_111519_402.jpg\"><img loading=\"lazy\" decoding=\"async\" class=\"wp-image-2061 aligncenter\" src=\"https:\/\/agora.xtec.cat\/ceip-prosperitat\/wp-content\/uploads\/usu1724\/2019\/01\/IMG_20190130_111519_402-1024x768.jpg\" alt=\"\" width=\"516\" height=\"387\" srcset=\"https:\/\/agora.xtec.cat\/ceip-prosperitat\/wp-content\/uploads\/usu1724\/2019\/01\/IMG_20190130_111519_402-1024x768.jpg 1024w, https:\/\/agora.xtec.cat\/ceip-prosperitat\/wp-content\/uploads\/usu1724\/2019\/01\/IMG_20190130_111519_402-300x225.jpg 300w, https:\/\/agora.xtec.cat\/ceip-prosperitat\/wp-content\/uploads\/usu1724\/2019\/01\/IMG_20190130_111519_402-768x576.jpg 768w, https:\/\/agora.xtec.cat\/ceip-prosperitat\/wp-content\/uploads\/usu1724\/2019\/01\/IMG_20190130_111519_402-200x150.jpg 200w\" sizes=\"auto, (max-width: 516px) 100vw, 516px\" \/><\/a><\/p>\n<p>La proposta \u00e9s molt ben rebuda\u00a0 ja que un gran nombre d&#8217;usuaris fa \u00fas d&#8217;aquest servei.<\/p>\n<p><a href=\"https:\/\/agora.xtec.cat\/ceip-prosperitat\/wp-content\/uploads\/usu1724\/2019\/01\/IMG_20190130_112249_472.jpg\"><img loading=\"lazy\" decoding=\"async\" class=\"alignnone wp-image-2063\" src=\"https:\/\/agora.xtec.cat\/ceip-prosperitat\/wp-content\/uploads\/usu1724\/2019\/01\/IMG_20190130_112249_472-1024x768.jpg\" alt=\"\" width=\"555\" height=\"416\" srcset=\"https:\/\/agora.xtec.cat\/ceip-prosperitat\/wp-content\/uploads\/usu1724\/2019\/01\/IMG_20190130_112249_472-1024x768.jpg 1024w, https:\/\/agora.xtec.cat\/ceip-prosperitat\/wp-content\/uploads\/usu1724\/2019\/01\/IMG_20190130_112249_472-300x225.jpg 300w, https:\/\/agora.xtec.cat\/ceip-prosperitat\/wp-content\/uploads\/usu1724\/2019\/01\/IMG_20190130_112249_472-768x576.jpg 768w, https:\/\/agora.xtec.cat\/ceip-prosperitat\/wp-content\/uploads\/usu1724\/2019\/01\/IMG_20190130_112249_472-200x150.jpg 200w\" sizes=\"auto, (max-width: 555px) 100vw, 555px\" \/><\/a><\/p>\n<p>&nbsp;<\/p>\n<h1 style=\"text-align: center;\">ACTIVITATS DE DINAMITZACI\u00d3<\/h1>\n<h2>Contacontes Educaci\u00f3 Infantil: La granja no s&#8217;adorm<\/h2>\n<p><a href=\"https:\/\/agora.xtec.cat\/ceip-prosperitat\/wp-content\/uploads\/usu1724\/2019\/01\/20190131_093411_1280x622.jpg\"><img loading=\"lazy\" decoding=\"async\" class=\"alignnone size-large wp-image-2109\" src=\"https:\/\/agora.xtec.cat\/ceip-prosperitat\/wp-content\/uploads\/usu1724\/2019\/01\/20190131_093411_1280x622-1024x498.jpg\" alt=\"\" width=\"1024\" height=\"498\" srcset=\"https:\/\/agora.xtec.cat\/ceip-prosperitat\/wp-content\/uploads\/usu1724\/2019\/01\/20190131_093411_1280x622-1024x498.jpg 1024w, https:\/\/agora.xtec.cat\/ceip-prosperitat\/wp-content\/uploads\/usu1724\/2019\/01\/20190131_093411_1280x622-300x146.jpg 300w, https:\/\/agora.xtec.cat\/ceip-prosperitat\/wp-content\/uploads\/usu1724\/2019\/01\/20190131_093411_1280x622-768x373.jpg 768w, https:\/\/agora.xtec.cat\/ceip-prosperitat\/wp-content\/uploads\/usu1724\/2019\/01\/20190131_093411_1280x622.jpg 1280w\" sizes=\"auto, (max-width: 1024px) 100vw, 1024px\" \/><\/a><\/p>\n<p><a href=\"https:\/\/agora.xtec.cat\/ceip-prosperitat\/wp-content\/uploads\/usu1724\/2019\/01\/20190131_093448_1280x622.jpg\"><img loading=\"lazy\" decoding=\"async\" class=\"alignnone size-large wp-image-2111\" src=\"https:\/\/agora.xtec.cat\/ceip-prosperitat\/wp-content\/uploads\/usu1724\/2019\/01\/20190131_093448_1280x622-1024x498.jpg\" alt=\"\" width=\"1024\" height=\"498\" srcset=\"https:\/\/agora.xtec.cat\/ceip-prosperitat\/wp-content\/uploads\/usu1724\/2019\/01\/20190131_093448_1280x622-1024x498.jpg 1024w, https:\/\/agora.xtec.cat\/ceip-prosperitat\/wp-content\/uploads\/usu1724\/2019\/01\/20190131_093448_1280x622-300x146.jpg 300w, https:\/\/agora.xtec.cat\/ceip-prosperitat\/wp-content\/uploads\/usu1724\/2019\/01\/20190131_093448_1280x622-768x373.jpg 768w, https:\/\/agora.xtec.cat\/ceip-prosperitat\/wp-content\/uploads\/usu1724\/2019\/01\/20190131_093448_1280x622.jpg 1280w\" sizes=\"auto, (max-width: 1024px) 100vw, 1024px\" \/><\/a><\/p>\n<p><a href=\"https:\/\/agora.xtec.cat\/ceip-prosperitat\/wp-content\/uploads\/usu1724\/2019\/01\/20190131_093713_600x292.jpg\"><img loading=\"lazy\" decoding=\"async\" class=\"alignnone size-large wp-image-2112\" src=\"https:\/\/agora.xtec.cat\/ceip-prosperitat\/wp-content\/uploads\/usu1724\/2019\/01\/20190131_093713_600x292.jpg\" alt=\"\" width=\"600\" height=\"292\" srcset=\"https:\/\/agora.xtec.cat\/ceip-prosperitat\/wp-content\/uploads\/usu1724\/2019\/01\/20190131_093713_600x292.jpg 600w, https:\/\/agora.xtec.cat\/ceip-prosperitat\/wp-content\/uploads\/usu1724\/2019\/01\/20190131_093713_600x292-300x146.jpg 300w\" sizes=\"auto, (max-width: 600px) 100vw, 600px\" \/><\/a><\/p>\n<p><a href=\"https:\/\/agora.xtec.cat\/ceip-prosperitat\/wp-content\/uploads\/usu1724\/2019\/01\/20190131_093856_600x292.jpg\"><img loading=\"lazy\" decoding=\"async\" class=\"alignnone size-large wp-image-2114\" src=\"https:\/\/agora.xtec.cat\/ceip-prosperitat\/wp-content\/uploads\/usu1724\/2019\/01\/20190131_093856_600x292.jpg\" alt=\"\" width=\"600\" height=\"292\" srcset=\"https:\/\/agora.xtec.cat\/ceip-prosperitat\/wp-content\/uploads\/usu1724\/2019\/01\/20190131_093856_600x292.jpg 600w, https:\/\/agora.xtec.cat\/ceip-prosperitat\/wp-content\/uploads\/usu1724\/2019\/01\/20190131_093856_600x292-300x146.jpg 300w\" sizes=\"auto, (max-width: 600px) 100vw, 600px\" \/><\/a><\/p>\n<p><a href=\"https:\/\/agora.xtec.cat\/ceip-prosperitat\/wp-content\/uploads\/usu1724\/2019\/01\/20190131_094506_600x292.jpg\"><img loading=\"lazy\" decoding=\"async\" class=\"alignnone size-large wp-image-2116\" src=\"https:\/\/agora.xtec.cat\/ceip-prosperitat\/wp-content\/uploads\/usu1724\/2019\/01\/20190131_094506_600x292.jpg\" alt=\"\" width=\"600\" height=\"292\" srcset=\"https:\/\/agora.xtec.cat\/ceip-prosperitat\/wp-content\/uploads\/usu1724\/2019\/01\/20190131_094506_600x292.jpg 600w, https:\/\/agora.xtec.cat\/ceip-prosperitat\/wp-content\/uploads\/usu1724\/2019\/01\/20190131_094506_600x292-300x146.jpg 300w\" sizes=\"auto, (max-width: 600px) 100vw, 600px\" \/><\/a><\/p>\n<p><a href=\"https:\/\/agora.xtec.cat\/ceip-prosperitat\/wp-content\/uploads\/usu1724\/2019\/01\/20190131_094607_600x292.jpg\"><img loading=\"lazy\" decoding=\"async\" class=\"alignnone size-large wp-image-2117\" src=\"https:\/\/agora.xtec.cat\/ceip-prosperitat\/wp-content\/uploads\/usu1724\/2019\/01\/20190131_094607_600x292.jpg\" alt=\"\" width=\"600\" height=\"292\" srcset=\"https:\/\/agora.xtec.cat\/ceip-prosperitat\/wp-content\/uploads\/usu1724\/2019\/01\/20190131_094607_600x292.jpg 600w, https:\/\/agora.xtec.cat\/ceip-prosperitat\/wp-content\/uploads\/usu1724\/2019\/01\/20190131_094607_600x292-300x146.jpg 300w\" sizes=\"auto, (max-width: 600px) 100vw, 600px\" \/><\/a><\/p>\n<p><a href=\"https:\/\/agora.xtec.cat\/ceip-prosperitat\/wp-content\/uploads\/usu1724\/2019\/01\/20190131_094608_600x292.jpg\"><img loading=\"lazy\" decoding=\"async\" class=\"alignnone size-large wp-image-2118\" src=\"https:\/\/agora.xtec.cat\/ceip-prosperitat\/wp-content\/uploads\/usu1724\/2019\/01\/20190131_094608_600x292.jpg\" alt=\"\" width=\"600\" height=\"292\" srcset=\"https:\/\/agora.xtec.cat\/ceip-prosperitat\/wp-content\/uploads\/usu1724\/2019\/01\/20190131_094608_600x292.jpg 600w, https:\/\/agora.xtec.cat\/ceip-prosperitat\/wp-content\/uploads\/usu1724\/2019\/01\/20190131_094608_600x292-300x146.jpg 300w\" sizes=\"auto, (max-width: 600px) 100vw, 600px\" \/><\/a><\/p>\n<p>&nbsp;<\/p>\n<p><iframe loading=\"lazy\" src=\"\/\/www.youtube.com\/embed\/XSAUOY6xyeQ\" width=\"560\" height=\"314\" allowfullscreen=\"allowfullscreen\"><\/iframe><\/p>\n<p><a href=\"https:\/\/agora.xtec.cat\/ceip-prosperitat\/wp-content\/uploads\/usu1724\/2018\/11\/Biblioteca_800x600.jpg\"><img loading=\"lazy\" decoding=\"async\" class=\"size-full wp-image-1422\" src=\"https:\/\/agora.xtec.cat\/ceip-prosperitat\/wp-content\/uploads\/usu1724\/2018\/11\/Biblioteca_800x600.jpg\" alt=\"\" width=\"800\" height=\"600\" srcset=\"https:\/\/agora.xtec.cat\/ceip-prosperitat\/wp-content\/uploads\/usu1724\/2018\/11\/Biblioteca_800x600.jpg 800w, https:\/\/agora.xtec.cat\/ceip-prosperitat\/wp-content\/uploads\/usu1724\/2018\/11\/Biblioteca_800x600-300x225.jpg 300w, https:\/\/agora.xtec.cat\/ceip-prosperitat\/wp-content\/uploads\/usu1724\/2018\/11\/Biblioteca_800x600-768x576.jpg 768w, https:\/\/agora.xtec.cat\/ceip-prosperitat\/wp-content\/uploads\/usu1724\/2018\/11\/Biblioteca_800x600-200x150.jpg 200w\" sizes=\"auto, (max-width: 800px) 100vw, 800px\" \/><\/a><\/p>\n","protected":false},"excerpt":{"rendered":"<p>&nbsp;<br \/>\n<a href=\"https:\/\/agora.xtec.cat\/ceip-prosperitat\/wp-content\/uploads\/usu1724\/2019\/01\/IMG_20190130_131630_219-1-1.jpg\"><\/a><br \/>\nBENVINGUTS A LA BIBLIOTECA!<br \/>\nAQUESTA \u00c9S LA NOSTRA MASCOTA<br \/>\n&#8220;EL BIBLIOPROSPE&#8221;<br \/>\n&nbsp;<br \/>\nA la nostra\u00a0 biblioteca proposem diverses activitats:<br \/>\nBIBLIOPATI<br \/>\nEls dimecres, a l&#8217;hora de l&#8217;esbarjo, la biblioteca est\u00e0 oberta perqu\u00e8 els alumnes de Cicle Mitj\u00e0 i Superior puguin fer-ne \u00fas.<br \/>\n<a href=\"https:\/\/agora.xtec.cat\/ceip-prosperitat\/wp-content\/uploads\/usu1724\/2019\/01\/IMG_20190130_111137_514.jpg\"><\/a><br \/>\nAlguns alumnes de sis\u00e8 s\u00f3n els bibliotecaris que ajuden&hellip;  <a href=\"https:\/\/agora.xtec.cat\/ceip-prosperitat\/projecte-educatiu\/biblioteca\/\" title=\"Read Biblioteca\">Llegeix m\u00e9s\u00bb<\/a><\/p>\n","protected":false},"author":1,"featured_media":0,"parent":64,"menu_order":0,"comment_status":"closed","ping_status":"closed","template":"","meta":{"_bbp_topic_count":0,"_bbp_reply_count":0,"_bbp_total_topic_count":0,"_bbp_total_reply_count":0,"_bbp_voice_count":0,"_bbp_anonymous_reply_count":0,"_bbp_topic_count_hidden":0,"_bbp_reply_count_hidden":0,"_bbp_forum_subforum_count":0,"footnotes":""},"class_list":["post-988","page","type-page","status-publish","hentry"],"post_mailing_queue_ids":[],"_links":{"self":[{"href":"https:\/\/agora.xtec.cat\/ceip-prosperitat\/wp-json\/wp\/v2\/pages\/988","targetHints":{"allow":["GET"]}}],"collection":[{"href":"https:\/\/agora.xtec.cat\/ceip-prosperitat\/wp-json\/wp\/v2\/pages"}],"about":[{"href":"https:\/\/agora.xtec.cat\/ceip-prosperitat\/wp-json\/wp\/v2\/types\/page"}],"author":[{"embeddable":true,"href":"https:\/\/agora.xtec.cat\/ceip-prosperitat\/wp-json\/wp\/v2\/users\/1"}],"replies":[{"embeddable":true,"href":"https:\/\/agora.xtec.cat\/ceip-prosperitat\/wp-json\/wp\/v2\/comments?post=988"}],"version-history":[{"count":4,"href":"https:\/\/agora.xtec.cat\/ceip-prosperitat\/wp-json\/wp\/v2\/pages\/988\/revisions"}],"predecessor-version":[{"id":2123,"href":"https:\/\/agora.xtec.cat\/ceip-prosperitat\/wp-json\/wp\/v2\/pages\/988\/revisions\/2123"}],"up":[{"embeddable":true,"href":"https:\/\/agora.xtec.cat\/ceip-prosperitat\/wp-json\/wp\/v2\/pages\/64"}],"wp:attachment":[{"href":"https:\/\/agora.xtec.cat\/ceip-prosperitat\/wp-json\/wp\/v2\/media?parent=988"}],"curies":[{"name":"wp","href":"https:\/\/api.w.org\/{rel}","templated":true}]}}