{"id":73,"date":"2018-12-17T10:05:51","date_gmt":"2018-12-17T09:05:51","guid":{"rendered":"http:\/\/agora.xtec.cat\/ceip-prosperitat\/?page_id=73"},"modified":"2020-04-29T17:13:44","modified_gmt":"2020-04-29T15:13:44","slug":"menjador-escolar","status":"publish","type":"page","link":"https:\/\/agora.xtec.cat\/ceip-prosperitat\/serveis\/menjador-escolar\/","title":{"rendered":"Menjador escolar"},"content":{"rendered":"<p>El taller setmanal de Saned:<\/p>\n<p><iframe loading=\"lazy\" src=\"https:\/\/agora.xtec.cat\/ceip-prosperitat\/wp-content\/uploads\/usu1724\/2020\/04\/Recepta-Saned.pdf\" width=\"800\" height=\"700\"><\/iframe><\/p>\n<p>Saned i les emocions:<\/p>\n<p><iframe loading=\"lazy\" src=\"https:\/\/agora.xtec.cat\/ceip-prosperitat\/wp-content\/uploads\/usu1724\/2020\/04\/Saned-emocions.pdf\" width=\"800\" height=\"700\"><\/iframe><\/p>\n<p>El taller setmanal de Saned:<\/p>\n<p><iframe loading=\"lazy\" src=\"https:\/\/agora.xtec.cat\/ceip-prosperitat\/wp-content\/uploads\/usu1724\/2020\/04\/Tallers-Saned.pdf.pdf\" width=\"800\" height=\"700\"><span data-mce-type=\"bookmark\" style=\"display: inline-block; width: 0px; overflow: hidden; line-height: 0;\" class=\"mce_SELRES_start\">\ufeff<\/span><\/iframe><\/p>\n<p>Saned us proposa jugar a un Escape Room:<\/p>\n<p><iframe loading=\"lazy\" src=\"https:\/\/agora.xtec.cat\/ceip-prosperitat\/wp-content\/uploads\/usu1724\/2020\/04\/Saned-Escape-room.pdf\" width=\"800\" height=\"700\"><\/iframe><\/p>\n<p>El taller setmanal de Saned:<\/p>\n<p><iframe loading=\"lazy\" src=\"https:\/\/agora.xtec.cat\/ceip-prosperitat\/wp-content\/uploads\/usu1724\/2020\/04\/Taller-setmanal-Saned.pdf\" width=\"800\" height=\"700\"><span data-mce-type=\"bookmark\" style=\"display: inline-block; width: 0px; overflow: hidden; line-height: 0;\" class=\"mce_SELRES_start\">\ufeff<\/span><\/iframe><\/p>\n<p>La recepta setmanal de Saned:<\/p>\n<p><iframe loading=\"lazy\" src=\"https:\/\/agora.xtec.cat\/ceip-prosperitat\/wp-content\/uploads\/usu1724\/2020\/04\/RECEPTA-SANED-150420.pdf\" width=\"800\" height=\"700\"><\/iframe><\/p>\n<p>&nbsp;<\/p>\n<p>Guia #QuedatacasaMenjaB\u00e9 davant el Coronavirus SARS-CoV-2:<\/p>\n<p><iframe loading=\"lazy\" src=\"https:\/\/agora.xtec.cat\/ceip-prosperitat\/wp-content\/uploads\/usu1724\/2020\/04\/Quedatacasamenjabe.pdf\" width=\"800\" height=\"700\"><span data-mce-type=\"bookmark\" style=\"display: inline-block; width: 0px; overflow: hidden; line-height: 0;\" class=\"mce_SELRES_start\">\ufeff<\/span><\/iframe><\/p>\n<p>La guia #QuedatacasaMenjab\u00e9 ha estat elaborada pel CoDiNuCat amb el suport de l\u2019Ag\u00e8ncia de Salut P\u00fablica de Catalunya, Sociedad Cient\u00edfica Espa\u00f1ola de Diet\u00e9tica y Nutrici\u00f3n, Societat Catalana d\u2019Alimentaci\u00f3 i Diet\u00e8tica Cl\u00ednica, Centre Catal\u00e0 de la Nutrici\u00f3 de l\u2019Institut d\u2019Estudis Catalans i l\u2019Associaci\u00f3 Catalana de les Ci\u00e8ncies de l\u2019Alimentaci\u00f3.<\/p>\n<p>&nbsp;<\/p>\n<p>Tallers Saned:<\/p>\n<p><iframe loading=\"lazy\" src=\"https:\/\/agora.xtec.cat\/ceip-prosperitat\/wp-content\/uploads\/usu1724\/2020\/04\/Tallers-Saned.pdf\" width=\"800\" height=\"700\"><\/iframe><\/p>\n<p>Recomanacions de Saned:<\/p>\n<p><iframe loading=\"lazy\" src=\"https:\/\/agora.xtec.cat\/ceip-prosperitat\/wp-content\/uploads\/usu1724\/2020\/04\/Recomanacions-Saned.pdf\" width=\"800\" height=\"700\"><\/iframe><\/p>\n<p>Des de Saned, l&#8217;empresa de menjador que ofereix serveis a l&#8217;escola, ens proposen diferents idees per passar aquests dies de confinament:<\/p>\n<p><iframe loading=\"lazy\" src=\"https:\/\/agora.xtec.cat\/ceip-prosperitat\/wp-content\/uploads\/usu1724\/2020\/04\/activitat-1-230320.pdf\" width=\"800\" height=\"700\"><\/iframe><\/p>\n<p><iframe loading=\"lazy\" src=\"https:\/\/agora.xtec.cat\/ceip-prosperitat\/wp-content\/uploads\/usu1724\/2020\/04\/activitat-2-310320.pdf\" width=\"800\" height=\"700\"><\/iframe><\/p>\n","protected":false},"excerpt":{"rendered":"<p>El taller setmanal de Saned:<\/p>\n<p>Saned i les emocions:<\/p>\n<p>El taller setmanal de Saned:<br \/>\n\ufeff<br \/>\nSaned us proposa jugar a un Escape Room:<\/p>\n<p>El taller setmanal de Saned:<br \/>\n\ufeff<br \/>\nLa recepta setmanal de Saned:<\/p>\n<p>&nbsp;<br \/>\nGuia #QuedatacasaMenjaB\u00e9 davant el Coronavirus SARS-CoV-2:<br \/>\n\ufeff<br \/>\nLa guia #QuedatacasaMenjab\u00e9 ha estat elaborada pel CoDiNuCat amb el suport de l\u2019Ag\u00e8ncia de&hellip;  <a href=\"https:\/\/agora.xtec.cat\/ceip-prosperitat\/serveis\/menjador-escolar\/\" title=\"Read Menjador escolar\">Llegeix m\u00e9s\u00bb<\/a><\/p>\n","protected":false},"author":1,"featured_media":0,"parent":66,"menu_order":30,"comment_status":"closed","ping_status":"closed","template":"page-templates\/side-menu.php","meta":{"_bbp_topic_count":0,"_bbp_reply_count":0,"_bbp_total_topic_count":0,"_bbp_total_reply_count":0,"_bbp_voice_count":0,"_bbp_anonymous_reply_count":0,"_bbp_topic_count_hidden":0,"_bbp_reply_count_hidden":0,"_bbp_forum_subforum_count":0,"footnotes":""},"class_list":["post-73","page","type-page","status-publish","hentry"],"post_mailing_queue_ids":[],"_links":{"self":[{"href":"https:\/\/agora.xtec.cat\/ceip-prosperitat\/wp-json\/wp\/v2\/pages\/73","targetHints":{"allow":["GET"]}}],"collection":[{"href":"https:\/\/agora.xtec.cat\/ceip-prosperitat\/wp-json\/wp\/v2\/pages"}],"about":[{"href":"https:\/\/agora.xtec.cat\/ceip-prosperitat\/wp-json\/wp\/v2\/types\/page"}],"author":[{"embeddable":true,"href":"https:\/\/agora.xtec.cat\/ceip-prosperitat\/wp-json\/wp\/v2\/users\/1"}],"replies":[{"embeddable":true,"href":"https:\/\/agora.xtec.cat\/ceip-prosperitat\/wp-json\/wp\/v2\/comments?post=73"}],"version-history":[{"count":4,"href":"https:\/\/agora.xtec.cat\/ceip-prosperitat\/wp-json\/wp\/v2\/pages\/73\/revisions"}],"predecessor-version":[{"id":7614,"href":"https:\/\/agora.xtec.cat\/ceip-prosperitat\/wp-json\/wp\/v2\/pages\/73\/revisions\/7614"}],"up":[{"embeddable":true,"href":"https:\/\/agora.xtec.cat\/ceip-prosperitat\/wp-json\/wp\/v2\/pages\/66"}],"wp:attachment":[{"href":"https:\/\/agora.xtec.cat\/ceip-prosperitat\/wp-json\/wp\/v2\/media?parent=73"}],"curies":[{"name":"wp","href":"https:\/\/api.w.org\/{rel}","templated":true}]}}