{"id":64,"date":"2014-09-18T12:39:08","date_gmt":"2014-09-18T11:39:08","guid":{"rendered":"http:\/\/agora.xtec.cat\/ceip-prosperitat\/?page_id=64"},"modified":"2019-01-30T11:04:48","modified_gmt":"2019-01-30T10:04:48","slug":"projecte-educatiu","status":"publish","type":"page","link":"https:\/\/agora.xtec.cat\/ceip-prosperitat\/projecte-educatiu\/","title":{"rendered":"Projecte educatiu"},"content":{"rendered":"<p>&nbsp;<\/p>\n<p>L\u2019escola Prosperitat \u00e9s un centre p\u00fablic. El nostre objectiu fonamental \u00e9s la formaci\u00f3 humana i acad\u00e8mica dels nostres alumnes. Per tant, considerem l\u2019educaci\u00f3 com a un proc\u00e9s integral de la persona, amb uns punts b\u00e0sics.<\/p>\n<p>A la nostra escola:<\/p>\n<ul>\n<li>Es potencien activitats que fomentin l\u2019adquisici\u00f3 i el desenvolupament de les capacitats i compet\u00e8ncies b\u00e0siques.<\/li>\n<li>S\u2019acompanya a l\u2019alumnat perqu\u00e8\u00a0\u00a0tingui un desenvolupament personal i integraci\u00f3 social amb \u00e8xit.<\/li>\n<li>Se socialitza l\u2019alumnat i es desenvolupa el seu esperit cr\u00edtic, la capacitat de discussi\u00f3 i de decisi\u00f3, tot fomentant el treball en grup.<\/li>\n<li>Es promou la no competitivitat, afavorint el ple desenvolupament personal sense establir valoracions comparatives.<\/li>\n<li>Es fomenta l\u2019autonomia en el treball basat en l\u2019estudi i l\u2019esfor\u00e7 personal.<\/li>\n<li>Es fa protagonista l\u2019alumnat del seu aprenentatge, partint de la pr\u00f2pia exist\u00e8ncia, viv\u00e8ncies i coneixements previs.<\/li>\n<li>Es prioritza l\u2019aprenentatge significatiu, a partir de la interacci\u00f3 docent &#8211; alumnat i entre alumnes.<\/li>\n<li>Es motiva l\u2019alumnat, utilitzant m\u00e8todes d\u2019ensenyament basats en la recerca i el descobriment, l\u2019aplicaci\u00f3 funcional dels continguts, l\u2019experimentaci\u00f3, el coneixement de l\u2019entorn (tallers, racons, sortides, excursions, hort, \u2026), amb diversitat de recursos.<\/li>\n<li>Es tracta la diversitat, tenint en\u00a0\u00a0compte els diferents ritmes evolutius, capacitats intel\u00b7lectuals i cultures.<\/li>\n<li>El catal\u00e0 \u00e9s l\u2019 eix vertebrador de l\u2019escola en un projecte pluriling\u00fce.<\/li>\n<li>S\u2019integren les TIC com una eina educativa m\u00e9s.<\/li>\n<li>Es busca la implicaci\u00f3 de les fam\u00edlies en l\u2019educaci\u00f3 dels seus fills.<\/li>\n<li>Es desenvolupen les activitats escolars de forma sostenible amb el medi.<\/li>\n<li>Es treballa per una escola democr\u00e0tica i participativa.<\/li>\n<li>S\u2019educa en coordinaci\u00f3 amb altres institucions del barri i de la ciutat.<\/li>\n<li>S\u2019educa per fomentar estils de vida saludable.<\/li>\n<li>S\u2019educa en els valors de la pau, la conviv\u00e8ncia, la coeducaci\u00f3.<\/li>\n<li>Es vetlla per consolidar una l\u00ednia pedag\u00f2gica que doni coher\u00e8ncia a l\u2019acci\u00f3 col\u00b7lectiva del claustre.<\/li>\n<li>Es busca la cohesi\u00f3 de tots els membres de la comunitat educativa mitjan\u00e7ant activitats conjuntes.<\/li>\n<\/ul>\n","protected":false},"excerpt":{"rendered":"<p>&nbsp;<br \/>\nL\u2019escola Prosperitat \u00e9s un centre p\u00fablic. El nostre objectiu fonamental \u00e9s la formaci\u00f3 humana i acad\u00e8mica dels nostres alumnes. Per tant, considerem l\u2019educaci\u00f3 com a un proc\u00e9s integral de la persona, amb uns punts b\u00e0sics.<br \/>\nA la nostra escola:<\/p>\n<ul>\n<li>Es potencien activitats que fomentin l\u2019adquisici\u00f3 i el&hellip;  <a href=\"https:\/\/agora.xtec.cat\/ceip-prosperitat\/projecte-educatiu\/\" title=\"Read Projecte educatiu\">Llegeix m\u00e9s\u00bb<\/a><br \/>\n","protected":false},"author":1,"featured_media":0,"parent":0,"menu_order":0,"comment_status":"closed","ping_status":"closed","template":"page-templates\/side-menu.php","meta":{"_bbp_topic_count":0,"_bbp_reply_count":0,"_bbp_total_topic_count":0,"_bbp_total_reply_count":0,"_bbp_voice_count":0,"_bbp_anonymous_reply_count":0,"_bbp_topic_count_hidden":0,"_bbp_reply_count_hidden":0,"_bbp_forum_subforum_count":0,"footnotes":""},"class_list":["post-64","page","type-page","status-publish","hentry"],"post_mailing_queue_ids":[],"_links":{"self":[{"href":"https:\/\/agora.xtec.cat\/ceip-prosperitat\/wp-json\/wp\/v2\/pages\/64","targetHints":{"allow":["GET"]}}],"collection":[{"href":"https:\/\/agora.xtec.cat\/ceip-prosperitat\/wp-json\/wp\/v2\/pages"}],"about":[{"href":"https:\/\/agora.xtec.cat\/ceip-prosperitat\/wp-json\/wp\/v2\/types\/page"}],"author":[{"embeddable":true,"href":"https:\/\/agora.xtec.cat\/ceip-prosperitat\/wp-json\/wp\/v2\/users\/1"}],"replies":[{"embeddable":true,"href":"https:\/\/agora.xtec.cat\/ceip-prosperitat\/wp-json\/wp\/v2\/comments?post=64"}],"version-history":[{"count":2,"href":"https:\/\/agora.xtec.cat\/ceip-prosperitat\/wp-json\/wp\/v2\/pages\/64\/revisions"}],"predecessor-version":[{"id":2058,"href":"https:\/\/agora.xtec.cat\/ceip-prosperitat\/wp-json\/wp\/v2\/pages\/64\/revisions\/2058"}],"wp:attachment":[{"href":"https:\/\/agora.xtec.cat\/ceip-prosperitat\/wp-json\/wp\/v2\/media?parent=64"}],"curies":[{"name":"wp","href":"https:\/\/api.w.org\/{rel}","templated":true}]}}