{"id":38,"date":"2020-09-04T09:00:08","date_gmt":"2020-09-04T07:00:08","guid":{"rendered":"http:\/\/agora.xtec.cat\/ceip-prosperitat\/?page_id=38"},"modified":"2020-09-06T20:49:01","modified_gmt":"2020-09-06T18:49:01","slug":"salut","status":"publish","type":"page","link":"https:\/\/agora.xtec.cat\/ceip-prosperitat\/lescola-2\/salut\/","title":{"rendered":"Salut"},"content":{"rendered":"<h5>ASSIST\u00c8NCIA I MALALTIES<\/h5>\n<p>Qualsevol falta d&#8217;assist\u00e8ncia dels alumnes ser\u00e0 notificada (amb antelaci\u00f3 si \u00e9s possible) mitjan\u00e7ant un escrit\u00a0al tutor\/a a educaci\u00f3 infantil i a trav\u00e9s de l&#8217;agenda a Prim\u00e0ria.<\/p>\n<p>Les malalties contagioses (conjuntivitis, varicel\u00b7la\u2026) i infeccions de polls han de ser comunicades al tutor\/a, i caldr\u00e0 que l&#8217;alumne\/a torni a l&#8217;escola totalment restablert i, en el cas de polls, amb el cap net.<\/p>\n<p><strong>Recordem que l&#8217;alumnat amb febre no ha d\u2019assistir a l\u2019escola.<\/strong><\/p>\n<p>Si un alumne\/a est\u00e0 seguint un tractament m\u00e8dic, cal que previngueu les preses de la medicaci\u00f3. Si l\u2019alumne\/a es queda al menjador i cal administrar-li una dosi de la medicaci\u00f3, aquesta cal acompanyar-la amb la recepta m\u00e8dica, on consti el nom de l\u2019alumne\/a \u00a0i la pauta d\u2019administraci\u00f3, a m\u00e9s d\u2019un escrit on es demana i s\u2019autoritza al personal del centre per a la seva administraci\u00f3.<\/p>\n<p>Quan un alumne\/a es trobi malament o tingui febre es trucar\u00e0 a la fam\u00edlia perqu\u00e8 el vagin a recollir a consergeria.<\/p>\n<h5>MESURES EXTRAORDIN\u00c0RIES DE SALUT PER EVITAR ELS BROTS DE LA COVID-19 A LES ESCOLES<\/h5>\n<p><iframe loading=\"lazy\" src=\"https:\/\/agora.xtec.cat\/ceip-prosperitat\/wp-content\/uploads\/usu1724\/2020\/09\/infografia-mesures-salut-escola.pdf\" width=\"800\" height=\"700\"><span data-mce-type=\"bookmark\" style=\"display: inline-block; width: 0px; overflow: hidden; line-height: 0;\" class=\"mce_SELRES_start\">\ufeff<\/span><\/iframe><\/p>\n<p><iframe loading=\"lazy\" src=\"https:\/\/agora.xtec.cat\/ceip-prosperitat\/wp-content\/uploads\/usu1724\/2020\/09\/Salut-_-Escola-CARTA-Families.pdf\" width=\"800\" height=\"700\"><span data-mce-type=\"bookmark\" style=\"display: inline-block; width: 0px; overflow: hidden; line-height: 0;\" class=\"mce_SELRES_start\">\ufeff<\/span><\/iframe><\/p>\n<p><iframe loading=\"lazy\" src=\"https:\/\/agora.xtec.cat\/ceip-prosperitat\/wp-content\/uploads\/usu1724\/2020\/09\/Salut-_-Escola-Annex-Families.pdf\" width=\"800\" height=\"700\"><span data-mce-type=\"bookmark\" style=\"display: inline-block; width: 0px; overflow: hidden; line-height: 0;\" class=\"mce_SELRES_start\">\ufeff<\/span><\/iframe><\/p>\n","protected":false},"excerpt":{"rendered":"<p>ASSIST\u00c8NCIA I MALALTIES<br \/>\nQualsevol falta d&#8217;assist\u00e8ncia dels alumnes ser\u00e0 notificada (amb antelaci\u00f3 si \u00e9s possible) mitjan\u00e7ant un escrit\u00a0al tutor\/a a educaci\u00f3 infantil i a trav\u00e9s de l&#8217;agenda a Prim\u00e0ria.<br \/>\nLes malalties contagioses (conjuntivitis, varicel\u00b7la\u2026) i infeccions de polls han de ser comunicades al tutor\/a, i caldr\u00e0 que&hellip;  <a href=\"https:\/\/agora.xtec.cat\/ceip-prosperitat\/lescola-2\/salut\/\" title=\"Read Salut\">Llegeix m\u00e9s\u00bb<\/a><\/p>\n","protected":false},"author":1,"featured_media":0,"parent":629,"menu_order":80,"comment_status":"closed","ping_status":"closed","template":"page-templates\/side-menu.php","meta":{"_bbp_topic_count":0,"_bbp_reply_count":0,"_bbp_total_topic_count":0,"_bbp_total_reply_count":0,"_bbp_voice_count":0,"_bbp_anonymous_reply_count":0,"_bbp_topic_count_hidden":0,"_bbp_reply_count_hidden":0,"_bbp_forum_subforum_count":0,"footnotes":""},"class_list":["post-38","page","type-page","status-publish","hentry"],"post_mailing_queue_ids":[],"_links":{"self":[{"href":"https:\/\/agora.xtec.cat\/ceip-prosperitat\/wp-json\/wp\/v2\/pages\/38","targetHints":{"allow":["GET"]}}],"collection":[{"href":"https:\/\/agora.xtec.cat\/ceip-prosperitat\/wp-json\/wp\/v2\/pages"}],"about":[{"href":"https:\/\/agora.xtec.cat\/ceip-prosperitat\/wp-json\/wp\/v2\/types\/page"}],"author":[{"embeddable":true,"href":"https:\/\/agora.xtec.cat\/ceip-prosperitat\/wp-json\/wp\/v2\/users\/1"}],"replies":[{"embeddable":true,"href":"https:\/\/agora.xtec.cat\/ceip-prosperitat\/wp-json\/wp\/v2\/comments?post=38"}],"version-history":[{"count":3,"href":"https:\/\/agora.xtec.cat\/ceip-prosperitat\/wp-json\/wp\/v2\/pages\/38\/revisions"}],"predecessor-version":[{"id":8659,"href":"https:\/\/agora.xtec.cat\/ceip-prosperitat\/wp-json\/wp\/v2\/pages\/38\/revisions\/8659"}],"up":[{"embeddable":true,"href":"https:\/\/agora.xtec.cat\/ceip-prosperitat\/wp-json\/wp\/v2\/pages\/629"}],"wp:attachment":[{"href":"https:\/\/agora.xtec.cat\/ceip-prosperitat\/wp-json\/wp\/v2\/media?parent=38"}],"curies":[{"name":"wp","href":"https:\/\/api.w.org\/{rel}","templated":true}]}}