{"id":32,"date":"2021-06-30T13:00:33","date_gmt":"2021-06-30T11:00:33","guid":{"rendered":"http:\/\/agora.xtec.cat\/ceip-prosperitat\/?page_id=32"},"modified":"2021-06-30T18:04:33","modified_gmt":"2021-06-30T16:04:33","slug":"calendari-del-curs","status":"publish","type":"page","link":"https:\/\/agora.xtec.cat\/ceip-prosperitat\/lescola-2\/calendari-del-curs\/","title":{"rendered":"Calendari del curs 2021 -2022"},"content":{"rendered":"<h4><strong>Inici de curs:<\/strong><\/h4>\n<p>Dilluns, 13 de setembre de 2021<\/p>\n<h4><strong>Final de curs:<\/strong><\/h4>\n<p>Dimecres, 22 de juny de 2022<\/p>\n<h4><strong>Marc lectiu:<\/strong><\/h4>\n<p>El marc lectiu \u00e9s de 3.5h al mat\u00ed i 1.30h a la tarda. Es far\u00e0 entrada i sortida graonada per grups estables amb 10-15 minuts d&#8217;interval entre grups. Al setembre es comunicar\u00e0 l&#8217;horari definitiu graonat previst atenent a les normes i criteris adoptats pel Departament.<\/p>\n<h4><strong>Vacances:<\/strong><\/h4>\n<ul>\n<li>Nadal: del 23 de desembre de 2021 al 9 de gener de 2022 (ambd\u00f3s inclosos)<\/li>\n<li><span style=\"font-family: inherit; font-size: 1em;\">Setmana Santa: de l&#8217;11 al 18 d\u2019abril de 2022 (ambd\u00f3s inclosos)<\/span><\/li>\n<\/ul>\n<h4><strong>Dies festius i de lliure disposici\u00f3 del centre:<\/strong><\/h4>\n<ul>\n<li>24 de setembre: festa local (La Merc\u00e8)<\/li>\n<li><span style=\"font-family: inherit; font-size: 1em;\">12 d&#8217;octubre: dia del Pilar<\/span><\/li>\n<li><span style=\"font-family: inherit; font-size: 1em;\">6 de desembre: dia de la Constituci\u00f3<\/span><\/li>\n<li><span style=\"font-family: inherit; font-size: 1em;\">7 de desembre: 1a festa de lliure disposici\u00f3 del centre<\/span><\/li>\n<li><span style=\"font-family: inherit; font-size: 1em;\">8 de desembre: dia de la Immaculada<\/span><\/li>\n<li><span style=\"font-family: inherit; font-size: 1em;\">28 de febrer: 2a festa de lliure disposici\u00f3 del centre<\/span><\/li>\n<li><span style=\"font-family: inherit; font-size: 1em;\">3 de juny: 3a festa de lliure disposici\u00f3 del centre<\/span><\/li>\n<li><span style=\"font-family: inherit; font-size: 1em;\">6 de juny: festa local (2a Pasqua)<\/span><\/li>\n<\/ul>\n<h4><strong>Jornada intensiva:<\/strong><\/h4>\n<p>Es realitzar\u00e0 jornada \u00fanica de classe als matins de 9 a 13h del migdia en el seg\u00fcent per\u00edode:<\/p>\n<ul>\n<li>22 de desembre de 2021<\/li>\n<li><span style=\"font-family: inherit; font-size: 1em;\">Del 7 al 22 de juny de 2022.\u00a0<\/span><\/li>\n<li><span style=\"font-family: inherit; font-size: 1em;\"> L&#8217;alumnat que utilitza el servei de menjador surt a les 15h.<\/span><\/li>\n<\/ul>\n<h4><strong>Adaptaci\u00f3 P3 (del 13 al 17 de setembre de 2021):<\/strong><\/h4>\n<p>Per l&#8217;alumnat que inicia l\u2019escolaritzaci\u00f3 a P3 s\u2019organitza un per\u00edode d\u2019adaptaci\u00f3 que suposa una modificaci\u00f3 dels horaris de la primera setmana de classe, i que es fa saber a les fam\u00edlies en les reunions pr\u00e8vies corresponents.<\/p>\n<p>&nbsp;<\/p>\n","protected":false},"excerpt":{"rendered":"<p>Inici de curs:<br \/>\nDilluns, 13 de setembre de 2021<br \/>\nFinal de curs:<br \/>\nDimecres, 22 de juny de 2022<br \/>\nMarc lectiu:<br \/>\nEl marc lectiu \u00e9s de 3.5h al mat\u00ed i 1.30h a la tarda. Es far\u00e0 entrada i sortida graonada per grups estables amb 10-15 minuts d&#8217;interval entre grups. Al setembre&hellip;  <a href=\"https:\/\/agora.xtec.cat\/ceip-prosperitat\/lescola-2\/calendari-del-curs\/\" title=\"Read Calendari del curs 2021 -2022\">Llegeix m\u00e9s\u00bb<\/a><\/p>\n","protected":false},"author":1,"featured_media":0,"parent":629,"menu_order":50,"comment_status":"closed","ping_status":"closed","template":"page-templates\/side-menu.php","meta":{"_bbp_topic_count":0,"_bbp_reply_count":0,"_bbp_total_topic_count":0,"_bbp_total_reply_count":0,"_bbp_voice_count":0,"_bbp_anonymous_reply_count":0,"_bbp_topic_count_hidden":0,"_bbp_reply_count_hidden":0,"_bbp_forum_subforum_count":0,"footnotes":""},"class_list":["post-32","page","type-page","status-publish","hentry"],"post_mailing_queue_ids":[],"_links":{"self":[{"href":"https:\/\/agora.xtec.cat\/ceip-prosperitat\/wp-json\/wp\/v2\/pages\/32","targetHints":{"allow":["GET"]}}],"collection":[{"href":"https:\/\/agora.xtec.cat\/ceip-prosperitat\/wp-json\/wp\/v2\/pages"}],"about":[{"href":"https:\/\/agora.xtec.cat\/ceip-prosperitat\/wp-json\/wp\/v2\/types\/page"}],"author":[{"embeddable":true,"href":"https:\/\/agora.xtec.cat\/ceip-prosperitat\/wp-json\/wp\/v2\/users\/1"}],"replies":[{"embeddable":true,"href":"https:\/\/agora.xtec.cat\/ceip-prosperitat\/wp-json\/wp\/v2\/comments?post=32"}],"version-history":[{"count":3,"href":"https:\/\/agora.xtec.cat\/ceip-prosperitat\/wp-json\/wp\/v2\/pages\/32\/revisions"}],"predecessor-version":[{"id":10432,"href":"https:\/\/agora.xtec.cat\/ceip-prosperitat\/wp-json\/wp\/v2\/pages\/32\/revisions\/10432"}],"up":[{"embeddable":true,"href":"https:\/\/agora.xtec.cat\/ceip-prosperitat\/wp-json\/wp\/v2\/pages\/629"}],"wp:attachment":[{"href":"https:\/\/agora.xtec.cat\/ceip-prosperitat\/wp-json\/wp\/v2\/media?parent=32"}],"curies":[{"name":"wp","href":"https:\/\/api.w.org\/{rel}","templated":true}]}}