{"id":30,"date":"2018-05-28T15:45:23","date_gmt":"2018-05-28T13:45:23","guid":{"rendered":"http:\/\/agora.xtec.cat\/ceip-prosperitat\/?page_id=30"},"modified":"2020-01-27T19:01:45","modified_gmt":"2020-01-27T18:01:45","slug":"instal%c2%b7lacions","status":"publish","type":"page","link":"https:\/\/agora.xtec.cat\/ceip-prosperitat\/lescola-2\/instal%c2%b7lacions\/","title":{"rendered":"Instal\u00b7lacions"},"content":{"rendered":"<h2>Els equipaments de qu\u00e8 disposem s\u00f3n els seg\u00fcents:<\/h2>\n<p>&nbsp;<\/p>\n<h3>Aules amples i assolellades<\/h3>\n<h3><a href=\"https:\/\/agora.xtec.cat\/ceip-prosperitat\/wp-content\/uploads\/usu1724\/2019\/02\/aula-sis\u00e8-1_1024x576.jpg\"><img loading=\"lazy\" decoding=\"async\" class=\"aligncenter wp-image-2254 size-full\" src=\"https:\/\/agora.xtec.cat\/ceip-prosperitat\/wp-content\/uploads\/usu1724\/2019\/02\/aula-sis\u00e8-1_1024x576.jpg\" alt=\"\" width=\"1024\" height=\"576\" srcset=\"https:\/\/agora.xtec.cat\/ceip-prosperitat\/wp-content\/uploads\/usu1724\/2019\/02\/aula-sis\u00e8-1_1024x576.jpg 1024w, https:\/\/agora.xtec.cat\/ceip-prosperitat\/wp-content\/uploads\/usu1724\/2019\/02\/aula-sis\u00e8-1_1024x576-300x169.jpg 300w, https:\/\/agora.xtec.cat\/ceip-prosperitat\/wp-content\/uploads\/usu1724\/2019\/02\/aula-sis\u00e8-1_1024x576-768x432.jpg 768w\" sizes=\"auto, (max-width: 1024px) 100vw, 1024px\" \/><\/a><a href=\"https:\/\/agora.xtec.cat\/ceip-prosperitat\/wp-content\/uploads\/usu1724\/2019\/01\/20190130_132317_1024x498.jpg\"><img loading=\"lazy\" decoding=\"async\" class=\"size-large wp-image-2084 alignleft\" src=\"https:\/\/agora.xtec.cat\/ceip-prosperitat\/wp-content\/uploads\/usu1724\/2019\/01\/20190130_132317_1024x498-1024x498.jpg\" alt=\"\" width=\"1024\" height=\"498\" srcset=\"https:\/\/agora.xtec.cat\/ceip-prosperitat\/wp-content\/uploads\/usu1724\/2019\/01\/20190130_132317_1024x498.jpg 1024w, https:\/\/agora.xtec.cat\/ceip-prosperitat\/wp-content\/uploads\/usu1724\/2019\/01\/20190130_132317_1024x498-300x146.jpg 300w, https:\/\/agora.xtec.cat\/ceip-prosperitat\/wp-content\/uploads\/usu1724\/2019\/01\/20190130_132317_1024x498-768x374.jpg 768w\" sizes=\"auto, (max-width: 1024px) 100vw, 1024px\" \/><\/a><\/h3>\n<h3><img loading=\"lazy\" decoding=\"async\" class=\"size-large wp-image-2086 alignleft\" src=\"https:\/\/agora.xtec.cat\/ceip-prosperitat\/wp-content\/uploads\/usu1724\/2019\/01\/20190130_133121_1024x498-1024x498.jpg\" alt=\"\" width=\"1024\" height=\"498\" srcset=\"https:\/\/agora.xtec.cat\/ceip-prosperitat\/wp-content\/uploads\/usu1724\/2019\/01\/20190130_133121_1024x498.jpg 1024w, https:\/\/agora.xtec.cat\/ceip-prosperitat\/wp-content\/uploads\/usu1724\/2019\/01\/20190130_133121_1024x498-300x146.jpg 300w, https:\/\/agora.xtec.cat\/ceip-prosperitat\/wp-content\/uploads\/usu1724\/2019\/01\/20190130_133121_1024x498-768x374.jpg 768w\" sizes=\"auto, (max-width: 1024px) 100vw, 1024px\" \/><\/h3>\n<p>&nbsp;<\/p>\n<h3><\/h3>\n<h3>Aules de desdoblament<\/h3>\n<p><a href=\"https:\/\/agora.xtec.cat\/ceip-prosperitat\/wp-content\/uploads\/usu1724\/2019\/02\/desdoblament-inicial.jpg\"><img loading=\"lazy\" decoding=\"async\" class=\"size-large wp-image-2156 alignleft\" src=\"https:\/\/agora.xtec.cat\/ceip-prosperitat\/wp-content\/uploads\/usu1724\/2019\/02\/desdoblament-inicial-1024x768.jpg\" alt=\"\" width=\"1024\" height=\"768\" srcset=\"https:\/\/agora.xtec.cat\/ceip-prosperitat\/wp-content\/uploads\/usu1724\/2019\/02\/desdoblament-inicial-1024x768.jpg 1024w, https:\/\/agora.xtec.cat\/ceip-prosperitat\/wp-content\/uploads\/usu1724\/2019\/02\/desdoblament-inicial-300x225.jpg 300w, https:\/\/agora.xtec.cat\/ceip-prosperitat\/wp-content\/uploads\/usu1724\/2019\/02\/desdoblament-inicial-768x576.jpg 768w, https:\/\/agora.xtec.cat\/ceip-prosperitat\/wp-content\/uploads\/usu1724\/2019\/02\/desdoblament-inicial-200x150.jpg 200w, https:\/\/agora.xtec.cat\/ceip-prosperitat\/wp-content\/uploads\/usu1724\/2019\/02\/desdoblament-inicial.jpg 1280w\" sizes=\"auto, (max-width: 1024px) 100vw, 1024px\" \/><\/a><\/p>\n<p><a href=\"https:\/\/agora.xtec.cat\/ceip-prosperitat\/wp-content\/uploads\/usu1724\/2019\/02\/20190130_131758_1024x498.jpg\"><img loading=\"lazy\" decoding=\"async\" class=\"size-large wp-image-2157 alignleft\" src=\"https:\/\/agora.xtec.cat\/ceip-prosperitat\/wp-content\/uploads\/usu1724\/2019\/02\/20190130_131758_1024x498-1024x498.jpg\" alt=\"\" width=\"1024\" height=\"498\" srcset=\"https:\/\/agora.xtec.cat\/ceip-prosperitat\/wp-content\/uploads\/usu1724\/2019\/02\/20190130_131758_1024x498.jpg 1024w, https:\/\/agora.xtec.cat\/ceip-prosperitat\/wp-content\/uploads\/usu1724\/2019\/02\/20190130_131758_1024x498-300x146.jpg 300w, https:\/\/agora.xtec.cat\/ceip-prosperitat\/wp-content\/uploads\/usu1724\/2019\/02\/20190130_131758_1024x498-768x374.jpg 768w\" sizes=\"auto, (max-width: 1024px) 100vw, 1024px\" \/><\/a><\/p>\n<h3><\/h3>\n<h3><\/h3>\n<p>&nbsp;<\/p>\n<h3>Sala d\u2019audiovisuals<\/h3>\n<p><a href=\"https:\/\/agora.xtec.cat\/ceip-prosperitat\/wp-content\/uploads\/usu1724\/2019\/02\/audiov.jpg\"><img loading=\"lazy\" decoding=\"async\" class=\"aligncenter size-large wp-image-2274\" src=\"https:\/\/agora.xtec.cat\/ceip-prosperitat\/wp-content\/uploads\/usu1724\/2019\/02\/audiov-1024x768.jpg\" alt=\"\" width=\"1024\" height=\"768\" srcset=\"https:\/\/agora.xtec.cat\/ceip-prosperitat\/wp-content\/uploads\/usu1724\/2019\/02\/audiov.jpg 1024w, https:\/\/agora.xtec.cat\/ceip-prosperitat\/wp-content\/uploads\/usu1724\/2019\/02\/audiov-300x225.jpg 300w, https:\/\/agora.xtec.cat\/ceip-prosperitat\/wp-content\/uploads\/usu1724\/2019\/02\/audiov-768x576.jpg 768w, https:\/\/agora.xtec.cat\/ceip-prosperitat\/wp-content\/uploads\/usu1724\/2019\/02\/audiov-200x150.jpg 200w\" sizes=\"auto, (max-width: 1024px) 100vw, 1024px\" \/><\/a><\/p>\n<p>&nbsp;<\/p>\n<h3>Aula d\u2019inform\u00e0tica<\/h3>\n<p><a href=\"https:\/\/agora.xtec.cat\/ceip-prosperitat\/wp-content\/uploads\/usu1724\/2019\/02\/inform\u00e0tica_1024x576.jpg\"><img loading=\"lazy\" decoding=\"async\" class=\"aligncenter size-large wp-image-2255\" src=\"https:\/\/agora.xtec.cat\/ceip-prosperitat\/wp-content\/uploads\/usu1724\/2019\/02\/inform\u00e0tica_1024x576-1024x576.jpg\" alt=\"\" width=\"1024\" height=\"576\" srcset=\"https:\/\/agora.xtec.cat\/ceip-prosperitat\/wp-content\/uploads\/usu1724\/2019\/02\/inform\u00e0tica_1024x576.jpg 1024w, https:\/\/agora.xtec.cat\/ceip-prosperitat\/wp-content\/uploads\/usu1724\/2019\/02\/inform\u00e0tica_1024x576-300x169.jpg 300w, https:\/\/agora.xtec.cat\/ceip-prosperitat\/wp-content\/uploads\/usu1724\/2019\/02\/inform\u00e0tica_1024x576-768x432.jpg 768w\" sizes=\"auto, (max-width: 1024px) 100vw, 1024px\" \/><\/a><\/p>\n<p>&nbsp;<\/p>\n<h3>Aula de m\u00fasica<\/h3>\n<p><a href=\"https:\/\/agora.xtec.cat\/ceip-prosperitat\/wp-content\/uploads\/usu1724\/2019\/01\/m\u00fasica-2_1024x768.jpg\"><img loading=\"lazy\" decoding=\"async\" class=\"size-large wp-image-2091 alignleft\" src=\"https:\/\/agora.xtec.cat\/ceip-prosperitat\/wp-content\/uploads\/usu1724\/2019\/01\/m\u00fasica-2_1024x768-1024x768.jpg\" alt=\"\" width=\"1024\" height=\"768\" srcset=\"https:\/\/agora.xtec.cat\/ceip-prosperitat\/wp-content\/uploads\/usu1724\/2019\/01\/m\u00fasica-2_1024x768.jpg 1024w, https:\/\/agora.xtec.cat\/ceip-prosperitat\/wp-content\/uploads\/usu1724\/2019\/01\/m\u00fasica-2_1024x768-300x225.jpg 300w, https:\/\/agora.xtec.cat\/ceip-prosperitat\/wp-content\/uploads\/usu1724\/2019\/01\/m\u00fasica-2_1024x768-768x576.jpg 768w, https:\/\/agora.xtec.cat\/ceip-prosperitat\/wp-content\/uploads\/usu1724\/2019\/01\/m\u00fasica-2_1024x768-200x150.jpg 200w\" sizes=\"auto, (max-width: 1024px) 100vw, 1024px\" \/><\/a><\/p>\n<p>&nbsp;<\/p>\n<h3><\/h3>\n<h3>Aula d\u2019Educaci\u00f3 Especial<\/h3>\n<p><a href=\"https:\/\/agora.xtec.cat\/ceip-prosperitat\/wp-content\/uploads\/usu1724\/2019\/02\/EE.jpg\"><img loading=\"lazy\" decoding=\"async\" class=\"aligncenter size-large wp-image-2273\" src=\"https:\/\/agora.xtec.cat\/ceip-prosperitat\/wp-content\/uploads\/usu1724\/2019\/02\/EE-1024x768.jpg\" alt=\"\" width=\"1024\" height=\"768\" srcset=\"https:\/\/agora.xtec.cat\/ceip-prosperitat\/wp-content\/uploads\/usu1724\/2019\/02\/EE.jpg 1024w, https:\/\/agora.xtec.cat\/ceip-prosperitat\/wp-content\/uploads\/usu1724\/2019\/02\/EE-300x225.jpg 300w, https:\/\/agora.xtec.cat\/ceip-prosperitat\/wp-content\/uploads\/usu1724\/2019\/02\/EE-768x576.jpg 768w, https:\/\/agora.xtec.cat\/ceip-prosperitat\/wp-content\/uploads\/usu1724\/2019\/02\/EE-200x150.jpg 200w\" sizes=\"auto, (max-width: 1024px) 100vw, 1024px\" \/><\/a><\/p>\n<p>&nbsp;<\/p>\n<h3>Biblioteca<\/h3>\n<p><a href=\"https:\/\/agora.xtec.cat\/ceip-prosperitat\/wp-content\/uploads\/usu1724\/2019\/02\/biblioteca-2_1024x576.jpg\"><img loading=\"lazy\" decoding=\"async\" class=\"aligncenter size-large wp-image-2256\" src=\"https:\/\/agora.xtec.cat\/ceip-prosperitat\/wp-content\/uploads\/usu1724\/2019\/02\/biblioteca-2_1024x576-1024x576.jpg\" alt=\"\" width=\"1024\" height=\"576\" srcset=\"https:\/\/agora.xtec.cat\/ceip-prosperitat\/wp-content\/uploads\/usu1724\/2019\/02\/biblioteca-2_1024x576.jpg 1024w, https:\/\/agora.xtec.cat\/ceip-prosperitat\/wp-content\/uploads\/usu1724\/2019\/02\/biblioteca-2_1024x576-300x169.jpg 300w, https:\/\/agora.xtec.cat\/ceip-prosperitat\/wp-content\/uploads\/usu1724\/2019\/02\/biblioteca-2_1024x576-768x432.jpg 768w\" sizes=\"auto, (max-width: 1024px) 100vw, 1024px\" \/><\/a><\/p>\n<p>&nbsp;<\/p>\n<h3>Gimn\u00e0s<\/h3>\n<p><a href=\"https:\/\/agora.xtec.cat\/ceip-prosperitat\/wp-content\/uploads\/usu1724\/2019\/02\/gimn\u00e0s.jpg\"><img loading=\"lazy\" decoding=\"async\" class=\"aligncenter size-large wp-image-2271\" src=\"https:\/\/agora.xtec.cat\/ceip-prosperitat\/wp-content\/uploads\/usu1724\/2019\/02\/gimn\u00e0s-1024x690.jpg\" alt=\"\" width=\"1024\" height=\"690\" srcset=\"https:\/\/agora.xtec.cat\/ceip-prosperitat\/wp-content\/uploads\/usu1724\/2019\/02\/gimn\u00e0s-1024x690.jpg 1024w, https:\/\/agora.xtec.cat\/ceip-prosperitat\/wp-content\/uploads\/usu1724\/2019\/02\/gimn\u00e0s-300x202.jpg 300w, https:\/\/agora.xtec.cat\/ceip-prosperitat\/wp-content\/uploads\/usu1724\/2019\/02\/gimn\u00e0s-768x517.jpg 768w\" sizes=\"auto, (max-width: 1024px) 100vw, 1024px\" \/><\/a><\/p>\n<p>&nbsp;<\/p>\n<h3>Pista<\/h3>\n<p><a href=\"https:\/\/agora.xtec.cat\/ceip-prosperitat\/wp-content\/uploads\/usu1724\/2019\/02\/pista-baix-2_1024x576.jpg\"><img loading=\"lazy\" decoding=\"async\" class=\"aligncenter size-large wp-image-2258\" src=\"https:\/\/agora.xtec.cat\/ceip-prosperitat\/wp-content\/uploads\/usu1724\/2019\/02\/pista-baix-2_1024x576-1024x576.jpg\" alt=\"\" width=\"1024\" height=\"576\" srcset=\"https:\/\/agora.xtec.cat\/ceip-prosperitat\/wp-content\/uploads\/usu1724\/2019\/02\/pista-baix-2_1024x576.jpg 1024w, https:\/\/agora.xtec.cat\/ceip-prosperitat\/wp-content\/uploads\/usu1724\/2019\/02\/pista-baix-2_1024x576-300x169.jpg 300w, https:\/\/agora.xtec.cat\/ceip-prosperitat\/wp-content\/uploads\/usu1724\/2019\/02\/pista-baix-2_1024x576-768x432.jpg 768w\" sizes=\"auto, (max-width: 1024px) 100vw, 1024px\" \/><\/a><\/p>\n<p>&nbsp;<\/p>\n<h3>Sorral<\/h3>\n<p><a href=\"https:\/\/agora.xtec.cat\/ceip-prosperitat\/wp-content\/uploads\/usu1724\/2019\/01\/20190125_120339_1024x498.jpg\"><img loading=\"lazy\" decoding=\"async\" class=\"wp-image-2078 size-large alignleft\" src=\"https:\/\/agora.xtec.cat\/ceip-prosperitat\/wp-content\/uploads\/usu1724\/2019\/01\/20190125_120339_1024x498-1024x498.jpg\" alt=\"\" width=\"1024\" height=\"498\" srcset=\"https:\/\/agora.xtec.cat\/ceip-prosperitat\/wp-content\/uploads\/usu1724\/2019\/01\/20190125_120339_1024x498.jpg 1024w, https:\/\/agora.xtec.cat\/ceip-prosperitat\/wp-content\/uploads\/usu1724\/2019\/01\/20190125_120339_1024x498-300x146.jpg 300w, https:\/\/agora.xtec.cat\/ceip-prosperitat\/wp-content\/uploads\/usu1724\/2019\/01\/20190125_120339_1024x498-768x374.jpg 768w\" sizes=\"auto, (max-width: 1024px) 100vw, 1024px\" \/><\/a><\/p>\n<p><a href=\"https:\/\/agora.xtec.cat\/ceip-prosperitat\/wp-content\/uploads\/usu1724\/2019\/01\/20190125_120345_1024x498.jpg\"><img loading=\"lazy\" decoding=\"async\" class=\"size-large wp-image-2079 alignleft\" src=\"https:\/\/agora.xtec.cat\/ceip-prosperitat\/wp-content\/uploads\/usu1724\/2019\/01\/20190125_120345_1024x498-1024x498.jpg\" alt=\"\" width=\"1024\" height=\"498\" srcset=\"https:\/\/agora.xtec.cat\/ceip-prosperitat\/wp-content\/uploads\/usu1724\/2019\/01\/20190125_120345_1024x498.jpg 1024w, https:\/\/agora.xtec.cat\/ceip-prosperitat\/wp-content\/uploads\/usu1724\/2019\/01\/20190125_120345_1024x498-300x146.jpg 300w, https:\/\/agora.xtec.cat\/ceip-prosperitat\/wp-content\/uploads\/usu1724\/2019\/01\/20190125_120345_1024x498-768x374.jpg 768w\" sizes=\"auto, (max-width: 1024px) 100vw, 1024px\" \/><\/a><\/p>\n<p><a href=\"https:\/\/agora.xtec.cat\/ceip-prosperitat\/wp-content\/uploads\/usu1724\/2019\/01\/20190125_120324_1024x498.jpg\"><img loading=\"lazy\" decoding=\"async\" class=\"size-large wp-image-2080 alignleft\" src=\"https:\/\/agora.xtec.cat\/ceip-prosperitat\/wp-content\/uploads\/usu1724\/2019\/01\/20190125_120324_1024x498-1024x498.jpg\" alt=\"\" width=\"1024\" height=\"498\" srcset=\"https:\/\/agora.xtec.cat\/ceip-prosperitat\/wp-content\/uploads\/usu1724\/2019\/01\/20190125_120324_1024x498.jpg 1024w, https:\/\/agora.xtec.cat\/ceip-prosperitat\/wp-content\/uploads\/usu1724\/2019\/01\/20190125_120324_1024x498-300x146.jpg 300w, https:\/\/agora.xtec.cat\/ceip-prosperitat\/wp-content\/uploads\/usu1724\/2019\/01\/20190125_120324_1024x498-768x374.jpg 768w\" sizes=\"auto, (max-width: 1024px) 100vw, 1024px\" \/><\/a><\/p>\n<h3><\/h3>\n<p>&nbsp;<\/p>\n<h3><\/h3>\n<h3>Dos porxos<\/h3>\n<p><a href=\"https:\/\/agora.xtec.cat\/ceip-prosperitat\/wp-content\/uploads\/usu1724\/2019\/02\/porxo-baix-1_1024x768.jpg\"><img loading=\"lazy\" decoding=\"async\" class=\"aligncenter size-large wp-image-2259\" src=\"https:\/\/agora.xtec.cat\/ceip-prosperitat\/wp-content\/uploads\/usu1724\/2019\/02\/porxo-baix-1_1024x768-1024x768.jpg\" alt=\"\" width=\"1024\" height=\"768\" srcset=\"https:\/\/agora.xtec.cat\/ceip-prosperitat\/wp-content\/uploads\/usu1724\/2019\/02\/porxo-baix-1_1024x768.jpg 1024w, https:\/\/agora.xtec.cat\/ceip-prosperitat\/wp-content\/uploads\/usu1724\/2019\/02\/porxo-baix-1_1024x768-300x225.jpg 300w, https:\/\/agora.xtec.cat\/ceip-prosperitat\/wp-content\/uploads\/usu1724\/2019\/02\/porxo-baix-1_1024x768-768x576.jpg 768w, https:\/\/agora.xtec.cat\/ceip-prosperitat\/wp-content\/uploads\/usu1724\/2019\/02\/porxo-baix-1_1024x768-200x150.jpg 200w\" sizes=\"auto, (max-width: 1024px) 100vw, 1024px\" \/><\/a> <a href=\"https:\/\/agora.xtec.cat\/ceip-prosperitat\/wp-content\/uploads\/usu1724\/2019\/02\/porxo-dalt_1024x768.jpg\"><img loading=\"lazy\" decoding=\"async\" class=\"aligncenter size-large wp-image-2260\" src=\"https:\/\/agora.xtec.cat\/ceip-prosperitat\/wp-content\/uploads\/usu1724\/2019\/02\/porxo-dalt_1024x768-1024x768.jpg\" alt=\"\" width=\"1024\" height=\"768\" srcset=\"https:\/\/agora.xtec.cat\/ceip-prosperitat\/wp-content\/uploads\/usu1724\/2019\/02\/porxo-dalt_1024x768.jpg 1024w, https:\/\/agora.xtec.cat\/ceip-prosperitat\/wp-content\/uploads\/usu1724\/2019\/02\/porxo-dalt_1024x768-300x225.jpg 300w, https:\/\/agora.xtec.cat\/ceip-prosperitat\/wp-content\/uploads\/usu1724\/2019\/02\/porxo-dalt_1024x768-768x576.jpg 768w, https:\/\/agora.xtec.cat\/ceip-prosperitat\/wp-content\/uploads\/usu1724\/2019\/02\/porxo-dalt_1024x768-200x150.jpg 200w\" sizes=\"auto, (max-width: 1024px) 100vw, 1024px\" \/><\/a><\/p>\n<h3><\/h3>\n<p>&nbsp;<\/p>\n<h3>Hort<\/h3>\n<p><a href=\"https:\/\/agora.xtec.cat\/ceip-prosperitat\/wp-content\/uploads\/usu1724\/2019\/02\/hort_1024x768.jpg\"><img loading=\"lazy\" decoding=\"async\" class=\"aligncenter size-large wp-image-2257\" src=\"https:\/\/agora.xtec.cat\/ceip-prosperitat\/wp-content\/uploads\/usu1724\/2019\/02\/hort_1024x768-1024x768.jpg\" alt=\"\" width=\"1024\" height=\"768\" srcset=\"https:\/\/agora.xtec.cat\/ceip-prosperitat\/wp-content\/uploads\/usu1724\/2019\/02\/hort_1024x768.jpg 1024w, https:\/\/agora.xtec.cat\/ceip-prosperitat\/wp-content\/uploads\/usu1724\/2019\/02\/hort_1024x768-300x225.jpg 300w, https:\/\/agora.xtec.cat\/ceip-prosperitat\/wp-content\/uploads\/usu1724\/2019\/02\/hort_1024x768-768x576.jpg 768w, https:\/\/agora.xtec.cat\/ceip-prosperitat\/wp-content\/uploads\/usu1724\/2019\/02\/hort_1024x768-200x150.jpg 200w\" sizes=\"auto, (max-width: 1024px) 100vw, 1024px\" \/><\/a><\/p>\n","protected":false},"excerpt":{"rendered":"<p>Els equipaments de qu\u00e8 disposem s\u00f3n els seg\u00fcents:<br \/>\n&nbsp;<br \/>\nAules amples i assolellades<br \/>\n<a href=\"https:\/\/agora.xtec.cat\/ceip-prosperitat\/wp-content\/uploads\/usu1724\/2019\/02\/aula-sis\u00e8-1_1024x576.jpg\"><\/a><a href=\"https:\/\/agora.xtec.cat\/ceip-prosperitat\/wp-content\/uploads\/usu1724\/2019\/01\/20190130_132317_1024x498.jpg\"><\/a><\/p>\n<p>&nbsp;<\/p>\n<p>Aules de desdoblament<br \/>\n<a href=\"https:\/\/agora.xtec.cat\/ceip-prosperitat\/wp-content\/uploads\/usu1724\/2019\/02\/desdoblament-inicial.jpg\"><\/a><br \/>\n<a href=\"https:\/\/agora.xtec.cat\/ceip-prosperitat\/wp-content\/uploads\/usu1724\/2019\/02\/20190130_131758_1024x498.jpg\"><\/a><\/p>\n<p>&nbsp;<br \/>\nSala d\u2019audiovisuals<br \/>\n<a href=\"https:\/\/agora.xtec.cat\/ceip-prosperitat\/wp-content\/uploads\/usu1724\/2019\/02\/audiov.jpg\"><\/a><br \/>\n&nbsp;<br \/>\nAula d\u2019inform\u00e0tica<br \/>\n<a href=\"https:\/\/agora.xtec.cat\/ceip-prosperitat\/wp-content\/uploads\/usu1724\/2019\/02\/inform\u00e0tica_1024x576.jpg\"><\/a><br \/>\n&nbsp;<br \/>\nAula de m\u00fasica<br \/>\n<a href=\"https:\/\/agora.xtec.cat\/ceip-prosperitat\/wp-content\/uploads\/usu1724\/2019\/01\/m\u00fasica-2_1024x768.jpg\"><\/a><br \/>\n&nbsp;<\/p>\n<p>Aula d\u2019Educaci\u00f3 Especial<br \/>\n<a href=\"https:\/\/agora.xtec.cat\/ceip-prosperitat\/wp-content\/uploads\/usu1724\/2019\/02\/EE.jpg\"><\/a><br \/>\n&nbsp;<br \/>\nBiblioteca<br \/>\n<a href=\"https:\/\/agora.xtec.cat\/ceip-prosperitat\/wp-content\/uploads\/usu1724\/2019\/02\/biblioteca-2_1024x576.jpg\"><\/a><br \/>\n&nbsp;<br \/>\nGimn\u00e0s<br \/>\n<a href=\"https:\/\/agora.xtec.cat\/ceip-prosperitat\/wp-content\/uploads\/usu1724\/2019\/02\/gimn\u00e0s.jpg\"><\/a><br \/>\n&nbsp;<br \/>\nPista<br \/>\n<a href=\"https:\/\/agora.xtec.cat\/ceip-prosperitat\/wp-content\/uploads\/usu1724\/2019\/02\/pista-baix-2_1024x576.jpg\"><\/a><br \/>\n&nbsp;<br \/>\nSorral<br \/>\n<a href=\"https:\/\/agora.xtec.cat\/ceip-prosperitat\/wp-content\/uploads\/usu1724\/2019\/01\/20190125_120339_1024x498.jpg\"><\/a><br \/>\n<a href=\"https:\/\/agora.xtec.cat\/ceip-prosperitat\/wp-content\/uploads\/usu1724\/2019\/01\/20190125_120345_1024x498.jpg\"><\/a><br \/>\n<a href=\"https:\/\/agora.xtec.cat\/ceip-prosperitat\/wp-content\/uploads\/usu1724\/2019\/01\/20190125_120324_1024x498.jpg\"><\/a><\/p>\n<p>&nbsp;<\/p>\n<p>Dos porxos<br \/>\n<a href=\"https:\/\/agora.xtec.cat\/ceip-prosperitat\/wp-content\/uploads\/usu1724\/2019\/02\/porxo-baix-1_1024x768.jpg\"><\/a> <a href=\"https:\/\/agora.xtec.cat\/ceip-prosperitat\/wp-content\/uploads\/usu1724\/2019\/02\/porxo-dalt_1024x768.jpg\"><\/a><\/p>\n<p>&nbsp;<br \/>\nHort<br \/>\n<a href=\"https:\/\/agora.xtec.cat\/ceip-prosperitat\/wp-content\/uploads\/usu1724\/2019\/02\/hort_1024x768.jpg\"><\/a><\/p>\n","protected":false},"author":1,"featured_media":0,"parent":629,"menu_order":40,"comment_status":"closed","ping_status":"closed","template":"page-templates\/side-menu.php","meta":{"_bbp_topic_count":0,"_bbp_reply_count":0,"_bbp_total_topic_count":0,"_bbp_total_reply_count":0,"_bbp_voice_count":0,"_bbp_anonymous_reply_count":0,"_bbp_topic_count_hidden":0,"_bbp_reply_count_hidden":0,"_bbp_forum_subforum_count":0,"footnotes":""},"class_list":["post-30","page","type-page","status-publish","hentry"],"post_mailing_queue_ids":[],"_links":{"self":[{"href":"https:\/\/agora.xtec.cat\/ceip-prosperitat\/wp-json\/wp\/v2\/pages\/30","targetHints":{"allow":["GET"]}}],"collection":[{"href":"https:\/\/agora.xtec.cat\/ceip-prosperitat\/wp-json\/wp\/v2\/pages"}],"about":[{"href":"https:\/\/agora.xtec.cat\/ceip-prosperitat\/wp-json\/wp\/v2\/types\/page"}],"author":[{"embeddable":true,"href":"https:\/\/agora.xtec.cat\/ceip-prosperitat\/wp-json\/wp\/v2\/users\/1"}],"replies":[{"embeddable":true,"href":"https:\/\/agora.xtec.cat\/ceip-prosperitat\/wp-json\/wp\/v2\/comments?post=30"}],"version-history":[{"count":4,"href":"https:\/\/agora.xtec.cat\/ceip-prosperitat\/wp-json\/wp\/v2\/pages\/30\/revisions"}],"predecessor-version":[{"id":5364,"href":"https:\/\/agora.xtec.cat\/ceip-prosperitat\/wp-json\/wp\/v2\/pages\/30\/revisions\/5364"}],"up":[{"embeddable":true,"href":"https:\/\/agora.xtec.cat\/ceip-prosperitat\/wp-json\/wp\/v2\/pages\/629"}],"wp:attachment":[{"href":"https:\/\/agora.xtec.cat\/ceip-prosperitat\/wp-json\/wp\/v2\/media?parent=30"}],"curies":[{"name":"wp","href":"https:\/\/api.w.org\/{rel}","templated":true}]}}