{"id":28,"date":"2020-11-04T12:00:35","date_gmt":"2020-11-04T11:00:35","guid":{"rendered":"http:\/\/agora.xtec.cat\/ceip-prosperitat\/?page_id=28"},"modified":"2020-11-05T21:48:43","modified_gmt":"2020-11-05T20:48:43","slug":"consell-escolar","status":"publish","type":"page","link":"https:\/\/agora.xtec.cat\/ceip-prosperitat\/lescola-2\/consell-escolar\/","title":{"rendered":"Consell escolar"},"content":{"rendered":"<h6 id=\"FW_bloc_951ef9be-5613-11e4-9770-000c29cdf219_3\" class=\"FW_ancora\"><span id=\"Qui_forma_el_consell_escolar\">Qui forma el consell escolar?<\/span><\/h6>\n<div class=\"FW_sArticleFoto\">\n<p>El formen els representants de tota la comunitat educativa:<\/p>\n<ul>\n<li>Equip directiu<\/li>\n<li>Mestres<\/li>\n<li>Fam\u00edlies<\/li>\n<li>Personal d\u2019administraci\u00f3 i serveis (PAS)<\/li>\n<li>Representant de l\u2019administraci\u00f3 local<\/li>\n<li>Altres persones que el mateix consell consideri necess\u00e0ries<\/li>\n<\/ul>\n<\/div>\n<h5 class=\"FW_ancora\"><span id=\"Persones_que_conformen_el_Consell_Escolarde_l8217escola_Calderon_per_al_curs_2016-2017\">Persones que conformen el Consell Escolar de l\u2019escola Prosperitat per al curs 2020 &#8211; 2021<\/span><\/h5>\n<p><strong>Representants equip directiu<\/strong><\/p>\n<ul>\n<li>Pilar A. (directora)<\/li>\n<li>Nat\u00e0lia F. (cap d&#8217;estudis)<\/li>\n<li>Montserrat J. (secret\u00e0ria)<\/li>\n<\/ul>\n<p><strong>Representants mestres<\/strong><\/p>\n<ul>\n<li>Laura G.<\/li>\n<li>Mar L.<\/li>\n<li>Sonia P.<\/li>\n<li>Montserrat S.<\/li>\n<\/ul>\n<p><strong>Representant PAS<\/strong><\/p>\n<ul>\n<li>Beatriz T.<\/li>\n<\/ul>\n<p><strong>Representants fam\u00edlies<\/strong><\/p>\n<ul>\n<li>Imma C.<\/li>\n<li>Sergio G.<\/li>\n<li>Let\u00edcia M.<\/li>\n<li>Aroa R.<\/li>\n<li>Sandra S.<\/li>\n<\/ul>\n<p><strong>Representant AMPA<\/strong><\/p>\n<ul>\n<li>Loli H.<\/li>\n<\/ul>\n<p><strong>Representant Ajuntament de Barcelona<\/strong><\/p>\n<ul>\n<li>Noem\u00ed A.<\/li>\n<\/ul>\n<h6 class=\"FW_ancora\">Quina \u00e9s la funci\u00f3 del consell escolar als centres p\u00fablics?<\/h6>\n<div class=\"FW_sArticleFoto\">\n<p>La funci\u00f3 principal del consell escolar \u00e9s participar en la presa de decisions en relaci\u00f3 amb aquells temes importants per al funcionament i l\u2019organitzaci\u00f3 del centre: el projecte educatiu, la programaci\u00f3 general, la gesti\u00f3 econ\u00f2mica, etc.<\/p>\n<h6 id=\"FW_bloc_951ef9be-5613-11e4-9770-000c29cdf219_7\" class=\"FW_ancora\"><span id=\"Com_podem_participar_en_les_eleccions_del_consell_escolar\">Com podem participar en les eleccions del consell escolar?<\/span><\/h6>\n<div class=\"FW_sArticleFoto\">\n<p>En les eleccions, les fam\u00edlies hi podeu participar de dues maneres diferents:<\/p>\n<ul>\n<li>Presentant-vos com a candidats per representar els pares i mares al consell escolar.<\/li>\n<li>Participant el dia que el centre convoqui les eleccions votant els candidats que considereu m\u00e9s representatius.<\/li>\n<\/ul>\n<\/div>\n<\/div>\n","protected":false},"excerpt":{"rendered":"<p>Qui forma el consell escolar?<\/p>\n<p>El formen els representants de tota la comunitat educativa:<\/p>\n<ul>\n<li>Equip directiu<\/li>\n<li>Mestres<\/li>\n<li>Fam\u00edlies<\/li>\n<li>Personal d\u2019administraci\u00f3 i serveis (PAS)<\/li>\n<li>Representant de l\u2019administraci\u00f3 local<\/li>\n<li>Altres persones que el mateix consell consideri necess\u00e0ries<\/li>\n<\/ul>\n<p>Persones que conformen el Consell Escolar de l\u2019escola Prosperitat per al curs 2020 &#8211; 2021<br \/>\nRepresentants equip directiu<\/p>\n<ul>\n<li>Pilar A.&hellip;  <a href=\"https:\/\/agora.xtec.cat\/ceip-prosperitat\/lescola-2\/consell-escolar\/\" title=\"Read Consell escolar\">Llegeix m\u00e9s\u00bb<\/a><br \/>\n","protected":false},"author":1,"featured_media":0,"parent":629,"menu_order":30,"comment_status":"closed","ping_status":"closed","template":"page-templates\/side-menu.php","meta":{"_bbp_topic_count":0,"_bbp_reply_count":0,"_bbp_total_topic_count":0,"_bbp_total_reply_count":0,"_bbp_voice_count":0,"_bbp_anonymous_reply_count":0,"_bbp_topic_count_hidden":0,"_bbp_reply_count_hidden":0,"_bbp_forum_subforum_count":0,"footnotes":""},"class_list":["post-28","page","type-page","status-publish","hentry"],"post_mailing_queue_ids":[],"_links":{"self":[{"href":"https:\/\/agora.xtec.cat\/ceip-prosperitat\/wp-json\/wp\/v2\/pages\/28","targetHints":{"allow":["GET"]}}],"collection":[{"href":"https:\/\/agora.xtec.cat\/ceip-prosperitat\/wp-json\/wp\/v2\/pages"}],"about":[{"href":"https:\/\/agora.xtec.cat\/ceip-prosperitat\/wp-json\/wp\/v2\/types\/page"}],"author":[{"embeddable":true,"href":"https:\/\/agora.xtec.cat\/ceip-prosperitat\/wp-json\/wp\/v2\/users\/1"}],"replies":[{"embeddable":true,"href":"https:\/\/agora.xtec.cat\/ceip-prosperitat\/wp-json\/wp\/v2\/comments?post=28"}],"version-history":[{"count":3,"href":"https:\/\/agora.xtec.cat\/ceip-prosperitat\/wp-json\/wp\/v2\/pages\/28\/revisions"}],"predecessor-version":[{"id":8890,"href":"https:\/\/agora.xtec.cat\/ceip-prosperitat\/wp-json\/wp\/v2\/pages\/28\/revisions\/8890"}],"up":[{"embeddable":true,"href":"https:\/\/agora.xtec.cat\/ceip-prosperitat\/wp-json\/wp\/v2\/pages\/629"}],"wp:attachment":[{"href":"https:\/\/agora.xtec.cat\/ceip-prosperitat\/wp-json\/wp\/v2\/media?parent=28"}],"curies":[{"name":"wp","href":"https:\/\/api.w.org\/{rel}","templated":true}]}}