{"id":26,"date":"2018-05-28T15:43:32","date_gmt":"2018-05-28T13:43:32","guid":{"rendered":"http:\/\/agora.xtec.cat\/ceip-prosperitat\/?page_id=26"},"modified":"2018-05-28T15:43:23","modified_gmt":"2018-05-28T13:43:23","slug":"historia","status":"publish","type":"page","link":"https:\/\/agora.xtec.cat\/ceip-prosperitat\/lescola-2\/historia\/","title":{"rendered":"Hist\u00f2ria"},"content":{"rendered":"<p>La nostra escola va n\u00e9ixer l\u2019any 1974 com a Cardenal Cisneros. Era una de les escoles m\u00e9s grans de Barcelona, amb una capacitat de 1500 alumnes i m\u00e9s de 40 mestres.<\/p>\n<p>El descens de la natalitat al barri va afectar al centre que va anar perdent l\u00ednies i mestres a mesura que disminu\u00efa la quantitat d\u2019alumnat.<\/p>\n<p>Des de l\u2019any 1985 es comparteix edifici amb l\u2019institut d\u2019ESO i Batxillerat Galileu Galilei. Les obres d\u2019adequaci\u00f3 s\u2019han anat fent progressivament i actualment la meitat de l\u2019edifici \u00e9s de l\u2019escola i la resta de l\u2019institut. Les entrades s\u00f3n independents i encara compartim gimn\u00e0s, menjador i pista esportiva.<\/p>\n<p>Actualment el nom de l\u2019escola \u00e9s Prosperitat. Va ser canviat fent un refer\u00e8ndum entre els alumnes, mares i pares aix\u00ed com els mestres de l\u2019escola, essent el de Prosperitat el que finalment va quedar seleccionat i aprovat pel Consell Escolar.<\/p>\n","protected":false},"excerpt":{"rendered":"<p>La nostra escola va n\u00e9ixer l\u2019any 1974 com a Cardenal Cisneros. Era una de les escoles m\u00e9s grans de Barcelona, amb una capacitat de 1500 alumnes i m\u00e9s de 40 mestres.<br \/>\nEl descens de la natalitat al barri va afectar al centre que va anar perdent&hellip;  <a href=\"https:\/\/agora.xtec.cat\/ceip-prosperitat\/lescola-2\/historia\/\" title=\"Read Hist\u00f2ria\">Llegeix m\u00e9s\u00bb<\/a><\/p>\n","protected":false},"author":1,"featured_media":0,"parent":629,"menu_order":20,"comment_status":"closed","ping_status":"closed","template":"page-templates\/side-menu.php","meta":{"_bbp_topic_count":0,"_bbp_reply_count":0,"_bbp_total_topic_count":0,"_bbp_total_reply_count":0,"_bbp_voice_count":0,"_bbp_anonymous_reply_count":0,"_bbp_topic_count_hidden":0,"_bbp_reply_count_hidden":0,"_bbp_forum_subforum_count":0,"footnotes":""},"class_list":["post-26","page","type-page","status-publish","hentry"],"post_mailing_queue_ids":[],"_links":{"self":[{"href":"https:\/\/agora.xtec.cat\/ceip-prosperitat\/wp-json\/wp\/v2\/pages\/26","targetHints":{"allow":["GET"]}}],"collection":[{"href":"https:\/\/agora.xtec.cat\/ceip-prosperitat\/wp-json\/wp\/v2\/pages"}],"about":[{"href":"https:\/\/agora.xtec.cat\/ceip-prosperitat\/wp-json\/wp\/v2\/types\/page"}],"author":[{"embeddable":true,"href":"https:\/\/agora.xtec.cat\/ceip-prosperitat\/wp-json\/wp\/v2\/users\/1"}],"replies":[{"embeddable":true,"href":"https:\/\/agora.xtec.cat\/ceip-prosperitat\/wp-json\/wp\/v2\/comments?post=26"}],"version-history":[{"count":2,"href":"https:\/\/agora.xtec.cat\/ceip-prosperitat\/wp-json\/wp\/v2\/pages\/26\/revisions"}],"predecessor-version":[{"id":545,"href":"https:\/\/agora.xtec.cat\/ceip-prosperitat\/wp-json\/wp\/v2\/pages\/26\/revisions\/545"}],"up":[{"embeddable":true,"href":"https:\/\/agora.xtec.cat\/ceip-prosperitat\/wp-json\/wp\/v2\/pages\/629"}],"wp:attachment":[{"href":"https:\/\/agora.xtec.cat\/ceip-prosperitat\/wp-json\/wp\/v2\/media?parent=26"}],"curies":[{"name":"wp","href":"https:\/\/api.w.org\/{rel}","templated":true}]}}