{"id":1203,"date":"2018-10-31T13:00:11","date_gmt":"2018-10-31T12:00:11","guid":{"rendered":"http:\/\/agora.xtec.cat\/ceip-prosperitat\/?page_id=1203"},"modified":"2019-10-25T13:35:47","modified_gmt":"2019-10-25T11:35:47","slug":"patrimoniam","status":"publish","type":"page","link":"https:\/\/agora.xtec.cat\/ceip-prosperitat\/projecte-educatiu\/patrimoniam\/","title":{"rendered":"Patrimonia&#8217;m"},"content":{"rendered":"<p>\u00c9s un programa organitzat pel MUHBA (Museu d\u2019Hist\u00f2ria de Barcelona) adre\u00e7at a l\u2019alumnat de Cicle Superior. El professorat compta amb l\u2019assessorament de professionals del MUHBA.<\/p>\n<p>Els alumnes de 6\u00e8. esdevenen\u00a0patrimoniadors\u00a0d\u2019un element hist\u00f2ric del barri, en el nostre cas, el castell de Torre Bar\u00f3. Els alumnes de 5\u00e8. seran pre-patrimoniadors. L\u2019edifici \u00e9s l\u2019eix a partir del qual s\u2019estructura una part de l\u2019aprenentatge de l\u2019\u00e0mbit de coneixement del medi natural, social i cultural.<\/p>\n<p>&nbsp;<\/p>\n<p>AL CICLE SUPERIOR TREBALLEM DE FORMA COL\u00b7LABORATIVA<\/p>\n<p>Aquest curs, els alumnes de 5\u00e8 hem treballat molt de forma col\u00b7laborativa\/cooperativa amb els companys i companyes de 6\u00e8. A principi de curs, lligat al projecte de Patrimonia\u2019m, vam fer un dibuix del castell de Torre Bar\u00f3. Es va dividir el dibuix en 50 trocets iguals i cadasc\u00fa havia de fer el seu, per\u00f2 per fer-ho b\u00e9 hav\u00edem de parlar, observar, pendre mides, decidir les tonalitats dels colors,&#8230; amb els companys que tenien el trocet de dibuix m\u00e9s proper al nostre. No \u00e9s una feina f\u00e0cil, per\u00f2 la veritat que el resultat final va ser molt bo i maco.<\/p>\n<p><a href=\"https:\/\/agora.xtec.cat\/ceip-prosperitat\/wp-content\/uploads\/usu1724\/2018\/11\/torrebaro3.jpg\"><img loading=\"lazy\" decoding=\"async\" class=\"alignnone size-full wp-image-1236\" src=\"https:\/\/agora.xtec.cat\/ceip-prosperitat\/wp-content\/uploads\/usu1724\/2018\/11\/torrebaro3.jpg\" alt=\"\" width=\"614\" height=\"621\" srcset=\"https:\/\/agora.xtec.cat\/ceip-prosperitat\/wp-content\/uploads\/usu1724\/2018\/11\/torrebaro3.jpg 614w, https:\/\/agora.xtec.cat\/ceip-prosperitat\/wp-content\/uploads\/usu1724\/2018\/11\/torrebaro3-297x300.jpg 297w\" sizes=\"auto, (max-width: 614px) 100vw, 614px\" \/><\/a><\/p>\n<p>Al tercer trimestre ho hem tornat a fer. En petits grups barrejats dels cicle superior, hem dissenyat i constru\u00eft castells amb material de reutilitzaci\u00f3. En ell havien d\u2019apar\u00e8ixer els elements caracter\u00edstics d\u2019un castell que hav\u00edem treballat a la classe, com el matac\u00e0, les espitlleres, merlet, etc. I despr\u00e9s tamb\u00e9 incloure elements extres com personatges de l\u2019\u00e8poca, escuts, banderes&#8230;<\/p>\n<p><a href=\"https:\/\/agora.xtec.cat\/ceip-prosperitat\/wp-content\/uploads\/usu1724\/2018\/10\/dibuix_opt.jpg\"><img loading=\"lazy\" decoding=\"async\" class=\"alignnone wp-image-1214 size-medium\" src=\"https:\/\/agora.xtec.cat\/ceip-prosperitat\/wp-content\/uploads\/usu1724\/2018\/10\/dibuix_opt-225x300.jpg\" alt=\"\" width=\"225\" height=\"300\" srcset=\"https:\/\/agora.xtec.cat\/ceip-prosperitat\/wp-content\/uploads\/usu1724\/2018\/10\/dibuix_opt-225x300.jpg 225w, https:\/\/agora.xtec.cat\/ceip-prosperitat\/wp-content\/uploads\/usu1724\/2018\/10\/dibuix_opt.jpg 400w\" sizes=\"auto, (max-width: 225px) 100vw, 225px\" \/><\/a> <a href=\"https:\/\/agora.xtec.cat\/ceip-prosperitat\/wp-content\/uploads\/usu1724\/2018\/10\/foto_opt.jpg\"><img loading=\"lazy\" decoding=\"async\" class=\"alignnone wp-image-1213 size-medium\" src=\"https:\/\/agora.xtec.cat\/ceip-prosperitat\/wp-content\/uploads\/usu1724\/2018\/10\/foto_opt-225x300.jpg\" alt=\"\" width=\"225\" height=\"300\" srcset=\"https:\/\/agora.xtec.cat\/ceip-prosperitat\/wp-content\/uploads\/usu1724\/2018\/10\/foto_opt-225x300.jpg 225w, https:\/\/agora.xtec.cat\/ceip-prosperitat\/wp-content\/uploads\/usu1724\/2018\/10\/foto_opt.jpg 400w\" sizes=\"auto, (max-width: 225px) 100vw, 225px\" \/><\/a><\/p>\n<p>En aquest v\u00eddeo podeu veure una mostra de la feina realitzada:<\/p>\n<p>https:\/\/youtu.be\/OhvUdNFi1q8<\/p>\n<p><a href=\"https:\/\/agora.xtec.cat\/ceip-prosperitat\/wp-content\/uploads\/usu1724\/2018\/11\/torrebaro1-1.jpg\"><img loading=\"lazy\" decoding=\"async\" class=\"alignnone size-full wp-image-1240\" src=\"https:\/\/agora.xtec.cat\/ceip-prosperitat\/wp-content\/uploads\/usu1724\/2018\/11\/torrebaro1-1.jpg\" alt=\"\" width=\"495\" height=\"717\" srcset=\"https:\/\/agora.xtec.cat\/ceip-prosperitat\/wp-content\/uploads\/usu1724\/2018\/11\/torrebaro1-1.jpg 495w, https:\/\/agora.xtec.cat\/ceip-prosperitat\/wp-content\/uploads\/usu1724\/2018\/11\/torrebaro1-1-207x300.jpg 207w\" sizes=\"auto, (max-width: 495px) 100vw, 495px\" \/><\/a><\/p>\n<p>&nbsp;<\/p>\n<p><a href=\"https:\/\/agora.xtec.cat\/ceip-prosperitat\/wp-content\/uploads\/usu1724\/2018\/11\/torrebaro2.jpg\"><img loading=\"lazy\" decoding=\"async\" class=\"alignnone size-full wp-image-1238\" src=\"https:\/\/agora.xtec.cat\/ceip-prosperitat\/wp-content\/uploads\/usu1724\/2018\/11\/torrebaro2.jpg\" alt=\"\" width=\"506\" height=\"684\" srcset=\"https:\/\/agora.xtec.cat\/ceip-prosperitat\/wp-content\/uploads\/usu1724\/2018\/11\/torrebaro2.jpg 506w, https:\/\/agora.xtec.cat\/ceip-prosperitat\/wp-content\/uploads\/usu1724\/2018\/11\/torrebaro2-222x300.jpg 222w\" sizes=\"auto, (max-width: 506px) 100vw, 506px\" \/><\/a><\/p>\n","protected":false},"excerpt":{"rendered":"<p>\u00c9s un programa organitzat pel MUHBA (Museu d\u2019Hist\u00f2ria de Barcelona) adre\u00e7at a l\u2019alumnat de Cicle Superior. El professorat compta amb l\u2019assessorament de professionals del MUHBA.<br \/>\nEls alumnes de 6\u00e8. esdevenen\u00a0patrimoniadors\u00a0d\u2019un element hist\u00f2ric del barri, en el nostre cas, el castell de Torre Bar\u00f3. Els alumnes de&hellip;  <a href=\"https:\/\/agora.xtec.cat\/ceip-prosperitat\/projecte-educatiu\/patrimoniam\/\" title=\"Read Patrimonia&#8217;m\">Llegeix m\u00e9s\u00bb<\/a><\/p>\n","protected":false},"author":1,"featured_media":0,"parent":64,"menu_order":0,"comment_status":"closed","ping_status":"closed","template":"","meta":{"_bbp_topic_count":0,"_bbp_reply_count":0,"_bbp_total_topic_count":0,"_bbp_total_reply_count":0,"_bbp_voice_count":0,"_bbp_anonymous_reply_count":0,"_bbp_topic_count_hidden":0,"_bbp_reply_count_hidden":0,"_bbp_forum_subforum_count":0,"footnotes":""},"class_list":["post-1203","page","type-page","status-publish","hentry"],"post_mailing_queue_ids":[],"_links":{"self":[{"href":"https:\/\/agora.xtec.cat\/ceip-prosperitat\/wp-json\/wp\/v2\/pages\/1203","targetHints":{"allow":["GET"]}}],"collection":[{"href":"https:\/\/agora.xtec.cat\/ceip-prosperitat\/wp-json\/wp\/v2\/pages"}],"about":[{"href":"https:\/\/agora.xtec.cat\/ceip-prosperitat\/wp-json\/wp\/v2\/types\/page"}],"author":[{"embeddable":true,"href":"https:\/\/agora.xtec.cat\/ceip-prosperitat\/wp-json\/wp\/v2\/users\/1"}],"replies":[{"embeddable":true,"href":"https:\/\/agora.xtec.cat\/ceip-prosperitat\/wp-json\/wp\/v2\/comments?post=1203"}],"version-history":[{"count":4,"href":"https:\/\/agora.xtec.cat\/ceip-prosperitat\/wp-json\/wp\/v2\/pages\/1203\/revisions"}],"predecessor-version":[{"id":4139,"href":"https:\/\/agora.xtec.cat\/ceip-prosperitat\/wp-json\/wp\/v2\/pages\/1203\/revisions\/4139"}],"up":[{"embeddable":true,"href":"https:\/\/agora.xtec.cat\/ceip-prosperitat\/wp-json\/wp\/v2\/pages\/64"}],"wp:attachment":[{"href":"https:\/\/agora.xtec.cat\/ceip-prosperitat\/wp-json\/wp\/v2\/media?parent=1203"}],"curies":[{"name":"wp","href":"https:\/\/api.w.org\/{rel}","templated":true}]}}