{"id":8712,"date":"2022-02-17T13:00:33","date_gmt":"2022-02-17T12:00:33","guid":{"rendered":"https:\/\/agora.xtec.cat\/ceip-practiques1-lleida\/?page_id=8712"},"modified":"2026-01-25T16:32:21","modified_gmt":"2026-01-25T15:32:21","slug":"equipament-escolar","status":"publish","type":"page","link":"https:\/\/agora.xtec.cat\/ceip-practiques1-lleida\/ampa\/serveis\/equipament-escolar\/","title":{"rendered":"Equipament escolar"},"content":{"rendered":"<h3 style=\"margin: 0cm; margin-bottom: .0001pt; background: white; vertical-align: baseline;\"><u><\/u><span style=\"text-decoration: underline;\"><strong style=\"font-size: 1.6875em;\">Equipament esportiu<\/strong><\/span><\/h3>\n<p>&nbsp;<\/p>\n<p style=\"text-align: justify;\">L\u2019Escola Pr\u00e0ctiques 1 t\u00e9 a disposici\u00f3 de l\u2019alumnat l\u2019equipament esportiu que han de dur a la classe d\u2019educaci\u00f3 f\u00edsica o de psicomotricitat. Tamb\u00e9 \u00e9s important portar-lo a les sortides fora de l&#8217;escola.<\/p>\n<p style=\"text-align: justify;\">El podeu comprar a l\u2019oficina de l\u2019AFA. Us recomanem les malles llargues, son molt c\u00f2modes.<\/p>\n<p style=\"text-align: justify;\">A m\u00e9s de portar el logotip impr\u00e8s, les diferents peces llueixen els colors distintius del nostre centre: el blau i el taronja.<\/p>\n<p><a href=\"https:\/\/agora.xtec.cat\/ceip-practiques1-lleida\/wp-content\/uploads\/usu1761\/2022\/02\/xandall_superior_practiques1.jpg\"><img loading=\"lazy\" decoding=\"async\" class=\"alignnone wp-image-8718\" src=\"https:\/\/agora.xtec.cat\/ceip-practiques1-lleida\/wp-content\/uploads\/usu1761\/2022\/02\/xandall_superior_practiques1.jpg\" alt=\"\" width=\"507\" height=\"281\" srcset=\"https:\/\/agora.xtec.cat\/ceip-practiques1-lleida\/wp-content\/uploads\/usu1761\/2022\/02\/xandall_superior_practiques1.jpg 752w, https:\/\/agora.xtec.cat\/ceip-practiques1-lleida\/wp-content\/uploads\/usu1761\/2022\/02\/xandall_superior_practiques1-300x167.jpg 300w\" sizes=\"auto, (max-width: 507px) 100vw, 507px\" \/><\/a><\/p>\n<p>Jaqueta xandall <strong>18\u20ac<\/strong><\/p>\n<p><a href=\"https:\/\/agora.xtec.cat\/ceip-practiques1-lleida\/wp-content\/uploads\/usu1761\/2022\/02\/xandall_inferior_practiques1.jpg\"><img loading=\"lazy\" decoding=\"async\" class=\"alignnone wp-image-8717\" src=\"https:\/\/agora.xtec.cat\/ceip-practiques1-lleida\/wp-content\/uploads\/usu1761\/2022\/02\/xandall_inferior_practiques1.jpg\" alt=\"\" width=\"416\" height=\"373\" srcset=\"https:\/\/agora.xtec.cat\/ceip-practiques1-lleida\/wp-content\/uploads\/usu1761\/2022\/02\/xandall_inferior_practiques1.jpg 583w, https:\/\/agora.xtec.cat\/ceip-practiques1-lleida\/wp-content\/uploads\/usu1761\/2022\/02\/xandall_inferior_practiques1-300x269.jpg 300w\" sizes=\"auto, (max-width: 416px) 100vw, 416px\" \/><\/a><\/p>\n<p>Pantalons xandall <strong>16\u20ac<\/strong><\/p>\n<p><a href=\"https:\/\/agora.xtec.cat\/ceip-practiques1-lleida\/wp-content\/uploads\/usu1761\/2022\/02\/samarreta_mllarga_practiques1.jpg\"><img loading=\"lazy\" decoding=\"async\" class=\"alignnone wp-image-8716\" src=\"https:\/\/agora.xtec.cat\/ceip-practiques1-lleida\/wp-content\/uploads\/usu1761\/2022\/02\/samarreta_mllarga_practiques1.jpg\" alt=\"\" width=\"394\" height=\"210\" srcset=\"https:\/\/agora.xtec.cat\/ceip-practiques1-lleida\/wp-content\/uploads\/usu1761\/2022\/02\/samarreta_mllarga_practiques1.jpg 980w, https:\/\/agora.xtec.cat\/ceip-practiques1-lleida\/wp-content\/uploads\/usu1761\/2022\/02\/samarreta_mllarga_practiques1-300x160.jpg 300w, https:\/\/agora.xtec.cat\/ceip-practiques1-lleida\/wp-content\/uploads\/usu1761\/2022\/02\/samarreta_mllarga_practiques1-768x409.jpg 768w\" sizes=\"auto, (max-width: 394px) 100vw, 394px\" \/><\/a><a href=\"https:\/\/agora.xtec.cat\/ceip-practiques1-lleida\/wp-content\/uploads\/usu1761\/2022\/02\/malles_practiques1.jpg\"><img loading=\"lazy\" decoding=\"async\" class=\"alignnone wp-image-8713\" src=\"https:\/\/agora.xtec.cat\/ceip-practiques1-lleida\/wp-content\/uploads\/usu1761\/2022\/02\/malles_practiques1.jpg\" alt=\"\" width=\"165\" height=\"245\" srcset=\"https:\/\/agora.xtec.cat\/ceip-practiques1-lleida\/wp-content\/uploads\/usu1761\/2022\/02\/malles_practiques1.jpg 353w, https:\/\/agora.xtec.cat\/ceip-practiques1-lleida\/wp-content\/uploads\/usu1761\/2022\/02\/malles_practiques1-201x300.jpg 201w\" sizes=\"auto, (max-width: 165px) 100vw, 165px\" \/><\/a><\/p>\n<p>Samarreta m\u00e0niga llarga <strong>13\u20ac<br \/>\n<\/strong><\/p>\n<p>Leggings (NOVETAT 2023) <strong>14\u20ac<\/strong><\/p>\n<p><a href=\"https:\/\/agora.xtec.cat\/ceip-practiques1-lleida\/wp-content\/uploads\/usu1761\/2022\/02\/pantalons_curts_practiques1.jpg\"><img loading=\"lazy\" decoding=\"async\" class=\"alignnone wp-image-8714\" src=\"https:\/\/agora.xtec.cat\/ceip-practiques1-lleida\/wp-content\/uploads\/usu1761\/2022\/02\/pantalons_curts_practiques1.jpg\" alt=\"\" width=\"308\" height=\"146\" srcset=\"https:\/\/agora.xtec.cat\/ceip-practiques1-lleida\/wp-content\/uploads\/usu1761\/2022\/02\/pantalons_curts_practiques1.jpg 606w, https:\/\/agora.xtec.cat\/ceip-practiques1-lleida\/wp-content\/uploads\/usu1761\/2022\/02\/pantalons_curts_practiques1-300x143.jpg 300w\" sizes=\"auto, (max-width: 308px) 100vw, 308px\" \/><\/a><\/p>\n<p>Pantalons curts <strong>10\u20ac<\/strong><\/p>\n<p><a href=\"https:\/\/agora.xtec.cat\/ceip-practiques1-lleida\/wp-content\/uploads\/usu1761\/2022\/02\/samarreta_mcurta_practiques1.jpg\"><img loading=\"lazy\" decoding=\"async\" class=\"alignnone wp-image-8715\" src=\"https:\/\/agora.xtec.cat\/ceip-practiques1-lleida\/wp-content\/uploads\/usu1761\/2022\/02\/samarreta_mcurta_practiques1.jpg\" alt=\"\" width=\"369\" height=\"206\" srcset=\"https:\/\/agora.xtec.cat\/ceip-practiques1-lleida\/wp-content\/uploads\/usu1761\/2022\/02\/samarreta_mcurta_practiques1.jpg 943w, https:\/\/agora.xtec.cat\/ceip-practiques1-lleida\/wp-content\/uploads\/usu1761\/2022\/02\/samarreta_mcurta_practiques1-300x167.jpg 300w, https:\/\/agora.xtec.cat\/ceip-practiques1-lleida\/wp-content\/uploads\/usu1761\/2022\/02\/samarreta_mcurta_practiques1-768x428.jpg 768w\" sizes=\"auto, (max-width: 369px) 100vw, 369px\" \/><\/a><\/p>\n<p>Samarreta m\u00e0niga curta <strong>12\u20ac<\/strong><\/p>\n<p>&nbsp;<\/p>\n<h2><span style=\"text-decoration: underline;\"><strong>La bata de l&#8217;escola<\/strong><\/span><\/h2>\n<p style=\"text-align: justify;\">La bata tamb\u00e9 \u00e9s d&#8217;\u00fas obligatori, i t\u00e9 un cost de <strong>17\u20ac <\/strong>per\u00f2 nom\u00e9s des d\u2019I3 fins a 2n de Prim\u00e0ria. A partir de 3r \u00e9s opcional: poden portar-la a la classe de pl\u00e0stica, per no embrutar-se la roba.<\/p>\n<p><a href=\"https:\/\/agora.xtec.cat\/ceip-practiques1-lleida\/wp-content\/uploads\/usu1761\/2022\/02\/bata2.jpg\"><img loading=\"lazy\" decoding=\"async\" class=\"alignnone wp-image-8728\" src=\"https:\/\/agora.xtec.cat\/ceip-practiques1-lleida\/wp-content\/uploads\/usu1761\/2022\/02\/bata2.jpg\" alt=\"\" width=\"366\" height=\"345\" srcset=\"https:\/\/agora.xtec.cat\/ceip-practiques1-lleida\/wp-content\/uploads\/usu1761\/2022\/02\/bata2.jpg 423w, https:\/\/agora.xtec.cat\/ceip-practiques1-lleida\/wp-content\/uploads\/usu1761\/2022\/02\/bata2-300x283.jpg 300w\" sizes=\"auto, (max-width: 366px) 100vw, 366px\" \/> \u00a0 \u00a0 \u00a0 \u00a0<\/a><a href=\"https:\/\/agora.xtec.cat\/ceip-practiques1-lleida\/wp-content\/uploads\/usu1761\/2022\/02\/bata1.jpg\"><img loading=\"lazy\" decoding=\"async\" class=\"alignnone wp-image-8727\" src=\"https:\/\/agora.xtec.cat\/ceip-practiques1-lleida\/wp-content\/uploads\/usu1761\/2022\/02\/bata1.jpg\" alt=\"\" width=\"438\" height=\"347\" srcset=\"https:\/\/agora.xtec.cat\/ceip-practiques1-lleida\/wp-content\/uploads\/usu1761\/2022\/02\/bata1.jpg 468w, https:\/\/agora.xtec.cat\/ceip-practiques1-lleida\/wp-content\/uploads\/usu1761\/2022\/02\/bata1-300x238.jpg 300w\" sizes=\"auto, (max-width: 438px) 100vw, 438px\" \/><\/a><\/p>\n<p>&nbsp;<\/p>\n<h2><span style=\"font-size: 16px; -webkit-text-size-adjust: 100%;\">Les comandes de l&#8217;equipament escolar es fan a trav\u00e9s de l&#8217;<\/span><a style=\"font-size: 16px; -webkit-text-size-adjust: 100%;\" href=\"https:\/\/agora.xtec.cat\/ceip-practiques1-lleida\/ampa\/informacio-practica\/\">oficina de l&#8217;AFA<\/a><span style=\"font-size: 16px; -webkit-text-size-adjust: 100%;\">.<\/span><\/h2>\n","protected":false},"excerpt":{"rendered":"<p>Equipament esportiu &nbsp; L\u2019Escola Pr\u00e0ctiques 1 t\u00e9 a disposici\u00f3 de l\u2019alumnat l\u2019equipament esportiu que han de dur a la classe d\u2019educaci\u00f3 f\u00edsica o de psicomotricitat. Tamb\u00e9 \u00e9s important portar-lo a les sortides fora de l&#8217;escola. El podeu comprar a l\u2019oficina de l\u2019AFA. Us recomanem les malles llargues, son molt c\u00f2modes. A m\u00e9s de portar el [&hellip;]<\/p>\n","protected":false},"author":18,"featured_media":0,"parent":66,"menu_order":6,"comment_status":"closed","ping_status":"closed","template":"","meta":{"_bbp_topic_count":0,"_bbp_reply_count":0,"_bbp_total_topic_count":0,"_bbp_total_reply_count":0,"_bbp_voice_count":0,"_bbp_anonymous_reply_count":0,"_bbp_topic_count_hidden":0,"_bbp_reply_count_hidden":0,"_bbp_forum_subforum_count":0,"site-sidebar-layout":"default","site-content-layout":"","ast-site-content-layout":"default","site-content-style":"default","site-sidebar-style":"default","ast-global-header-display":"","ast-banner-title-visibility":"","ast-main-header-display":"","ast-hfb-above-header-display":"","ast-hfb-below-header-display":"","ast-hfb-mobile-header-display":"","site-post-title":"","ast-breadcrumbs-content":"","ast-featured-img":"","footer-sml-layout":"","theme-transparent-header-meta":"default","adv-header-id-meta":"","stick-header-meta":"","header-above-stick-meta":"","header-main-stick-meta":"","header-below-stick-meta":"","astra-migrate-meta-layouts":"set","ast-page-background-enabled":"default","ast-page-background-meta":{"desktop":{"background-color":"var(--ast-global-color-4)","background-image":"","background-repeat":"repeat","background-position":"center center","background-size":"auto","background-attachment":"scroll","background-type":"","background-media":"","overlay-type":"","overlay-color":"","overlay-opacity":"","overlay-gradient":""},"tablet":{"background-color":"","background-image":"","background-repeat":"repeat","background-position":"center center","background-size":"auto","background-attachment":"scroll","background-type":"","background-media":"","overlay-type":"","overlay-color":"","overlay-opacity":"","overlay-gradient":""},"mobile":{"background-color":"","background-image":"","background-repeat":"repeat","background-position":"center center","background-size":"auto","background-attachment":"scroll","background-type":"","background-media":"","overlay-type":"","overlay-color":"","overlay-opacity":"","overlay-gradient":""}},"ast-content-background-meta":{"desktop":{"background-color":"var(--ast-global-color-5)","background-image":"","background-repeat":"repeat","background-position":"center center","background-size":"auto","background-attachment":"scroll","background-type":"","background-media":"","overlay-type":"","overlay-color":"","overlay-opacity":"","overlay-gradient":""},"tablet":{"background-color":"var(--ast-global-color-5)","background-image":"","background-repeat":"repeat","background-position":"center center","background-size":"auto","background-attachment":"scroll","background-type":"","background-media":"","overlay-type":"","overlay-color":"","overlay-opacity":"","overlay-gradient":""},"mobile":{"background-color":"var(--ast-global-color-5)","background-image":"","background-repeat":"repeat","background-position":"center center","background-size":"auto","background-attachment":"scroll","background-type":"","background-media":"","overlay-type":"","overlay-color":"","overlay-opacity":"","overlay-gradient":""}},"footnotes":""},"class_list":["post-8712","page","type-page","status-publish","hentry"],"post_mailing_queue_ids":[],"_links":{"self":[{"href":"https:\/\/agora.xtec.cat\/ceip-practiques1-lleida\/wp-json\/wp\/v2\/pages\/8712","targetHints":{"allow":["GET"]}}],"collection":[{"href":"https:\/\/agora.xtec.cat\/ceip-practiques1-lleida\/wp-json\/wp\/v2\/pages"}],"about":[{"href":"https:\/\/agora.xtec.cat\/ceip-practiques1-lleida\/wp-json\/wp\/v2\/types\/page"}],"author":[{"embeddable":true,"href":"https:\/\/agora.xtec.cat\/ceip-practiques1-lleida\/wp-json\/wp\/v2\/users\/18"}],"replies":[{"embeddable":true,"href":"https:\/\/agora.xtec.cat\/ceip-practiques1-lleida\/wp-json\/wp\/v2\/comments?post=8712"}],"version-history":[{"count":6,"href":"https:\/\/agora.xtec.cat\/ceip-practiques1-lleida\/wp-json\/wp\/v2\/pages\/8712\/revisions"}],"predecessor-version":[{"id":21255,"href":"https:\/\/agora.xtec.cat\/ceip-practiques1-lleida\/wp-json\/wp\/v2\/pages\/8712\/revisions\/21255"}],"up":[{"embeddable":true,"href":"https:\/\/agora.xtec.cat\/ceip-practiques1-lleida\/wp-json\/wp\/v2\/pages\/66"}],"wp:attachment":[{"href":"https:\/\/agora.xtec.cat\/ceip-practiques1-lleida\/wp-json\/wp\/v2\/media?parent=8712"}],"curies":[{"name":"wp","href":"https:\/\/api.w.org\/{rel}","templated":true}]}}