{"id":82,"date":"2014-09-18T14:10:51","date_gmt":"2014-09-18T13:10:51","guid":{"rendered":"http:\/\/agora.xtec.cat\/ceip-practiques1-lleida\/?page_id=82"},"modified":"2026-01-23T20:34:37","modified_gmt":"2026-01-23T19:34:37","slug":"casal-destiu","status":"publish","type":"page","link":"https:\/\/agora.xtec.cat\/ceip-practiques1-lleida\/ampa\/serveis\/casal-destiu\/","title":{"rendered":"Tardes i matins de juny"},"content":{"rendered":"<p style=\"text-align: justify;\"><span style=\"font-weight: 400;\">Les setmanes que l\u2019escola t\u00e9 una jornada intensiva al mes de juny, l\u2019AFA ofereix la possibilitat d\u2019ampliar aquests horaris a c\u00e0rrec el personal monitor de menjador, i sempre en funci\u00f3 de la demanda de fam\u00edlies.<\/span><\/p>\n<p style=\"text-align: justify;\"><span style=\"font-weight: 400;\"><br \/>\nTardes de juny<\/span><span style=\"font-weight: 400;\">: tardes del curs escolar amb jornada intensiva (aix\u00f2 \u00e9s, fins les 13 h sense menjador o fins les 15 h l\u2019infant que s\u2019hi quedi):<\/span><\/p>\n<p style=\"text-align: justify;\"><span style=\"font-weight: 400;\"><br \/>\n<\/span><span style=\"font-weight: 400;\">&#8211; De 15.00 h a 17.00 h &#8211; 58 \u20ac* (preu unitari de 3 setmanes)<br \/>\n&#8211; 7 \u20ac* \/ dia espor\u00e0dic<\/span><span style=\"font-weight: 400;\"><br \/>\n<\/span><span style=\"font-weight: 400;\"><br \/>\nMatins de juny<\/span><span style=\"font-weight: 400;\">: els darrers dies del mes un cop finalitzat el curs escolar.<\/span><\/p>\n<p style=\"text-align: justify;\"><span style=\"font-weight: 400;\"><br \/>\n<\/span><span style=\"font-weight: 400;\">&#8211; De 9.00 h a 14.00 sense menjador &#8211; 75 \u20ac* (preu unitari de 3 setmanes) &#8211; 6,5 \u20ac* \/dia espor\u00e0dic<br \/>\n<\/span><span style=\"font-weight: 400;\">&#8211; De 9.00 h a 15.00 amb menjador &#8211; 107,5 \u20ac* (preu unitari de 3 setmanes) &#8211; 6,5 \u20ac* menjador \/dia espor\u00e0dic<\/span><\/p>\n<p><span style=\"font-weight: 400;\">*Els preus s\u00f3n orientatius i no definitius a l\u2019espera del n\u00famero d\u2019inscrits.<\/span><\/p>\n","protected":false},"excerpt":{"rendered":"<p>Les setmanes que l\u2019escola t\u00e9 una jornada intensiva al mes de juny, l\u2019AFA ofereix la possibilitat d\u2019ampliar aquests horaris a c\u00e0rrec el personal monitor de menjador, i sempre en funci\u00f3 de la demanda de fam\u00edlies. Tardes de juny: tardes del curs escolar amb jornada intensiva (aix\u00f2 \u00e9s, fins les 13 h sense menjador o fins [&hellip;]<\/p>\n","protected":false},"author":1,"featured_media":0,"parent":66,"menu_order":5,"comment_status":"closed","ping_status":"closed","template":"","meta":{"_bbp_topic_count":0,"_bbp_reply_count":0,"_bbp_total_topic_count":0,"_bbp_total_reply_count":0,"_bbp_voice_count":0,"_bbp_anonymous_reply_count":0,"_bbp_topic_count_hidden":0,"_bbp_reply_count_hidden":0,"_bbp_forum_subforum_count":0,"site-sidebar-layout":"default","site-content-layout":"","ast-site-content-layout":"default","site-content-style":"default","site-sidebar-style":"default","ast-global-header-display":"","ast-banner-title-visibility":"","ast-main-header-display":"","ast-hfb-above-header-display":"","ast-hfb-below-header-display":"","ast-hfb-mobile-header-display":"","site-post-title":"","ast-breadcrumbs-content":"","ast-featured-img":"","footer-sml-layout":"","theme-transparent-header-meta":"default","adv-header-id-meta":"","stick-header-meta":"","header-above-stick-meta":"","header-main-stick-meta":"","header-below-stick-meta":"","astra-migrate-meta-layouts":"set","ast-page-background-enabled":"default","ast-page-background-meta":{"desktop":{"background-color":"var(--ast-global-color-4)","background-image":"","background-repeat":"repeat","background-position":"center center","background-size":"auto","background-attachment":"scroll","background-type":"","background-media":"","overlay-type":"","overlay-color":"","overlay-opacity":"","overlay-gradient":""},"tablet":{"background-color":"","background-image":"","background-repeat":"repeat","background-position":"center center","background-size":"auto","background-attachment":"scroll","background-type":"","background-media":"","overlay-type":"","overlay-color":"","overlay-opacity":"","overlay-gradient":""},"mobile":{"background-color":"","background-image":"","background-repeat":"repeat","background-position":"center center","background-size":"auto","background-attachment":"scroll","background-type":"","background-media":"","overlay-type":"","overlay-color":"","overlay-opacity":"","overlay-gradient":""}},"ast-content-background-meta":{"desktop":{"background-color":"var(--ast-global-color-5)","background-image":"","background-repeat":"repeat","background-position":"center center","background-size":"auto","background-attachment":"scroll","background-type":"","background-media":"","overlay-type":"","overlay-color":"","overlay-opacity":"","overlay-gradient":""},"tablet":{"background-color":"var(--ast-global-color-5)","background-image":"","background-repeat":"repeat","background-position":"center center","background-size":"auto","background-attachment":"scroll","background-type":"","background-media":"","overlay-type":"","overlay-color":"","overlay-opacity":"","overlay-gradient":""},"mobile":{"background-color":"var(--ast-global-color-5)","background-image":"","background-repeat":"repeat","background-position":"center center","background-size":"auto","background-attachment":"scroll","background-type":"","background-media":"","overlay-type":"","overlay-color":"","overlay-opacity":"","overlay-gradient":""}},"footnotes":""},"class_list":["post-82","page","type-page","status-publish","hentry"],"post_mailing_queue_ids":[],"_links":{"self":[{"href":"https:\/\/agora.xtec.cat\/ceip-practiques1-lleida\/wp-json\/wp\/v2\/pages\/82","targetHints":{"allow":["GET"]}}],"collection":[{"href":"https:\/\/agora.xtec.cat\/ceip-practiques1-lleida\/wp-json\/wp\/v2\/pages"}],"about":[{"href":"https:\/\/agora.xtec.cat\/ceip-practiques1-lleida\/wp-json\/wp\/v2\/types\/page"}],"author":[{"embeddable":true,"href":"https:\/\/agora.xtec.cat\/ceip-practiques1-lleida\/wp-json\/wp\/v2\/users\/1"}],"replies":[{"embeddable":true,"href":"https:\/\/agora.xtec.cat\/ceip-practiques1-lleida\/wp-json\/wp\/v2\/comments?post=82"}],"version-history":[{"count":6,"href":"https:\/\/agora.xtec.cat\/ceip-practiques1-lleida\/wp-json\/wp\/v2\/pages\/82\/revisions"}],"predecessor-version":[{"id":21249,"href":"https:\/\/agora.xtec.cat\/ceip-practiques1-lleida\/wp-json\/wp\/v2\/pages\/82\/revisions\/21249"}],"up":[{"embeddable":true,"href":"https:\/\/agora.xtec.cat\/ceip-practiques1-lleida\/wp-json\/wp\/v2\/pages\/66"}],"wp:attachment":[{"href":"https:\/\/agora.xtec.cat\/ceip-practiques1-lleida\/wp-json\/wp\/v2\/media?parent=82"}],"curies":[{"name":"wp","href":"https:\/\/api.w.org\/{rel}","templated":true}]}}