{"id":80,"date":"2014-09-18T14:09:48","date_gmt":"2014-09-18T13:09:48","guid":{"rendered":"http:\/\/agora.xtec.cat\/ceip-practiques1-lleida\/?page_id=80"},"modified":"2024-09-26T02:27:07","modified_gmt":"2024-09-26T00:27:07","slug":"socialitzacio-llibres","status":"publish","type":"page","link":"https:\/\/agora.xtec.cat\/ceip-practiques1-lleida\/ampa\/serveis\/socialitzacio-llibres\/","title":{"rendered":"Socialitzaci\u00f3 de llibres"},"content":{"rendered":"<p><span style=\"font-weight: 400;\">La Socialitzaci\u00f3 o reutilitzaci\u00f3 de llibres no \u00e9s un fet nou. Els germans grans sempre han passat els llibres que es podien aprofitar als petits, ve\u00efns o amics.<br \/>\n<\/span><span style=\"font-weight: 400;\"><br \/>\n<\/span><\/p>\n<h4><b>Avantatges de la Socialitzaci\u00f3<br \/>\n<\/b><\/h4>\n<p>&nbsp;<\/p>\n<ul>\n<li><span style=\"font-weight: 400;\">Disminuci\u00f3 significativa de residus generats: valors ecol\u00f2gics.<\/span><span style=\"font-weight: 400;\"><br \/>\n<\/span><\/li>\n<li><span style=\"font-weight: 400;\">Fomentar el respecte envers el material comunitari: responsabilitzaci\u00f3 de l\u2019alumnat.<br \/>\n<\/span><\/li>\n<li><span style=\"font-weight: 400;\">Reducci\u00f3 el cost econ\u00f2mic que suposa la compra de llibres a les fam\u00edlies: estalvi.<\/span><span style=\"font-weight: 400;\"><br \/>\n<\/span><\/li>\n<li><span style=\"font-weight: 400;\">Facilitar l&#8217;acc\u00e9s als llibres a tot l&#8217;alumnat del centre: foment de la igualtat social.<br \/>\n<\/span><\/li>\n<\/ul>\n<p><b><a href=\"https:\/\/agora.xtec.cat\/ceip-practiques1-lleida\/wp-content\/uploads\/usu1761\/2019\/02\/unnamed.png\"><img loading=\"lazy\" decoding=\"async\" class=\"size-full wp-image-1799 aligncenter\" src=\"https:\/\/agora.xtec.cat\/ceip-practiques1-lleida\/wp-content\/uploads\/usu1761\/2019\/02\/unnamed.png\" alt=\"\" width=\"214\" height=\"254\" \/><\/a><\/b><\/p>\n<h4><b>Funcionament de la Socialitzaci\u00f3<\/b><\/h4>\n<p style=\"text-align: justify;\"><span style=\"font-weight: 400;\"><br \/>\n<\/span><span style=\"font-weight: 400;\">L\u2019AMPA adquireix els llibres directament a les editorials, i s\u00f3n utilitzats al llarg de diversos cursos. <\/span><\/p>\n<p style=\"text-align: justify;\"><span style=\"font-weight: 400;\">L\u2019adhesi\u00f3 \u00e9s volunt\u00e0ria. Les fam\u00edlies no adherides han de comprar els llibres pel seu compte (el llistat el trobaran a la Secretaria i al web del Centre).<\/span><span style=\"font-weight: 400;\"><br \/>\n<\/span><span style=\"font-weight: 400;\">Els lots de llibres de cada alumne els preparem les fam\u00edlies durant l\u2019estiu perqu\u00e8, en tornar de vacances, cada alumne els trobi a classe.<\/span><span style=\"font-weight: 400;\"><br \/>\n<\/span><\/p>\n<p style=\"text-align: justify;\"><span style=\"font-weight: 400;\">Compromisos de les fam\u00edlies:<\/span><span style=\"font-weight: 400;\"><br \/>\n<\/span><span style=\"font-weight: 400;\">-L\u2019adhesi\u00f3 al sistema de Socialitzaci\u00f3 implicar\u00e0 mantenir-s\u2019hi al llarg de tota la Prim\u00e0ria.<br \/>\n<\/span><span style=\"font-weight: 400;\">-La cura dels llibres perqu\u00e8 aix\u00f2 sigui possible: <\/span><b>els llibres s\u00f3n comunitaris<\/b><span style=\"font-weight: 400;\">.<\/span><span style=\"font-weight: 400;\"><br \/>\n<\/span><\/p>\n<p>&nbsp;<\/p>\n<table>\n<tbody>\n<tr>\n<td colspan=\"3\"><b>TARIFES CURS 2024-2025 <\/b><span style=\"font-weight: 400;\">(poden variar en cursos propers)<\/span><\/td>\n<\/tr>\n<tr>\n<td><b>CURS<\/b><\/td>\n<td><b>quota llibres socialitzats<\/b><\/td>\n<td><b>preu venda al p\u00fablic aproximat<\/b><\/td>\n<\/tr>\n<tr>\n<td><span style=\"font-weight: 400;\">1r<\/span><\/td>\n<td><span style=\"font-weight: 400;\">40 \u20ac<\/span><\/td>\n<td><span style=\"font-weight: 400;\">180 \u20ac<\/span><\/td>\n<\/tr>\n<tr>\n<td><span style=\"font-weight: 400;\">2n<\/span><\/td>\n<td><span style=\"font-weight: 400;\">40 \u20ac<\/span><\/td>\n<td><span style=\"font-weight: 400;\">180 \u20ac<\/span><\/td>\n<\/tr>\n<tr>\n<td><span style=\"font-weight: 400;\">3r<\/span><\/td>\n<td><span style=\"font-weight: 400;\">80 \u20ac<\/span><\/td>\n<td><span style=\"font-weight: 400;\">175 \u20ac<\/span><\/td>\n<\/tr>\n<tr>\n<td><span style=\"font-weight: 400;\">4t<\/span><\/td>\n<td><span style=\"font-weight: 400;\">80 \u20ac<\/span><\/td>\n<td><span style=\"font-weight: 400;\">175 \u20ac<\/span><\/td>\n<\/tr>\n<tr>\n<td><span style=\"font-weight: 400;\">5\u00e8<\/span><\/td>\n<td><span style=\"font-weight: 400;\">75 \u20ac<\/span><\/td>\n<td><span style=\"font-weight: 400;\">155 \u20ac<\/span><\/td>\n<\/tr>\n<tr>\n<td><span style=\"font-weight: 400;\">6\u00e8<\/span><\/td>\n<td><span style=\"font-weight: 400;\">75 \u20ac<\/span><\/td>\n<td><span style=\"font-weight: 400;\">155 \u20ac<\/span><\/td>\n<\/tr>\n<\/tbody>\n<\/table>\n<p style=\"text-align: justify;\"><span style=\"font-weight: 400;\"><br \/>\n<\/span><span style=\"font-weight: 400;\"><br \/>\nLa quota de llibres es cobrar\u00e0 al mes de juliol. El preu de la quota pot variar d\u2019un curs a l\u2019altre. Per rebre els llibres a l\u2019inici dels curs, cal estar al corrent del pagament.<\/span><\/p>\n<p>&nbsp;<\/p>\n<h4><strong>PER AL BON MANTENIMENT DELS LLIBRES DE TEXT<\/strong><\/h4>\n<p><strong><em><br \/>\n1. Els llibres s\u00f3n propietat de tots. Conserva\u2019ls tal i com a tu t\u2019agradaria trobar-los.<br \/>\n2. No treguis ni espatllis els folres.<br \/>\n3. Si un llibre es fa malb\u00e9 o es perd, comunica-ho al m\u00e9s aviat possible.<br \/>\n4. No escriguis amb bol\u00edgraf als llibres.<br \/>\n5. Al final de curs s\u2019han de tornar tots a l\u2019escola.<\/em><\/strong><\/p>\n<p>&nbsp;<\/p>\n","protected":false},"excerpt":{"rendered":"<p>La Socialitzaci\u00f3 o reutilitzaci\u00f3 de llibres no \u00e9s un fet nou. Els germans grans sempre han passat els llibres que es podien aprofitar als petits, ve\u00efns o amics. Avantatges de la Socialitzaci\u00f3 &nbsp; Disminuci\u00f3 significativa de residus generats: valors ecol\u00f2gics. Fomentar el respecte envers el material comunitari: responsabilitzaci\u00f3 de l\u2019alumnat. Reducci\u00f3 el cost econ\u00f2mic que [&hellip;]<\/p>\n","protected":false},"author":1,"featured_media":0,"parent":66,"menu_order":40,"comment_status":"closed","ping_status":"closed","template":"page-templates\/side-menu.php","meta":{"_bbp_topic_count":0,"_bbp_reply_count":0,"_bbp_total_topic_count":0,"_bbp_total_reply_count":0,"_bbp_voice_count":0,"_bbp_anonymous_reply_count":0,"_bbp_topic_count_hidden":0,"_bbp_reply_count_hidden":0,"_bbp_forum_subforum_count":0,"site-sidebar-layout":"default","site-content-layout":"","ast-site-content-layout":"","site-content-style":"default","site-sidebar-style":"default","ast-global-header-display":"","ast-banner-title-visibility":"","ast-main-header-display":"","ast-hfb-above-header-display":"","ast-hfb-below-header-display":"","ast-hfb-mobile-header-display":"","site-post-title":"","ast-breadcrumbs-content":"","ast-featured-img":"","footer-sml-layout":"","theme-transparent-header-meta":"","adv-header-id-meta":"","stick-header-meta":"","header-above-stick-meta":"","header-main-stick-meta":"","header-below-stick-meta":"","astra-migrate-meta-layouts":"default","ast-page-background-enabled":"default","ast-page-background-meta":{"desktop":{"background-color":"var(--ast-global-color-4)","background-image":"","background-repeat":"repeat","background-position":"center center","background-size":"auto","background-attachment":"scroll","background-type":"","background-media":"","overlay-type":"","overlay-color":"","overlay-opacity":"","overlay-gradient":""},"tablet":{"background-color":"","background-image":"","background-repeat":"repeat","background-position":"center center","background-size":"auto","background-attachment":"scroll","background-type":"","background-media":"","overlay-type":"","overlay-color":"","overlay-opacity":"","overlay-gradient":""},"mobile":{"background-color":"","background-image":"","background-repeat":"repeat","background-position":"center center","background-size":"auto","background-attachment":"scroll","background-type":"","background-media":"","overlay-type":"","overlay-color":"","overlay-opacity":"","overlay-gradient":""}},"ast-content-background-meta":{"desktop":{"background-color":"var(--ast-global-color-5)","background-image":"","background-repeat":"repeat","background-position":"center center","background-size":"auto","background-attachment":"scroll","background-type":"","background-media":"","overlay-type":"","overlay-color":"","overlay-opacity":"","overlay-gradient":""},"tablet":{"background-color":"var(--ast-global-color-5)","background-image":"","background-repeat":"repeat","background-position":"center center","background-size":"auto","background-attachment":"scroll","background-type":"","background-media":"","overlay-type":"","overlay-color":"","overlay-opacity":"","overlay-gradient":""},"mobile":{"background-color":"var(--ast-global-color-5)","background-image":"","background-repeat":"repeat","background-position":"center center","background-size":"auto","background-attachment":"scroll","background-type":"","background-media":"","overlay-type":"","overlay-color":"","overlay-opacity":"","overlay-gradient":""}},"footnotes":""},"class_list":["post-80","page","type-page","status-publish","hentry"],"post_mailing_queue_ids":[],"_links":{"self":[{"href":"https:\/\/agora.xtec.cat\/ceip-practiques1-lleida\/wp-json\/wp\/v2\/pages\/80","targetHints":{"allow":["GET"]}}],"collection":[{"href":"https:\/\/agora.xtec.cat\/ceip-practiques1-lleida\/wp-json\/wp\/v2\/pages"}],"about":[{"href":"https:\/\/agora.xtec.cat\/ceip-practiques1-lleida\/wp-json\/wp\/v2\/types\/page"}],"author":[{"embeddable":true,"href":"https:\/\/agora.xtec.cat\/ceip-practiques1-lleida\/wp-json\/wp\/v2\/users\/1"}],"replies":[{"embeddable":true,"href":"https:\/\/agora.xtec.cat\/ceip-practiques1-lleida\/wp-json\/wp\/v2\/comments?post=80"}],"version-history":[{"count":6,"href":"https:\/\/agora.xtec.cat\/ceip-practiques1-lleida\/wp-json\/wp\/v2\/pages\/80\/revisions"}],"predecessor-version":[{"id":18328,"href":"https:\/\/agora.xtec.cat\/ceip-practiques1-lleida\/wp-json\/wp\/v2\/pages\/80\/revisions\/18328"}],"up":[{"embeddable":true,"href":"https:\/\/agora.xtec.cat\/ceip-practiques1-lleida\/wp-json\/wp\/v2\/pages\/66"}],"wp:attachment":[{"href":"https:\/\/agora.xtec.cat\/ceip-practiques1-lleida\/wp-json\/wp\/v2\/media?parent=80"}],"curies":[{"name":"wp","href":"https:\/\/api.w.org\/{rel}","templated":true}]}}