{"id":73,"date":"2014-09-18T14:01:51","date_gmt":"2014-09-18T13:01:51","guid":{"rendered":"http:\/\/agora.xtec.cat\/ceip-practiques1-lleida\/?page_id=73"},"modified":"2025-11-01T17:01:50","modified_gmt":"2025-11-01T16:01:50","slug":"menjador-escolar","status":"publish","type":"page","link":"https:\/\/agora.xtec.cat\/ceip-practiques1-lleida\/ampa\/serveis\/menjador-escolar\/","title":{"rendered":"Menjador escolar"},"content":{"rendered":"<blockquote>\n<h2><\/h2>\n<div style=\"width: 720px;\" class=\"wp-video\"><!--[if lt IE 9]><script>document.createElement('video');<\/script><![endif]-->\n<video class=\"wp-video-shortcode\" id=\"video-73-1\" width=\"720\" height=\"720\" preload=\"metadata\" controls=\"controls\"><source type=\"video\/mp4\" src=\"https:\/\/agora.xtec.cat\/ceip-practiques1-lleida\/wp-content\/uploads\/usu1761\/2023\/02\/Untitled-1.mp4?_=1\" \/><a href=\"https:\/\/agora.xtec.cat\/ceip-practiques1-lleida\/wp-content\/uploads\/usu1761\/2023\/02\/Untitled-1.mp4\">https:\/\/agora.xtec.cat\/ceip-practiques1-lleida\/wp-content\/uploads\/usu1761\/2023\/02\/Untitled-1.mp4<\/a><\/video><\/div><\/blockquote>\n<p style=\"text-align: justify;\">El <strong>Servei de Menjador<\/strong> el gestionem directament des de l&#8217;AFA i d\u00f3na atenci\u00f3 a l\u2019alumnat i al professorat que ho sol\u00b7licitin entre les 12:30 h del migdia i les 15:00. Te un preu molt ajustat de <strong>6,10\u20ac<\/strong> per dia per als <strong>socis<\/strong> de l&#8217;associaci\u00f3 si es queden tot el mes (<strong>6,54\u20ac <\/strong>pels <strong>NO ASSOCIATS<\/strong>) i <strong>6,80\u20ac <\/strong>un <strong>dia<\/strong> puntual. Cada mat\u00ed a les aules es pregunta a cada alumne si es quedar\u00e0 a dinar al centre. Pel bon funcionament del servei s&#8217;ha d&#8217;avisar abans de les 10:00 del dia que es sol\u00b7liciti.<\/p>\n<p style=\"text-align: justify;\">El menjador disposa de cuina i personal de cuina pr\u00f2pies. La cuinera en cap Helena juntament amb l\u2019Isa s&#8217;encarreguen de fer-nos uns men\u00fas bon\u00edssims!!<\/p>\n<p style=\"text-align: justify;\">A l\u2019escola, l\u2019hora del menjador \u00e9s un temps d\u2019aprenentatge important, un complement a la llar i la fam\u00edlia perqu\u00e8 els infants s\u2019eduquin per a l\u2019<strong>adquisici\u00f3 d\u2019uns h\u00e0bits alimentaris saludables<\/strong>. \u00c9s un temps per aprendre a degustar els aliments i \u00e9s per aix\u00f2 que el nostre menjador ofereix una dieta sana, nutritiva i segura.<\/p>\n<p style=\"text-align: justify;\">Com que els h\u00e0bits alimentaris s\u2019adquireixen des de ben petits, \u00e9s molt important que la canalla aprengui a menjar d\u2019una manera sana i variada en edats primerenques.<\/p>\n<p style=\"text-align: justify;\">Per aix\u00f2 <strong>tenim la prioritat com a AFA de con\u00e8ixer de prop tots els processos del menjador, des de la compra de les mat\u00e8ries primeres fins a l\u2019elaboraci\u00f3 dels plats<\/strong>.<\/p>\n<p style=\"text-align: justify;\">La cuina que oferim es caracteritza per estar basada en la dieta mediterr\u00e0nia, amb predomini de verdures de temporada, hortalisses, pasta i arrossos, aix\u00ed com llegums, fruites, carns, ous i peix, amb oli d\u2019oliva verge extra.<\/p>\n<p style=\"text-align: justify;\">El pa \u00e9s d\u2019un forn proper, del barri, les llenties s\u00f3n ecol\u00f2giques, els arrebossats es couen al forn i els lactis s\u00f3n d\u2019una granja de proximitat.<\/p>\n<p style=\"text-align: justify;\">Tenim un sistema que permet oferir adaptacions espec\u00edfiques a tots els alumnes, per exemple, alumnes cel\u00edacs, intolerants a la lactosa, als ous, a la llet o a altres productes, aix\u00ed com a r\u00e8gims especials amb motius i justificants m\u00e8dics.<\/p>\n<p><span style=\"font-size: 1.3em; font-weight: bold; -webkit-text-size-adjust: 100%;\">Monitores del menjador<\/span><\/p>\n<p style=\"text-align: justify;\"><span style=\"font-size: 16px; text-align: justify; -webkit-text-size-adjust: 100%;\">Una part tamb\u00e9 for\u00e7a rellevant pel bon funcionament del servei son les monitores que fan que les nostres filles i fills es comportin com cal i que tastin coses diferents que sovint a casa no ens arrisquem per por al frac\u00e0s. Des de AFA us donem les gr\u00e0cies a totes de tot cor per la vostra paci\u00e8ncia i saber fer!<\/span><\/p>\n<h5><span style=\"color: #000000;\">Monitores cicle infantil<\/span><\/h5>\n<p><a href=\"https:\/\/agora.xtec.cat\/ceip-practiques1-lleida\/wp-content\/uploads\/usu1761\/2025\/10\/14aaf44c-1a37-4d73-8982-3e1b1273d99a.jpeg\"><img loading=\"lazy\" decoding=\"async\" class=\"alignnone size-large wp-image-20392\" src=\"https:\/\/agora.xtec.cat\/ceip-practiques1-lleida\/wp-content\/uploads\/usu1761\/2025\/10\/14aaf44c-1a37-4d73-8982-3e1b1273d99a-768x1024.jpeg\" alt=\"\" width=\"768\" height=\"1024\" srcset=\"https:\/\/agora.xtec.cat\/ceip-practiques1-lleida\/wp-content\/uploads\/usu1761\/2025\/10\/14aaf44c-1a37-4d73-8982-3e1b1273d99a-768x1024.jpeg 768w, https:\/\/agora.xtec.cat\/ceip-practiques1-lleida\/wp-content\/uploads\/usu1761\/2025\/10\/14aaf44c-1a37-4d73-8982-3e1b1273d99a-225x300.jpeg 225w, https:\/\/agora.xtec.cat\/ceip-practiques1-lleida\/wp-content\/uploads\/usu1761\/2025\/10\/14aaf44c-1a37-4d73-8982-3e1b1273d99a-1152x1536.jpeg 1152w, https:\/\/agora.xtec.cat\/ceip-practiques1-lleida\/wp-content\/uploads\/usu1761\/2025\/10\/14aaf44c-1a37-4d73-8982-3e1b1273d99a.jpeg 1200w\" sizes=\"auto, (max-width: 768px) 100vw, 768px\" \/><\/a><\/p>\n<h5>Monitores de prim\u00e0ria<\/h5>\n<p><a href=\"https:\/\/agora.xtec.cat\/ceip-practiques1-lleida\/wp-content\/uploads\/usu1761\/2025\/10\/676fc949-8872-4c2b-8602-b45523ba296e.jpeg\"><img loading=\"lazy\" decoding=\"async\" class=\"alignnone size-large wp-image-20393\" src=\"https:\/\/agora.xtec.cat\/ceip-practiques1-lleida\/wp-content\/uploads\/usu1761\/2025\/10\/676fc949-8872-4c2b-8602-b45523ba296e-1024x768.jpeg\" alt=\"\" width=\"1024\" height=\"768\" srcset=\"https:\/\/agora.xtec.cat\/ceip-practiques1-lleida\/wp-content\/uploads\/usu1761\/2025\/10\/676fc949-8872-4c2b-8602-b45523ba296e-1024x768.jpeg 1024w, https:\/\/agora.xtec.cat\/ceip-practiques1-lleida\/wp-content\/uploads\/usu1761\/2025\/10\/676fc949-8872-4c2b-8602-b45523ba296e-300x225.jpeg 300w, https:\/\/agora.xtec.cat\/ceip-practiques1-lleida\/wp-content\/uploads\/usu1761\/2025\/10\/676fc949-8872-4c2b-8602-b45523ba296e-768x576.jpeg 768w, https:\/\/agora.xtec.cat\/ceip-practiques1-lleida\/wp-content\/uploads\/usu1761\/2025\/10\/676fc949-8872-4c2b-8602-b45523ba296e-1536x1152.jpeg 1536w, https:\/\/agora.xtec.cat\/ceip-practiques1-lleida\/wp-content\/uploads\/usu1761\/2025\/10\/676fc949-8872-4c2b-8602-b45523ba296e.jpeg 1600w\" sizes=\"auto, (max-width: 1024px) 100vw, 1024px\" \/><\/a><\/p>\n<p>&nbsp;<\/p>\n<h2 style=\"text-align: center;\"><em><strong>BON PROFIT !!!<\/strong><\/em><\/h2>\n<p style=\"text-align: justify;\">Abans de comen\u00e7ar a dinar, quan tothom ja est\u00e0 a taula i els infants tenen les mans ben netes&#8230; <strong>canten una can\u00e7\u00f3!<\/strong><\/p>\n<div style=\"width: 640px;\" class=\"wp-video\"><video class=\"wp-video-shortcode\" id=\"video-73-2\" width=\"640\" height=\"352\" preload=\"metadata\" controls=\"controls\"><source type=\"video\/mp4\" src=\"https:\/\/agora.xtec.cat\/ceip-practiques1-lleida\/wp-content\/uploads\/usu1761\/2019\/02\/VID-20190207-WA0011-online-video-cutter.com_.mp4?_=2\" \/><a href=\"https:\/\/agora.xtec.cat\/ceip-practiques1-lleida\/wp-content\/uploads\/usu1761\/2019\/02\/VID-20190207-WA0011-online-video-cutter.com_.mp4\">https:\/\/agora.xtec.cat\/ceip-practiques1-lleida\/wp-content\/uploads\/usu1761\/2019\/02\/VID-20190207-WA0011-online-video-cutter.com_.mp4<\/a><\/video><\/div>\n<p style=\"text-align: center;\"><strong>A MENJAR-S&#8217;HO TOT!!!<\/strong><\/p>\n<p style=\"text-align: center;\"><em style=\"font-size: 16px;\">Ja estem tots al menjador<\/em><br style=\"font-size: 16px;\" \/><em style=\"font-size: 16px;\">I ens agrada menjar de tot:<\/em><br style=\"font-size: 16px;\" \/><em style=\"font-size: 16px;\">La sopeta amb cullereta<\/em><br style=\"font-size: 16px;\" \/><em style=\"font-size: 16px;\">mandonguilles amb forquilla<\/em><br style=\"font-size: 16px;\" \/><em style=\"font-size: 16px;\">I el bistec amb ganivet!!!<\/em><br style=\"font-size: 16px;\" \/><em style=\"font-size: 16px;\">No podem deixar res al plat. Per qu\u00e8?<\/em><br style=\"font-size: 16px;\" \/><em style=\"font-size: 16px;\">o les cuineres s\u2019enfadaran!<br \/>\nLa sopeta amb cullereta<br style=\"font-size: 16px;\" \/>Mandonguilles amb forquilla<br style=\"font-size: 16px;\" \/>I el bistec amb ganivet<br style=\"font-size: 16px;\" \/>I i el bistec amb ganiveeeeet!!!<\/em><\/p>\n<figure id=\"attachment_1775\" aria-describedby=\"caption-attachment-1775\" style=\"width: 374px\" class=\"wp-caption alignnone\"><a style=\"font-weight: bold; font-family: inherit; font-size: 1em;\" href=\"https:\/\/agora.xtec.cat\/ceip-practiques1-lleida\/wp-content\/uploads\/usu1761\/2019\/02\/photo5985704730422259753.jpg\"><img loading=\"lazy\" decoding=\"async\" class=\"wp-image-1775 \" src=\"https:\/\/agora.xtec.cat\/ceip-practiques1-lleida\/wp-content\/uploads\/usu1761\/2019\/02\/photo5985704730422259753-300x222.jpg\" alt=\"\" width=\"374\" height=\"277\" srcset=\"https:\/\/agora.xtec.cat\/ceip-practiques1-lleida\/wp-content\/uploads\/usu1761\/2019\/02\/photo5985704730422259753-300x222.jpg 300w, https:\/\/agora.xtec.cat\/ceip-practiques1-lleida\/wp-content\/uploads\/usu1761\/2019\/02\/photo5985704730422259753-768x569.jpg 768w, https:\/\/agora.xtec.cat\/ceip-practiques1-lleida\/wp-content\/uploads\/usu1761\/2019\/02\/photo5985704730422259753-1024x759.jpg 1024w, https:\/\/agora.xtec.cat\/ceip-practiques1-lleida\/wp-content\/uploads\/usu1761\/2019\/02\/photo5985704730422259753.jpg 1280w\" sizes=\"auto, (max-width: 374px) 100vw, 374px\" \/><\/a><figcaption id=\"caption-attachment-1775\" class=\"wp-caption-text\">La higiene i l&#8217;ordre s\u00f3n molt importants al menjador.<\/figcaption><\/figure>\n<figure id=\"attachment_1772\" aria-describedby=\"caption-attachment-1772\" style=\"width: 362px\" class=\"wp-caption alignnone\"><a href=\"https:\/\/agora.xtec.cat\/ceip-practiques1-lleida\/wp-content\/uploads\/usu1761\/2019\/02\/photo5985704730422259748.jpg\"><img loading=\"lazy\" decoding=\"async\" class=\"wp-image-1772 \" src=\"https:\/\/agora.xtec.cat\/ceip-practiques1-lleida\/wp-content\/uploads\/usu1761\/2019\/02\/photo5985704730422259748-300x225.jpg\" alt=\"\" width=\"362\" height=\"271\" srcset=\"https:\/\/agora.xtec.cat\/ceip-practiques1-lleida\/wp-content\/uploads\/usu1761\/2019\/02\/photo5985704730422259748-300x225.jpg 300w, https:\/\/agora.xtec.cat\/ceip-practiques1-lleida\/wp-content\/uploads\/usu1761\/2019\/02\/photo5985704730422259748-768x576.jpg 768w, https:\/\/agora.xtec.cat\/ceip-practiques1-lleida\/wp-content\/uploads\/usu1761\/2019\/02\/photo5985704730422259748-1024x768.jpg 1024w, https:\/\/agora.xtec.cat\/ceip-practiques1-lleida\/wp-content\/uploads\/usu1761\/2019\/02\/photo5985704730422259748-200x150.jpg 200w, https:\/\/agora.xtec.cat\/ceip-practiques1-lleida\/wp-content\/uploads\/usu1761\/2019\/02\/photo5985704730422259748.jpg 1280w\" sizes=\"auto, (max-width: 362px) 100vw, 362px\" \/><\/a><figcaption id=\"caption-attachment-1772\" class=\"wp-caption-text\">Les normes de conviv\u00e8ncia per\u00f2 tamb\u00e9 el bon rotllo regnen al menjador.<\/figcaption><\/figure>\n<p style=\"text-align: justify;\">Al menjador, els infants aprenen a ser m\u00e9s aut\u00f2noms: agafar els coberts, parar la taula, demanar si us plau\u2026 \u00c9s un espai on s\u2019apr\u00e8n a ser responsable i a saber esperar. <strong>Els nens i nenes de 6\u00e8 fan de cambrers als m\u00e9s petits<\/strong>: els posen aigua i serveixen el dinar. Els grans ajuden els petits i els petits tenen models d\u2019aprenentatge m\u00e9s propers.<\/p>\n<p>Amb la panxa plena, els petits de l\u2019escola dormen a la seva aula mentre els altres gaudeixen d\u2019un temps d\u2019esbarjo al pati i d&#8217;altres fan alguna extraescolar, exprimim al m\u00e0xim al migdia , hi ha temps per a tot i m\u00e9s!<\/p>\n<table style=\"height: 307px; width: 100%; border-collapse: collapse; border-style: hidden; border-color: #ffffff; background-color: #ffffff;\" border=\"1\">\n<tbody>\n<tr style=\"height: 307px;\">\n<td style=\"width: 50%; height: 307px;\"><\/td>\n<td style=\"width: 50%; height: 307px;\"><\/td>\n<\/tr>\n<\/tbody>\n<\/table>\n<p>&nbsp;<\/p>\n<p>&nbsp;<\/p>\n","protected":false},"excerpt":{"rendered":"<p>El Servei de Menjador el gestionem directament des de l&#8217;AFA i d\u00f3na atenci\u00f3 a l\u2019alumnat i al professorat que ho sol\u00b7licitin entre les 12:30 h del migdia i les 15:00. Te un preu molt ajustat de 6,10\u20ac per dia per als socis de l&#8217;associaci\u00f3 si es queden tot el mes (6,54\u20ac pels NO ASSOCIATS) i [&hellip;]<\/p>\n","protected":false},"author":1,"featured_media":0,"parent":66,"menu_order":2,"comment_status":"closed","ping_status":"closed","template":"","meta":{"_bbp_topic_count":0,"_bbp_reply_count":0,"_bbp_total_topic_count":0,"_bbp_total_reply_count":0,"_bbp_voice_count":0,"_bbp_anonymous_reply_count":0,"_bbp_topic_count_hidden":0,"_bbp_reply_count_hidden":0,"_bbp_forum_subforum_count":0,"site-sidebar-layout":"default","site-content-layout":"","ast-site-content-layout":"default","site-content-style":"default","site-sidebar-style":"default","ast-global-header-display":"","ast-banner-title-visibility":"","ast-main-header-display":"","ast-hfb-above-header-display":"","ast-hfb-below-header-display":"","ast-hfb-mobile-header-display":"","site-post-title":"","ast-breadcrumbs-content":"","ast-featured-img":"","footer-sml-layout":"","theme-transparent-header-meta":"default","adv-header-id-meta":"","stick-header-meta":"","header-above-stick-meta":"","header-main-stick-meta":"","header-below-stick-meta":"","astra-migrate-meta-layouts":"set","ast-page-background-enabled":"default","ast-page-background-meta":{"desktop":{"background-color":"var(--ast-global-color-4)","background-image":"","background-repeat":"repeat","background-position":"center center","background-size":"auto","background-attachment":"scroll","background-type":"","background-media":"","overlay-type":"","overlay-color":"","overlay-opacity":"","overlay-gradient":""},"tablet":{"background-color":"","background-image":"","background-repeat":"repeat","background-position":"center center","background-size":"auto","background-attachment":"scroll","background-type":"","background-media":"","overlay-type":"","overlay-color":"","overlay-opacity":"","overlay-gradient":""},"mobile":{"background-color":"","background-image":"","background-repeat":"repeat","background-position":"center center","background-size":"auto","background-attachment":"scroll","background-type":"","background-media":"","overlay-type":"","overlay-color":"","overlay-opacity":"","overlay-gradient":""}},"ast-content-background-meta":{"desktop":{"background-color":"var(--ast-global-color-5)","background-image":"","background-repeat":"repeat","background-position":"center center","background-size":"auto","background-attachment":"scroll","background-type":"","background-media":"","overlay-type":"","overlay-color":"","overlay-opacity":"","overlay-gradient":""},"tablet":{"background-color":"var(--ast-global-color-5)","background-image":"","background-repeat":"repeat","background-position":"center center","background-size":"auto","background-attachment":"scroll","background-type":"","background-media":"","overlay-type":"","overlay-color":"","overlay-opacity":"","overlay-gradient":""},"mobile":{"background-color":"var(--ast-global-color-5)","background-image":"","background-repeat":"repeat","background-position":"center center","background-size":"auto","background-attachment":"scroll","background-type":"","background-media":"","overlay-type":"","overlay-color":"","overlay-opacity":"","overlay-gradient":""}},"footnotes":""},"class_list":["post-73","page","type-page","status-publish","hentry"],"post_mailing_queue_ids":[],"_links":{"self":[{"href":"https:\/\/agora.xtec.cat\/ceip-practiques1-lleida\/wp-json\/wp\/v2\/pages\/73","targetHints":{"allow":["GET"]}}],"collection":[{"href":"https:\/\/agora.xtec.cat\/ceip-practiques1-lleida\/wp-json\/wp\/v2\/pages"}],"about":[{"href":"https:\/\/agora.xtec.cat\/ceip-practiques1-lleida\/wp-json\/wp\/v2\/types\/page"}],"author":[{"embeddable":true,"href":"https:\/\/agora.xtec.cat\/ceip-practiques1-lleida\/wp-json\/wp\/v2\/users\/1"}],"replies":[{"embeddable":true,"href":"https:\/\/agora.xtec.cat\/ceip-practiques1-lleida\/wp-json\/wp\/v2\/comments?post=73"}],"version-history":[{"count":5,"href":"https:\/\/agora.xtec.cat\/ceip-practiques1-lleida\/wp-json\/wp\/v2\/pages\/73\/revisions"}],"predecessor-version":[{"id":20559,"href":"https:\/\/agora.xtec.cat\/ceip-practiques1-lleida\/wp-json\/wp\/v2\/pages\/73\/revisions\/20559"}],"up":[{"embeddable":true,"href":"https:\/\/agora.xtec.cat\/ceip-practiques1-lleida\/wp-json\/wp\/v2\/pages\/66"}],"wp:attachment":[{"href":"https:\/\/agora.xtec.cat\/ceip-practiques1-lleida\/wp-json\/wp\/v2\/media?parent=73"}],"curies":[{"name":"wp","href":"https:\/\/api.w.org\/{rel}","templated":true}]}}