{"id":71,"date":"2014-09-18T12:44:56","date_gmt":"2014-09-18T11:44:56","guid":{"rendered":"http:\/\/agora.xtec.cat\/ceip-practiques1-lleida\/?page_id=71"},"modified":"2026-01-25T16:18:56","modified_gmt":"2026-01-25T15:18:56","slug":"acollidamatinal","status":"publish","type":"page","link":"https:\/\/agora.xtec.cat\/ceip-practiques1-lleida\/ampa\/serveis\/acollidamatinal\/","title":{"rendered":"Acollida matinal"},"content":{"rendered":"<p style=\"text-align: justify;\">Per tal de conciliar la vida laboral, personal i familiar, des de l&#8217;Associaci\u00f3 oferim el <strong>servei d\u2019acollida matinal<\/strong>. L\u2019objectiu \u00e9s que, quan ho necessitem, puguem deixar les nostres filles i fills a l\u2019escola abans de que comenci la jornada laboral i l\u2019horari lectiu.<\/p>\n<p style=\"text-align: justify;\">Es pot fer \u00fas des del primer dia d&#8217;escola, a les <strong>0<\/strong><strong style=\"font-family: inherit; font-size: 1em;\">8:00h\u00a0<\/strong>o a les <strong>08:30h. <\/strong>Intenteu respectar l&#8217;horari pel bon funcionament del servei.<\/p>\n<p style=\"text-align: justify;\">Podeu avisar via<strong> WhatsApp<\/strong> a la <strong>Susanna<\/strong> <strong>Bosch <\/strong>(Gestora AFA) a trav\u00e9s del tel\u00e8fon <strong>640877573<\/strong>.<\/p>\n<p style=\"text-align: justify;\">En aquest cas tothom hem de fer anar l&#8217;<strong>acc\u00e9s<\/strong> per la <strong>porta petita<\/strong> del pati d&#8217;educaci\u00f3 infantil, la que est\u00e0 m\u00e9s a prop del carrer Bisbe Torres, i <strong>acompanyar<\/strong> els infants <strong>al menjador<\/strong>.<\/p>\n<p><a href=\"https:\/\/agora.xtec.cat\/ceip-practiques1-lleida\/wp-content\/uploads\/usu1761\/2023\/09\/Presentacion2-2.jpg\"><img loading=\"lazy\" decoding=\"async\" class=\"wp-image-14807 aligncenter\" src=\"https:\/\/agora.xtec.cat\/ceip-practiques1-lleida\/wp-content\/uploads\/usu1761\/2023\/09\/Presentacion2-2-1024x709.jpg\" alt=\"\" width=\"922\" height=\"639\" srcset=\"https:\/\/agora.xtec.cat\/ceip-practiques1-lleida\/wp-content\/uploads\/usu1761\/2023\/09\/Presentacion2-2-1024x709.jpg 1024w, https:\/\/agora.xtec.cat\/ceip-practiques1-lleida\/wp-content\/uploads\/usu1761\/2023\/09\/Presentacion2-2-300x208.jpg 300w, https:\/\/agora.xtec.cat\/ceip-practiques1-lleida\/wp-content\/uploads\/usu1761\/2023\/09\/Presentacion2-2-768x532.jpg 768w, https:\/\/agora.xtec.cat\/ceip-practiques1-lleida\/wp-content\/uploads\/usu1761\/2023\/09\/Presentacion2-2.jpg 1040w\" sizes=\"auto, (max-width: 922px) 100vw, 922px\" \/><\/a><\/p>\n<table style=\"border-collapse: collapse; width: 100%;\">\n<tbody>\n<tr>\n<td style=\"width: 100%;\">Els\u00a0 preus s\u00f3n segons les opcions d\u2019\u00fas:<\/p>\n<ul>\n<li><strong>De 8:00h a 9:00h <\/strong>Preu mensual: <strong>35\u20ac<\/strong> (servei fix)<\/li>\n<li><strong>De 8:30h a 9:00h <\/strong>Preu mensual: <strong>25\u20ac<\/strong> (servei fix)<\/li>\n<li><strong>\u00das puntual:<\/strong> servei de manera espor\u00e0dica i sense av\u00eds previ. Preu: <strong>4\u20ac\/dia.<\/strong><\/li>\n<\/ul>\n<\/td>\n<\/tr>\n<\/tbody>\n<\/table>\n<p style=\"text-align: justify;\">Un cop al menjador ens reben la Tere o l&#8217;Anto, totes dues monitores de lleure amb molta experi\u00e8ncia i que fan per la canalla que matinar sigui molt m\u00e9s agradable. Tenen cura i entretenen les nenes i els nens i per fer-ho disposen de tot tipus de joguines, jocs de taula i tota mena de materials per a fer manualitats;\u00a0 fins i tot poden acabar d\u2019esmorzar si \u00e9s dona el cas!<\/p>\n<p><a href=\"https:\/\/agora.xtec.cat\/ceip-practiques1-lleida\/wp-content\/uploads\/usu1761\/2020\/02\/acollida1.jpg\"><img loading=\"lazy\" decoding=\"async\" class=\"wp-image-4121 aligncenter\" src=\"https:\/\/agora.xtec.cat\/ceip-practiques1-lleida\/wp-content\/uploads\/usu1761\/2020\/02\/acollida1-1024x768.jpg\" alt=\"\" width=\"650\" height=\"487\" srcset=\"https:\/\/agora.xtec.cat\/ceip-practiques1-lleida\/wp-content\/uploads\/usu1761\/2020\/02\/acollida1-1024x768.jpg 1024w, https:\/\/agora.xtec.cat\/ceip-practiques1-lleida\/wp-content\/uploads\/usu1761\/2020\/02\/acollida1-300x225.jpg 300w, https:\/\/agora.xtec.cat\/ceip-practiques1-lleida\/wp-content\/uploads\/usu1761\/2020\/02\/acollida1-768x576.jpg 768w, https:\/\/agora.xtec.cat\/ceip-practiques1-lleida\/wp-content\/uploads\/usu1761\/2020\/02\/acollida1-200x150.jpg 200w, https:\/\/agora.xtec.cat\/ceip-practiques1-lleida\/wp-content\/uploads\/usu1761\/2020\/02\/acollida1.jpg 1600w\" sizes=\"auto, (max-width: 650px) 100vw, 650px\" \/><\/a><\/p>\n<p><a href=\"https:\/\/agora.xtec.cat\/ceip-practiques1-lleida\/wp-content\/uploads\/usu1761\/2020\/02\/acollida2.jpg\"><img loading=\"lazy\" decoding=\"async\" class=\"wp-image-4122 aligncenter\" src=\"https:\/\/agora.xtec.cat\/ceip-practiques1-lleida\/wp-content\/uploads\/usu1761\/2020\/02\/acollida2-1024x768.jpg\" alt=\"\" width=\"650\" height=\"487\" srcset=\"https:\/\/agora.xtec.cat\/ceip-practiques1-lleida\/wp-content\/uploads\/usu1761\/2020\/02\/acollida2-1024x768.jpg 1024w, https:\/\/agora.xtec.cat\/ceip-practiques1-lleida\/wp-content\/uploads\/usu1761\/2020\/02\/acollida2-300x225.jpg 300w, https:\/\/agora.xtec.cat\/ceip-practiques1-lleida\/wp-content\/uploads\/usu1761\/2020\/02\/acollida2-768x576.jpg 768w, https:\/\/agora.xtec.cat\/ceip-practiques1-lleida\/wp-content\/uploads\/usu1761\/2020\/02\/acollida2-200x150.jpg 200w, https:\/\/agora.xtec.cat\/ceip-practiques1-lleida\/wp-content\/uploads\/usu1761\/2020\/02\/acollida2.jpg 1600w\" sizes=\"auto, (max-width: 650px) 100vw, 650px\" \/><\/a><\/p>\n<p><a href=\"https:\/\/agora.xtec.cat\/ceip-practiques1-lleida\/wp-content\/uploads\/usu1761\/2020\/03\/acollida3.jpg\"><img loading=\"lazy\" decoding=\"async\" class=\"aligncenter wp-image-4264 \" src=\"https:\/\/agora.xtec.cat\/ceip-practiques1-lleida\/wp-content\/uploads\/usu1761\/2020\/03\/acollida3-1024x768.jpg\" alt=\"\" width=\"648\" height=\"486\" srcset=\"https:\/\/agora.xtec.cat\/ceip-practiques1-lleida\/wp-content\/uploads\/usu1761\/2020\/03\/acollida3-1024x768.jpg 1024w, https:\/\/agora.xtec.cat\/ceip-practiques1-lleida\/wp-content\/uploads\/usu1761\/2020\/03\/acollida3-300x225.jpg 300w, https:\/\/agora.xtec.cat\/ceip-practiques1-lleida\/wp-content\/uploads\/usu1761\/2020\/03\/acollida3-768x576.jpg 768w, https:\/\/agora.xtec.cat\/ceip-practiques1-lleida\/wp-content\/uploads\/usu1761\/2020\/03\/acollida3-200x150.jpg 200w, https:\/\/agora.xtec.cat\/ceip-practiques1-lleida\/wp-content\/uploads\/usu1761\/2020\/03\/acollida3.jpg 1600w\" sizes=\"auto, (max-width: 648px) 100vw, 648px\" \/><\/a> \u00a0 \u00a0 <a href=\"https:\/\/agora.xtec.cat\/ceip-practiques1-lleida\/wp-content\/uploads\/usu1761\/2020\/03\/acollida4.jpg\"><img loading=\"lazy\" decoding=\"async\" class=\"wp-image-4265 aligncenter\" src=\"https:\/\/agora.xtec.cat\/ceip-practiques1-lleida\/wp-content\/uploads\/usu1761\/2020\/03\/acollida4-1024x768.jpg\" alt=\"\" width=\"647\" height=\"486\" srcset=\"https:\/\/agora.xtec.cat\/ceip-practiques1-lleida\/wp-content\/uploads\/usu1761\/2020\/03\/acollida4-1024x768.jpg 1024w, https:\/\/agora.xtec.cat\/ceip-practiques1-lleida\/wp-content\/uploads\/usu1761\/2020\/03\/acollida4-300x225.jpg 300w, https:\/\/agora.xtec.cat\/ceip-practiques1-lleida\/wp-content\/uploads\/usu1761\/2020\/03\/acollida4-768x576.jpg 768w, https:\/\/agora.xtec.cat\/ceip-practiques1-lleida\/wp-content\/uploads\/usu1761\/2020\/03\/acollida4-200x150.jpg 200w, https:\/\/agora.xtec.cat\/ceip-practiques1-lleida\/wp-content\/uploads\/usu1761\/2020\/03\/acollida4.jpg 1600w\" sizes=\"auto, (max-width: 647px) 100vw, 647px\" \/><\/a><\/p>\n<p>Per qualsevol dubte, <a href=\"https:\/\/agora.xtec.cat\/ceip-practiques1-lleida\/ampa\/informacio-practica\/\">contacteu amb l&#8217;AFA<\/a>.<\/p>\n","protected":false},"excerpt":{"rendered":"<p>Per tal de conciliar la vida laboral, personal i familiar, des de l&#8217;Associaci\u00f3 oferim el servei d\u2019acollida matinal. L\u2019objectiu \u00e9s que, quan ho necessitem, puguem deixar les nostres filles i fills a l\u2019escola abans de que comenci la jornada laboral i l\u2019horari lectiu. Es pot fer \u00fas des del primer dia d&#8217;escola, a les 08:00h\u00a0o [&hellip;]<\/p>\n","protected":false},"author":1,"featured_media":0,"parent":66,"menu_order":1,"comment_status":"closed","ping_status":"closed","template":"","meta":{"_bbp_topic_count":0,"_bbp_reply_count":0,"_bbp_total_topic_count":0,"_bbp_total_reply_count":0,"_bbp_voice_count":0,"_bbp_anonymous_reply_count":0,"_bbp_topic_count_hidden":0,"_bbp_reply_count_hidden":0,"_bbp_forum_subforum_count":0,"site-sidebar-layout":"default","site-content-layout":"","ast-site-content-layout":"default","site-content-style":"default","site-sidebar-style":"default","ast-global-header-display":"","ast-banner-title-visibility":"","ast-main-header-display":"","ast-hfb-above-header-display":"","ast-hfb-below-header-display":"","ast-hfb-mobile-header-display":"","site-post-title":"","ast-breadcrumbs-content":"","ast-featured-img":"","footer-sml-layout":"","theme-transparent-header-meta":"default","adv-header-id-meta":"","stick-header-meta":"","header-above-stick-meta":"","header-main-stick-meta":"","header-below-stick-meta":"","astra-migrate-meta-layouts":"set","ast-page-background-enabled":"default","ast-page-background-meta":{"desktop":{"background-color":"var(--ast-global-color-4)","background-image":"","background-repeat":"repeat","background-position":"center center","background-size":"auto","background-attachment":"scroll","background-type":"","background-media":"","overlay-type":"","overlay-color":"","overlay-opacity":"","overlay-gradient":""},"tablet":{"background-color":"","background-image":"","background-repeat":"repeat","background-position":"center center","background-size":"auto","background-attachment":"scroll","background-type":"","background-media":"","overlay-type":"","overlay-color":"","overlay-opacity":"","overlay-gradient":""},"mobile":{"background-color":"","background-image":"","background-repeat":"repeat","background-position":"center center","background-size":"auto","background-attachment":"scroll","background-type":"","background-media":"","overlay-type":"","overlay-color":"","overlay-opacity":"","overlay-gradient":""}},"ast-content-background-meta":{"desktop":{"background-color":"var(--ast-global-color-5)","background-image":"","background-repeat":"repeat","background-position":"center center","background-size":"auto","background-attachment":"scroll","background-type":"","background-media":"","overlay-type":"","overlay-color":"","overlay-opacity":"","overlay-gradient":""},"tablet":{"background-color":"var(--ast-global-color-5)","background-image":"","background-repeat":"repeat","background-position":"center center","background-size":"auto","background-attachment":"scroll","background-type":"","background-media":"","overlay-type":"","overlay-color":"","overlay-opacity":"","overlay-gradient":""},"mobile":{"background-color":"var(--ast-global-color-5)","background-image":"","background-repeat":"repeat","background-position":"center center","background-size":"auto","background-attachment":"scroll","background-type":"","background-media":"","overlay-type":"","overlay-color":"","overlay-opacity":"","overlay-gradient":""}},"footnotes":""},"class_list":["post-71","page","type-page","status-publish","hentry"],"post_mailing_queue_ids":[],"_links":{"self":[{"href":"https:\/\/agora.xtec.cat\/ceip-practiques1-lleida\/wp-json\/wp\/v2\/pages\/71","targetHints":{"allow":["GET"]}}],"collection":[{"href":"https:\/\/agora.xtec.cat\/ceip-practiques1-lleida\/wp-json\/wp\/v2\/pages"}],"about":[{"href":"https:\/\/agora.xtec.cat\/ceip-practiques1-lleida\/wp-json\/wp\/v2\/types\/page"}],"author":[{"embeddable":true,"href":"https:\/\/agora.xtec.cat\/ceip-practiques1-lleida\/wp-json\/wp\/v2\/users\/1"}],"replies":[{"embeddable":true,"href":"https:\/\/agora.xtec.cat\/ceip-practiques1-lleida\/wp-json\/wp\/v2\/comments?post=71"}],"version-history":[{"count":6,"href":"https:\/\/agora.xtec.cat\/ceip-practiques1-lleida\/wp-json\/wp\/v2\/pages\/71\/revisions"}],"predecessor-version":[{"id":21251,"href":"https:\/\/agora.xtec.cat\/ceip-practiques1-lleida\/wp-json\/wp\/v2\/pages\/71\/revisions\/21251"}],"up":[{"embeddable":true,"href":"https:\/\/agora.xtec.cat\/ceip-practiques1-lleida\/wp-json\/wp\/v2\/pages\/66"}],"wp:attachment":[{"href":"https:\/\/agora.xtec.cat\/ceip-practiques1-lleida\/wp-json\/wp\/v2\/media?parent=71"}],"curies":[{"name":"wp","href":"https:\/\/api.w.org\/{rel}","templated":true}]}}