{"id":64,"date":"2014-09-18T12:39:08","date_gmt":"2014-09-18T11:39:08","guid":{"rendered":"http:\/\/agora.xtec.cat\/ceip-practiques1-lleida\/?page_id=64"},"modified":"2021-09-13T16:09:19","modified_gmt":"2021-09-13T14:09:19","slug":"projecte-educatiu","status":"publish","type":"page","link":"https:\/\/agora.xtec.cat\/ceip-practiques1-lleida\/projecte-educatiu\/","title":{"rendered":"Projecte educatiu"},"content":{"rendered":"<p>La llei 12\/2009, del 10 de juliol, d\u2019educaci\u00f3 (article 91) estableix que tots els centres educatius vinculats al Servei d\u2019Educaci\u00f3 de Catalunya han de disposar de projecte educatiu.<\/p>\n<p>Els centres del sistema educatiu catal\u00e0 han de recollir els principis rectors del sistema educatiu establerts a l\u2019article 2 de la Llei 12\/2009. A m\u00e9s, els centres de titularitat p\u00fablica hi ha d\u2019incloure els principis espec\u00edfics que s\u2019estableixen a l\u2019article 93 de la Llei 12\/2009.<\/p>\n<p>El projecte educatiu, que \u00e9s la m\u00e0xima expressi\u00f3 de l\u2019autonomia dels centres, recull la identitat del centre, n\u2019explicita els objectius, n\u2019orienta l\u2019activitat i hi d\u00f3na sentit amb la finalitat que els alumnes assoleixen les compet\u00e8ncies b\u00e0siques i el m\u00e0xim d\u2019aprofitament educatiu, d\u2019acord amb el marc proporcionat pel Decret 102\/ 2010, de 3 d\u2019agost, d\u2019autonomia dels centres educatius, que situa la presa de decisions en l\u2019\u00e0mbit del centre per enfortir la instituci\u00f3 escolar i el lideratge educatiu.<\/p>\n<p style=\"text-align: center;\"><strong>Projecte Educatiu (documents de centre)<\/strong><\/p>\n<p>&nbsp;<\/p>\n<table style=\"width: 39.11%; border-collapse: collapse;\">\n<tbody>\n<tr>\n<td style=\"width: 20.43%;\"><strong>Projecte Educatiu de Centre (PEC)<\/strong><\/td>\n<td style=\"width: 21.99%;\"><a href=\"https:\/\/agora.xtec.cat\/ceip-practiques1-lleida\/wp-content\/uploads\/usu1761\/2019\/02\/PEC-Pr\u00e0ctiques-1.pdf\">PEC Pr\u00e0ctiques 1<\/a><\/td>\n<\/tr>\n<tr>\n<td style=\"width: 20.43%;\"><strong>Projecte Ling\u00fc\u00edstic (PL)<\/strong><\/td>\n<td style=\"width: 21.99%;\"><a href=\"https:\/\/agora.xtec.cat\/ceip-practiques1-lleida\/wp-content\/uploads\/usu1761\/2019\/02\/PL-Pr\u00e0ctiques-1-2016.pdf\">PL Pr\u00e0ctiques 1-2018<\/a><\/td>\n<\/tr>\n<tr>\n<td style=\"width: 20.43%;\"><strong>NOFC<\/strong><\/td>\n<td style=\"width: 21.99%;\"><a href=\"https:\/\/agora.xtec.cat\/ceip-practiques1-lleida\/wp-content\/uploads\/usu1761\/2019\/11\/NOFPr\u00e0ctiques-1.pdf\">NOFPr\u00e0ctiques 1<\/a><\/td>\n<\/tr>\n<tr>\n<td style=\"width: 20.43%;\"><strong>Carta de comprom\u00eds educatiu<\/strong><\/td>\n<td style=\"width: 21.99%;\"><a href=\"https:\/\/agora.xtec.cat\/ceip-practiques1-lleida\/wp-content\/uploads\/usu1761\/2019\/11\/cartacompromisPr\u00e0ctiques1.pdf\">cartacompromisPr\u00e0ctiques1<\/a><\/td>\n<\/tr>\n<tr>\n<td style=\"width: 20.43%;\"><strong>Pla organitzaci\u00f3 centre<\/strong><\/td>\n<td style=\"width: 21.99%;\"><a href=\"https:\/\/agora.xtec.cat\/ceip-practiques1-lleida\/wp-content\/uploads\/usu1761\/2021\/09\/PLA-ORGANITZACIO-CENTRE-21-22.pdf\">PLA ORGANITZACI\u00d3 CENTRE 21-22<\/a><\/td>\n<\/tr>\n<\/tbody>\n<\/table>\n<p>&nbsp;<\/p>\n<p>&nbsp;<\/p>\n","protected":false},"excerpt":{"rendered":"<p>La llei 12\/2009, del 10 de juliol, d\u2019educaci\u00f3 (article 91) estableix que tots els centres educatius vinculats al Servei d\u2019Educaci\u00f3 de Catalunya han de disposar de projecte educatiu. Els centres del sistema educatiu catal\u00e0 han de recollir els principis rectors del sistema educatiu establerts a l\u2019article 2 de la Llei 12\/2009. A m\u00e9s, els centres [&hellip;]<\/p>\n","protected":false},"author":1,"featured_media":0,"parent":0,"menu_order":0,"comment_status":"closed","ping_status":"closed","template":"page-templates\/side-menu.php","meta":{"_bbp_topic_count":0,"_bbp_reply_count":0,"_bbp_total_topic_count":0,"_bbp_total_reply_count":0,"_bbp_voice_count":0,"_bbp_anonymous_reply_count":0,"_bbp_topic_count_hidden":0,"_bbp_reply_count_hidden":0,"_bbp_forum_subforum_count":0,"site-sidebar-layout":"default","site-content-layout":"","ast-site-content-layout":"","site-content-style":"default","site-sidebar-style":"default","ast-global-header-display":"","ast-banner-title-visibility":"","ast-main-header-display":"","ast-hfb-above-header-display":"","ast-hfb-below-header-display":"","ast-hfb-mobile-header-display":"","site-post-title":"","ast-breadcrumbs-content":"","ast-featured-img":"","footer-sml-layout":"","theme-transparent-header-meta":"","adv-header-id-meta":"","stick-header-meta":"","header-above-stick-meta":"","header-main-stick-meta":"","header-below-stick-meta":"","astra-migrate-meta-layouts":"default","ast-page-background-enabled":"default","ast-page-background-meta":{"desktop":{"background-color":"var(--ast-global-color-4)","background-image":"","background-repeat":"repeat","background-position":"center center","background-size":"auto","background-attachment":"scroll","background-type":"","background-media":"","overlay-type":"","overlay-color":"","overlay-opacity":"","overlay-gradient":""},"tablet":{"background-color":"","background-image":"","background-repeat":"repeat","background-position":"center center","background-size":"auto","background-attachment":"scroll","background-type":"","background-media":"","overlay-type":"","overlay-color":"","overlay-opacity":"","overlay-gradient":""},"mobile":{"background-color":"","background-image":"","background-repeat":"repeat","background-position":"center center","background-size":"auto","background-attachment":"scroll","background-type":"","background-media":"","overlay-type":"","overlay-color":"","overlay-opacity":"","overlay-gradient":""}},"ast-content-background-meta":{"desktop":{"background-color":"var(--ast-global-color-5)","background-image":"","background-repeat":"repeat","background-position":"center center","background-size":"auto","background-attachment":"scroll","background-type":"","background-media":"","overlay-type":"","overlay-color":"","overlay-opacity":"","overlay-gradient":""},"tablet":{"background-color":"var(--ast-global-color-5)","background-image":"","background-repeat":"repeat","background-position":"center center","background-size":"auto","background-attachment":"scroll","background-type":"","background-media":"","overlay-type":"","overlay-color":"","overlay-opacity":"","overlay-gradient":""},"mobile":{"background-color":"var(--ast-global-color-5)","background-image":"","background-repeat":"repeat","background-position":"center center","background-size":"auto","background-attachment":"scroll","background-type":"","background-media":"","overlay-type":"","overlay-color":"","overlay-opacity":"","overlay-gradient":""}},"footnotes":""},"class_list":["post-64","page","type-page","status-publish","hentry"],"post_mailing_queue_ids":[],"_links":{"self":[{"href":"https:\/\/agora.xtec.cat\/ceip-practiques1-lleida\/wp-json\/wp\/v2\/pages\/64","targetHints":{"allow":["GET"]}}],"collection":[{"href":"https:\/\/agora.xtec.cat\/ceip-practiques1-lleida\/wp-json\/wp\/v2\/pages"}],"about":[{"href":"https:\/\/agora.xtec.cat\/ceip-practiques1-lleida\/wp-json\/wp\/v2\/types\/page"}],"author":[{"embeddable":true,"href":"https:\/\/agora.xtec.cat\/ceip-practiques1-lleida\/wp-json\/wp\/v2\/users\/1"}],"replies":[{"embeddable":true,"href":"https:\/\/agora.xtec.cat\/ceip-practiques1-lleida\/wp-json\/wp\/v2\/comments?post=64"}],"version-history":[{"count":3,"href":"https:\/\/agora.xtec.cat\/ceip-practiques1-lleida\/wp-json\/wp\/v2\/pages\/64\/revisions"}],"predecessor-version":[{"id":7745,"href":"https:\/\/agora.xtec.cat\/ceip-practiques1-lleida\/wp-json\/wp\/v2\/pages\/64\/revisions\/7745"}],"wp:attachment":[{"href":"https:\/\/agora.xtec.cat\/ceip-practiques1-lleida\/wp-json\/wp\/v2\/media?parent=64"}],"curies":[{"name":"wp","href":"https:\/\/api.w.org\/{rel}","templated":true}]}}