{"id":6099,"date":"2020-11-26T19:51:57","date_gmt":"2020-11-26T18:51:57","guid":{"rendered":"http:\/\/agora.xtec.cat\/ceip-practiques1-lleida\/?page_id=6099"},"modified":"2021-10-13T16:01:03","modified_gmt":"2021-10-13T14:01:03","slug":"auxiliar-conversa","status":"publish","type":"page","link":"https:\/\/agora.xtec.cat\/ceip-practiques1-lleida\/auxiliar-conversa\/","title":{"rendered":"Programa Auxiliar conversa &#8211; Estades d\u2019immersi\u00f3 ling\u00fc\u00edstica en llengua anglesa"},"content":{"rendered":"<p><b>INFORMACI\u00d3 DEL PROGRAMA<\/b><\/p>\n<p><span style=\"font-weight: 400;\">En el marc de les accions per al desenvolupament del pluriling\u00fcisme de l\u2019alumnat i, en especial, de la millora dels coneixements de llengua anglesa que impulsa la Generalitat de Catalunya, s\u2019ha establert la col\u00b7laboraci\u00f3 entre el Departament d\u2019Educaci\u00f3 i l&#8217;Ag\u00e8ncia Catalana de la Joventut (ACJ) per possibilitar la participaci\u00f3 d\u2019alumnes en<\/span><b> estades d\u2019immersi\u00f3 ling\u00fc\u00edstica en llengua anglesa<\/b><span style=\"font-weight: 400;\">.<\/span><\/p>\n<p><span style=\"font-weight: 400;\">Les estades s\u2019adrecen als alumnes de Cicle Superior d\u2019educaci\u00f3 prim\u00e0ria de centres educatius p\u00fablics de Catalunya, preferentment els classificats com d\u2019alta i m\u00e0xima complexitat, com \u00e9s el nostre cas.<\/span><\/p>\n<p><span style=\"font-weight: 400;\">L\u2019objectiu principal de les estades que us presentem \u00e9s que els nens i nenes aprenguin angl\u00e8s, per\u00f2 tamb\u00e9 que aprenguin a <\/span><b>gaudir de la llengua tot treballant i jugant<\/b><span style=\"font-weight: 400;\">, tal i com ho farien en la seva llengua materna. \u00c9s per aix\u00f2 que apostem per la immersi\u00f3 ling\u00fc\u00edstica, com a creaci\u00f3 d\u2019un entorn en qu\u00e8 l\u2019alumnat perdi la por a expressar-se, a partir de la necessitat. \u00c9s a dir, que un cert instint de superviv\u00e8ncia faci que es vegin inclinats al seu \u00fas, sense bloquejar-se, de manera molt semblant a la que es trobarien a l\u2019estranger.<\/span><\/p>\n<p><b>FINAN\u00c7AMENT<\/b><\/p>\n<p><span style=\"font-weight: 400;\">L\u2019acci\u00f3 \u00e9s <\/span><b>finan\u00e7ada a trav\u00e9s del Fons Social Europeu<\/b><span style=\"font-weight: 400;\"> que gestiona el Ministeri d\u2019Educaci\u00f3 i Formaci\u00f3 Professional mitjan\u00e7ant el Programa d\u2019Orientaci\u00f3 i Refor\u00e7 per a l\u2019impuls i el suport a l\u2019educaci\u00f3.<\/span><\/p>\n<p><span style=\"font-weight: 400;\">El programa inclou:<\/span><\/p>\n<ul>\n<li style=\"font-weight: 400;\" aria-level=\"1\"><span style=\"font-weight: 400;\">l\u2019allotjament i manutenci\u00f3 en r\u00e8gim de pensi\u00f3 completa, des del sopar del 1r dia fins al dinar del 3r dia (ambd\u00f2s inclosos)<\/span><\/li>\n<li style=\"font-weight: 400;\" aria-level=\"1\"><span style=\"font-weight: 400;\">les activitats en l\u2019horari descrit<\/span><\/li>\n<li style=\"font-weight: 400;\" aria-level=\"1\"><span style=\"font-weight: 400;\">gratu\u00eftat 1 mestre per cada 10 alumnes<\/span><\/li>\n<\/ul>\n<p><span style=\"font-weight: 400;\">El programa no inclou:<\/span><\/p>\n<ul>\n<li style=\"font-weight: 400;\" aria-level=\"1\"><span style=\"font-weight: 400;\">el transport des del centre fins a l\u2019alberg<\/span><\/li>\n<li style=\"font-weight: 400;\" aria-level=\"1\"><span style=\"font-weight: 400;\">el dinar del 1r dia<\/span><\/li>\n<li style=\"font-weight: 400;\" aria-level=\"1\"><span style=\"font-weight: 400;\">el ticket del tren cremallera de Ribes de Freser fins a N\u00faria<\/span><\/li>\n<\/ul>\n<p><b>LA NOSTRA PARTICIPACI\u00d3<\/b><\/p>\n<p><span style=\"font-weight: 400;\">Les estades tenen una durada de 3 dies ( <\/span><b>4, 5 i 6 d\u2019octubre de 2021<\/b><span style=\"font-weight: 400;\">) i es desenvoluparan a l\u2019alberg de la XANASCAT de la <\/span><b>Vall de N\u00faria<\/b><span style=\"font-weight: 400;\">, on tamb\u00e9 ens allotjarem.\u00a0<\/span><\/p>\n<p><span style=\"font-weight: 400;\">Les <\/span><b>activitats<\/b><span style=\"font-weight: 400;\"> que es duran a terme estan relacionades amb el centre d\u2019inter\u00e8s: <\/span><b>\u201cEnglish camp\u201d<\/b><span style=\"font-weight: 400;\">. S\u00f3n molt variades: des de jocs m\u00e9s moguts d\u2019activitat f\u00edsica a activitats intel\u00b7lectuals com ara gimcanes o resoldre enigmes. Tamb\u00e9 es faran manualitats que l\u2019alumnat podr\u00e0 endur-se a casa.<\/span><\/p>\n<p>&nbsp;<\/p>\n<table>\n<tbody>\n<tr>\n<td><\/td>\n<td><span style=\"font-weight: 400;\">DAY 1<\/span><\/td>\n<td><span style=\"font-weight: 400;\">DAY 2<\/span><\/td>\n<td><span style=\"font-weight: 400;\">DAY 3<\/span><\/td>\n<\/tr>\n<tr>\n<td><span style=\"font-weight: 400;\">MORNING<\/span><\/td>\n<td><span style=\"font-weight: 400;\">ICE BREAKERS<\/span><\/p>\n<p><span style=\"font-weight: 400;\">(Presentaci\u00f3 centre d\u2019inter\u00e8s)<\/span><\/td>\n<td><span style=\"font-weight: 400;\">EXCURSION<\/span><\/td>\n<td><span style=\"font-weight: 400;\">THE CODE<\/span><\/p>\n<p><span style=\"font-weight: 400;\">(Avaluaci\u00f3 del camp)<\/span><\/td>\n<\/tr>\n<tr>\n<td><span style=\"font-weight: 400;\">AFTERNOON<\/span><\/td>\n<td><span style=\"font-weight: 400;\">OLYMPIC GAMES<\/span><\/td>\n<td><span style=\"font-weight: 400;\">MYSTERIUM<\/span><\/td>\n<td rowspan=\"2\"><\/td>\n<\/tr>\n<tr>\n<td><span style=\"font-weight: 400;\">NIGHT<\/span><\/td>\n<td><span style=\"font-weight: 400;\">JOC DE NIT<\/span><\/td>\n<td><span style=\"font-weight: 400;\">JOC DE NIT\/VETLLADA<\/span><\/td>\n<\/tr>\n<\/tbody>\n<\/table>\n<p>&nbsp;<\/p>\n<p><strong>AUXILIAR DE CONVERSA &#8211; CURS 2020\/21<\/strong><\/p>\n<p>Programa que s&#8217;emmarca dins del conjunt d&#8217;actuacions destinades a donar suport a aquells centres que desenvolupen un projecte innovador per a la gesti\u00f3 de les lleng\u00fces estrangeres curriculars (anglesa, francesa, alemanya o italiana).<\/p>\n<p>Els <strong>auxiliars de conversa<\/strong> en els centres catalans s\u00f3n un <strong>recurs de primer ordre per a estimular l&#8217;aprenentatge de lleng\u00fces i el coneixement d&#8217;altres cultures i altres formes d&#8217;entendre el m\u00f3n.<\/strong><\/p>\n<p>La seva tasca educativa d\u00f3na suport ling\u00fc\u00edstic a les activitats programades pel tutor o tutora d&#8217;aula, amb objectius comuns: el desenvolupament de les compet\u00e8ncies comunicatives i ling\u00fc\u00edstiques de l&#8217;alumnat. Aquest objectiu \u00e9s clau per a l&#8217;aprenentatge al llarg de tota la vida, at\u00e8s que l&#8217;oralitat esdev\u00e9 una habilitat b\u00e0sica i transversal per a l&#8217;estudi i el creixement personal.<\/p>\n<p>Si en voleu saber m\u00e9s informaci\u00f3 <a href=\"http:\/\/xtec.gencat.cat\/ca\/projectes\/plurilinguisme\/programes\/institucionals\/auxiliars_conversa\/\">cliqueu aqu\u00ed<\/a><\/p>\n<p>A m\u00e9s a m\u00e9s, en aquest apartat podreu anar veien la feina que fa el Sebastian, el nostre auxiliar de conversa.<\/p>\n<p><strong>ELS ALUMNES DEL CICLE SUPERIOR US PRESENTEM EL SEBASTIAN, EL NOSTRE AUXILIAR DE CONVERSA<\/strong><\/p>\n<div class=\"gmail_default\">Hello everyone!<\/div>\n<div><\/div>\n<div class=\"gmail_default\">This school year, we have a new teacher. He is from the United States. He comes to our school on Tuesdays and Thursdays morning to teach Science to 5th and 6th level students.<\/div>\n<div><\/div>\n<div class=\"gmail_default\">Angela and Jiacheng want to introduce you\u2026 Sebastian!!!<\/div>\n<div><\/div>\n<div><\/div>\n<div><\/div>\n<div style=\"text-align: center;\"><iframe loading=\"lazy\" src=\"\/\/www.youtube.com\/embed\/LN0p30bo-eE\" width=\"560\" height=\"314\"><\/iframe><\/div>\n<p>&nbsp;<\/p>\n<p style=\"text-align: center;\"><iframe loading=\"lazy\" src=\"\/\/www.youtube.com\/embed\/-v5sphi7Sxw\" width=\"560\" height=\"314\" allowfullscreen=\"allowfullscreen\"><\/iframe><\/p>\n<p style=\"text-align: center;\"><iframe loading=\"lazy\" src=\"\/\/www.youtube.com\/embed\/Hn6KvwFiez4\" width=\"560\" height=\"314\" allowfullscreen=\"allowfullscreen\"><\/iframe><\/p>\n<p style=\"text-align: center;\"><iframe loading=\"lazy\" src=\"\/\/www.youtube.com\/embed\/FnKgcG4SAUg\" width=\"560\" height=\"314\" allowfullscreen=\"allowfullscreen\"><\/iframe><\/p>\n<p style=\"text-align: center;\"><iframe loading=\"lazy\" src=\"\/\/www.youtube.com\/embed\/gMjnJTk79vA\" width=\"560\" height=\"314\" allowfullscreen=\"allowfullscreen\"><\/iframe><\/p>\n<p style=\"text-align: center;\"><iframe loading=\"lazy\" src=\"\/\/www.youtube.com\/embed\/6Em7PvszuBs\" width=\"560\" height=\"314\" allowfullscreen=\"allowfullscreen\"><\/iframe><\/p>\n<p style=\"text-align: center;\"><iframe loading=\"lazy\" src=\"\/\/www.youtube.com\/embed\/0RNmhIkFwbA\" width=\"560\" height=\"314\" allowfullscreen=\"allowfullscreen\"><\/iframe><\/p>\n<p style=\"text-align: center;\"><iframe loading=\"lazy\" src=\"\/\/www.youtube.com\/embed\/FxHDQAstUk0\" width=\"560\" height=\"314\" allowfullscreen=\"allowfullscreen\"><\/iframe><\/p>\n<p>&nbsp;<\/p>\n<p style=\"text-align: center;\"><strong>ESTADES D&#8217;IMMERSI\u00d3 LING\u00dcIST\u00cdCA N\u00daRIA<\/strong><\/p>\n<p>&nbsp;<\/p>\n<p><a href=\"https:\/\/agora.xtec.cat\/ceip-practiques1-lleida\/wp-content\/uploads\/usu1761\/2021\/10\/IMG_3645.jpg\"><img loading=\"lazy\" decoding=\"async\" class=\"alignright wp-image-7793 size-medium\" src=\"https:\/\/agora.xtec.cat\/ceip-practiques1-lleida\/wp-content\/uploads\/usu1761\/2021\/10\/IMG_3645-300x225.jpg\" alt=\"\" width=\"300\" height=\"225\" srcset=\"https:\/\/agora.xtec.cat\/ceip-practiques1-lleida\/wp-content\/uploads\/usu1761\/2021\/10\/IMG_3645-300x225.jpg 300w, https:\/\/agora.xtec.cat\/ceip-practiques1-lleida\/wp-content\/uploads\/usu1761\/2021\/10\/IMG_3645-200x150.jpg 200w, https:\/\/agora.xtec.cat\/ceip-practiques1-lleida\/wp-content\/uploads\/usu1761\/2021\/10\/IMG_3645.jpg 320w\" sizes=\"auto, (max-width: 300px) 100vw, 300px\" \/><\/a>Bones a tothom!!!<\/p>\n<p>Som l&#8217;alumnat del cicle superior, les col\u00f2nies estan anant genial.<\/p>\n<p>&nbsp;<\/p>\n<p><strong>DIA 1<\/strong><\/p>\n<p>Durant el primer dia ens ho hem passat molt b\u00e9. Hem arribat a les 12:30h, hem pujat amb el cremallera. Despr\u00e9s hem agafat un telecabina fins arribar finalment a L&#8217;alberg de N\u00faria. All\u00ed hem dinat i repartit les habitacions.<\/p>\n<p><a href=\"https:\/\/agora.xtec.cat\/ceip-practiques1-lleida\/wp-content\/uploads\/usu1761\/2021\/10\/IMG_3670.jpg\"><img loading=\"lazy\" decoding=\"async\" class=\"alignnone size-full wp-image-7791\" src=\"https:\/\/agora.xtec.cat\/ceip-practiques1-lleida\/wp-content\/uploads\/usu1761\/2021\/10\/IMG_3670.jpg\" alt=\"\" width=\"320\" height=\"240\" srcset=\"https:\/\/agora.xtec.cat\/ceip-practiques1-lleida\/wp-content\/uploads\/usu1761\/2021\/10\/IMG_3670.jpg 320w, https:\/\/agora.xtec.cat\/ceip-practiques1-lleida\/wp-content\/uploads\/usu1761\/2021\/10\/IMG_3670-300x225.jpg 300w, https:\/\/agora.xtec.cat\/ceip-practiques1-lleida\/wp-content\/uploads\/usu1761\/2021\/10\/IMG_3670-200x150.jpg 200w\" sizes=\"auto, (max-width: 320px) 100vw, 320px\" \/><\/a> <a href=\"https:\/\/agora.xtec.cat\/ceip-practiques1-lleida\/wp-content\/uploads\/usu1761\/2021\/10\/IMG_3673.jpg\"><img loading=\"lazy\" decoding=\"async\" class=\"size-full wp-image-7792 alignright\" src=\"https:\/\/agora.xtec.cat\/ceip-practiques1-lleida\/wp-content\/uploads\/usu1761\/2021\/10\/IMG_3673.jpg\" alt=\"\" width=\"320\" height=\"240\" srcset=\"https:\/\/agora.xtec.cat\/ceip-practiques1-lleida\/wp-content\/uploads\/usu1761\/2021\/10\/IMG_3673.jpg 320w, https:\/\/agora.xtec.cat\/ceip-practiques1-lleida\/wp-content\/uploads\/usu1761\/2021\/10\/IMG_3673-300x225.jpg 300w, https:\/\/agora.xtec.cat\/ceip-practiques1-lleida\/wp-content\/uploads\/usu1761\/2021\/10\/IMG_3673-200x150.jpg 200w\" sizes=\"auto, (max-width: 320px) 100vw, 320px\" \/><\/a><\/p>\n<p>Per la tarda hem fet activitats de coneixen\u00e7a <em>(Ice breakers)<\/em>, una caminata fins l&#8217;alberg i hem pogut gaudir de la natura que ens envolta en una estoneta lliure que hem tingut fins l&#8217;hora de sopar. Per acabar el dia hem fet un joc de nit anomenat:\u00a0<em>Flags.<\/em><\/p>\n<p><a href=\"https:\/\/agora.xtec.cat\/ceip-practiques1-lleida\/wp-content\/uploads\/usu1761\/2021\/10\/IMG_3695.jpg\"><img loading=\"lazy\" decoding=\"async\" class=\"alignnone wp-image-7795 size-medium\" src=\"https:\/\/agora.xtec.cat\/ceip-practiques1-lleida\/wp-content\/uploads\/usu1761\/2021\/10\/IMG_3695-300x225.jpg\" alt=\"\" width=\"300\" height=\"225\" srcset=\"https:\/\/agora.xtec.cat\/ceip-practiques1-lleida\/wp-content\/uploads\/usu1761\/2021\/10\/IMG_3695-300x225.jpg 300w, https:\/\/agora.xtec.cat\/ceip-practiques1-lleida\/wp-content\/uploads\/usu1761\/2021\/10\/IMG_3695-200x150.jpg 200w, https:\/\/agora.xtec.cat\/ceip-practiques1-lleida\/wp-content\/uploads\/usu1761\/2021\/10\/IMG_3695.jpg 640w\" sizes=\"auto, (max-width: 300px) 100vw, 300px\" \/><\/a> <a href=\"https:\/\/agora.xtec.cat\/ceip-practiques1-lleida\/wp-content\/uploads\/usu1761\/2021\/10\/00751ba7-26cf-404b-b737-b8b7db8bc041.jpg\"><img loading=\"lazy\" decoding=\"async\" class=\"alignright wp-image-7796 size-medium\" src=\"https:\/\/agora.xtec.cat\/ceip-practiques1-lleida\/wp-content\/uploads\/usu1761\/2021\/10\/00751ba7-26cf-404b-b737-b8b7db8bc041-300x225.jpg\" alt=\"\" width=\"300\" height=\"225\" srcset=\"https:\/\/agora.xtec.cat\/ceip-practiques1-lleida\/wp-content\/uploads\/usu1761\/2021\/10\/00751ba7-26cf-404b-b737-b8b7db8bc041-300x225.jpg 300w, https:\/\/agora.xtec.cat\/ceip-practiques1-lleida\/wp-content\/uploads\/usu1761\/2021\/10\/00751ba7-26cf-404b-b737-b8b7db8bc041-768x576.jpg 768w, https:\/\/agora.xtec.cat\/ceip-practiques1-lleida\/wp-content\/uploads\/usu1761\/2021\/10\/00751ba7-26cf-404b-b737-b8b7db8bc041-200x150.jpg 200w, https:\/\/agora.xtec.cat\/ceip-practiques1-lleida\/wp-content\/uploads\/usu1761\/2021\/10\/00751ba7-26cf-404b-b737-b8b7db8bc041.jpg 1024w\" sizes=\"auto, (max-width: 300px) 100vw, 300px\" \/><\/a><\/p>\n<p>Dia complet, si ho voleu veure, cliqueu el v\u00eddeo.<\/p>\n<p style=\"text-align: center;\"><iframe loading=\"lazy\" src=\"\/\/www.youtube.com\/embed\/BzWfRRLgwbs\" width=\"560\" height=\"314\" allowfullscreen=\"allowfullscreen\" data-mce-fragment=\"1\"><\/iframe><\/p>\n<p style=\"text-align: center;\">V\u00cdDEO DEL MAT\u00cd<\/p>\n<p style=\"text-align: center;\"><iframe loading=\"lazy\" src=\"\/\/www.youtube.com\/embed\/6N3Ef5NsHlg\" width=\"560\" height=\"314\" allowfullscreen=\"allowfullscreen\" data-mce-fragment=\"1\"><\/iframe><\/p>\n<p style=\"text-align: center;\">V\u00cdDEO DE LA TARDA<\/p>\n<p><strong>DIA 2<\/strong><\/p>\n<p>Avui, despr\u00e9s d&#8217;esmorzar, hem agafat roba d&#8217;abric i la cantimplora i hem anat a fer una excursi\u00f3 per gaudir de la Vall de N\u00faria. Molts i moltes de nosaltres no hav\u00edem vist cap isard i la veritat \u00e9s que ens ha fascinat poder-los veure de tant a prop.<\/p>\n<p>Aqu\u00ed us adjuntem unes quantes fotos del mat\u00ed&#8230;<\/p>\n<p><a href=\"https:\/\/agora.xtec.cat\/ceip-practiques1-lleida\/wp-content\/uploads\/usu1761\/2021\/10\/IMG_3741.jpg\"><img loading=\"lazy\" decoding=\"async\" class=\"wp-image-7785 size-medium alignleft\" src=\"https:\/\/agora.xtec.cat\/ceip-practiques1-lleida\/wp-content\/uploads\/usu1761\/2021\/10\/IMG_3741-300x225.jpg\" alt=\"\" width=\"300\" height=\"225\" srcset=\"https:\/\/agora.xtec.cat\/ceip-practiques1-lleida\/wp-content\/uploads\/usu1761\/2021\/10\/IMG_3741-300x225.jpg 300w, https:\/\/agora.xtec.cat\/ceip-practiques1-lleida\/wp-content\/uploads\/usu1761\/2021\/10\/IMG_3741-200x150.jpg 200w, https:\/\/agora.xtec.cat\/ceip-practiques1-lleida\/wp-content\/uploads\/usu1761\/2021\/10\/IMG_3741.jpg 640w\" sizes=\"auto, (max-width: 300px) 100vw, 300px\" \/><\/a><a href=\"https:\/\/agora.xtec.cat\/ceip-practiques1-lleida\/wp-content\/uploads\/usu1761\/2021\/10\/IMG_3799-rotated.jpg\"><img loading=\"lazy\" decoding=\"async\" class=\"alignright wp-image-7786 size-medium\" src=\"https:\/\/agora.xtec.cat\/ceip-practiques1-lleida\/wp-content\/uploads\/usu1761\/2021\/10\/IMG_3799-225x300.jpg\" alt=\"\" width=\"225\" height=\"300\" srcset=\"https:\/\/agora.xtec.cat\/ceip-practiques1-lleida\/wp-content\/uploads\/usu1761\/2021\/10\/IMG_3799-225x300.jpg 225w, https:\/\/agora.xtec.cat\/ceip-practiques1-lleida\/wp-content\/uploads\/usu1761\/2021\/10\/IMG_3799-rotated.jpg 480w\" sizes=\"auto, (max-width: 225px) 100vw, 225px\" \/><\/a><\/p>\n<p>&nbsp;<\/p>\n<p>&nbsp;<\/p>\n<p>&nbsp;<\/p>\n<p>&nbsp;<\/p>\n<p>&nbsp;<\/p>\n<p>&nbsp;<\/p>\n<p>&nbsp;<\/p>\n<p>&nbsp;<\/p>\n<p><a href=\"https:\/\/agora.xtec.cat\/ceip-practiques1-lleida\/wp-content\/uploads\/usu1761\/2021\/10\/IMG_3862.jpg\"><img loading=\"lazy\" decoding=\"async\" class=\"size-full wp-image-7787 aligncenter\" src=\"https:\/\/agora.xtec.cat\/ceip-practiques1-lleida\/wp-content\/uploads\/usu1761\/2021\/10\/IMG_3862.jpg\" alt=\"\" width=\"640\" height=\"480\" srcset=\"https:\/\/agora.xtec.cat\/ceip-practiques1-lleida\/wp-content\/uploads\/usu1761\/2021\/10\/IMG_3862.jpg 640w, https:\/\/agora.xtec.cat\/ceip-practiques1-lleida\/wp-content\/uploads\/usu1761\/2021\/10\/IMG_3862-300x225.jpg 300w, https:\/\/agora.xtec.cat\/ceip-practiques1-lleida\/wp-content\/uploads\/usu1761\/2021\/10\/IMG_3862-200x150.jpg 200w\" sizes=\"auto, (max-width: 640px) 100vw, 640px\" \/><\/a><\/p>\n<p>Durant la tarda hem seguit amb les activitats d&#8217;immersi\u00f3 ling\u00fc\u00edstica en angl\u00e8s a l&#8217;exterior de l&#8217;alberg fins entrada la tarda, que ha comen\u00e7at a refrescar. Per resguardar-nos del fred hem continuat divertint-nos a l&#8217;interior de l&#8217;alberg creant una\u00a0<em>postcard<\/em> per a un\/a company\/a del grup.<\/p>\n<p>Per la nit hem participat en un\u00a0<em>Got Talent, <\/em>un concurs on, per grups o individualment, hem demostrat quines s\u00f3n les nostres millors habilitats i talents.<\/p>\n<p>&nbsp;<\/p>\n<p style=\"text-align: center;\"><iframe loading=\"lazy\" src=\"\/\/www.youtube.com\/embed\/_yEFMTA6f-c\" width=\"560\" height=\"314\" allowfullscreen=\"allowfullscreen\" data-mce-fragment=\"1\"><\/iframe><\/p>\n<p>&nbsp;<\/p>\n<p style=\"text-align: center;\"><iframe loading=\"lazy\" src=\"\/\/www.youtube.com\/embed\/mmBmfgEqJOE\" width=\"560\" height=\"314\" allowfullscreen=\"allowfullscreen\" data-mce-fragment=\"1\"><\/iframe><\/p>\n<p>&nbsp;<\/p>\n<p>&nbsp;<\/p>\n<p>&nbsp;<\/p>\n","protected":false},"excerpt":{"rendered":"<p>INFORMACI\u00d3 DEL PROGRAMA En el marc de les accions per al desenvolupament del pluriling\u00fcisme de l\u2019alumnat i, en especial, de la millora dels coneixements de llengua anglesa que impulsa la Generalitat de Catalunya, s\u2019ha establert la col\u00b7laboraci\u00f3 entre el Departament d\u2019Educaci\u00f3 i l&#8217;Ag\u00e8ncia Catalana de la Joventut (ACJ) per possibilitar la participaci\u00f3 d\u2019alumnes en estades [&hellip;]<\/p>\n","protected":false},"author":3,"featured_media":0,"parent":0,"menu_order":0,"comment_status":"closed","ping_status":"closed","template":"","meta":{"_bbp_topic_count":0,"_bbp_reply_count":0,"_bbp_total_topic_count":0,"_bbp_total_reply_count":0,"_bbp_voice_count":0,"_bbp_anonymous_reply_count":0,"_bbp_topic_count_hidden":0,"_bbp_reply_count_hidden":0,"_bbp_forum_subforum_count":0,"site-sidebar-layout":"default","site-content-layout":"","ast-site-content-layout":"","site-content-style":"default","site-sidebar-style":"default","ast-global-header-display":"","ast-banner-title-visibility":"","ast-main-header-display":"","ast-hfb-above-header-display":"","ast-hfb-below-header-display":"","ast-hfb-mobile-header-display":"","site-post-title":"","ast-breadcrumbs-content":"","ast-featured-img":"","footer-sml-layout":"","theme-transparent-header-meta":"","adv-header-id-meta":"","stick-header-meta":"","header-above-stick-meta":"","header-main-stick-meta":"","header-below-stick-meta":"","astra-migrate-meta-layouts":"default","ast-page-background-enabled":"default","ast-page-background-meta":{"desktop":{"background-color":"var(--ast-global-color-4)","background-image":"","background-repeat":"repeat","background-position":"center center","background-size":"auto","background-attachment":"scroll","background-type":"","background-media":"","overlay-type":"","overlay-color":"","overlay-opacity":"","overlay-gradient":""},"tablet":{"background-color":"","background-image":"","background-repeat":"repeat","background-position":"center center","background-size":"auto","background-attachment":"scroll","background-type":"","background-media":"","overlay-type":"","overlay-color":"","overlay-opacity":"","overlay-gradient":""},"mobile":{"background-color":"","background-image":"","background-repeat":"repeat","background-position":"center center","background-size":"auto","background-attachment":"scroll","background-type":"","background-media":"","overlay-type":"","overlay-color":"","overlay-opacity":"","overlay-gradient":""}},"ast-content-background-meta":{"desktop":{"background-color":"var(--ast-global-color-5)","background-image":"","background-repeat":"repeat","background-position":"center center","background-size":"auto","background-attachment":"scroll","background-type":"","background-media":"","overlay-type":"","overlay-color":"","overlay-opacity":"","overlay-gradient":""},"tablet":{"background-color":"var(--ast-global-color-5)","background-image":"","background-repeat":"repeat","background-position":"center center","background-size":"auto","background-attachment":"scroll","background-type":"","background-media":"","overlay-type":"","overlay-color":"","overlay-opacity":"","overlay-gradient":""},"mobile":{"background-color":"var(--ast-global-color-5)","background-image":"","background-repeat":"repeat","background-position":"center center","background-size":"auto","background-attachment":"scroll","background-type":"","background-media":"","overlay-type":"","overlay-color":"","overlay-opacity":"","overlay-gradient":""}},"footnotes":""},"class_list":["post-6099","page","type-page","status-publish","hentry"],"post_mailing_queue_ids":[],"_links":{"self":[{"href":"https:\/\/agora.xtec.cat\/ceip-practiques1-lleida\/wp-json\/wp\/v2\/pages\/6099","targetHints":{"allow":["GET"]}}],"collection":[{"href":"https:\/\/agora.xtec.cat\/ceip-practiques1-lleida\/wp-json\/wp\/v2\/pages"}],"about":[{"href":"https:\/\/agora.xtec.cat\/ceip-practiques1-lleida\/wp-json\/wp\/v2\/types\/page"}],"author":[{"embeddable":true,"href":"https:\/\/agora.xtec.cat\/ceip-practiques1-lleida\/wp-json\/wp\/v2\/users\/3"}],"replies":[{"embeddable":true,"href":"https:\/\/agora.xtec.cat\/ceip-practiques1-lleida\/wp-json\/wp\/v2\/comments?post=6099"}],"version-history":[{"count":3,"href":"https:\/\/agora.xtec.cat\/ceip-practiques1-lleida\/wp-json\/wp\/v2\/pages\/6099\/revisions"}],"predecessor-version":[{"id":7815,"href":"https:\/\/agora.xtec.cat\/ceip-practiques1-lleida\/wp-json\/wp\/v2\/pages\/6099\/revisions\/7815"}],"wp:attachment":[{"href":"https:\/\/agora.xtec.cat\/ceip-practiques1-lleida\/wp-json\/wp\/v2\/media?parent=6099"}],"curies":[{"name":"wp","href":"https:\/\/api.w.org\/{rel}","templated":true}]}}