{"id":494,"date":"2018-02-11T11:22:23","date_gmt":"2018-02-11T10:22:23","guid":{"rendered":"http:\/\/agora.xtec.cat\/ceip-practiques1-lleida\/?page_id=494"},"modified":"2025-11-06T09:50:54","modified_gmt":"2025-11-06T08:50:54","slug":"equip-huma","status":"publish","type":"page","link":"https:\/\/agora.xtec.cat\/ceip-practiques1-lleida\/lescola\/equip-huma\/","title":{"rendered":"Equip hum\u00e0"},"content":{"rendered":"<h6>Enguany, per al curs 2025-2026, l\u2019equip hum\u00e0 (docents, personal PAE, PAS, monitoratge&#8230;) que treballem a l\u2019escola Pr\u00e0ctiques I som els seg\u00fcents:<\/h6>\n<p>&nbsp;<\/p>\n<p><a href=\"https:\/\/agora.xtec.cat\/ceip-practiques1-lleida\/wp-content\/uploads\/usu1761\/2025\/11\/PHOTO-2025-09-10-19-41-51-1.jpg\"><img loading=\"lazy\" decoding=\"async\" class=\"alignnone size-large wp-image-20691\" src=\"https:\/\/agora.xtec.cat\/ceip-practiques1-lleida\/wp-content\/uploads\/usu1761\/2025\/11\/PHOTO-2025-09-10-19-41-51-1-1024x768.jpg\" alt=\"\" width=\"1024\" height=\"768\" srcset=\"https:\/\/agora.xtec.cat\/ceip-practiques1-lleida\/wp-content\/uploads\/usu1761\/2025\/11\/PHOTO-2025-09-10-19-41-51-1-1024x768.jpg 1024w, https:\/\/agora.xtec.cat\/ceip-practiques1-lleida\/wp-content\/uploads\/usu1761\/2025\/11\/PHOTO-2025-09-10-19-41-51-1-300x225.jpg 300w, https:\/\/agora.xtec.cat\/ceip-practiques1-lleida\/wp-content\/uploads\/usu1761\/2025\/11\/PHOTO-2025-09-10-19-41-51-1-768x576.jpg 768w, https:\/\/agora.xtec.cat\/ceip-practiques1-lleida\/wp-content\/uploads\/usu1761\/2025\/11\/PHOTO-2025-09-10-19-41-51-1-1536x1152.jpg 1536w, https:\/\/agora.xtec.cat\/ceip-practiques1-lleida\/wp-content\/uploads\/usu1761\/2025\/11\/PHOTO-2025-09-10-19-41-51-1.jpg 1600w\" sizes=\"auto, (max-width: 1024px) 100vw, 1024px\" \/><\/a><\/p>\n<h6><\/h6>\n<h6><strong>TUTORIES<\/strong><\/h6>\n<table style=\"width: 315px; background-color: #c2b2b2;\" width=\"315\">\n<tbody>\n<tr>\n<td style=\"width: 71px;\" width=\"71\"><strong>NIVELL<\/strong><\/td>\n<td style=\"width: 244px;\" width=\"223\"><strong>GRUP\u00a0<\/strong><\/td>\n<\/tr>\n<tr>\n<td style=\"width: 71px; background-color: #e895c7; text-align: center;\" width=\"71\"><strong>I3<\/strong><\/td>\n<td style=\"width: 244px; background-color: #e895c7; text-align: center;\" width=\"223\">Esther G. T.<\/td>\n<\/tr>\n<tr>\n<td style=\"width: 71px; background-color: #e895c7; text-align: center;\" width=\"71\"><strong>I4<\/strong><\/td>\n<td style=\"width: 244px; background-color: #e895c7; text-align: center;\" width=\"223\">Eva M.P<\/td>\n<\/tr>\n<tr>\n<td style=\"width: 71px; background-color: #e895c7; text-align: center;\" width=\"71\"><b><strong>I<\/strong>5 <\/b><\/td>\n<td style=\"width: 244px; background-color: #e895c7; text-align: center;\" width=\"244\">S\u00edlvia R. F<\/td>\n<\/tr>\n<tr>\n<td style=\"width: 71px; background-color: #e9f062; text-align: center;\" width=\"71\"><strong>1r<\/strong><\/td>\n<td style=\"width: 244px; background-color: #e9f062; text-align: center;\" width=\"244\">Anna S. G.<\/td>\n<\/tr>\n<tr>\n<td style=\"width: 71px; background-color: #e9f062; text-align: center;\" width=\"71\"><strong>2n<\/strong><\/td>\n<td style=\"width: 244px; background-color: #e9f062; text-align: center;\" width=\"244\">M\u00f2nica G. C.<\/td>\n<\/tr>\n<tr>\n<td style=\"width: 71px; background-color: #b5de68; text-align: center;\" width=\"71\"><strong>3r<\/strong><\/td>\n<td style=\"width: 244px; background-color: #b5de68; text-align: center;\" width=\"223\">Bea L.G.<\/td>\n<\/tr>\n<tr>\n<td style=\"width: 71px; background-color: #b5de68; text-align: center;\" width=\"71\"><strong>4t<\/strong><\/td>\n<td style=\"width: 244px; background-color: #b5de68; text-align: center;\" width=\"223\">Marta M<strong>.<\/strong>J.<\/td>\n<\/tr>\n<tr>\n<td style=\"width: 71px; text-align: center; background-color: #e6a56c;\" width=\"71\"><strong>5\u00e8<\/strong><\/td>\n<td style=\"width: 244px; text-align: center; background-color: #e6a56c;\" width=\"223\">Joan N. G.<\/td>\n<\/tr>\n<tr>\n<td style=\"width: 71px; text-align: center; background-color: #e6a56c;\" width=\"71\"><strong>6\u00e8<\/strong><\/td>\n<td style=\"width: 244px; text-align: center; background-color: #e6a56c;\" width=\"223\">Josep M. F,<\/td>\n<\/tr>\n<\/tbody>\n<\/table>\n<h6><\/h6>\n<h6><strong>ESPECIALISTES<\/strong><\/h6>\n<table style=\"height: 279px; width: 44.9653%; background-color: #9195ed;\" width=\"44.1457%\">\n<tbody>\n<tr style=\"height: 95px;\">\n<td style=\"width: 59.0697%; height: 95px; text-align: center;\">&nbsp;<\/p>\n<p><strong>Llengua Anglesa<\/strong><\/td>\n<td style=\"width: 41.6327%; height: 95px; text-align: center;\">Bea L.G CI<\/p>\n<p>Vanesa S. M. (C.M &#8211; C. S)<\/p>\n<p>N\u00e0yade B. M (INF)<\/td>\n<\/tr>\n<tr style=\"height: 31px;\">\n<td style=\"width: 59.0697%; height: 31px; text-align: center;\"><strong>Ed. Musical<\/strong><\/td>\n<td style=\"width: 41.6327%; height: 31px; text-align: center;\">\u00a0Emili Ll.F.<\/td>\n<\/tr>\n<tr style=\"height: 31px;\">\n<td style=\"width: 59.0697%; height: 31px; text-align: center;\"><strong>Ed. F\u00edsica\u00a0<\/strong><\/td>\n<td style=\"width: 41.6327%; height: 31px; text-align: center;\">\u00a0Eva D.P.<\/td>\n<\/tr>\n<tr style=\"height: 33px;\">\n<td style=\"width: 59.0697%; text-align: center; height: 33px;\"><strong>Refor\u00e7 Infantil<\/strong><\/td>\n<td style=\"width: 41.6327%; text-align: center; height: 33px;\">N\u00e0yade B. M 2\/3<\/p>\n<p>Laura U. L. 1\/2<\/td>\n<\/tr>\n<tr style=\"height: 31px;\">\n<td style=\"width: 59.0697%; height: 31px; text-align: center;\"><strong>Ed. Especial<\/strong><\/td>\n<td style=\"width: 41.6327%; height: 31px; text-align: center;\">\u00a0CarmeMaria O.<\/td>\n<\/tr>\n<tr style=\"height: 33px;\">\n<td style=\"width: 59.0697%; text-align: center; height: 48px;\"><strong>Castell\u00e0\/Sup.<\/strong><\/td>\n<td style=\"width: 41.6327%; text-align: center; height: 48px;\">Abigail S.B<\/td>\n<\/tr>\n<tr style=\"height: 31px;\">\n<td style=\"width: 59.0697%; height: 10px; text-align: center;\"><strong>Religi\u00f3<\/strong><\/td>\n<td style=\"width: 41.6327%; height: 10px; text-align: center;\">M\u00f2nica S.<\/td>\n<\/tr>\n<tr>\n<td style=\"width: 59.0697%; text-align: center;\"><strong>Refor\u00e7<\/strong><\/td>\n<td style=\"width: 41.6327%; text-align: center;\">Jaume V.M<\/td>\n<\/tr>\n<\/tbody>\n<\/table>\n<p>&nbsp;<\/p>\n<h6><strong>EQUIP DE COORDINACI\u00d3<\/strong><\/h6>\n<table style=\"height: 297px; background-color: #edc3a8; width: 44.3269%;\" width=\"0\">\n<tbody>\n<tr style=\"height: 33px;\">\n<td style=\"height: 33px; width: 59.3583%; text-align: center;\" width=\"296\"><strong>Coordinadora d\u2019 Ed. Infantil \/ Etapa Infantil<\/strong><\/td>\n<td style=\"height: 33px; width: 193.646%; text-align: center;\" width=\"301\">Eva M.P<\/td>\n<\/tr>\n<tr style=\"height: 33px;\">\n<td style=\"height: 33px; width: 59.3583%; text-align: center;\" width=\"296\"><strong>Coordinadora de Cicle Inicial \/ Etapa Prim\u00e0ria<\/strong><\/td>\n<td style=\"height: 33px; width: 193.646%; text-align: center;\" width=\"301\">M\u00f3nica G.C<\/td>\n<\/tr>\n<tr style=\"height: 33px;\">\n<td style=\"height: 33px; width: 59.3583%; text-align: center;\" width=\"296\"><strong>Coordinador de Cicle Mitj\u00e0<\/strong><\/td>\n<td style=\"height: 33px; width: 193.646%; text-align: center;\" width=\"301\">\u00a0CarmeMaria O.<\/td>\n<\/tr>\n<tr style=\"height: 33px;\">\n<td style=\"height: 33px; width: 59.3583%; text-align: center;\" width=\"296\"><strong>Coordinadora de Cicle Superior<\/strong><\/td>\n<td style=\"height: 33px; width: 193.646%; text-align: center;\" width=\"301\">Abigail S.B<\/td>\n<\/tr>\n<tr style=\"height: 33px;\">\n<td style=\"height: 33px; width: 59.3583%; text-align: center;\" width=\"296\"><strong>Coordinadora Riscos Laborals<\/strong><\/td>\n<td style=\"height: 33px; width: 193.646%; text-align: center;\" width=\"301\">\u00a0Vanesa S. M.<\/td>\n<\/tr>\n<tr style=\"height: 33px;\">\n<td style=\"height: 33px; width: 59.3583%; text-align: center;\" width=\"296\"><strong>Coordinador TAC<\/strong><\/td>\n<td style=\"height: 33px; width: 193.646%; text-align: center;\" width=\"301\">\u00a0Joan N. G.<\/td>\n<\/tr>\n<tr style=\"height: 33px;\">\n<td style=\"height: 33px; width: 59.3583%; text-align: center;\" width=\"296\"><strong>Coordinadora LIC<\/strong><\/td>\n<td style=\"height: 33px; width: 193.646%; text-align: center;\" width=\"301\">Bea L.G<\/td>\n<\/tr>\n<tr style=\"height: 33px;\">\n<td style=\"height: 33px; width: 59.3583%; text-align: center;\" width=\"296\"><strong>Coordinadora Biblioteca<\/strong><\/td>\n<td style=\"height: 33px; width: 193.646%; text-align: center;\" width=\"301\">Bea L.G<\/td>\n<\/tr>\n<tr style=\"height: 33px;\">\n<td style=\"height: 33px; width: 59.3583%; text-align: center;\" width=\"296\"><strong>Responsable web del centre<\/strong><\/td>\n<td style=\"height: 33px; width: 193.646%; text-align: center;\" width=\"301\">\u00a0Joan N. G.<\/td>\n<\/tr>\n<\/tbody>\n<\/table>\n<h6><\/h6>\n<h6><strong>EQUIP DIRECTIU<\/strong><\/h6>\n<table style=\"height: 99px; background-color: #9cf0b8; width: 44.1315%;\" width=\"0\">\n<tbody>\n<tr style=\"height: 33px;\">\n<td style=\"height: 33px; width: 58.522%; text-align: center;\"><strong>Director<\/strong><\/td>\n<td style=\"height: 33px; width: 215.851%; text-align: center;\">\u00a0Emili Ll. F.<\/td>\n<\/tr>\n<tr style=\"height: 33px;\">\n<td style=\"height: 33px; width: 58.522%; text-align: center;\"><strong>Cap d\u2019Estudis<\/strong><\/td>\n<td style=\"height: 33px; width: 215.851%; text-align: center;\">\u00a0Elena Ll. B.<\/td>\n<\/tr>\n<tr style=\"height: 33px;\">\n<td style=\"height: 33px; width: 58.522%; text-align: center;\"><strong>Secretaria<\/strong><\/td>\n<td style=\"height: 33px; width: 215.851%; text-align: center;\">S\u00edlvia R. F.<\/td>\n<\/tr>\n<\/tbody>\n<\/table>\n<h6><\/h6>\n<h6><strong>PROFESSIONALS D\u2019ATENCI\u00d3 EDUCATIVA<\/strong><\/h6>\n<table style=\"height: 165px; width: 44.3562%; background-color: #fac0c8;\" width=\"44.3562%\">\n<tbody>\n<tr style=\"height: 41px;\">\n<td style=\"height: 41px; width: 41.3907%; text-align: center;\"><strong>TEI<\/strong>\u00a0(T\u00e8cnic especialista en educaci\u00f3 infantil)<\/td>\n<td style=\"height: 41px; width: 29.3047%; text-align: center;\">\u00a0M\u00f2nica Q. A.<\/td>\n<\/tr>\n<tr style=\"height: 31px;\">\n<td style=\"height: 31px; width: 41.3907%; text-align: center;\"><strong>EEE<\/strong> (Especialista d\u2019educaci\u00f3 especial)<\/td>\n<td style=\"height: 31px; width: 29.3047%; text-align: center;\">\u00a0Conxita T.P<\/td>\n<\/tr>\n<tr style=\"height: 31px;\">\n<td style=\"height: 31px; width: 41.3907%; text-align: center;\"><strong>AEE<\/strong>\u00a0(Auxiliar d\u2019educaci\u00f3 especial)<\/td>\n<td style=\"height: 31px; width: 29.3047%; text-align: center;\">\u00a0Mar R.<\/td>\n<\/tr>\n<tr>\n<td style=\"width: 41.3907%; text-align: center;\"><strong>TIS <\/strong>(T\u00e8cnic en inserci\u00f3 social)<strong><br \/>\n<\/strong><\/td>\n<td style=\"width: 29.3047%; text-align: center;\">Imma . M<\/td>\n<\/tr>\n<\/tbody>\n<\/table>\n<p>&nbsp;<\/p>\n<h6><strong>\u00a0CONSERGERIA I ADMINISTRACI\u00d3<\/strong><\/h6>\n<table style=\"height: 62px; width: 44.3531%; background-color: #d6b0d1;\" width=\"44.3531%\">\n<tbody>\n<tr style=\"height: 31px;\">\n<td style=\"height: 31px; width: 39.584%;\" width=\"382\"><strong>Administratiu<\/strong><\/td>\n<td style=\"height: 31px; width: 28.9334%;\" width=\"223\">\u00a0Joan Carles D. S<\/td>\n<\/tr>\n<tr style=\"height: 31px;\">\n<td style=\"height: 31px; width: 39.584%;\" width=\"382\"><strong>Consergeria<\/strong><\/td>\n<td style=\"height: 31px; width: 28.9334%;\" width=\"223\">\u00a0Marc D. C.<\/td>\n<\/tr>\n<\/tbody>\n<\/table>\n<h6><strong>\u00a0<\/strong><\/h6>\n<h6><strong>AMPA I ACTIVITATS EXTRAESCOLARS<\/strong><\/h6>\n<table style=\"height: 53px; width: 82.5626%; background-color: #bbd4ba;\" width=\"82.5626%\">\n<tbody>\n<tr style=\"height: 22px;\">\n<td style=\"height: 22px; width: 62.8131%;\" width=\"381\"><strong>Secret\u00e0ria AMPA\u00a0\/ Coordinaci\u00f3 Extraescolars TARDA<\/strong><\/td>\n<td style=\"height: 22px; width: 18.6895%;\" width=\"225\">\u00a0Susanna B. V.<\/td>\n<\/tr>\n<tr style=\"height: 31px;\">\n<td style=\"height: 31px; width: 62.8131%;\" width=\"381\"><strong>Menjador \/ Coordinaci\u00f3 Extraescolars MIGDIA<\/strong><\/td>\n<td style=\"height: 31px; width: 18.6895%;\" width=\"225\">\u00a0Susanna B. V.<\/td>\n<\/tr>\n<\/tbody>\n<\/table>\n<h6><\/h6>\n<h6><strong>EQUIP D\u2019ASSESSORAMENT PSICOPEDAG\u00d2GIC (EAP)<\/strong><\/h6>\n<table style=\"height: 101px; width: 43.4175%; background-color: #9bebc1;\" width=\"43.4175%\">\n<tbody>\n<tr style=\"height: 33px;\">\n<td style=\"height: 33px; width: 55.6064%;\"><strong>Psicopedagoga<\/strong><\/td>\n<td style=\"height: 33px; width: 40.0457%;\">Leticia B.<\/td>\n<\/tr>\n<tr style=\"height: 33px;\">\n<td style=\"height: 33px; width: 55.6064%;\"><strong>Logopeda CREDA<\/strong><\/td>\n<td style=\"height: 33px; width: 40.0457%;\">Eva. H.A<\/td>\n<\/tr>\n<tr>\n<td style=\"width: 55.6064%;\"><strong>Fisioterapeuta<\/strong><\/td>\n<td style=\"width: 40.0457%;\">Rosana Ll.<\/td>\n<\/tr>\n<tr style=\"height: 35px;\">\n<td style=\"height: 35px; width: 55.6064%;\"><strong>Treballadora Social<\/strong><\/td>\n<td style=\"height: 35px; width: 40.0457%;\">Daniel M.C<\/td>\n<\/tr>\n<\/tbody>\n<\/table>\n<p>&nbsp;<\/p>\n<p>&nbsp;<\/p>\n<p>&nbsp;<\/p>\n<p>&nbsp;<\/p>\n<p>&nbsp;<\/p>\n","protected":false},"excerpt":{"rendered":"<p>Enguany, per al curs 2025-2026, l\u2019equip hum\u00e0 (docents, personal PAE, PAS, monitoratge&#8230;) que treballem a l\u2019escola Pr\u00e0ctiques I som els seg\u00fcents: &nbsp; TUTORIES NIVELL GRUP\u00a0 I3 Esther G. T. I4 Eva M.P I5 S\u00edlvia R. F 1r Anna S. G. 2n M\u00f2nica G. C. 3r Bea L.G. 4t Marta M.J. 5\u00e8 Joan N. G. 6\u00e8 [&hellip;]<\/p>\n","protected":false},"author":1,"featured_media":0,"parent":22,"menu_order":3,"comment_status":"closed","ping_status":"closed","template":"","meta":{"_bbp_topic_count":0,"_bbp_reply_count":0,"_bbp_total_topic_count":0,"_bbp_total_reply_count":0,"_bbp_voice_count":0,"_bbp_anonymous_reply_count":0,"_bbp_topic_count_hidden":0,"_bbp_reply_count_hidden":0,"_bbp_forum_subforum_count":0,"site-sidebar-layout":"default","site-content-layout":"","ast-site-content-layout":"default","site-content-style":"default","site-sidebar-style":"default","ast-global-header-display":"","ast-banner-title-visibility":"","ast-main-header-display":"","ast-hfb-above-header-display":"","ast-hfb-below-header-display":"","ast-hfb-mobile-header-display":"","site-post-title":"","ast-breadcrumbs-content":"","ast-featured-img":"","footer-sml-layout":"","theme-transparent-header-meta":"default","adv-header-id-meta":"","stick-header-meta":"","header-above-stick-meta":"","header-main-stick-meta":"","header-below-stick-meta":"","astra-migrate-meta-layouts":"set","ast-page-background-enabled":"default","ast-page-background-meta":{"desktop":{"background-color":"var(--ast-global-color-4)","background-image":"","background-repeat":"repeat","background-position":"center center","background-size":"auto","background-attachment":"scroll","background-type":"","background-media":"","overlay-type":"","overlay-color":"","overlay-opacity":"","overlay-gradient":""},"tablet":{"background-color":"","background-image":"","background-repeat":"repeat","background-position":"center center","background-size":"auto","background-attachment":"scroll","background-type":"","background-media":"","overlay-type":"","overlay-color":"","overlay-opacity":"","overlay-gradient":""},"mobile":{"background-color":"","background-image":"","background-repeat":"repeat","background-position":"center center","background-size":"auto","background-attachment":"scroll","background-type":"","background-media":"","overlay-type":"","overlay-color":"","overlay-opacity":"","overlay-gradient":""}},"ast-content-background-meta":{"desktop":{"background-color":"var(--ast-global-color-5)","background-image":"","background-repeat":"repeat","background-position":"center center","background-size":"auto","background-attachment":"scroll","background-type":"","background-media":"","overlay-type":"","overlay-color":"","overlay-opacity":"","overlay-gradient":""},"tablet":{"background-color":"var(--ast-global-color-5)","background-image":"","background-repeat":"repeat","background-position":"center center","background-size":"auto","background-attachment":"scroll","background-type":"","background-media":"","overlay-type":"","overlay-color":"","overlay-opacity":"","overlay-gradient":""},"mobile":{"background-color":"var(--ast-global-color-5)","background-image":"","background-repeat":"repeat","background-position":"center center","background-size":"auto","background-attachment":"scroll","background-type":"","background-media":"","overlay-type":"","overlay-color":"","overlay-opacity":"","overlay-gradient":""}},"footnotes":""},"class_list":["post-494","page","type-page","status-publish","hentry"],"post_mailing_queue_ids":[],"_links":{"self":[{"href":"https:\/\/agora.xtec.cat\/ceip-practiques1-lleida\/wp-json\/wp\/v2\/pages\/494","targetHints":{"allow":["GET"]}}],"collection":[{"href":"https:\/\/agora.xtec.cat\/ceip-practiques1-lleida\/wp-json\/wp\/v2\/pages"}],"about":[{"href":"https:\/\/agora.xtec.cat\/ceip-practiques1-lleida\/wp-json\/wp\/v2\/types\/page"}],"author":[{"embeddable":true,"href":"https:\/\/agora.xtec.cat\/ceip-practiques1-lleida\/wp-json\/wp\/v2\/users\/1"}],"replies":[{"embeddable":true,"href":"https:\/\/agora.xtec.cat\/ceip-practiques1-lleida\/wp-json\/wp\/v2\/comments?post=494"}],"version-history":[{"count":7,"href":"https:\/\/agora.xtec.cat\/ceip-practiques1-lleida\/wp-json\/wp\/v2\/pages\/494\/revisions"}],"predecessor-version":[{"id":20693,"href":"https:\/\/agora.xtec.cat\/ceip-practiques1-lleida\/wp-json\/wp\/v2\/pages\/494\/revisions\/20693"}],"up":[{"embeddable":true,"href":"https:\/\/agora.xtec.cat\/ceip-practiques1-lleida\/wp-json\/wp\/v2\/pages\/22"}],"wp:attachment":[{"href":"https:\/\/agora.xtec.cat\/ceip-practiques1-lleida\/wp-json\/wp\/v2\/media?parent=494"}],"curies":[{"name":"wp","href":"https:\/\/api.w.org\/{rel}","templated":true}]}}