{"id":3846,"date":"2020-01-29T15:12:56","date_gmt":"2020-01-29T14:12:56","guid":{"rendered":"http:\/\/agora.xtec.cat\/ceip-practiques1-lleida\/?page_id=3846"},"modified":"2026-01-25T16:23:20","modified_gmt":"2026-01-25T15:23:20","slug":"menjador-escolar","status":"publish","type":"page","link":"https:\/\/agora.xtec.cat\/ceip-practiques1-lleida\/menjador-escolar\/","title":{"rendered":"Menjador escolar"},"content":{"rendered":"<p><strong>Les monitores de l\u2019AFA i menjador.<\/strong><\/p>\n<p style=\"text-align: justify;\">El\u00a0<strong>Servei de Menjador<\/strong> \u00e9s gestionat directament per l\u2019AFA i d\u00f3na atenci\u00f3 a l\u2019alumnat entre les 12.30 i les 15:00. Compr\u00e8n el dinar i l\u2019estona de lleure, a part de les activitats extraescolars que s\u2019hi realitzen (Hello English, Multiesports, Gralla\u2026).<\/p>\n<p><a href=\"https:\/\/agora.xtec.cat\/ceip-practiques1-lleida\/wp-content\/uploads\/usu1761\/2025\/10\/Neutral-Minimal-Photo-Collage-Mood-Board-Instagram-Story.png\"><img loading=\"lazy\" decoding=\"async\" class=\"alignnone size-large wp-image-20417\" src=\"https:\/\/agora.xtec.cat\/ceip-practiques1-lleida\/wp-content\/uploads\/usu1761\/2025\/10\/Neutral-Minimal-Photo-Collage-Mood-Board-Instagram-Story-576x1024.png\" alt=\"\" width=\"576\" height=\"1024\" srcset=\"https:\/\/agora.xtec.cat\/ceip-practiques1-lleida\/wp-content\/uploads\/usu1761\/2025\/10\/Neutral-Minimal-Photo-Collage-Mood-Board-Instagram-Story-576x1024.png 576w, https:\/\/agora.xtec.cat\/ceip-practiques1-lleida\/wp-content\/uploads\/usu1761\/2025\/10\/Neutral-Minimal-Photo-Collage-Mood-Board-Instagram-Story-169x300.png 169w, https:\/\/agora.xtec.cat\/ceip-practiques1-lleida\/wp-content\/uploads\/usu1761\/2025\/10\/Neutral-Minimal-Photo-Collage-Mood-Board-Instagram-Story-768x1365.png 768w, https:\/\/agora.xtec.cat\/ceip-practiques1-lleida\/wp-content\/uploads\/usu1761\/2025\/10\/Neutral-Minimal-Photo-Collage-Mood-Board-Instagram-Story-864x1536.png 864w, https:\/\/agora.xtec.cat\/ceip-practiques1-lleida\/wp-content\/uploads\/usu1761\/2025\/10\/Neutral-Minimal-Photo-Collage-Mood-Board-Instagram-Story.png 1080w\" sizes=\"auto, (max-width: 576px) 100vw, 576px\" \/><\/a><\/p>\n<p style=\"text-align: justify;\">La cuina que oferim es caracteritza per estar basada en la dieta mediterr\u00e0nia, amb predomini de verdures de temporada, hortalisses, pasta i arrossos, aix\u00ed com llegums, fruites, carns, ous i peix, amb oli d\u2019oliva verge extra.<\/p>\n<p style=\"text-align: justify;\"><span style=\"font-family: inherit; font-size: 1em;\">L\u2019hora de dinar tamb\u00e9 \u00e9s un temps d\u2019aprenentatge important, un complement a la llar i volem que els infants s\u2019eduquin per a l\u2019<\/span><strong style=\"font-family: inherit; font-size: 1em;\">adquisici\u00f3 d\u2019uns h\u00e0bits alimentaris saludables<\/strong><span style=\"font-family: inherit; font-size: 1em;\">. \u00c9s un temps per aprendre a degustar els aliments i \u00e9s per aix\u00f2 que el nostre menjador ofereix una dieta sana, nutritiva i segura.<\/span><\/p>\n<p style=\"text-align: center;\"><a href=\"https:\/\/agora.xtec.cat\/ceip-practiques1-lleida\/wp-content\/uploads\/usu1761\/2023\/10\/El-MENU-3.png\"><img loading=\"lazy\" decoding=\"async\" class=\" wp-image-15100 aligncenter\" src=\"https:\/\/agora.xtec.cat\/ceip-practiques1-lleida\/wp-content\/uploads\/usu1761\/2023\/10\/El-MENU-3-300x75.png\" alt=\"\" width=\"788\" height=\"197\" srcset=\"https:\/\/agora.xtec.cat\/ceip-practiques1-lleida\/wp-content\/uploads\/usu1761\/2023\/10\/El-MENU-3-300x75.png 300w, https:\/\/agora.xtec.cat\/ceip-practiques1-lleida\/wp-content\/uploads\/usu1761\/2023\/10\/El-MENU-3-1024x256.png 1024w, https:\/\/agora.xtec.cat\/ceip-practiques1-lleida\/wp-content\/uploads\/usu1761\/2023\/10\/El-MENU-3-768x192.png 768w, https:\/\/agora.xtec.cat\/ceip-practiques1-lleida\/wp-content\/uploads\/usu1761\/2023\/10\/El-MENU-3-1536x384.png 1536w, https:\/\/agora.xtec.cat\/ceip-practiques1-lleida\/wp-content\/uploads\/usu1761\/2023\/10\/El-MENU-3.png 1920w\" sizes=\"auto, (max-width: 788px) 100vw, 788px\" \/><\/a><\/p>\n<p><a href=\"https:\/\/agora.xtec.cat\/ceip-practiques1-lleida\/wp-content\/uploads\/usu1761\/2025\/10\/Menu-semanal-imprimible-escuela-primaria-infantil-ilustrado-A4-3.png\"><img loading=\"lazy\" decoding=\"async\" class=\"alignnone size-large wp-image-20279\" src=\"https:\/\/agora.xtec.cat\/ceip-practiques1-lleida\/wp-content\/uploads\/usu1761\/2025\/10\/Menu-semanal-imprimible-escuela-primaria-infantil-ilustrado-A4-3-1024x724.png\" alt=\"\" width=\"1024\" height=\"724\" srcset=\"https:\/\/agora.xtec.cat\/ceip-practiques1-lleida\/wp-content\/uploads\/usu1761\/2025\/10\/Menu-semanal-imprimible-escuela-primaria-infantil-ilustrado-A4-3-1024x724.png 1024w, https:\/\/agora.xtec.cat\/ceip-practiques1-lleida\/wp-content\/uploads\/usu1761\/2025\/10\/Menu-semanal-imprimible-escuela-primaria-infantil-ilustrado-A4-3-300x212.png 300w, https:\/\/agora.xtec.cat\/ceip-practiques1-lleida\/wp-content\/uploads\/usu1761\/2025\/10\/Menu-semanal-imprimible-escuela-primaria-infantil-ilustrado-A4-3-768x543.png 768w, https:\/\/agora.xtec.cat\/ceip-practiques1-lleida\/wp-content\/uploads\/usu1761\/2025\/10\/Menu-semanal-imprimible-escuela-primaria-infantil-ilustrado-A4-3-1536x1086.png 1536w, https:\/\/agora.xtec.cat\/ceip-practiques1-lleida\/wp-content\/uploads\/usu1761\/2025\/10\/Menu-semanal-imprimible-escuela-primaria-infantil-ilustrado-A4-3.png 2000w\" sizes=\"auto, (max-width: 1024px) 100vw, 1024px\" \/><\/a><\/p>\n<p style=\"text-align: justify;\">Com que els h\u00e0bits alimentaris s\u2019adquireixen des de ben petits, \u00e9s molt important que la canalla aprengui a menjar d\u2019una manera sana i variada en edats primerenques.<\/p>\n<p style=\"text-align: justify;\">Per aix\u00f2\u00a0<strong>tenim la prioritat com a AFA de con\u00e8ixer de prop tots els processos del menjador, des de la compra de les mat\u00e8ries primeres fins a l\u2019elaboraci\u00f3 dels plats<\/strong>. El menjador disposa de cuina i personal de cuina pr\u00f2pies.<\/p>\n<p style=\"text-align: justify;\">El pa \u00e9s d\u2019un forn proper, del barri, les llenties s\u00f3n ecol\u00f2giques, els arrebossats es couen al forn i els lactis s\u00f3n d\u2019una granja de proximitat.<\/p>\n<p style=\"text-align: justify;\">Tenim un sistema que permet oferir adaptacions espec\u00edfiques a tots els alumnes, per exemple, alumnes cel\u00edacs, intolerants a la lactosa, als ous, a la llet o a altres productes, aix\u00ed com a r\u00e8gims especials amb motius i justificants m\u00e8dics.<\/p>\n<p style=\"text-align: justify;\"><strong>BON PROFIT!!<\/strong><br \/>\nAbans de comen\u00e7ar a dinar, quan tothom ja est\u00e0 a taula i els infants tenen les mans ben netes\u2026\u00a0<strong>canten una can\u00e7\u00f3!<\/strong><\/p>\n<div style=\"width: 944px;\" class=\"wp-video\"><!--[if lt IE 9]><script>document.createElement('video');<\/script><![endif]-->\n<video class=\"wp-video-shortcode\" id=\"video-3846-1\" width=\"944\" height=\"754\" autoplay=\"1\" preload=\"auto\" controls=\"controls\"><source type=\"video\/mp4\" src=\"https:\/\/agora.xtec.cat\/ceip-practiques1-lleida\/wp-content\/uploads\/usu1761\/2023\/09\/Moodboard-collage-foto-aesthetic-minimal-blanco-1.mp4?_=1\" \/><a href=\"https:\/\/agora.xtec.cat\/ceip-practiques1-lleida\/wp-content\/uploads\/usu1761\/2023\/09\/Moodboard-collage-foto-aesthetic-minimal-blanco-1.mp4\">https:\/\/agora.xtec.cat\/ceip-practiques1-lleida\/wp-content\/uploads\/usu1761\/2023\/09\/Moodboard-collage-foto-aesthetic-minimal-blanco-1.mp4<\/a><\/video><\/div>\n<div class=\"wp-video\">\n<p>&nbsp;<\/p>\n<p>&nbsp;<\/p>\n<p>&nbsp;<\/p>\n<p><span class=\"mejs-offscreen\">Reproductor de v\u00eddeo<\/span><\/p>\n<div id=\"mep_0\" class=\"mejs-container mejs-container-keyboard-inactive wp-video-shortcode mejs-video\" tabindex=\"0\" role=\"application\" aria-label=\"Reproductor de v\u00eddeo\">\n<div class=\"mejs-inner\">\n<div class=\"mejs-mediaelement\"><video id=\"video-73-1_html5\" class=\"wp-video-shortcode\" src=\"https:\/\/agora.xtec.cat\/ceip-practiques1-lleida\/wp-content\/uploads\/usu1761\/2019\/02\/VID-20190207-WA0011-online-video-cutter.com_.mp4?_=1\" preload=\"metadata\" width=\"640\" height=\"352\" data-mce-fragment=\"1\"><\/video><\/div>\n<div class=\"mejs-layers\">\n<div class=\"mejs-overlay mejs-layer mejs-overlay-play\">\n<div class=\"mejs-overlay-button\" tabindex=\"0\" role=\"button\" aria-label=\"Reprodueix\" aria-pressed=\"false\"><\/div>\n<\/div>\n<\/div>\n<div class=\"mejs-controls\">\n<div class=\"mejs-button mejs-playpause-button mejs-play\"><\/div>\n<div class=\"mejs-time mejs-duration-container\"><\/div>\n<div class=\"mejs-button mejs-volume-button mejs-mute\"><\/div>\n<div class=\"mejs-button mejs-fullscreen-button\"><\/div>\n<\/div>\n<\/div>\n<\/div>\n<\/div>\n<p>&nbsp;<\/p>\n<figure class=\"figure wp-caption alignleft\"><a href=\"https:\/\/agora.xtec.cat\/ceip-practiques1-lleida\/wp-content\/uploads\/usu1761\/2019\/02\/photo5985704730422259753.jpg\"><img loading=\"lazy\" decoding=\"async\" class=\"wp-image-1775 size-medium\" src=\"https:\/\/agora.xtec.cat\/ceip-practiques1-lleida\/wp-content\/uploads\/usu1761\/2019\/02\/photo5985704730422259753-300x222.jpg\" sizes=\"auto, (max-width: 300px) 100vw, 300px\" srcset=\"https:\/\/agora.xtec.cat\/ceip-practiques1-lleida\/wp-content\/uploads\/usu1761\/2019\/02\/photo5985704730422259753-300x222.jpg 300w, https:\/\/agora.xtec.cat\/ceip-practiques1-lleida\/wp-content\/uploads\/usu1761\/2019\/02\/photo5985704730422259753-768x569.jpg 768w, https:\/\/agora.xtec.cat\/ceip-practiques1-lleida\/wp-content\/uploads\/usu1761\/2019\/02\/photo5985704730422259753-1024x759.jpg 1024w, https:\/\/agora.xtec.cat\/ceip-practiques1-lleida\/wp-content\/uploads\/usu1761\/2019\/02\/photo5985704730422259753.jpg 1280w\" alt=\"\" width=\"300\" height=\"222\" \/><\/a><\/figure>\n<p>La higiene i l\u2019ordre s\u00f3n molt importants al menjador.<\/p>\n<figure class=\"figure wp-caption alignnone\"><a href=\"https:\/\/agora.xtec.cat\/ceip-practiques1-lleida\/wp-content\/uploads\/usu1761\/2019\/02\/photo5985704730422259748.jpg\"><img loading=\"lazy\" decoding=\"async\" class=\"wp-image-1772 size-medium\" src=\"https:\/\/agora.xtec.cat\/ceip-practiques1-lleida\/wp-content\/uploads\/usu1761\/2019\/02\/photo5985704730422259748-300x225.jpg\" sizes=\"auto, (max-width: 300px) 100vw, 300px\" srcset=\"https:\/\/agora.xtec.cat\/ceip-practiques1-lleida\/wp-content\/uploads\/usu1761\/2019\/02\/photo5985704730422259748-300x225.jpg 300w, https:\/\/agora.xtec.cat\/ceip-practiques1-lleida\/wp-content\/uploads\/usu1761\/2019\/02\/photo5985704730422259748-768x576.jpg 768w, https:\/\/agora.xtec.cat\/ceip-practiques1-lleida\/wp-content\/uploads\/usu1761\/2019\/02\/photo5985704730422259748-1024x768.jpg 1024w, https:\/\/agora.xtec.cat\/ceip-practiques1-lleida\/wp-content\/uploads\/usu1761\/2019\/02\/photo5985704730422259748-200x150.jpg 200w, https:\/\/agora.xtec.cat\/ceip-practiques1-lleida\/wp-content\/uploads\/usu1761\/2019\/02\/photo5985704730422259748.jpg 1280w\" alt=\"\" width=\"300\" height=\"225\" \/><\/a><\/figure>\n<p style=\"text-align: center;\">Les normes de conviv\u00e8ncia per\u00f2 tamb\u00e9 el bon rotllo regnen al menjador.<\/p>\n<p>&nbsp;<\/p>\n<p>Al menjador, els infants aprenen a ser m\u00e9s aut\u00f2noms: agafar els coberts, parar la taula, demanar si us plau\u2026 \u00c9s un espai on s\u2019apr\u00e8n a ser responsable i a saber esperar.\u00a0<strong>Els nens i nenes de 6\u00e8 fan de cambrers als m\u00e9s petits<\/strong>: els posen aigua i serveixen el dinar. Els grans ajuden els petits i els petits tenen models d\u2019aprenentatge m\u00e9s propers.<\/p>\n<table border=\"1\">\n<tbody>\n<tr>\n<td>\n<figure class=\"figure wp-caption alignleft\"><a href=\"https:\/\/agora.xtec.cat\/ceip-practiques1-lleida\/wp-content\/uploads\/usu1761\/2019\/02\/photo5985704730422259746.jpg\"><img loading=\"lazy\" decoding=\"async\" class=\"wp-image-1770 size-medium\" src=\"https:\/\/agora.xtec.cat\/ceip-practiques1-lleida\/wp-content\/uploads\/usu1761\/2019\/02\/photo5985704730422259746-300x225.jpg\" sizes=\"auto, (max-width: 300px) 100vw, 300px\" srcset=\"https:\/\/agora.xtec.cat\/ceip-practiques1-lleida\/wp-content\/uploads\/usu1761\/2019\/02\/photo5985704730422259746-300x225.jpg 300w, https:\/\/agora.xtec.cat\/ceip-practiques1-lleida\/wp-content\/uploads\/usu1761\/2019\/02\/photo5985704730422259746-768x576.jpg 768w, https:\/\/agora.xtec.cat\/ceip-practiques1-lleida\/wp-content\/uploads\/usu1761\/2019\/02\/photo5985704730422259746-1024x768.jpg 1024w, https:\/\/agora.xtec.cat\/ceip-practiques1-lleida\/wp-content\/uploads\/usu1761\/2019\/02\/photo5985704730422259746-200x150.jpg 200w, https:\/\/agora.xtec.cat\/ceip-practiques1-lleida\/wp-content\/uploads\/usu1761\/2019\/02\/photo5985704730422259746.jpg 1280w\" alt=\"\" width=\"300\" height=\"225\" \/><\/a><\/figure>\n<\/td>\n<\/tr>\n<\/tbody>\n<\/table>\n<p>No hi ha res com emmirallar-se en els grans per fer-ho b\u00e9.<\/p>\n<figure class=\"figure wp-caption alignleft\"><a href=\"https:\/\/agora.xtec.cat\/ceip-practiques1-lleida\/wp-content\/uploads\/usu1761\/2019\/02\/photo5985704730422259747.jpg\"><img loading=\"lazy\" decoding=\"async\" class=\"wp-image-1771 size-medium\" src=\"https:\/\/agora.xtec.cat\/ceip-practiques1-lleida\/wp-content\/uploads\/usu1761\/2019\/02\/photo5985704730422259747-300x225.jpg\" sizes=\"auto, (max-width: 300px) 100vw, 300px\" srcset=\"https:\/\/agora.xtec.cat\/ceip-practiques1-lleida\/wp-content\/uploads\/usu1761\/2019\/02\/photo5985704730422259747-300x225.jpg 300w, https:\/\/agora.xtec.cat\/ceip-practiques1-lleida\/wp-content\/uploads\/usu1761\/2019\/02\/photo5985704730422259747-768x576.jpg 768w, https:\/\/agora.xtec.cat\/ceip-practiques1-lleida\/wp-content\/uploads\/usu1761\/2019\/02\/photo5985704730422259747-1024x768.jpg 1024w, https:\/\/agora.xtec.cat\/ceip-practiques1-lleida\/wp-content\/uploads\/usu1761\/2019\/02\/photo5985704730422259747-200x150.jpg 200w, https:\/\/agora.xtec.cat\/ceip-practiques1-lleida\/wp-content\/uploads\/usu1761\/2019\/02\/photo5985704730422259747.jpg 1280w\" alt=\"\" width=\"300\" height=\"225\" \/><\/a><\/figure>\n<p>Els grans tamb\u00e9 aprenen a conviure, a respectar. Totes hi guanyem!<\/p>\n<p><a href=\"https:\/\/agora.xtec.cat\/ceip-practiques1-lleida\/wp-content\/uploads\/usu1761\/2023\/09\/202309281602.jpg\"><img loading=\"lazy\" decoding=\"async\" class=\"alignnone wp-image-14844\" src=\"https:\/\/agora.xtec.cat\/ceip-practiques1-lleida\/wp-content\/uploads\/usu1761\/2023\/09\/202309281602-709x1024.jpg\" alt=\"\" width=\"566\" height=\"817\" srcset=\"https:\/\/agora.xtec.cat\/ceip-practiques1-lleida\/wp-content\/uploads\/usu1761\/2023\/09\/202309281602-709x1024.jpg 709w, https:\/\/agora.xtec.cat\/ceip-practiques1-lleida\/wp-content\/uploads\/usu1761\/2023\/09\/202309281602-208x300.jpg 208w, https:\/\/agora.xtec.cat\/ceip-practiques1-lleida\/wp-content\/uploads\/usu1761\/2023\/09\/202309281602.jpg 720w\" sizes=\"auto, (max-width: 566px) 100vw, 566px\" \/><\/a><\/p>\n<p>Amb la panxa plena, els petits de l\u2019escola dormen a la seva aula mentre els altres gaudeixen d\u2019un temps d\u2019esbarjo al pati. All\u00ed hi ha jocs diferents i tamb\u00e9 l\u2019opci\u00f3 d\u2019aprendre a teixir i a cosir.<\/p>\n<p>&nbsp;<\/p>\n","protected":false},"excerpt":{"rendered":"<p>Les monitores de l\u2019AFA i menjador. El\u00a0Servei de Menjador \u00e9s gestionat directament per l\u2019AFA i d\u00f3na atenci\u00f3 a l\u2019alumnat entre les 12.30 i les 15:00. Compr\u00e8n el dinar i l\u2019estona de lleure, a part de les activitats extraescolars que s\u2019hi realitzen (Hello English, Multiesports, Gralla\u2026). La cuina que oferim es caracteritza per estar basada en [&hellip;]<\/p>\n","protected":false},"author":3,"featured_media":0,"parent":0,"menu_order":0,"comment_status":"closed","ping_status":"closed","template":"","meta":{"_bbp_topic_count":0,"_bbp_reply_count":0,"_bbp_total_topic_count":0,"_bbp_total_reply_count":0,"_bbp_voice_count":0,"_bbp_anonymous_reply_count":0,"_bbp_topic_count_hidden":0,"_bbp_reply_count_hidden":0,"_bbp_forum_subforum_count":0,"site-sidebar-layout":"default","site-content-layout":"","ast-site-content-layout":"default","site-content-style":"default","site-sidebar-style":"default","ast-global-header-display":"","ast-banner-title-visibility":"","ast-main-header-display":"","ast-hfb-above-header-display":"","ast-hfb-below-header-display":"","ast-hfb-mobile-header-display":"","site-post-title":"","ast-breadcrumbs-content":"","ast-featured-img":"","footer-sml-layout":"","theme-transparent-header-meta":"default","adv-header-id-meta":"","stick-header-meta":"","header-above-stick-meta":"","header-main-stick-meta":"","header-below-stick-meta":"","astra-migrate-meta-layouts":"set","ast-page-background-enabled":"default","ast-page-background-meta":{"desktop":{"background-color":"var(--ast-global-color-4)","background-image":"","background-repeat":"repeat","background-position":"center center","background-size":"auto","background-attachment":"scroll","background-type":"","background-media":"","overlay-type":"","overlay-color":"","overlay-opacity":"","overlay-gradient":""},"tablet":{"background-color":"","background-image":"","background-repeat":"repeat","background-position":"center center","background-size":"auto","background-attachment":"scroll","background-type":"","background-media":"","overlay-type":"","overlay-color":"","overlay-opacity":"","overlay-gradient":""},"mobile":{"background-color":"","background-image":"","background-repeat":"repeat","background-position":"center center","background-size":"auto","background-attachment":"scroll","background-type":"","background-media":"","overlay-type":"","overlay-color":"","overlay-opacity":"","overlay-gradient":""}},"ast-content-background-meta":{"desktop":{"background-color":"var(--ast-global-color-5)","background-image":"","background-repeat":"repeat","background-position":"center center","background-size":"auto","background-attachment":"scroll","background-type":"","background-media":"","overlay-type":"","overlay-color":"","overlay-opacity":"","overlay-gradient":""},"tablet":{"background-color":"var(--ast-global-color-5)","background-image":"","background-repeat":"repeat","background-position":"center center","background-size":"auto","background-attachment":"scroll","background-type":"","background-media":"","overlay-type":"","overlay-color":"","overlay-opacity":"","overlay-gradient":""},"mobile":{"background-color":"var(--ast-global-color-5)","background-image":"","background-repeat":"repeat","background-position":"center center","background-size":"auto","background-attachment":"scroll","background-type":"","background-media":"","overlay-type":"","overlay-color":"","overlay-opacity":"","overlay-gradient":""}},"footnotes":""},"class_list":["post-3846","page","type-page","status-publish","hentry"],"post_mailing_queue_ids":[],"_links":{"self":[{"href":"https:\/\/agora.xtec.cat\/ceip-practiques1-lleida\/wp-json\/wp\/v2\/pages\/3846","targetHints":{"allow":["GET"]}}],"collection":[{"href":"https:\/\/agora.xtec.cat\/ceip-practiques1-lleida\/wp-json\/wp\/v2\/pages"}],"about":[{"href":"https:\/\/agora.xtec.cat\/ceip-practiques1-lleida\/wp-json\/wp\/v2\/types\/page"}],"author":[{"embeddable":true,"href":"https:\/\/agora.xtec.cat\/ceip-practiques1-lleida\/wp-json\/wp\/v2\/users\/3"}],"replies":[{"embeddable":true,"href":"https:\/\/agora.xtec.cat\/ceip-practiques1-lleida\/wp-json\/wp\/v2\/comments?post=3846"}],"version-history":[{"count":7,"href":"https:\/\/agora.xtec.cat\/ceip-practiques1-lleida\/wp-json\/wp\/v2\/pages\/3846\/revisions"}],"predecessor-version":[{"id":21253,"href":"https:\/\/agora.xtec.cat\/ceip-practiques1-lleida\/wp-json\/wp\/v2\/pages\/3846\/revisions\/21253"}],"wp:attachment":[{"href":"https:\/\/agora.xtec.cat\/ceip-practiques1-lleida\/wp-json\/wp\/v2\/media?parent=3846"}],"curies":[{"name":"wp","href":"https:\/\/api.w.org\/{rel}","templated":true}]}}