{"id":26,"date":"2014-09-18T12:24:32","date_gmt":"2014-09-18T11:24:32","guid":{"rendered":"http:\/\/agora.xtec.cat\/ceip-practiques1-lleida\/?page_id=26"},"modified":"2024-01-31T17:57:25","modified_gmt":"2024-01-31T16:57:25","slug":"historia","status":"publish","type":"page","link":"https:\/\/agora.xtec.cat\/ceip-practiques1-lleida\/lescola\/historia\/","title":{"rendered":"Hist\u00f2ria"},"content":{"rendered":"<p>L\u2019Escola\u00a0 Pr\u00e0ctiques I \u00e9s una de les primeres escoles p\u00fabliques que es van obrir a la ciutat de Lleida. El curs 2024\/2025 celebrar\u00e0 el seu 180\u00e8 aniversari.<\/p>\n<p>L\u2019escola Pr\u00e0ctiques I abans anomenada Annexa \u00e9s una escola d\u2019una l\u00ednia.<a href=\"https:\/\/agora.xtec.cat\/ceip-practiques1-lleida\/wp-content\/uploads\/usu1761\/2019\/02\/cole.jpg\"><img loading=\"lazy\" decoding=\"async\" class=\"size-medium wp-image-1754 alignright\" src=\"https:\/\/agora.xtec.cat\/ceip-practiques1-lleida\/wp-content\/uploads\/usu1761\/2019\/02\/cole-300x213.jpg\" alt=\"\" width=\"300\" height=\"213\" srcset=\"https:\/\/agora.xtec.cat\/ceip-practiques1-lleida\/wp-content\/uploads\/usu1761\/2019\/02\/cole-300x213.jpg 300w, https:\/\/agora.xtec.cat\/ceip-practiques1-lleida\/wp-content\/uploads\/usu1761\/2019\/02\/cole-768x544.jpg 768w, https:\/\/agora.xtec.cat\/ceip-practiques1-lleida\/wp-content\/uploads\/usu1761\/2019\/02\/cole.jpg 920w\" sizes=\"auto, (max-width: 300px) 100vw, 300px\" \/><\/a><\/p>\n<p>El curs 2009\/2010 va ser reformada per \u00faltima vegada. Aquesta reforma va servir per modernitzar-la\u00a0 i apropar-la encara m\u00e9s al funcionament de les escoles del segle XXI. Es van acondicionar els espais i es va dotar de material inform\u00e0tic.<\/p>\n<p>En aquesta reforma, tamb\u00e9 es va tenir molt present conservar la fa\u00e7ana de l\u2019edifici, d\u2019aquesta manera, s\u2019intenta mantenir l\u2019ess\u00e8ncia de l\u2019escola.<\/p>\n<p>L&#8217;escola t\u00e9 una sala polivalent per fer l\u2019educaci\u00f3 f\u00edsica i la Psicomotricitat, una biblioteca amb servei de pr\u00e9stec de llibres pels nostres alumnes, una aula d\u2019angl\u00e8s, una de m\u00fasica, religi\u00f3 i l\u2019aula d\u2019educaci\u00f3 especial. L\u2019espai d\u2019esbarjo es comparteix entre infantil i prim\u00e0ria, encara que s\u00f3n dues zones ben diferenciades.<\/p>\n<p>&nbsp;<\/p>\n<p>&nbsp;<\/p>\n<p>&nbsp;<\/p>\n<p>&nbsp;<\/p>\n<p>&nbsp;<\/p>\n<p>&nbsp;<\/p>\n<p>&nbsp;<\/p>\n<p>&nbsp;<\/p>\n<p>&nbsp;<\/p>\n","protected":false},"excerpt":{"rendered":"<p>L\u2019Escola\u00a0 Pr\u00e0ctiques I \u00e9s una de les primeres escoles p\u00fabliques que es van obrir a la ciutat de Lleida. El curs 2024\/2025 celebrar\u00e0 el seu 180\u00e8 aniversari. L\u2019escola Pr\u00e0ctiques I abans anomenada Annexa \u00e9s una escola d\u2019una l\u00ednia. El curs 2009\/2010 va ser reformada per \u00faltima vegada. Aquesta reforma va servir per modernitzar-la\u00a0 i apropar-la [&hellip;]<\/p>\n","protected":false},"author":1,"featured_media":0,"parent":22,"menu_order":20,"comment_status":"closed","ping_status":"closed","template":"page-templates\/side-menu.php","meta":{"_bbp_topic_count":0,"_bbp_reply_count":0,"_bbp_total_topic_count":0,"_bbp_total_reply_count":0,"_bbp_voice_count":0,"_bbp_anonymous_reply_count":0,"_bbp_topic_count_hidden":0,"_bbp_reply_count_hidden":0,"_bbp_forum_subforum_count":0,"site-sidebar-layout":"default","site-content-layout":"","ast-site-content-layout":"","site-content-style":"default","site-sidebar-style":"default","ast-global-header-display":"","ast-banner-title-visibility":"","ast-main-header-display":"","ast-hfb-above-header-display":"","ast-hfb-below-header-display":"","ast-hfb-mobile-header-display":"","site-post-title":"","ast-breadcrumbs-content":"","ast-featured-img":"","footer-sml-layout":"","theme-transparent-header-meta":"","adv-header-id-meta":"","stick-header-meta":"","header-above-stick-meta":"","header-main-stick-meta":"","header-below-stick-meta":"","astra-migrate-meta-layouts":"default","ast-page-background-enabled":"default","ast-page-background-meta":{"desktop":{"background-color":"var(--ast-global-color-4)","background-image":"","background-repeat":"repeat","background-position":"center center","background-size":"auto","background-attachment":"scroll","background-type":"","background-media":"","overlay-type":"","overlay-color":"","overlay-opacity":"","overlay-gradient":""},"tablet":{"background-color":"","background-image":"","background-repeat":"repeat","background-position":"center center","background-size":"auto","background-attachment":"scroll","background-type":"","background-media":"","overlay-type":"","overlay-color":"","overlay-opacity":"","overlay-gradient":""},"mobile":{"background-color":"","background-image":"","background-repeat":"repeat","background-position":"center center","background-size":"auto","background-attachment":"scroll","background-type":"","background-media":"","overlay-type":"","overlay-color":"","overlay-opacity":"","overlay-gradient":""}},"ast-content-background-meta":{"desktop":{"background-color":"var(--ast-global-color-5)","background-image":"","background-repeat":"repeat","background-position":"center center","background-size":"auto","background-attachment":"scroll","background-type":"","background-media":"","overlay-type":"","overlay-color":"","overlay-opacity":"","overlay-gradient":""},"tablet":{"background-color":"var(--ast-global-color-5)","background-image":"","background-repeat":"repeat","background-position":"center center","background-size":"auto","background-attachment":"scroll","background-type":"","background-media":"","overlay-type":"","overlay-color":"","overlay-opacity":"","overlay-gradient":""},"mobile":{"background-color":"var(--ast-global-color-5)","background-image":"","background-repeat":"repeat","background-position":"center center","background-size":"auto","background-attachment":"scroll","background-type":"","background-media":"","overlay-type":"","overlay-color":"","overlay-opacity":"","overlay-gradient":""}},"footnotes":""},"class_list":["post-26","page","type-page","status-publish","hentry"],"post_mailing_queue_ids":[],"_links":{"self":[{"href":"https:\/\/agora.xtec.cat\/ceip-practiques1-lleida\/wp-json\/wp\/v2\/pages\/26","targetHints":{"allow":["GET"]}}],"collection":[{"href":"https:\/\/agora.xtec.cat\/ceip-practiques1-lleida\/wp-json\/wp\/v2\/pages"}],"about":[{"href":"https:\/\/agora.xtec.cat\/ceip-practiques1-lleida\/wp-json\/wp\/v2\/types\/page"}],"author":[{"embeddable":true,"href":"https:\/\/agora.xtec.cat\/ceip-practiques1-lleida\/wp-json\/wp\/v2\/users\/1"}],"replies":[{"embeddable":true,"href":"https:\/\/agora.xtec.cat\/ceip-practiques1-lleida\/wp-json\/wp\/v2\/comments?post=26"}],"version-history":[{"count":8,"href":"https:\/\/agora.xtec.cat\/ceip-practiques1-lleida\/wp-json\/wp\/v2\/pages\/26\/revisions"}],"predecessor-version":[{"id":16660,"href":"https:\/\/agora.xtec.cat\/ceip-practiques1-lleida\/wp-json\/wp\/v2\/pages\/26\/revisions\/16660"}],"up":[{"embeddable":true,"href":"https:\/\/agora.xtec.cat\/ceip-practiques1-lleida\/wp-json\/wp\/v2\/pages\/22"}],"wp:attachment":[{"href":"https:\/\/agora.xtec.cat\/ceip-practiques1-lleida\/wp-json\/wp\/v2\/media?parent=26"}],"curies":[{"name":"wp","href":"https:\/\/api.w.org\/{rel}","templated":true}]}}