{"id":1958,"date":"2019-02-14T15:11:32","date_gmt":"2019-02-14T14:11:32","guid":{"rendered":"http:\/\/agora.xtec.cat\/ceip-practiques1-lleida\/?page_id=1958"},"modified":"2019-02-15T10:58:13","modified_gmt":"2019-02-15T09:58:13","slug":"dia-de-la-pau","status":"publish","type":"page","link":"https:\/\/agora.xtec.cat\/ceip-practiques1-lleida\/projecte-educatiu\/festes-de-lescola\/dia-de-la-pau\/","title":{"rendered":"Dia de la Pau"},"content":{"rendered":"<p>A l&#8217;escola celebrem el dia de la Pau o tamb\u00e9 anomenat: <b>Dia Escolar de la No-viol\u00e8ncia i la Pau<\/b> (o el seu acr\u00f2nim <b>DENIP)<a href=\"https:\/\/agora.xtec.cat\/ceip-practiques1-lleida\/wp-content\/uploads\/usu1761\/2019\/01\/IMG_5924.jpg\"><img loading=\"lazy\" decoding=\"async\" class=\"wp-image-1517 size-medium alignright\" src=\"https:\/\/agora.xtec.cat\/ceip-practiques1-lleida\/wp-content\/uploads\/usu1761\/2019\/01\/IMG_5924-300x225.jpg\" sizes=\"auto, (max-width: 300px) 100vw, 300px\" srcset=\"https:\/\/agora.xtec.cat\/ceip-practiques1-lleida\/wp-content\/uploads\/usu1761\/2019\/01\/IMG_5924-300x225.jpg 300w, https:\/\/agora.xtec.cat\/ceip-practiques1-lleida\/wp-content\/uploads\/usu1761\/2019\/01\/IMG_5924-768x575.jpg 768w, https:\/\/agora.xtec.cat\/ceip-practiques1-lleida\/wp-content\/uploads\/usu1761\/2019\/01\/IMG_5924-1024x767.jpg 1024w, https:\/\/agora.xtec.cat\/ceip-practiques1-lleida\/wp-content\/uploads\/usu1761\/2019\/01\/IMG_5924-200x150.jpg 200w, https:\/\/agora.xtec.cat\/ceip-practiques1-lleida\/wp-content\/uploads\/usu1761\/2019\/01\/IMG_5924.jpg 1280w\" alt=\"\" width=\"300\" height=\"225\" \/><\/a><\/b><\/p>\n<p>Fou fundat l\u2019any <a title=\"1964\" href=\"https:\/\/ca.wikipedia.org\/wiki\/1964\">1964<\/a> pel <a title=\"Poesia\" href=\"https:\/\/ca.wikipedia.org\/wiki\/Poesia\">poeta<\/a> i <a title=\"Mestre d'escola\" href=\"https:\/\/ca.wikipedia.org\/wiki\/Mestre_d%27escola\">educador<\/a> mallorqu\u00ed <a title=\"Lloren\u00e7 Vidal Vidal\" href=\"https:\/\/ca.wikipedia.org\/wiki\/Lloren%C3%A7_Vidal_Vidal\">Lloren\u00e7 Vidal Vidal<\/a>, i \u00e9s una iniciativa d\u2019Educaci\u00f3 No-violenta i Pacificadora, difosa internacionalment.<\/p>\n<p>Es practica a escoles de tot el m\u00f3n, els dies <a title=\"30 de gener\" href=\"https:\/\/ca.wikipedia.org\/wiki\/30_de_gener\">30 de gener<\/a> i propers (aniversari de la mort de <a class=\"mw-redirect\" title=\"Mohandas Karamchand\" href=\"https:\/\/ca.wikipedia.org\/wiki\/Mohandas_Karamchand\">Mahatma Gandhi<\/a>).<\/p>\n<p>El DENIP propugna una educaci\u00f3 permanent en i per a la conc\u00f2rdia, la toler\u00e0ncia, la solidaritat, el respecte als drets humans, la no-viol\u00e8ncia i la pau. El seu missatge b\u00e0sic diu: \u201c<a title=\"Amor\" href=\"https:\/\/ca.wikipedia.org\/wiki\/Amor\">Amor<\/a> universal, <a title=\"No-viol\u00e8ncia\" href=\"https:\/\/ca.wikipedia.org\/wiki\/No-viol%C3%A8ncia\">No-viol\u00e8ncia<\/a> i <a title=\"Pau\" href=\"https:\/\/ca.wikipedia.org\/wiki\/Pau\">Pau<\/a>. L\u2019<a title=\"Amor\" href=\"https:\/\/ca.wikipedia.org\/wiki\/Amor\">Amor<\/a> universal \u00e9s millor que l\u2019<a title=\"Egoisme\" href=\"https:\/\/ca.wikipedia.org\/wiki\/Egoisme\">egoisme<\/a>, la <a title=\"No-viol\u00e8ncia\" href=\"https:\/\/ca.wikipedia.org\/wiki\/No-viol%C3%A8ncia\">No-viol\u00e8ncia<\/a> \u00e9s millor que la <a title=\"Viol\u00e8ncia\" href=\"https:\/\/ca.wikipedia.org\/wiki\/Viol%C3%A8ncia\">viol\u00e8ncia<\/a> i la <a title=\"Pau\" href=\"https:\/\/ca.wikipedia.org\/wiki\/Pau\">Pau<\/a> \u00e9s millor que la <a title=\"Guerra\" href=\"https:\/\/ca.wikipedia.org\/wiki\/Guerra\">guerra<\/a>\u201c.<\/p>\n<p>&nbsp;<\/p>\n<p style=\"text-align: center;\"><iframe loading=\"lazy\" src=\"\/\/www.youtube.com\/embed\/LQ5Jo_on-HM\" width=\"560\" height=\"314\" allowfullscreen=\"allowfullscreen\"><\/iframe><\/p>\n<p style=\"text-align: center;\"><strong>Celebraci\u00f3 del dia de la PAU<\/strong><\/p>\n<p>&nbsp;<\/p>\n<p>&nbsp;<\/p>\n<p><iframe loading=\"lazy\" src=\"\/\/www.youtube.com\/embed\/HhGLxIbCn9o\" width=\"560\" height=\"314\" allowfullscreen=\"allowfullscreen\"><\/iframe><\/p>\n<p>&nbsp;<\/p>\n<p>&nbsp;<\/p>\n<p>&nbsp;<\/p>\n<p>&nbsp;<\/p>\n<p>&nbsp;<\/p>\n","protected":false},"excerpt":{"rendered":"<p>A l&#8217;escola celebrem el dia de la Pau o tamb\u00e9 anomenat: Dia Escolar de la No-viol\u00e8ncia i la Pau (o el seu acr\u00f2nim DENIP) Fou fundat l\u2019any 1964 pel poeta i educador mallorqu\u00ed Lloren\u00e7 Vidal Vidal, i \u00e9s una iniciativa d\u2019Educaci\u00f3 No-violenta i Pacificadora, difosa internacionalment. Es practica a escoles de tot el m\u00f3n, els [&hellip;]<\/p>\n","protected":false},"author":3,"featured_media":0,"parent":1623,"menu_order":0,"comment_status":"closed","ping_status":"closed","template":"page-templates\/side-menu.php","meta":{"_bbp_topic_count":0,"_bbp_reply_count":0,"_bbp_total_topic_count":0,"_bbp_total_reply_count":0,"_bbp_voice_count":0,"_bbp_anonymous_reply_count":0,"_bbp_topic_count_hidden":0,"_bbp_reply_count_hidden":0,"_bbp_forum_subforum_count":0,"site-sidebar-layout":"default","site-content-layout":"","ast-site-content-layout":"","site-content-style":"default","site-sidebar-style":"default","ast-global-header-display":"","ast-banner-title-visibility":"","ast-main-header-display":"","ast-hfb-above-header-display":"","ast-hfb-below-header-display":"","ast-hfb-mobile-header-display":"","site-post-title":"","ast-breadcrumbs-content":"","ast-featured-img":"","footer-sml-layout":"","theme-transparent-header-meta":"","adv-header-id-meta":"","stick-header-meta":"","header-above-stick-meta":"","header-main-stick-meta":"","header-below-stick-meta":"","astra-migrate-meta-layouts":"default","ast-page-background-enabled":"default","ast-page-background-meta":{"desktop":{"background-color":"var(--ast-global-color-4)","background-image":"","background-repeat":"repeat","background-position":"center center","background-size":"auto","background-attachment":"scroll","background-type":"","background-media":"","overlay-type":"","overlay-color":"","overlay-opacity":"","overlay-gradient":""},"tablet":{"background-color":"","background-image":"","background-repeat":"repeat","background-position":"center center","background-size":"auto","background-attachment":"scroll","background-type":"","background-media":"","overlay-type":"","overlay-color":"","overlay-opacity":"","overlay-gradient":""},"mobile":{"background-color":"","background-image":"","background-repeat":"repeat","background-position":"center center","background-size":"auto","background-attachment":"scroll","background-type":"","background-media":"","overlay-type":"","overlay-color":"","overlay-opacity":"","overlay-gradient":""}},"ast-content-background-meta":{"desktop":{"background-color":"var(--ast-global-color-5)","background-image":"","background-repeat":"repeat","background-position":"center center","background-size":"auto","background-attachment":"scroll","background-type":"","background-media":"","overlay-type":"","overlay-color":"","overlay-opacity":"","overlay-gradient":""},"tablet":{"background-color":"var(--ast-global-color-5)","background-image":"","background-repeat":"repeat","background-position":"center center","background-size":"auto","background-attachment":"scroll","background-type":"","background-media":"","overlay-type":"","overlay-color":"","overlay-opacity":"","overlay-gradient":""},"mobile":{"background-color":"var(--ast-global-color-5)","background-image":"","background-repeat":"repeat","background-position":"center center","background-size":"auto","background-attachment":"scroll","background-type":"","background-media":"","overlay-type":"","overlay-color":"","overlay-opacity":"","overlay-gradient":""}},"footnotes":""},"class_list":["post-1958","page","type-page","status-publish","hentry"],"post_mailing_queue_ids":[],"_links":{"self":[{"href":"https:\/\/agora.xtec.cat\/ceip-practiques1-lleida\/wp-json\/wp\/v2\/pages\/1958","targetHints":{"allow":["GET"]}}],"collection":[{"href":"https:\/\/agora.xtec.cat\/ceip-practiques1-lleida\/wp-json\/wp\/v2\/pages"}],"about":[{"href":"https:\/\/agora.xtec.cat\/ceip-practiques1-lleida\/wp-json\/wp\/v2\/types\/page"}],"author":[{"embeddable":true,"href":"https:\/\/agora.xtec.cat\/ceip-practiques1-lleida\/wp-json\/wp\/v2\/users\/3"}],"replies":[{"embeddable":true,"href":"https:\/\/agora.xtec.cat\/ceip-practiques1-lleida\/wp-json\/wp\/v2\/comments?post=1958"}],"version-history":[{"count":3,"href":"https:\/\/agora.xtec.cat\/ceip-practiques1-lleida\/wp-json\/wp\/v2\/pages\/1958\/revisions"}],"predecessor-version":[{"id":2013,"href":"https:\/\/agora.xtec.cat\/ceip-practiques1-lleida\/wp-json\/wp\/v2\/pages\/1958\/revisions\/2013"}],"up":[{"embeddable":true,"href":"https:\/\/agora.xtec.cat\/ceip-practiques1-lleida\/wp-json\/wp\/v2\/pages\/1623"}],"wp:attachment":[{"href":"https:\/\/agora.xtec.cat\/ceip-practiques1-lleida\/wp-json\/wp\/v2\/media?parent=1958"}],"curies":[{"name":"wp","href":"https:\/\/api.w.org\/{rel}","templated":true}]}}