{"id":1902,"date":"2019-02-14T10:29:20","date_gmt":"2019-02-14T09:29:20","guid":{"rendered":"http:\/\/agora.xtec.cat\/ceip-practiques1-lleida\/?page_id=1902"},"modified":"2019-02-14T15:44:06","modified_gmt":"2019-02-14T14:44:06","slug":"calcul-mental-quinzet","status":"publish","type":"page","link":"https:\/\/agora.xtec.cat\/ceip-practiques1-lleida\/projecte-educatiu\/projectes-del-propi-centre\/calcul-mental-quinzet\/","title":{"rendered":"C\u00e0lcul Mental &#8220;Quinzet&#8221;"},"content":{"rendered":"<p>Consisteix en una metodologia del tractament del c\u00e0lcul global a partir de la proposta sistem\u00e0tica de s\u00e8ries de col\u00b7leccions de c\u00e0lcul mental i d\u2019unes proves diagn\u00f2stic que permeten avaluar el proc\u00e9s d\u2019aprenentatge i maduraci\u00f3 de l\u2019alumnat. Aquest curs s\u2019iniciar\u00e0 tamb\u00e9 en l\u2019etapa d\u2019Educaci\u00f3 Infantil.<\/p>\n<p>Cada curs escolar s\u2019envien a la persona que dirigeix el \u201cprograma\u201d, aliena al nostre centre, els resultats\u00a0inicials i finals de les s\u00e8ries que es passen a cadascun dels cursos, i ens reenvia una estad\u00edstica amb les millores o davallades obtinguts, d\u2019acord al nostre propi centre i la seva evoluci\u00f3. Fins ara, anem millorant. Per tant, valorem positivament l\u2019esfor\u00e7 que es realitza, i mantenim el projecte actiu.<\/p>\n","protected":false},"excerpt":{"rendered":"<p>Consisteix en una metodologia del tractament del c\u00e0lcul global a partir de la proposta sistem\u00e0tica de s\u00e8ries de col\u00b7leccions de c\u00e0lcul mental i d\u2019unes proves diagn\u00f2stic que permeten avaluar el proc\u00e9s d\u2019aprenentatge i maduraci\u00f3 de l\u2019alumnat. Aquest curs s\u2019iniciar\u00e0 tamb\u00e9 en l\u2019etapa d\u2019Educaci\u00f3 Infantil. Cada curs escolar s\u2019envien a la persona que dirigeix el \u201cprograma\u201d, [&hellip;]<\/p>\n","protected":false},"author":3,"featured_media":0,"parent":1893,"menu_order":0,"comment_status":"closed","ping_status":"closed","template":"page-templates\/side-menu.php","meta":{"_bbp_topic_count":0,"_bbp_reply_count":0,"_bbp_total_topic_count":0,"_bbp_total_reply_count":0,"_bbp_voice_count":0,"_bbp_anonymous_reply_count":0,"_bbp_topic_count_hidden":0,"_bbp_reply_count_hidden":0,"_bbp_forum_subforum_count":0,"site-sidebar-layout":"default","site-content-layout":"","ast-site-content-layout":"","site-content-style":"default","site-sidebar-style":"default","ast-global-header-display":"","ast-banner-title-visibility":"","ast-main-header-display":"","ast-hfb-above-header-display":"","ast-hfb-below-header-display":"","ast-hfb-mobile-header-display":"","site-post-title":"","ast-breadcrumbs-content":"","ast-featured-img":"","footer-sml-layout":"","theme-transparent-header-meta":"","adv-header-id-meta":"","stick-header-meta":"","header-above-stick-meta":"","header-main-stick-meta":"","header-below-stick-meta":"","astra-migrate-meta-layouts":"default","ast-page-background-enabled":"default","ast-page-background-meta":{"desktop":{"background-color":"var(--ast-global-color-4)","background-image":"","background-repeat":"repeat","background-position":"center center","background-size":"auto","background-attachment":"scroll","background-type":"","background-media":"","overlay-type":"","overlay-color":"","overlay-opacity":"","overlay-gradient":""},"tablet":{"background-color":"","background-image":"","background-repeat":"repeat","background-position":"center center","background-size":"auto","background-attachment":"scroll","background-type":"","background-media":"","overlay-type":"","overlay-color":"","overlay-opacity":"","overlay-gradient":""},"mobile":{"background-color":"","background-image":"","background-repeat":"repeat","background-position":"center center","background-size":"auto","background-attachment":"scroll","background-type":"","background-media":"","overlay-type":"","overlay-color":"","overlay-opacity":"","overlay-gradient":""}},"ast-content-background-meta":{"desktop":{"background-color":"var(--ast-global-color-5)","background-image":"","background-repeat":"repeat","background-position":"center center","background-size":"auto","background-attachment":"scroll","background-type":"","background-media":"","overlay-type":"","overlay-color":"","overlay-opacity":"","overlay-gradient":""},"tablet":{"background-color":"var(--ast-global-color-5)","background-image":"","background-repeat":"repeat","background-position":"center center","background-size":"auto","background-attachment":"scroll","background-type":"","background-media":"","overlay-type":"","overlay-color":"","overlay-opacity":"","overlay-gradient":""},"mobile":{"background-color":"var(--ast-global-color-5)","background-image":"","background-repeat":"repeat","background-position":"center center","background-size":"auto","background-attachment":"scroll","background-type":"","background-media":"","overlay-type":"","overlay-color":"","overlay-opacity":"","overlay-gradient":""}},"footnotes":""},"class_list":["post-1902","page","type-page","status-publish","hentry"],"post_mailing_queue_ids":[],"_links":{"self":[{"href":"https:\/\/agora.xtec.cat\/ceip-practiques1-lleida\/wp-json\/wp\/v2\/pages\/1902","targetHints":{"allow":["GET"]}}],"collection":[{"href":"https:\/\/agora.xtec.cat\/ceip-practiques1-lleida\/wp-json\/wp\/v2\/pages"}],"about":[{"href":"https:\/\/agora.xtec.cat\/ceip-practiques1-lleida\/wp-json\/wp\/v2\/types\/page"}],"author":[{"embeddable":true,"href":"https:\/\/agora.xtec.cat\/ceip-practiques1-lleida\/wp-json\/wp\/v2\/users\/3"}],"replies":[{"embeddable":true,"href":"https:\/\/agora.xtec.cat\/ceip-practiques1-lleida\/wp-json\/wp\/v2\/comments?post=1902"}],"version-history":[{"count":3,"href":"https:\/\/agora.xtec.cat\/ceip-practiques1-lleida\/wp-json\/wp\/v2\/pages\/1902\/revisions"}],"predecessor-version":[{"id":1972,"href":"https:\/\/agora.xtec.cat\/ceip-practiques1-lleida\/wp-json\/wp\/v2\/pages\/1902\/revisions\/1972"}],"up":[{"embeddable":true,"href":"https:\/\/agora.xtec.cat\/ceip-practiques1-lleida\/wp-json\/wp\/v2\/pages\/1893"}],"wp:attachment":[{"href":"https:\/\/agora.xtec.cat\/ceip-practiques1-lleida\/wp-json\/wp\/v2\/media?parent=1902"}],"curies":[{"name":"wp","href":"https:\/\/api.w.org\/{rel}","templated":true}]}}