{"id":1893,"date":"2019-02-14T10:26:20","date_gmt":"2019-02-14T09:26:20","guid":{"rendered":"http:\/\/agora.xtec.cat\/ceip-practiques1-lleida\/?page_id=1893"},"modified":"2020-08-30T10:24:25","modified_gmt":"2020-08-30T08:24:25","slug":"projectes-del-propi-centre","status":"publish","type":"page","link":"https:\/\/agora.xtec.cat\/ceip-practiques1-lleida\/projecte-educatiu\/projectes-del-propi-centre\/","title":{"rendered":"Projectes del propi Centre"},"content":{"rendered":"<p>El nostre centre est\u00e0 immers dins els seg\u00fcents projectes educatius:<\/p>\n<ul class=\"sub-menu menu-even sub-sub-menu menu-depth-2\">\n<li id=\"nav-menu-item-1906\" class=\"sub-menu-item sub-sub-menu-item menu-item-even menu-item-depth-2 menu-item menu-item-type-post_type menu-item-object-page\"><a class=\"menu-link sub-menu-link\" href=\"https:\/\/agora.xtec.cat\/ceip-practiques1-lleida\/serveis\/socialitzacio-llibres\/\">Socialitzaci\u00f3 de llibres<\/a><\/li>\n<li id=\"nav-menu-item-1907\" class=\"sub-menu-item sub-sub-menu-item menu-item-even menu-item-depth-2 menu-item menu-item-type-post_type menu-item-object-page\"><a class=\"menu-link sub-menu-link\" href=\"https:\/\/agora.xtec.cat\/ceip-practiques1-lleida\/projecte-educatiu\/projectes-del-propi-centre\/biblioteca-escolar\/\">Biblioteca escolar<\/a><\/li>\n<li id=\"nav-menu-item-1909\" class=\"sub-menu-item sub-sub-menu-item menu-item-even menu-item-depth-2 menu-item menu-item-type-post_type menu-item-object-page\"><a href=\"https:\/\/agora.xtec.cat\/ceip-practiques1-lleida\/projecte-educatiu\/projectes-del-propi-centre\/eix-transversal-coneixer-lleida\/\">Projecte interdisciplinar<\/a><\/li>\n<li id=\"nav-menu-item-1908\" class=\"sub-menu-item sub-sub-menu-item menu-item-even menu-item-depth-2 menu-item menu-item-type-post_type menu-item-object-page\"><a class=\"menu-link sub-menu-link\" href=\"https:\/\/agora.xtec.cat\/ceip-practiques1-lleida\/projecte-educatiu\/projectes-del-propi-centre\/calcul-mental-quinzet\/\">C\u00e0lcul Mental \u201cQuinzet\u201d<\/a><\/li>\n<li id=\"nav-menu-item-1912\" class=\"sub-menu-item sub-sub-menu-item menu-item-even menu-item-depth-2 menu-item menu-item-type-post_type menu-item-object-page\"><a class=\"menu-link sub-menu-link\" href=\"https:\/\/agora.xtec.cat\/ceip-practiques1-lleida\/projecte-educatiu\/projectes-del-propi-centre\/tallers-artistics\/\">Tallers art\u00edstics<\/a><\/li>\n<\/ul>\n","protected":false},"excerpt":{"rendered":"<p>El nostre centre est\u00e0 immers dins els seg\u00fcents projectes educatius: Socialitzaci\u00f3 de llibres Biblioteca escolar Projecte interdisciplinar C\u00e0lcul Mental \u201cQuinzet\u201d Tallers art\u00edstics<\/p>\n","protected":false},"author":3,"featured_media":0,"parent":64,"menu_order":0,"comment_status":"closed","ping_status":"closed","template":"page-templates\/side-menu.php","meta":{"_bbp_topic_count":0,"_bbp_reply_count":0,"_bbp_total_topic_count":0,"_bbp_total_reply_count":0,"_bbp_voice_count":0,"_bbp_anonymous_reply_count":0,"_bbp_topic_count_hidden":0,"_bbp_reply_count_hidden":0,"_bbp_forum_subforum_count":0,"site-sidebar-layout":"default","site-content-layout":"","ast-site-content-layout":"","site-content-style":"default","site-sidebar-style":"default","ast-global-header-display":"","ast-banner-title-visibility":"","ast-main-header-display":"","ast-hfb-above-header-display":"","ast-hfb-below-header-display":"","ast-hfb-mobile-header-display":"","site-post-title":"","ast-breadcrumbs-content":"","ast-featured-img":"","footer-sml-layout":"","theme-transparent-header-meta":"","adv-header-id-meta":"","stick-header-meta":"","header-above-stick-meta":"","header-main-stick-meta":"","header-below-stick-meta":"","astra-migrate-meta-layouts":"default","ast-page-background-enabled":"default","ast-page-background-meta":{"desktop":{"background-color":"var(--ast-global-color-4)","background-image":"","background-repeat":"repeat","background-position":"center center","background-size":"auto","background-attachment":"scroll","background-type":"","background-media":"","overlay-type":"","overlay-color":"","overlay-opacity":"","overlay-gradient":""},"tablet":{"background-color":"","background-image":"","background-repeat":"repeat","background-position":"center center","background-size":"auto","background-attachment":"scroll","background-type":"","background-media":"","overlay-type":"","overlay-color":"","overlay-opacity":"","overlay-gradient":""},"mobile":{"background-color":"","background-image":"","background-repeat":"repeat","background-position":"center center","background-size":"auto","background-attachment":"scroll","background-type":"","background-media":"","overlay-type":"","overlay-color":"","overlay-opacity":"","overlay-gradient":""}},"ast-content-background-meta":{"desktop":{"background-color":"var(--ast-global-color-5)","background-image":"","background-repeat":"repeat","background-position":"center center","background-size":"auto","background-attachment":"scroll","background-type":"","background-media":"","overlay-type":"","overlay-color":"","overlay-opacity":"","overlay-gradient":""},"tablet":{"background-color":"var(--ast-global-color-5)","background-image":"","background-repeat":"repeat","background-position":"center center","background-size":"auto","background-attachment":"scroll","background-type":"","background-media":"","overlay-type":"","overlay-color":"","overlay-opacity":"","overlay-gradient":""},"mobile":{"background-color":"var(--ast-global-color-5)","background-image":"","background-repeat":"repeat","background-position":"center center","background-size":"auto","background-attachment":"scroll","background-type":"","background-media":"","overlay-type":"","overlay-color":"","overlay-opacity":"","overlay-gradient":""}},"footnotes":""},"class_list":["post-1893","page","type-page","status-publish","hentry"],"post_mailing_queue_ids":[],"_links":{"self":[{"href":"https:\/\/agora.xtec.cat\/ceip-practiques1-lleida\/wp-json\/wp\/v2\/pages\/1893","targetHints":{"allow":["GET"]}}],"collection":[{"href":"https:\/\/agora.xtec.cat\/ceip-practiques1-lleida\/wp-json\/wp\/v2\/pages"}],"about":[{"href":"https:\/\/agora.xtec.cat\/ceip-practiques1-lleida\/wp-json\/wp\/v2\/types\/page"}],"author":[{"embeddable":true,"href":"https:\/\/agora.xtec.cat\/ceip-practiques1-lleida\/wp-json\/wp\/v2\/users\/3"}],"replies":[{"embeddable":true,"href":"https:\/\/agora.xtec.cat\/ceip-practiques1-lleida\/wp-json\/wp\/v2\/comments?post=1893"}],"version-history":[{"count":3,"href":"https:\/\/agora.xtec.cat\/ceip-practiques1-lleida\/wp-json\/wp\/v2\/pages\/1893\/revisions"}],"predecessor-version":[{"id":5685,"href":"https:\/\/agora.xtec.cat\/ceip-practiques1-lleida\/wp-json\/wp\/v2\/pages\/1893\/revisions\/5685"}],"up":[{"embeddable":true,"href":"https:\/\/agora.xtec.cat\/ceip-practiques1-lleida\/wp-json\/wp\/v2\/pages\/64"}],"wp:attachment":[{"href":"https:\/\/agora.xtec.cat\/ceip-practiques1-lleida\/wp-json\/wp\/v2\/media?parent=1893"}],"curies":[{"name":"wp","href":"https:\/\/api.w.org\/{rel}","templated":true}]}}