{"id":1649,"date":"2019-02-08T15:28:48","date_gmt":"2019-02-08T14:28:48","guid":{"rendered":"http:\/\/agora.xtec.cat\/ceip-practiques1-lleida\/?page_id=1649"},"modified":"2024-03-06T15:45:46","modified_gmt":"2024-03-06T14:45:46","slug":"escoltam-families","status":"publish","type":"page","link":"https:\/\/agora.xtec.cat\/ceip-practiques1-lleida\/projecte-educatiu\/escoltam-families\/","title":{"rendered":"Escolta&#8217;m (fam\u00edlies)"},"content":{"rendered":"<p><img loading=\"lazy\" decoding=\"async\" class=\"alignnone wp-image-15157\" src=\"https:\/\/agora.xtec.cat\/ceip-practiques1-lleida\/wp-content\/uploads\/usu1761\/2023\/10\/Presentacion1-2-300x84.jpg\" alt=\"\" width=\"964\" height=\"270\" srcset=\"https:\/\/agora.xtec.cat\/ceip-practiques1-lleida\/wp-content\/uploads\/usu1761\/2023\/10\/Presentacion1-2-300x84.jpg 300w, https:\/\/agora.xtec.cat\/ceip-practiques1-lleida\/wp-content\/uploads\/usu1761\/2023\/10\/Presentacion1-2-1024x288.jpg 1024w, https:\/\/agora.xtec.cat\/ceip-practiques1-lleida\/wp-content\/uploads\/usu1761\/2023\/10\/Presentacion1-2-768x216.jpg 768w, https:\/\/agora.xtec.cat\/ceip-practiques1-lleida\/wp-content\/uploads\/usu1761\/2023\/10\/Presentacion1-2.jpg 1210w\" sizes=\"auto, (max-width: 964px) 100vw, 964px\" \/><\/p>\n<p>Aquest \u00e9s un projecte que vam comen\u00e7ar el curs 20\/21 amb tres escoles m\u00e9s de Lleida.<\/p>\n<p>La finalitat principal del projecte \u00e9s obrir l\u2019escola i crear vincle amb les fam\u00edlies a partir de xerrades on s\u2019intercanviaran diferents inquietuds d\u2019aquestes.<\/p>\n<p><a href=\"https:\/\/agora.xtec.cat\/ceip-practiques1-lleida\/wp-content\/uploads\/usu1761\/2023\/10\/00-docentsconfinats-joan-turu.jpg\"><img loading=\"lazy\" decoding=\"async\" class=\"wp-image-15153 aligncenter\" src=\"https:\/\/agora.xtec.cat\/ceip-practiques1-lleida\/wp-content\/uploads\/usu1761\/2023\/10\/00-docentsconfinats-joan-turu-300x200.jpg\" alt=\"\" width=\"617\" height=\"411\" srcset=\"https:\/\/agora.xtec.cat\/ceip-practiques1-lleida\/wp-content\/uploads\/usu1761\/2023\/10\/00-docentsconfinats-joan-turu-300x200.jpg 300w, https:\/\/agora.xtec.cat\/ceip-practiques1-lleida\/wp-content\/uploads\/usu1761\/2023\/10\/00-docentsconfinats-joan-turu-1024x683.jpg 1024w, https:\/\/agora.xtec.cat\/ceip-practiques1-lleida\/wp-content\/uploads\/usu1761\/2023\/10\/00-docentsconfinats-joan-turu-768x512.jpg 768w, https:\/\/agora.xtec.cat\/ceip-practiques1-lleida\/wp-content\/uploads\/usu1761\/2023\/10\/00-docentsconfinats-joan-turu.jpg 1050w\" sizes=\"auto, (max-width: 617px) 100vw, 617px\" \/><\/a><\/p>\n<p>&nbsp;<\/p>\n<p><img loading=\"lazy\" decoding=\"async\" class=\"wp-image-15159 aligncenter\" src=\"https:\/\/agora.xtec.cat\/ceip-practiques1-lleida\/wp-content\/uploads\/usu1761\/2023\/10\/articles-relacionats-amb-el-projecte-2-300x75.png\" alt=\"\" width=\"528\" height=\"132\" srcset=\"https:\/\/agora.xtec.cat\/ceip-practiques1-lleida\/wp-content\/uploads\/usu1761\/2023\/10\/articles-relacionats-amb-el-projecte-2-300x75.png 300w, https:\/\/agora.xtec.cat\/ceip-practiques1-lleida\/wp-content\/uploads\/usu1761\/2023\/10\/articles-relacionats-amb-el-projecte-2-1024x256.png 1024w, https:\/\/agora.xtec.cat\/ceip-practiques1-lleida\/wp-content\/uploads\/usu1761\/2023\/10\/articles-relacionats-amb-el-projecte-2-768x192.png 768w, https:\/\/agora.xtec.cat\/ceip-practiques1-lleida\/wp-content\/uploads\/usu1761\/2023\/10\/articles-relacionats-amb-el-projecte-2-1536x384.png 1536w, https:\/\/agora.xtec.cat\/ceip-practiques1-lleida\/wp-content\/uploads\/usu1761\/2023\/10\/articles-relacionats-amb-el-projecte-2.png 1920w\" sizes=\"auto, (max-width: 528px) 100vw, 528px\" \/><\/p>\n<p>Aquests s\u00f3n articles que us serviran de petites p\u00edndoles que creiem que s\u00f3n interessants de llegir i treballar en l&#8217;educaci\u00f3 i crian\u00e7a dels nostres infants. Esperem que puguin ajudar a treure alguns neguits i servir de punts de partida en alguns moments o fins i tot, donar altres perspectives &#8230;<\/p>\n<p><a href=\"https:\/\/agora.xtec.cat\/ceip-practiques1-lleida\/wp-content\/uploads\/usu1761\/2023\/10\/article-1.pdf\"><img loading=\"lazy\" decoding=\"async\" class=\"wp-image-15125 aligncenter\" src=\"https:\/\/agora.xtec.cat\/ceip-practiques1-lleida\/wp-content\/uploads\/usu1761\/2023\/10\/SOCIAl-studies-3-300x75.png\" alt=\"\" width=\"680\" height=\"170\" srcset=\"https:\/\/agora.xtec.cat\/ceip-practiques1-lleida\/wp-content\/uploads\/usu1761\/2023\/10\/SOCIAl-studies-3-300x75.png 300w, https:\/\/agora.xtec.cat\/ceip-practiques1-lleida\/wp-content\/uploads\/usu1761\/2023\/10\/SOCIAl-studies-3-1024x256.png 1024w, https:\/\/agora.xtec.cat\/ceip-practiques1-lleida\/wp-content\/uploads\/usu1761\/2023\/10\/SOCIAl-studies-3-768x192.png 768w, https:\/\/agora.xtec.cat\/ceip-practiques1-lleida\/wp-content\/uploads\/usu1761\/2023\/10\/SOCIAl-studies-3-1536x384.png 1536w, https:\/\/agora.xtec.cat\/ceip-practiques1-lleida\/wp-content\/uploads\/usu1761\/2023\/10\/SOCIAl-studies-3.png 1920w\" sizes=\"auto, (max-width: 680px) 100vw, 680px\" \/><\/a><\/p>\n<p><a href=\"https:\/\/agora.xtec.cat\/ceip-practiques1-lleida\/wp-content\/uploads\/usu1761\/2023\/12\/Article-2-1.pdf\"><img loading=\"lazy\" decoding=\"async\" class=\"aligncenter wp-image-16043\" src=\"https:\/\/agora.xtec.cat\/ceip-practiques1-lleida\/wp-content\/uploads\/usu1761\/2023\/12\/Sis-pautes-per-millorar-la-tolerancia-a-la-frustracio-en-nens-1024x256.png\" alt=\"\" width=\"677\" height=\"169\" srcset=\"https:\/\/agora.xtec.cat\/ceip-practiques1-lleida\/wp-content\/uploads\/usu1761\/2023\/12\/Sis-pautes-per-millorar-la-tolerancia-a-la-frustracio-en-nens-1024x256.png 1024w, https:\/\/agora.xtec.cat\/ceip-practiques1-lleida\/wp-content\/uploads\/usu1761\/2023\/12\/Sis-pautes-per-millorar-la-tolerancia-a-la-frustracio-en-nens-300x75.png 300w, https:\/\/agora.xtec.cat\/ceip-practiques1-lleida\/wp-content\/uploads\/usu1761\/2023\/12\/Sis-pautes-per-millorar-la-tolerancia-a-la-frustracio-en-nens-768x192.png 768w, https:\/\/agora.xtec.cat\/ceip-practiques1-lleida\/wp-content\/uploads\/usu1761\/2023\/12\/Sis-pautes-per-millorar-la-tolerancia-a-la-frustracio-en-nens-1536x384.png 1536w, https:\/\/agora.xtec.cat\/ceip-practiques1-lleida\/wp-content\/uploads\/usu1761\/2023\/12\/Sis-pautes-per-millorar-la-tolerancia-a-la-frustracio-en-nens.png 1920w\" sizes=\"auto, (max-width: 677px) 100vw, 677px\" \/><\/a><a href=\"file:\/\/\/C:\/Users\/argo\/Downloads\/Article%203.pdf\"><img loading=\"lazy\" decoding=\"async\" class=\"wp-image-17095 aligncenter\" src=\"https:\/\/agora.xtec.cat\/ceip-practiques1-lleida\/wp-content\/uploads\/usu1761\/2024\/03\/El-conte-de-la-Vaca-1024x256.png\" alt=\"\" width=\"693\" height=\"173\" srcset=\"https:\/\/agora.xtec.cat\/ceip-practiques1-lleida\/wp-content\/uploads\/usu1761\/2024\/03\/El-conte-de-la-Vaca-1024x256.png 1024w, https:\/\/agora.xtec.cat\/ceip-practiques1-lleida\/wp-content\/uploads\/usu1761\/2024\/03\/El-conte-de-la-Vaca-300x75.png 300w, https:\/\/agora.xtec.cat\/ceip-practiques1-lleida\/wp-content\/uploads\/usu1761\/2024\/03\/El-conte-de-la-Vaca-768x192.png 768w, https:\/\/agora.xtec.cat\/ceip-practiques1-lleida\/wp-content\/uploads\/usu1761\/2024\/03\/El-conte-de-la-Vaca-1536x384.png 1536w, https:\/\/agora.xtec.cat\/ceip-practiques1-lleida\/wp-content\/uploads\/usu1761\/2024\/03\/El-conte-de-la-Vaca.png 1920w\" sizes=\"auto, (max-width: 693px) 100vw, 693px\" \/><\/a><\/p>\n<p>Sessi\u00f3 presencial amb fam\u00edlies&#8230;<\/p>\n<table style=\"border-collapse: collapse; width: 100%;\">\n<tbody>\n<tr>\n<td style=\"width: 50%;\"><a href=\"https:\/\/agora.xtec.cat\/ceip-practiques1-lleida\/wp-content\/uploads\/usu1761\/2019\/02\/c733926b-8812-400e-a62e-5144974d128e.jpg\"><img loading=\"lazy\" decoding=\"async\" class=\" wp-image-2075 aligncenter\" src=\"https:\/\/agora.xtec.cat\/ceip-practiques1-lleida\/wp-content\/uploads\/usu1761\/2019\/02\/c733926b-8812-400e-a62e-5144974d128e-300x225.jpg\" alt=\"\" width=\"456\" height=\"342\" srcset=\"https:\/\/agora.xtec.cat\/ceip-practiques1-lleida\/wp-content\/uploads\/usu1761\/2019\/02\/c733926b-8812-400e-a62e-5144974d128e-300x225.jpg 300w, https:\/\/agora.xtec.cat\/ceip-practiques1-lleida\/wp-content\/uploads\/usu1761\/2019\/02\/c733926b-8812-400e-a62e-5144974d128e-768x576.jpg 768w, https:\/\/agora.xtec.cat\/ceip-practiques1-lleida\/wp-content\/uploads\/usu1761\/2019\/02\/c733926b-8812-400e-a62e-5144974d128e-1024x768.jpg 1024w, https:\/\/agora.xtec.cat\/ceip-practiques1-lleida\/wp-content\/uploads\/usu1761\/2019\/02\/c733926b-8812-400e-a62e-5144974d128e-200x150.jpg 200w, https:\/\/agora.xtec.cat\/ceip-practiques1-lleida\/wp-content\/uploads\/usu1761\/2019\/02\/c733926b-8812-400e-a62e-5144974d128e.jpg 1600w\" sizes=\"auto, (max-width: 456px) 100vw, 456px\" \/><\/a><\/td>\n<td style=\"width: 50%;\"><a href=\"https:\/\/agora.xtec.cat\/ceip-practiques1-lleida\/wp-content\/uploads\/usu1761\/2019\/02\/7f7f3d2e-2731-4993-91ca-0883082750ea.jpg\"><img loading=\"lazy\" decoding=\"async\" class=\" wp-image-2073 aligncenter\" src=\"https:\/\/agora.xtec.cat\/ceip-practiques1-lleida\/wp-content\/uploads\/usu1761\/2019\/02\/7f7f3d2e-2731-4993-91ca-0883082750ea-300x225.jpg\" alt=\"\" width=\"449\" height=\"337\" srcset=\"https:\/\/agora.xtec.cat\/ceip-practiques1-lleida\/wp-content\/uploads\/usu1761\/2019\/02\/7f7f3d2e-2731-4993-91ca-0883082750ea-300x225.jpg 300w, https:\/\/agora.xtec.cat\/ceip-practiques1-lleida\/wp-content\/uploads\/usu1761\/2019\/02\/7f7f3d2e-2731-4993-91ca-0883082750ea-768x576.jpg 768w, https:\/\/agora.xtec.cat\/ceip-practiques1-lleida\/wp-content\/uploads\/usu1761\/2019\/02\/7f7f3d2e-2731-4993-91ca-0883082750ea-1024x768.jpg 1024w, https:\/\/agora.xtec.cat\/ceip-practiques1-lleida\/wp-content\/uploads\/usu1761\/2019\/02\/7f7f3d2e-2731-4993-91ca-0883082750ea-200x150.jpg 200w, https:\/\/agora.xtec.cat\/ceip-practiques1-lleida\/wp-content\/uploads\/usu1761\/2019\/02\/7f7f3d2e-2731-4993-91ca-0883082750ea.jpg 1600w\" sizes=\"auto, (max-width: 449px) 100vw, 449px\" \/><\/a><\/td>\n<\/tr>\n<tr>\n<td style=\"width: 50%;\"><a href=\"https:\/\/agora.xtec.cat\/ceip-practiques1-lleida\/wp-content\/uploads\/usu1761\/2019\/02\/b11f6f59-c0c7-4921-880f-a09643a14d19.jpg\"><img loading=\"lazy\" decoding=\"async\" class=\" wp-image-2074 aligncenter\" src=\"https:\/\/agora.xtec.cat\/ceip-practiques1-lleida\/wp-content\/uploads\/usu1761\/2019\/02\/b11f6f59-c0c7-4921-880f-a09643a14d19-300x225.jpg\" alt=\"\" width=\"451\" height=\"338\" srcset=\"https:\/\/agora.xtec.cat\/ceip-practiques1-lleida\/wp-content\/uploads\/usu1761\/2019\/02\/b11f6f59-c0c7-4921-880f-a09643a14d19-300x225.jpg 300w, https:\/\/agora.xtec.cat\/ceip-practiques1-lleida\/wp-content\/uploads\/usu1761\/2019\/02\/b11f6f59-c0c7-4921-880f-a09643a14d19-768x576.jpg 768w, https:\/\/agora.xtec.cat\/ceip-practiques1-lleida\/wp-content\/uploads\/usu1761\/2019\/02\/b11f6f59-c0c7-4921-880f-a09643a14d19-1024x768.jpg 1024w, https:\/\/agora.xtec.cat\/ceip-practiques1-lleida\/wp-content\/uploads\/usu1761\/2019\/02\/b11f6f59-c0c7-4921-880f-a09643a14d19-200x150.jpg 200w, https:\/\/agora.xtec.cat\/ceip-practiques1-lleida\/wp-content\/uploads\/usu1761\/2019\/02\/b11f6f59-c0c7-4921-880f-a09643a14d19.jpg 1600w\" sizes=\"auto, (max-width: 451px) 100vw, 451px\" \/><\/a><\/td>\n<td style=\"width: 50%;\"><\/td>\n<\/tr>\n<\/tbody>\n<\/table>\n<p>&nbsp;<\/p>\n<p>Per a\u00a0qualsevol suggeriment o q\u00fcesti\u00f3, no dubteu a posar-vos en contacte amb nosaltres.<\/p>\n<p>Si voleu saber m\u00e9s d&#8217;aquest projecte&#8230;<\/p>\n<p><a href=\"http:\/\/www.gencat.cat\/benestarsocialifamilia\/publica\/butlletiDGAIA\/num51\/projecte_escoltam.htm\">http:\/\/www.gencat.cat\/benestarsocialifamilia\/publica\/butlletiDGAIA\/num51\/projecte_escoltam.htm<\/a><\/p>\n<p>&nbsp;<\/p>\n<p>&nbsp;<\/p>\n<p>&nbsp;<\/p>\n<p>&nbsp;<\/p>\n","protected":false},"excerpt":{"rendered":"<p>Aquest \u00e9s un projecte que vam comen\u00e7ar el curs 20\/21 amb tres escoles m\u00e9s de Lleida. La finalitat principal del projecte \u00e9s obrir l\u2019escola i crear vincle amb les fam\u00edlies a partir de xerrades on s\u2019intercanviaran diferents inquietuds d\u2019aquestes. &nbsp; Aquests s\u00f3n articles que us serviran de petites p\u00edndoles que creiem que s\u00f3n interessants de [&hellip;]<\/p>\n","protected":false},"author":3,"featured_media":0,"parent":64,"menu_order":0,"comment_status":"closed","ping_status":"closed","template":"page-templates\/side-menu.php","meta":{"_bbp_topic_count":0,"_bbp_reply_count":0,"_bbp_total_topic_count":0,"_bbp_total_reply_count":0,"_bbp_voice_count":0,"_bbp_anonymous_reply_count":0,"_bbp_topic_count_hidden":0,"_bbp_reply_count_hidden":0,"_bbp_forum_subforum_count":0,"site-sidebar-layout":"default","site-content-layout":"","ast-site-content-layout":"","site-content-style":"default","site-sidebar-style":"default","ast-global-header-display":"","ast-banner-title-visibility":"","ast-main-header-display":"","ast-hfb-above-header-display":"","ast-hfb-below-header-display":"","ast-hfb-mobile-header-display":"","site-post-title":"","ast-breadcrumbs-content":"","ast-featured-img":"","footer-sml-layout":"","theme-transparent-header-meta":"","adv-header-id-meta":"","stick-header-meta":"","header-above-stick-meta":"","header-main-stick-meta":"","header-below-stick-meta":"","astra-migrate-meta-layouts":"default","ast-page-background-enabled":"default","ast-page-background-meta":{"desktop":{"background-color":"var(--ast-global-color-4)","background-image":"","background-repeat":"repeat","background-position":"center center","background-size":"auto","background-attachment":"scroll","background-type":"","background-media":"","overlay-type":"","overlay-color":"","overlay-opacity":"","overlay-gradient":""},"tablet":{"background-color":"","background-image":"","background-repeat":"repeat","background-position":"center center","background-size":"auto","background-attachment":"scroll","background-type":"","background-media":"","overlay-type":"","overlay-color":"","overlay-opacity":"","overlay-gradient":""},"mobile":{"background-color":"","background-image":"","background-repeat":"repeat","background-position":"center center","background-size":"auto","background-attachment":"scroll","background-type":"","background-media":"","overlay-type":"","overlay-color":"","overlay-opacity":"","overlay-gradient":""}},"ast-content-background-meta":{"desktop":{"background-color":"var(--ast-global-color-5)","background-image":"","background-repeat":"repeat","background-position":"center center","background-size":"auto","background-attachment":"scroll","background-type":"","background-media":"","overlay-type":"","overlay-color":"","overlay-opacity":"","overlay-gradient":""},"tablet":{"background-color":"var(--ast-global-color-5)","background-image":"","background-repeat":"repeat","background-position":"center center","background-size":"auto","background-attachment":"scroll","background-type":"","background-media":"","overlay-type":"","overlay-color":"","overlay-opacity":"","overlay-gradient":""},"mobile":{"background-color":"var(--ast-global-color-5)","background-image":"","background-repeat":"repeat","background-position":"center center","background-size":"auto","background-attachment":"scroll","background-type":"","background-media":"","overlay-type":"","overlay-color":"","overlay-opacity":"","overlay-gradient":""}},"footnotes":""},"class_list":["post-1649","page","type-page","status-publish","hentry"],"post_mailing_queue_ids":[],"_links":{"self":[{"href":"https:\/\/agora.xtec.cat\/ceip-practiques1-lleida\/wp-json\/wp\/v2\/pages\/1649","targetHints":{"allow":["GET"]}}],"collection":[{"href":"https:\/\/agora.xtec.cat\/ceip-practiques1-lleida\/wp-json\/wp\/v2\/pages"}],"about":[{"href":"https:\/\/agora.xtec.cat\/ceip-practiques1-lleida\/wp-json\/wp\/v2\/types\/page"}],"author":[{"embeddable":true,"href":"https:\/\/agora.xtec.cat\/ceip-practiques1-lleida\/wp-json\/wp\/v2\/users\/3"}],"replies":[{"embeddable":true,"href":"https:\/\/agora.xtec.cat\/ceip-practiques1-lleida\/wp-json\/wp\/v2\/comments?post=1649"}],"version-history":[{"count":7,"href":"https:\/\/agora.xtec.cat\/ceip-practiques1-lleida\/wp-json\/wp\/v2\/pages\/1649\/revisions"}],"predecessor-version":[{"id":17096,"href":"https:\/\/agora.xtec.cat\/ceip-practiques1-lleida\/wp-json\/wp\/v2\/pages\/1649\/revisions\/17096"}],"up":[{"embeddable":true,"href":"https:\/\/agora.xtec.cat\/ceip-practiques1-lleida\/wp-json\/wp\/v2\/pages\/64"}],"wp:attachment":[{"href":"https:\/\/agora.xtec.cat\/ceip-practiques1-lleida\/wp-json\/wp\/v2\/media?parent=1649"}],"curies":[{"name":"wp","href":"https:\/\/api.w.org\/{rel}","templated":true}]}}