{"id":1633,"date":"2019-02-08T15:24:22","date_gmt":"2019-02-08T14:24:22","guid":{"rendered":"http:\/\/agora.xtec.cat\/ceip-practiques1-lleida\/?page_id=1633"},"modified":"2019-02-14T11:52:32","modified_gmt":"2019-02-14T10:52:32","slug":"fem-teatre","status":"publish","type":"page","link":"https:\/\/agora.xtec.cat\/ceip-practiques1-lleida\/projecte-educatiu\/festes-de-lescola\/fem-teatre\/","title":{"rendered":"Fem teatre"},"content":{"rendered":"<p>El teatre \u00e9s un mitj\u00e0 per expressar sentiments, per explicar hist\u00f2ries, per connectar amb altres persones. El teatre \u00e9s una activitat que potencia les capacitats comunicatives. \u00c9s important i necessari ensenyar els nens i nenes a expressar-se, a comunicar-se, a v\u00e8ncer les seves dificultats, a posar-se davant d\u2019un p\u00fablic per poder assolir tota la riquesa expressiva que aporta el teatre. Aix\u00ed doncs, el teatre constitueix una part molt important en l\u2019educaci\u00f3 de l\u2019expressi\u00f3 corporal i oral dels infants. Els d\u00f3na eines per aprendre a expressar i comunicar els propis sentiments, auto criticar-se, enriquir els seus mitjans d\u2019expressi\u00f3 i la seva espontane\u00eftat.<\/p>\n<p>D\u2019altra banda, mitjan\u00e7ant la dramatitzaci\u00f3, l\u2019expressi\u00f3 oral i corporal, el teatre pot ajudar els nens i nenes a progressar en el coneixement d\u2019altres mat\u00e8ries curriculars. Fer teatre \u00e9s treballar en equip, un valor molt important en la societat actual.<\/p>\n<p>Els nens aprenen la import\u00e0ncia de treballar conjuntament i la valoren, reconeixen que en un equip tothom \u00e9s important i que es treballa per tirar endavant un projecte com\u00fa. Teatre \u2013jouercom diuen els francesos\u2013vol dir \u2018joc\u2019. Fer teatre \u00e9s jugar, inventar personatges, idear situacions, hist\u00f2ries, i viure experi\u00e8ncies inimaginables. Totes aquestes qualitats s\u00f3n innates als m\u00e9s petits i, amb el teatre, el que intentem \u00e9s potenciar aquesta caracter\u00edstica infantil. Es tracta, doncs, de conservar aquest joc, aquesta manera de treballar.<\/p>\n<p>&nbsp;<\/p>\n<p style=\"text-align: center;\"><iframe loading=\"lazy\" src=\"\/\/www.youtube.com\/embed\/ueXs9dBEO5o\" width=\"560\" height=\"314\" allowfullscreen=\"allowfullscreen\"><\/iframe><\/p>\n","protected":false},"excerpt":{"rendered":"<p>El teatre \u00e9s un mitj\u00e0 per expressar sentiments, per explicar hist\u00f2ries, per connectar amb altres persones. El teatre \u00e9s una activitat que potencia les capacitats comunicatives. \u00c9s important i necessari ensenyar els nens i nenes a expressar-se, a comunicar-se, a v\u00e8ncer les seves dificultats, a posar-se davant d\u2019un p\u00fablic per poder assolir tota la riquesa [&hellip;]<\/p>\n","protected":false},"author":3,"featured_media":0,"parent":1623,"menu_order":0,"comment_status":"closed","ping_status":"closed","template":"page-templates\/side-menu.php","meta":{"_bbp_topic_count":0,"_bbp_reply_count":0,"_bbp_total_topic_count":0,"_bbp_total_reply_count":0,"_bbp_voice_count":0,"_bbp_anonymous_reply_count":0,"_bbp_topic_count_hidden":0,"_bbp_reply_count_hidden":0,"_bbp_forum_subforum_count":0,"site-sidebar-layout":"default","site-content-layout":"","ast-site-content-layout":"","site-content-style":"default","site-sidebar-style":"default","ast-global-header-display":"","ast-banner-title-visibility":"","ast-main-header-display":"","ast-hfb-above-header-display":"","ast-hfb-below-header-display":"","ast-hfb-mobile-header-display":"","site-post-title":"","ast-breadcrumbs-content":"","ast-featured-img":"","footer-sml-layout":"","theme-transparent-header-meta":"","adv-header-id-meta":"","stick-header-meta":"","header-above-stick-meta":"","header-main-stick-meta":"","header-below-stick-meta":"","astra-migrate-meta-layouts":"default","ast-page-background-enabled":"default","ast-page-background-meta":{"desktop":{"background-color":"var(--ast-global-color-4)","background-image":"","background-repeat":"repeat","background-position":"center center","background-size":"auto","background-attachment":"scroll","background-type":"","background-media":"","overlay-type":"","overlay-color":"","overlay-opacity":"","overlay-gradient":""},"tablet":{"background-color":"","background-image":"","background-repeat":"repeat","background-position":"center center","background-size":"auto","background-attachment":"scroll","background-type":"","background-media":"","overlay-type":"","overlay-color":"","overlay-opacity":"","overlay-gradient":""},"mobile":{"background-color":"","background-image":"","background-repeat":"repeat","background-position":"center center","background-size":"auto","background-attachment":"scroll","background-type":"","background-media":"","overlay-type":"","overlay-color":"","overlay-opacity":"","overlay-gradient":""}},"ast-content-background-meta":{"desktop":{"background-color":"var(--ast-global-color-5)","background-image":"","background-repeat":"repeat","background-position":"center center","background-size":"auto","background-attachment":"scroll","background-type":"","background-media":"","overlay-type":"","overlay-color":"","overlay-opacity":"","overlay-gradient":""},"tablet":{"background-color":"var(--ast-global-color-5)","background-image":"","background-repeat":"repeat","background-position":"center center","background-size":"auto","background-attachment":"scroll","background-type":"","background-media":"","overlay-type":"","overlay-color":"","overlay-opacity":"","overlay-gradient":""},"mobile":{"background-color":"var(--ast-global-color-5)","background-image":"","background-repeat":"repeat","background-position":"center center","background-size":"auto","background-attachment":"scroll","background-type":"","background-media":"","overlay-type":"","overlay-color":"","overlay-opacity":"","overlay-gradient":""}},"footnotes":""},"class_list":["post-1633","page","type-page","status-publish","hentry"],"post_mailing_queue_ids":[],"_links":{"self":[{"href":"https:\/\/agora.xtec.cat\/ceip-practiques1-lleida\/wp-json\/wp\/v2\/pages\/1633","targetHints":{"allow":["GET"]}}],"collection":[{"href":"https:\/\/agora.xtec.cat\/ceip-practiques1-lleida\/wp-json\/wp\/v2\/pages"}],"about":[{"href":"https:\/\/agora.xtec.cat\/ceip-practiques1-lleida\/wp-json\/wp\/v2\/types\/page"}],"author":[{"embeddable":true,"href":"https:\/\/agora.xtec.cat\/ceip-practiques1-lleida\/wp-json\/wp\/v2\/users\/3"}],"replies":[{"embeddable":true,"href":"https:\/\/agora.xtec.cat\/ceip-practiques1-lleida\/wp-json\/wp\/v2\/comments?post=1633"}],"version-history":[{"count":3,"href":"https:\/\/agora.xtec.cat\/ceip-practiques1-lleida\/wp-json\/wp\/v2\/pages\/1633\/revisions"}],"predecessor-version":[{"id":1698,"href":"https:\/\/agora.xtec.cat\/ceip-practiques1-lleida\/wp-json\/wp\/v2\/pages\/1633\/revisions\/1698"}],"up":[{"embeddable":true,"href":"https:\/\/agora.xtec.cat\/ceip-practiques1-lleida\/wp-json\/wp\/v2\/pages\/1623"}],"wp:attachment":[{"href":"https:\/\/agora.xtec.cat\/ceip-practiques1-lleida\/wp-json\/wp\/v2\/media?parent=1633"}],"curies":[{"name":"wp","href":"https:\/\/api.w.org\/{rel}","templated":true}]}}