{"id":1631,"date":"2019-02-08T15:23:54","date_gmt":"2019-02-08T14:23:54","guid":{"rendered":"http:\/\/agora.xtec.cat\/ceip-practiques1-lleida\/?page_id=1631"},"modified":"2019-02-19T21:13:56","modified_gmt":"2019-02-19T20:13:56","slug":"sant-jordi","status":"publish","type":"page","link":"https:\/\/agora.xtec.cat\/ceip-practiques1-lleida\/projecte-educatiu\/festes-de-lescola\/sant-jordi\/","title":{"rendered":"Sant Jordi"},"content":{"rendered":"<p>La <b>Diada de Sant Jordi<\/b> als <a title=\"Pa\u00efsos Catalans\" href=\"https:\/\/ca.wikipedia.org\/wiki\/Pa%C3%AFsos_Catalans\">Pa\u00efsos Catalans<\/a> \u00e9s una festa que se celebra el <a title=\"23 d'abril\" href=\"https:\/\/ca.wikipedia.org\/wiki\/23_d%27abril\">23 d&#8217;abril<\/a> amb el Dia del Llibre i la Fira de les Roses, s\u00edmbols de la cultura i l&#8217;amor,<sup id=\"cite_ref-culturcat_1-0\" class=\"reference\"><a href=\"https:\/\/ca.wikipedia.org\/wiki\/Diada_de_Sant_Jordi#cite_note-culturcat-1\">[1]<\/a><\/sup> i \u00e9s tamb\u00e9 una jornada que reivindica la <a class=\"mw-redirect\" title=\"Cultura catalana\" href=\"https:\/\/ca.wikipedia.org\/wiki\/Cultura_catalana\">cultura catalana<\/a>.<sup id=\"cite_ref-ICUB_2-0\" class=\"reference\"><a href=\"https:\/\/ca.wikipedia.org\/wiki\/Diada_de_Sant_Jordi#cite_note-ICUB-2\">[2]<\/a><\/sup> \u00c9s el dia dels enamorats, i per aix\u00f2 des del segle XV \u00e9s costum regalar una <a title=\"Rosa\" href=\"https:\/\/ca.wikipedia.org\/wiki\/Rosa\">rosa<\/a> vermella \u00abcom la <a title=\"Sang\" href=\"https:\/\/ca.wikipedia.org\/wiki\/Sang\">sang<\/a>\u00bb a l&#8217;estimada. A la <a class=\"mw-redirect\" title=\"D\u00e8cada de 1930\" href=\"https:\/\/ca.wikipedia.org\/wiki\/D%C3%A8cada_de_1930\">d\u00e8cada de 1930<\/a> s&#8217;hi afegeix el costum de regalar un llibre al noi, amb motiu del dia del llibre. El mateix dia tamb\u00e9 \u00e9s la <a title=\"Diada Nacional de l'Arag\u00f3\" href=\"https:\/\/ca.wikipedia.org\/wiki\/Diada_Nacional_de_l%27Arag%C3%B3\">Diada Nacional de l&#8217;Arag\u00f3<\/a>.<\/p>\n<p>El 15 de novembre de 1995, la Confer\u00e8ncia General de la <a title=\"UNESCO\" href=\"https:\/\/ca.wikipedia.org\/wiki\/UNESCO\">UNESCO<\/a> va decretar el 23 d&#8217;abril com a <a class=\"mw-redirect\" title=\"Dia Internacional del Llibre\" href=\"https:\/\/ca.wikipedia.org\/wiki\/Dia_Internacional_del_Llibre\">Dia Internacional del Llibre<\/a> i del Dret d&#8217;Autor. Aquest dia, els lectors aprofiten per intercanviar impressions de lectura a peu de carrer amb els seus escriptors predilectes i aquests per signar-los la darrera novetat editorial. Els darrers anys, aquest ritual de la diada del llibre ha guanyat un fort component medi\u00e0tic, tant pels autors com per l&#8217;inter\u00e8s de la festa, que en confirma la incid\u00e8ncia i l&#8217;\u00e8xit m\u00e9s enll\u00e0 de les fronteres catalanes.<sup id=\"cite_ref-culturcat_1-4\" class=\"reference\"><a href=\"https:\/\/ca.wikipedia.org\/wiki\/Diada_de_Sant_Jordi#cite_note-culturcat-1\">[1]<\/a><\/sup><sup id=\"cite_ref-llibresantjorajun_5-0\" class=\"reference\"><a href=\"https:\/\/ca.wikipedia.org\/wiki\/Diada_de_Sant_Jordi#cite_note-llibresantjorajun-5\">[5]<\/a><\/sup><\/p>\n<p>&nbsp;<\/p>\n<p><strong>A l&#8217;escola \u00e9s un dia diferent i divertit, ens agrada celebrar-ho i fem diferents actes:<\/strong><\/p>\n<ul>\n<li>Els alumnes de cicle superior fan una paradeta davant de l&#8217;escola i venen roses i llibres. Els diners que recauden s\u00f3n per preparar la seva festa de final de curs.<\/li>\n<li>El dia de Sant Jordi \u00e9s tamb\u00e9, el dia internacional del llibre i per aquesta ra\u00f3 a l&#8217;escola celebrem el concurs Jaume Barrull. \u00c9s un concurs d&#8217;escripura. Hi participen els alumnes de cicle mitj\u00e0 i cicle superior. Aquest dia, fem l&#8217;entrega de premis als contes guanyadors de cada curs.<\/li>\n<\/ul>\n<p><iframe loading=\"lazy\" src=\"\/\/www.youtube.com\/embed\/VBiZecB_vYU\" width=\"560\" height=\"314\" allowfullscreen=\"allowfullscreen\"><\/iframe><\/p>\n","protected":false},"excerpt":{"rendered":"<p>La Diada de Sant Jordi als Pa\u00efsos Catalans \u00e9s una festa que se celebra el 23 d&#8217;abril amb el Dia del Llibre i la Fira de les Roses, s\u00edmbols de la cultura i l&#8217;amor,[1] i \u00e9s tamb\u00e9 una jornada que reivindica la cultura catalana.[2] \u00c9s el dia dels enamorats, i per aix\u00f2 des del segle [&hellip;]<\/p>\n","protected":false},"author":3,"featured_media":0,"parent":1623,"menu_order":0,"comment_status":"closed","ping_status":"closed","template":"page-templates\/side-menu.php","meta":{"_bbp_topic_count":0,"_bbp_reply_count":0,"_bbp_total_topic_count":0,"_bbp_total_reply_count":0,"_bbp_voice_count":0,"_bbp_anonymous_reply_count":0,"_bbp_topic_count_hidden":0,"_bbp_reply_count_hidden":0,"_bbp_forum_subforum_count":0,"site-sidebar-layout":"default","site-content-layout":"","ast-site-content-layout":"","site-content-style":"default","site-sidebar-style":"default","ast-global-header-display":"","ast-banner-title-visibility":"","ast-main-header-display":"","ast-hfb-above-header-display":"","ast-hfb-below-header-display":"","ast-hfb-mobile-header-display":"","site-post-title":"","ast-breadcrumbs-content":"","ast-featured-img":"","footer-sml-layout":"","theme-transparent-header-meta":"","adv-header-id-meta":"","stick-header-meta":"","header-above-stick-meta":"","header-main-stick-meta":"","header-below-stick-meta":"","astra-migrate-meta-layouts":"default","ast-page-background-enabled":"default","ast-page-background-meta":{"desktop":{"background-color":"var(--ast-global-color-4)","background-image":"","background-repeat":"repeat","background-position":"center center","background-size":"auto","background-attachment":"scroll","background-type":"","background-media":"","overlay-type":"","overlay-color":"","overlay-opacity":"","overlay-gradient":""},"tablet":{"background-color":"","background-image":"","background-repeat":"repeat","background-position":"center center","background-size":"auto","background-attachment":"scroll","background-type":"","background-media":"","overlay-type":"","overlay-color":"","overlay-opacity":"","overlay-gradient":""},"mobile":{"background-color":"","background-image":"","background-repeat":"repeat","background-position":"center center","background-size":"auto","background-attachment":"scroll","background-type":"","background-media":"","overlay-type":"","overlay-color":"","overlay-opacity":"","overlay-gradient":""}},"ast-content-background-meta":{"desktop":{"background-color":"var(--ast-global-color-5)","background-image":"","background-repeat":"repeat","background-position":"center center","background-size":"auto","background-attachment":"scroll","background-type":"","background-media":"","overlay-type":"","overlay-color":"","overlay-opacity":"","overlay-gradient":""},"tablet":{"background-color":"var(--ast-global-color-5)","background-image":"","background-repeat":"repeat","background-position":"center center","background-size":"auto","background-attachment":"scroll","background-type":"","background-media":"","overlay-type":"","overlay-color":"","overlay-opacity":"","overlay-gradient":""},"mobile":{"background-color":"var(--ast-global-color-5)","background-image":"","background-repeat":"repeat","background-position":"center center","background-size":"auto","background-attachment":"scroll","background-type":"","background-media":"","overlay-type":"","overlay-color":"","overlay-opacity":"","overlay-gradient":""}},"footnotes":""},"class_list":["post-1631","page","type-page","status-publish","hentry"],"post_mailing_queue_ids":[],"_links":{"self":[{"href":"https:\/\/agora.xtec.cat\/ceip-practiques1-lleida\/wp-json\/wp\/v2\/pages\/1631","targetHints":{"allow":["GET"]}}],"collection":[{"href":"https:\/\/agora.xtec.cat\/ceip-practiques1-lleida\/wp-json\/wp\/v2\/pages"}],"about":[{"href":"https:\/\/agora.xtec.cat\/ceip-practiques1-lleida\/wp-json\/wp\/v2\/types\/page"}],"author":[{"embeddable":true,"href":"https:\/\/agora.xtec.cat\/ceip-practiques1-lleida\/wp-json\/wp\/v2\/users\/3"}],"replies":[{"embeddable":true,"href":"https:\/\/agora.xtec.cat\/ceip-practiques1-lleida\/wp-json\/wp\/v2\/comments?post=1631"}],"version-history":[{"count":4,"href":"https:\/\/agora.xtec.cat\/ceip-practiques1-lleida\/wp-json\/wp\/v2\/pages\/1631\/revisions"}],"predecessor-version":[{"id":2082,"href":"https:\/\/agora.xtec.cat\/ceip-practiques1-lleida\/wp-json\/wp\/v2\/pages\/1631\/revisions\/2082"}],"up":[{"embeddable":true,"href":"https:\/\/agora.xtec.cat\/ceip-practiques1-lleida\/wp-json\/wp\/v2\/pages\/1623"}],"wp:attachment":[{"href":"https:\/\/agora.xtec.cat\/ceip-practiques1-lleida\/wp-json\/wp\/v2\/media?parent=1631"}],"curies":[{"name":"wp","href":"https:\/\/api.w.org\/{rel}","templated":true}]}}