{"id":1627,"date":"2019-02-08T15:22:17","date_gmt":"2019-02-08T14:22:17","guid":{"rendered":"http:\/\/agora.xtec.cat\/ceip-practiques1-lleida\/?page_id=1627"},"modified":"2019-02-12T13:29:16","modified_gmt":"2019-02-12T12:29:16","slug":"festival-de-nadal","status":"publish","type":"page","link":"https:\/\/agora.xtec.cat\/ceip-practiques1-lleida\/projecte-educatiu\/festes-de-lescola\/festival-de-nadal\/","title":{"rendered":"Festival de Nadal"},"content":{"rendered":"<p align=\"justify\">Nadal, en el m\u00f3n occidental, \u00e9s una festa que se celebra el 25 de desembre. L\u2019origen d\u2019aquesta celebraci\u00f3, per\u00f2, prov\u00e9 del m\u00f3n pag\u00e0, ja que coincideix amb el solstici d\u2019hivern en qu\u00e8 el dia comen\u00e7a a allargar-se de nou. Cada pa\u00eds t\u00e9 les seves pr\u00f2pies tradicions que de vegades tenen un gran contingut religi\u00f3s i d\u2019altres representen el culte a la natura.<\/p>\n<p align=\"justify\"><strong>COM ES CELEBRA NADAL A L&#8217;ESCOLA?<\/strong><\/p>\n<p align=\"justify\"><strong>FESTIVAL NADAL<\/strong><\/p>\n<p align=\"justify\">Tots els alumnes de l&#8217;escola preparen amb els seus tutors i la resta de docents del centre can\u00e7ons, poemes, teatre, activitats musicals&#8230; que finalment serveixen per elaborar el festival de Nadal de l&#8217;escola. Es duu a terme l&#8217;\u00faltima setmana del primer trimestre al teatre de l&#8217;Escorxador i totes les fam\u00edlies estan convidades. \u00c9s un moment molt bonic i especial on l&#8217;alumnat mostra a les fam\u00edlies la feina elaborada durant un temps a l&#8217;escola.<\/p>\n<p align=\"justify\"><strong>FEM CAGAR EL TI\u00d3<\/strong><\/p>\n<p align=\"justify\">Tots els alumnes de l&#8217;escola l&#8217;ultim dia del primer trimestre caguem el Ti\u00f3.<\/p>\n<p align=\"justify\">El ti\u00f3 \u00e9s un personatge nadalenc molt important a Catalunya. Sembla que no hi ha una data concreta per explicar l\u2019origen d\u2019aquesta tradici\u00f3 catalana i que tampoc no hi ha una sola explicaci\u00f3 sobre els seus inicis. Es creu que es pot relacionar el ti\u00f3 amb el fred de l\u2019hivern i amb la llenya utilitzada per escalfar-se i fer foc.<\/p>\n<p align=\"justify\">A mesura que van anar passant els anys, aquesta tradici\u00f3 va anar evolucionant fins a transformar-se en la que coneixem actualment: un tronc, sovint decorat amb una cara, potes, manta i barretina.<\/p>\n<p align=\"justify\">El ti\u00f3 es tapa amb una manta, es col\u00b7loca a la vora del foc, i els nens i les nenes (i molts adults tamb\u00e9!) piquen el tronc amb bastons i canten una can\u00e7\u00f3 perqu\u00e8 el ti\u00f3 cagui els regals que t\u00e9 amagats. Finalment, s\u2019aixeca la manta que el cobreix i s\u2019agafa el regal que ha cagat.<\/p>\n<p style=\"text-align: center;\" align=\"justify\"><iframe loading=\"lazy\" src=\"\/\/www.youtube.com\/embed\/upSYEDEtcC0\" width=\"560\" height=\"314\" allowfullscreen=\"allowfullscreen\"><\/iframe><\/p>\n<p style=\"text-align: center;\" align=\"justify\">Els alumnes de tercer cagant el Ti\u00f3<\/p>\n<p align=\"justify\">\n","protected":false},"excerpt":{"rendered":"<p>Nadal, en el m\u00f3n occidental, \u00e9s una festa que se celebra el 25 de desembre. L\u2019origen d\u2019aquesta celebraci\u00f3, per\u00f2, prov\u00e9 del m\u00f3n pag\u00e0, ja que coincideix amb el solstici d\u2019hivern en qu\u00e8 el dia comen\u00e7a a allargar-se de nou. Cada pa\u00eds t\u00e9 les seves pr\u00f2pies tradicions que de vegades tenen un gran contingut religi\u00f3s i [&hellip;]<\/p>\n","protected":false},"author":3,"featured_media":0,"parent":1623,"menu_order":0,"comment_status":"closed","ping_status":"closed","template":"page-templates\/side-menu.php","meta":{"_bbp_topic_count":0,"_bbp_reply_count":0,"_bbp_total_topic_count":0,"_bbp_total_reply_count":0,"_bbp_voice_count":0,"_bbp_anonymous_reply_count":0,"_bbp_topic_count_hidden":0,"_bbp_reply_count_hidden":0,"_bbp_forum_subforum_count":0,"site-sidebar-layout":"default","site-content-layout":"","ast-site-content-layout":"","site-content-style":"default","site-sidebar-style":"default","ast-global-header-display":"","ast-banner-title-visibility":"","ast-main-header-display":"","ast-hfb-above-header-display":"","ast-hfb-below-header-display":"","ast-hfb-mobile-header-display":"","site-post-title":"","ast-breadcrumbs-content":"","ast-featured-img":"","footer-sml-layout":"","theme-transparent-header-meta":"","adv-header-id-meta":"","stick-header-meta":"","header-above-stick-meta":"","header-main-stick-meta":"","header-below-stick-meta":"","astra-migrate-meta-layouts":"default","ast-page-background-enabled":"default","ast-page-background-meta":{"desktop":{"background-color":"var(--ast-global-color-4)","background-image":"","background-repeat":"repeat","background-position":"center center","background-size":"auto","background-attachment":"scroll","background-type":"","background-media":"","overlay-type":"","overlay-color":"","overlay-opacity":"","overlay-gradient":""},"tablet":{"background-color":"","background-image":"","background-repeat":"repeat","background-position":"center center","background-size":"auto","background-attachment":"scroll","background-type":"","background-media":"","overlay-type":"","overlay-color":"","overlay-opacity":"","overlay-gradient":""},"mobile":{"background-color":"","background-image":"","background-repeat":"repeat","background-position":"center center","background-size":"auto","background-attachment":"scroll","background-type":"","background-media":"","overlay-type":"","overlay-color":"","overlay-opacity":"","overlay-gradient":""}},"ast-content-background-meta":{"desktop":{"background-color":"var(--ast-global-color-5)","background-image":"","background-repeat":"repeat","background-position":"center center","background-size":"auto","background-attachment":"scroll","background-type":"","background-media":"","overlay-type":"","overlay-color":"","overlay-opacity":"","overlay-gradient":""},"tablet":{"background-color":"var(--ast-global-color-5)","background-image":"","background-repeat":"repeat","background-position":"center center","background-size":"auto","background-attachment":"scroll","background-type":"","background-media":"","overlay-type":"","overlay-color":"","overlay-opacity":"","overlay-gradient":""},"mobile":{"background-color":"var(--ast-global-color-5)","background-image":"","background-repeat":"repeat","background-position":"center center","background-size":"auto","background-attachment":"scroll","background-type":"","background-media":"","overlay-type":"","overlay-color":"","overlay-opacity":"","overlay-gradient":""}},"footnotes":""},"class_list":["post-1627","page","type-page","status-publish","hentry"],"post_mailing_queue_ids":[],"_links":{"self":[{"href":"https:\/\/agora.xtec.cat\/ceip-practiques1-lleida\/wp-json\/wp\/v2\/pages\/1627","targetHints":{"allow":["GET"]}}],"collection":[{"href":"https:\/\/agora.xtec.cat\/ceip-practiques1-lleida\/wp-json\/wp\/v2\/pages"}],"about":[{"href":"https:\/\/agora.xtec.cat\/ceip-practiques1-lleida\/wp-json\/wp\/v2\/types\/page"}],"author":[{"embeddable":true,"href":"https:\/\/agora.xtec.cat\/ceip-practiques1-lleida\/wp-json\/wp\/v2\/users\/3"}],"replies":[{"embeddable":true,"href":"https:\/\/agora.xtec.cat\/ceip-practiques1-lleida\/wp-json\/wp\/v2\/comments?post=1627"}],"version-history":[{"count":3,"href":"https:\/\/agora.xtec.cat\/ceip-practiques1-lleida\/wp-json\/wp\/v2\/pages\/1627\/revisions"}],"predecessor-version":[{"id":1813,"href":"https:\/\/agora.xtec.cat\/ceip-practiques1-lleida\/wp-json\/wp\/v2\/pages\/1627\/revisions\/1813"}],"up":[{"embeddable":true,"href":"https:\/\/agora.xtec.cat\/ceip-practiques1-lleida\/wp-json\/wp\/v2\/pages\/1623"}],"wp:attachment":[{"href":"https:\/\/agora.xtec.cat\/ceip-practiques1-lleida\/wp-json\/wp\/v2\/media?parent=1627"}],"curies":[{"name":"wp","href":"https:\/\/api.w.org\/{rel}","templated":true}]}}