{"id":1625,"date":"2019-02-08T15:21:51","date_gmt":"2019-02-08T14:21:51","guid":{"rendered":"http:\/\/agora.xtec.cat\/ceip-practiques1-lleida\/?page_id=1625"},"modified":"2023-11-07T13:34:39","modified_gmt":"2023-11-07T12:34:39","slug":"castanyada","status":"publish","type":"page","link":"https:\/\/agora.xtec.cat\/ceip-practiques1-lleida\/projecte-educatiu\/festes-de-lescola\/castanyada\/","title":{"rendered":"Castanyada"},"content":{"rendered":"<p><a href=\"https:\/\/agora.xtec.cat\/ceip-practiques1-lleida\/wp-content\/uploads\/usu1761\/2023\/11\/Castanyada-i-families-3.png\"><img loading=\"lazy\" decoding=\"async\" class=\"wp-image-15644 aligncenter\" src=\"https:\/\/agora.xtec.cat\/ceip-practiques1-lleida\/wp-content\/uploads\/usu1761\/2023\/11\/Castanyada-i-families-3-1024x256.png\" alt=\"\" width=\"854\" height=\"214\" srcset=\"https:\/\/agora.xtec.cat\/ceip-practiques1-lleida\/wp-content\/uploads\/usu1761\/2023\/11\/Castanyada-i-families-3-1024x256.png 1024w, https:\/\/agora.xtec.cat\/ceip-practiques1-lleida\/wp-content\/uploads\/usu1761\/2023\/11\/Castanyada-i-families-3-300x75.png 300w, https:\/\/agora.xtec.cat\/ceip-practiques1-lleida\/wp-content\/uploads\/usu1761\/2023\/11\/Castanyada-i-families-3-768x192.png 768w, https:\/\/agora.xtec.cat\/ceip-practiques1-lleida\/wp-content\/uploads\/usu1761\/2023\/11\/Castanyada-i-families-3-1536x384.png 1536w, https:\/\/agora.xtec.cat\/ceip-practiques1-lleida\/wp-content\/uploads\/usu1761\/2023\/11\/Castanyada-i-families-3.png 1920w\" sizes=\"auto, (max-width: 854px) 100vw, 854px\" \/><\/a><\/p>\n<p>Preparem-nos per a la Festa de la Castanyada!\u00a0\ud83c\udf42\ud83c\udf30<\/p>\n<p>Comen\u00e7a la m\u00e0gia de la tardor i l&#8217;emoci\u00f3 de la Festa de la Castanyada, una celebraci\u00f3 \u00fanica en el nostra escola. Aix\u00ed que, preparin-se per a una aventura tardorenca plena de creativitat, diversi\u00f3 i, per descomptat, castanyes rostides delicioses!<\/p>\n<p>La Castanyada: Una Tradici\u00f3 M\u00e0gica<\/p>\n<p>La Castanyada \u00e9s una celebraci\u00f3 que ens fa sentir la m\u00e0gia de la tardor en cada rac\u00f3. Se celebra a Catalunya, per\u00f2 en el nostra escola, l&#8217;hem abra\u00e7at amb entusiasme i creativitat. La festa es duu a terme en la vespra del Dia de Tots els Sants, i \u00e9s el moment perfecte per a gaudir dels fruits de la temporada: castanyes rostides, moniatos, nous i molt m\u00e9s.<\/p>\n<p>Per un costat, els S\u00faper <strong>alumnes de Sis\u00e8 i Cinqu\u00e8 s\u00f3n Decoradors de Taules Tem\u00e0tiques<\/strong>. Per\u00f2 aix\u00f2 no \u00e9s tot! La part m\u00e9s emocionant de la nostra celebraci\u00f3 \u00e9s la compet\u00e8ncia de taules tem\u00e0tiques, dirigida pels nostres talentosos alumnes de Cicle Superior. Imagineu taules decorades amb temes com &#8220;El Bosc Encantat&#8221; o &#8220;La M\u00e0gia de la Castanyada&#8221;? Perqu\u00e8 aqu\u00ed succeeix!<\/p>\n<p>Cada equip de Cicle Superior es converteix en artistes tardorencs i dona curs a la seva imaginaci\u00f3. Dissenyen, planegen i executen taules decoratives que reflecteixen l&#8217;esperit de la tardor i la Castanyada. Les fulles caigudes, les carabasses i les veles creen un ambient c\u00e0lid i festiu que ens transporta al cor de l&#8217;estaci\u00f3.<\/p>\n<p>Al final de l&#8217;esdeveniment, el jurat, conformat per professors i fam\u00edlies, t\u00e9 la dif\u00edcil tasca de triar als guanyadors. Avaluen l&#8217;originalitat, la cohesi\u00f3 amb el tema i la presentaci\u00f3 en general. I no \u00e9s tasca f\u00e0cil! Els equips guanyadors reben diplomes, el que afegeix un toc d&#8217;emoci\u00f3 i compet\u00e8ncia a l&#8217;esdeveniment!<\/p>\n<p style=\"text-align: center;\"><iframe loading=\"lazy\" src=\"\/\/www.youtube.com\/embed\/5bOC8Br85ls\" width=\"560\" height=\"314\" allowfullscreen=\"allowfullscreen\"><\/iframe><\/p>\n<p>Per l&#8217;altra banda, no podem oblidar a <strong>les nostres incre\u00efbles fam\u00edlies<\/strong>. S\u00f3n els veritables herois darrere de les castanyes rostides delicioses. <strong>Tallen, rosteixen i preparen<\/strong> les castanyes perqu\u00e8 tots puguem gaudir del seu sabor \u00fanic. Un aplaudiment per a ells!<\/p>\n<p>La Tarda: Celebracions per a Tots<\/p>\n<p>I quan cau la tarda, la diversi\u00f3 continua amb celebracions adaptades a cada cicle. Des de contacontes fins a jocs tradicionals, hi ha activitats per a tots els gustos. L&#8217;escola s&#8217;omple de riures i alegria, l&#8217;esperit de la Castanyada s&#8217;apodera de tots! Els alumnes del cicle superior es vesteixen amb abillaments que evoquen l&#8217;ess\u00e8ncia dels castanyer i castanyeres, amb els seus davantals, capells i cistelles plenes de castanyes rostides per portar l&#8217;alegria i la tardor a totes les classes.<\/p>\n<p>En conclusi\u00f3, la Festa de la Castanyada en la nostra escola \u00e9s una experi\u00e8ncia m\u00e0gica que ens uneix en la celebraci\u00f3 de la tardor i la creativitat. No sols gaudim de delicioses castanyes rostides, sin\u00f3 que tamb\u00e9 aprenem sobre treball en equip, expressi\u00f3 art\u00edstica i la import\u00e0ncia de mantenir vives les tradicions. Esperem amb \u00e0nsies la pr\u00f2xima Castanyada, per a continuar celebrant la tardor amb alegria i originalitat!<\/p>\n<p>No es perdin la pr\u00f2xima edici\u00f3 de la nostra Festa de la Castanyada!<\/p>\n<p><strong>A reveure, tardor!<\/strong>\u00a0\ud83c\udf41\ud83c\udf89<\/p>\n<p>&nbsp;<\/p>\n<p style=\"text-align: center;\"><iframe loading=\"lazy\" src=\"\/\/www.youtube.com\/embed\/PWh8x6-bHbg\" width=\"560\" height=\"314\" allowfullscreen=\"allowfullscreen\"><\/iframe><\/p>\n<p style=\"text-align: center;\">\n","protected":false},"excerpt":{"rendered":"<p>Preparem-nos per a la Festa de la Castanyada!\u00a0\ud83c\udf42\ud83c\udf30 Comen\u00e7a la m\u00e0gia de la tardor i l&#8217;emoci\u00f3 de la Festa de la Castanyada, una celebraci\u00f3 \u00fanica en el nostra escola. Aix\u00ed que, preparin-se per a una aventura tardorenca plena de creativitat, diversi\u00f3 i, per descomptat, castanyes rostides delicioses! La Castanyada: Una Tradici\u00f3 M\u00e0gica La Castanyada \u00e9s [&hellip;]<\/p>\n","protected":false},"author":3,"featured_media":0,"parent":1623,"menu_order":0,"comment_status":"closed","ping_status":"closed","template":"page-templates\/side-menu.php","meta":{"_bbp_topic_count":0,"_bbp_reply_count":0,"_bbp_total_topic_count":0,"_bbp_total_reply_count":0,"_bbp_voice_count":0,"_bbp_anonymous_reply_count":0,"_bbp_topic_count_hidden":0,"_bbp_reply_count_hidden":0,"_bbp_forum_subforum_count":0,"site-sidebar-layout":"default","site-content-layout":"","ast-site-content-layout":"","site-content-style":"default","site-sidebar-style":"default","ast-global-header-display":"","ast-banner-title-visibility":"","ast-main-header-display":"","ast-hfb-above-header-display":"","ast-hfb-below-header-display":"","ast-hfb-mobile-header-display":"","site-post-title":"","ast-breadcrumbs-content":"","ast-featured-img":"","footer-sml-layout":"","theme-transparent-header-meta":"","adv-header-id-meta":"","stick-header-meta":"","header-above-stick-meta":"","header-main-stick-meta":"","header-below-stick-meta":"","astra-migrate-meta-layouts":"default","ast-page-background-enabled":"default","ast-page-background-meta":{"desktop":{"background-color":"var(--ast-global-color-4)","background-image":"","background-repeat":"repeat","background-position":"center center","background-size":"auto","background-attachment":"scroll","background-type":"","background-media":"","overlay-type":"","overlay-color":"","overlay-opacity":"","overlay-gradient":""},"tablet":{"background-color":"","background-image":"","background-repeat":"repeat","background-position":"center center","background-size":"auto","background-attachment":"scroll","background-type":"","background-media":"","overlay-type":"","overlay-color":"","overlay-opacity":"","overlay-gradient":""},"mobile":{"background-color":"","background-image":"","background-repeat":"repeat","background-position":"center center","background-size":"auto","background-attachment":"scroll","background-type":"","background-media":"","overlay-type":"","overlay-color":"","overlay-opacity":"","overlay-gradient":""}},"ast-content-background-meta":{"desktop":{"background-color":"var(--ast-global-color-5)","background-image":"","background-repeat":"repeat","background-position":"center center","background-size":"auto","background-attachment":"scroll","background-type":"","background-media":"","overlay-type":"","overlay-color":"","overlay-opacity":"","overlay-gradient":""},"tablet":{"background-color":"var(--ast-global-color-5)","background-image":"","background-repeat":"repeat","background-position":"center center","background-size":"auto","background-attachment":"scroll","background-type":"","background-media":"","overlay-type":"","overlay-color":"","overlay-opacity":"","overlay-gradient":""},"mobile":{"background-color":"var(--ast-global-color-5)","background-image":"","background-repeat":"repeat","background-position":"center center","background-size":"auto","background-attachment":"scroll","background-type":"","background-media":"","overlay-type":"","overlay-color":"","overlay-opacity":"","overlay-gradient":""}},"footnotes":""},"class_list":["post-1625","page","type-page","status-publish","hentry"],"post_mailing_queue_ids":[],"_links":{"self":[{"href":"https:\/\/agora.xtec.cat\/ceip-practiques1-lleida\/wp-json\/wp\/v2\/pages\/1625","targetHints":{"allow":["GET"]}}],"collection":[{"href":"https:\/\/agora.xtec.cat\/ceip-practiques1-lleida\/wp-json\/wp\/v2\/pages"}],"about":[{"href":"https:\/\/agora.xtec.cat\/ceip-practiques1-lleida\/wp-json\/wp\/v2\/types\/page"}],"author":[{"embeddable":true,"href":"https:\/\/agora.xtec.cat\/ceip-practiques1-lleida\/wp-json\/wp\/v2\/users\/3"}],"replies":[{"embeddable":true,"href":"https:\/\/agora.xtec.cat\/ceip-practiques1-lleida\/wp-json\/wp\/v2\/comments?post=1625"}],"version-history":[{"count":7,"href":"https:\/\/agora.xtec.cat\/ceip-practiques1-lleida\/wp-json\/wp\/v2\/pages\/1625\/revisions"}],"predecessor-version":[{"id":15795,"href":"https:\/\/agora.xtec.cat\/ceip-practiques1-lleida\/wp-json\/wp\/v2\/pages\/1625\/revisions\/15795"}],"up":[{"embeddable":true,"href":"https:\/\/agora.xtec.cat\/ceip-practiques1-lleida\/wp-json\/wp\/v2\/pages\/1623"}],"wp:attachment":[{"href":"https:\/\/agora.xtec.cat\/ceip-practiques1-lleida\/wp-json\/wp\/v2\/media?parent=1625"}],"curies":[{"name":"wp","href":"https:\/\/api.w.org\/{rel}","templated":true}]}}