{"id":1621,"date":"2019-02-08T15:20:48","date_gmt":"2019-02-08T14:20:48","guid":{"rendered":"http:\/\/agora.xtec.cat\/ceip-practiques1-lleida\/?page_id=1621"},"modified":"2020-03-06T19:38:42","modified_gmt":"2020-03-06T18:38:42","slug":"sortides","status":"publish","type":"page","link":"https:\/\/agora.xtec.cat\/ceip-practiques1-lleida\/projecte-educatiu\/sortides\/","title":{"rendered":"Sortides"},"content":{"rendered":"<p>L\u2019Escola t\u00e9 programades sortides, visites, tallers i col\u00f2nies en tots els nivells educatius. Estan incloses dins la programaci\u00f3 general de centre. Es realitzen sortides locals per tal de fer treballs d\u2019observaci\u00f3 relacionats amb els temes que es treballen, despla\u00e7aments per activitats esportives, activitats derivades del projecte\u2026<\/p>\n<p>L\u2019objectiu d\u2019aquestes sortides es relacionar la feina de l\u2019aula amb l\u2019entorn que envolta l\u2019alumnat, sempre tenint present l\u2019actual curr\u00edculum d\u2019educaci\u00f3 prim\u00e0ria.<\/p>\n<p>Les col\u00f2nies les realitzen els nens de cicle mitj\u00e0 i superior\u00a0 als Camps d\u2019aprenentatge. S\u00f3n dies de conviv\u00e8ncia mestres \u2013 alumnes per compartir viv\u00e8ncies fora de l\u2019escola on l\u2019alumat viu moments \u00fanics, especials i inoblidables.<\/p>\n<p><strong>Qu\u00e8 \u00e9s un Camp d\u2019Aprenentatge?<\/strong><\/p>\n<p>Els camps d\u2019aprenentatge (CdA) s\u00f3n serveis educatius de suport curricular i de car\u00e0cter interterritorial que treballen conjuntament amb els centres educatius. El valor afegit dels camps d\u2019aprenentatge \u00e9s promoure l\u2019aprenentatge competencial dels alumnes a partir d\u2019activitats did\u00e0ctiques en entorns naturals, socials i culturals singulars de Catalunya.<\/p>\n<p>m\u00e9s informaci\u00f3, <a href=\"http:\/\/xtec.gencat.cat\/ca\/serveis\/sesc\/cda\/\">(clica aqu\u00ed)<\/a><\/p>\n<p>Totes aquestes activitats que realitzem en horari escolar per\u00f2 que es duen a terme fora l\u2019aula ordin\u00e0ria ajuden a l\u2019alumne a interrelacionar conceptes i treballar de forma globalitzada tots els ensenyaments.<\/p>\n<p>&nbsp;<\/p>\n<p style=\"text-align: center;\"><strong>En aquest v\u00eddeo podeu veure les diferents sortides de l&#8217;alumnat de Pr\u00e0ctiques durant un curs escolar<\/strong><\/p>\n<p style=\"text-align: center;\"><iframe loading=\"lazy\" src=\"\/\/www.youtube.com\/embed\/oGIEpOJz74w\" width=\"560\" height=\"314\"><\/iframe><\/p>\n<p>&nbsp;<\/p>\n<p style=\"text-align: left;\"><strong>SORTIDES ANUALS DELS DIFERENTS CICLES<\/strong><\/p>\n<table style=\"border-collapse: collapse; width: 69.0934%; height: 172px;\" border=\"1\">\n<tbody>\n<tr style=\"height: 32px;\">\n<td style=\"width: 43.2731%; height: 32px;\"><strong>Educaci\u00f3 infantil<\/strong><\/td>\n<td style=\"width: 56.7269%; height: 32px;\">\u00a0<a href=\"https:\/\/agora.xtec.cat\/ceip-practiques1-lleida\/wp-content\/uploads\/usu1761\/2019\/02\/SORTIDES-D\u2019EDUCACI\u00d3-INFANTIL.pdf\">SORTIDES D\u2019EDUCACI\u00d3 INFANTIL<\/a><\/td>\n<\/tr>\n<tr style=\"height: 32px;\">\n<td style=\"width: 43.2731%; height: 32px;\"><strong>\u00a0Cicle inicial<\/strong><\/td>\n<td style=\"width: 56.7269%; height: 32px;\">\u00a0<a href=\"https:\/\/agora.xtec.cat\/ceip-practiques1-lleida\/wp-content\/uploads\/usu1761\/2019\/02\/SORTIDES-CICLE-INICIAL.pdf\">SORTIDES CICLE INICIAL<\/a><\/td>\n<\/tr>\n<tr style=\"height: 32px;\">\n<td style=\"width: 43.2731%; height: 32px;\"><strong>Cicle mitj\u00e0<\/strong><\/td>\n<td style=\"width: 56.7269%; height: 32px;\">\u00a0<a href=\"https:\/\/agora.xtec.cat\/ceip-practiques1-lleida\/wp-content\/uploads\/usu1761\/2019\/02\/SORTIDES-CICLE-MITJ\u00c0.pdf\">SORTIDES CICLE MITJ\u00c0<\/a><\/td>\n<\/tr>\n<tr style=\"height: 49px;\">\n<td style=\"width: 43.2731%; height: 49px;\"><strong>Cicle superior<\/strong><\/td>\n<td style=\"width: 56.7269%; height: 49px;\">\u00a0<a href=\"https:\/\/agora.xtec.cat\/ceip-practiques1-lleida\/wp-content\/uploads\/usu1761\/2019\/02\/SORTIDES-CICLE-SUPERIOR.pdf\">SORTIDES CICLE SUPERIOR<\/a><\/td>\n<\/tr>\n<\/tbody>\n<\/table>\n<p>&nbsp;<\/p>\n","protected":false},"excerpt":{"rendered":"<p>L\u2019Escola t\u00e9 programades sortides, visites, tallers i col\u00f2nies en tots els nivells educatius. Estan incloses dins la programaci\u00f3 general de centre. Es realitzen sortides locals per tal de fer treballs d\u2019observaci\u00f3 relacionats amb els temes que es treballen, despla\u00e7aments per activitats esportives, activitats derivades del projecte\u2026 L\u2019objectiu d\u2019aquestes sortides es relacionar la feina de l\u2019aula [&hellip;]<\/p>\n","protected":false},"author":3,"featured_media":0,"parent":64,"menu_order":0,"comment_status":"closed","ping_status":"closed","template":"page-templates\/side-menu.php","meta":{"_bbp_topic_count":0,"_bbp_reply_count":0,"_bbp_total_topic_count":0,"_bbp_total_reply_count":0,"_bbp_voice_count":0,"_bbp_anonymous_reply_count":0,"_bbp_topic_count_hidden":0,"_bbp_reply_count_hidden":0,"_bbp_forum_subforum_count":0,"site-sidebar-layout":"default","site-content-layout":"","ast-site-content-layout":"","site-content-style":"default","site-sidebar-style":"default","ast-global-header-display":"","ast-banner-title-visibility":"","ast-main-header-display":"","ast-hfb-above-header-display":"","ast-hfb-below-header-display":"","ast-hfb-mobile-header-display":"","site-post-title":"","ast-breadcrumbs-content":"","ast-featured-img":"","footer-sml-layout":"","theme-transparent-header-meta":"","adv-header-id-meta":"","stick-header-meta":"","header-above-stick-meta":"","header-main-stick-meta":"","header-below-stick-meta":"","astra-migrate-meta-layouts":"default","ast-page-background-enabled":"default","ast-page-background-meta":{"desktop":{"background-color":"var(--ast-global-color-4)","background-image":"","background-repeat":"repeat","background-position":"center center","background-size":"auto","background-attachment":"scroll","background-type":"","background-media":"","overlay-type":"","overlay-color":"","overlay-opacity":"","overlay-gradient":""},"tablet":{"background-color":"","background-image":"","background-repeat":"repeat","background-position":"center center","background-size":"auto","background-attachment":"scroll","background-type":"","background-media":"","overlay-type":"","overlay-color":"","overlay-opacity":"","overlay-gradient":""},"mobile":{"background-color":"","background-image":"","background-repeat":"repeat","background-position":"center center","background-size":"auto","background-attachment":"scroll","background-type":"","background-media":"","overlay-type":"","overlay-color":"","overlay-opacity":"","overlay-gradient":""}},"ast-content-background-meta":{"desktop":{"background-color":"var(--ast-global-color-5)","background-image":"","background-repeat":"repeat","background-position":"center center","background-size":"auto","background-attachment":"scroll","background-type":"","background-media":"","overlay-type":"","overlay-color":"","overlay-opacity":"","overlay-gradient":""},"tablet":{"background-color":"var(--ast-global-color-5)","background-image":"","background-repeat":"repeat","background-position":"center center","background-size":"auto","background-attachment":"scroll","background-type":"","background-media":"","overlay-type":"","overlay-color":"","overlay-opacity":"","overlay-gradient":""},"mobile":{"background-color":"var(--ast-global-color-5)","background-image":"","background-repeat":"repeat","background-position":"center center","background-size":"auto","background-attachment":"scroll","background-type":"","background-media":"","overlay-type":"","overlay-color":"","overlay-opacity":"","overlay-gradient":""}},"footnotes":""},"class_list":["post-1621","page","type-page","status-publish","hentry"],"post_mailing_queue_ids":[],"_links":{"self":[{"href":"https:\/\/agora.xtec.cat\/ceip-practiques1-lleida\/wp-json\/wp\/v2\/pages\/1621","targetHints":{"allow":["GET"]}}],"collection":[{"href":"https:\/\/agora.xtec.cat\/ceip-practiques1-lleida\/wp-json\/wp\/v2\/pages"}],"about":[{"href":"https:\/\/agora.xtec.cat\/ceip-practiques1-lleida\/wp-json\/wp\/v2\/types\/page"}],"author":[{"embeddable":true,"href":"https:\/\/agora.xtec.cat\/ceip-practiques1-lleida\/wp-json\/wp\/v2\/users\/3"}],"replies":[{"embeddable":true,"href":"https:\/\/agora.xtec.cat\/ceip-practiques1-lleida\/wp-json\/wp\/v2\/comments?post=1621"}],"version-history":[{"count":4,"href":"https:\/\/agora.xtec.cat\/ceip-practiques1-lleida\/wp-json\/wp\/v2\/pages\/1621\/revisions"}],"predecessor-version":[{"id":4308,"href":"https:\/\/agora.xtec.cat\/ceip-practiques1-lleida\/wp-json\/wp\/v2\/pages\/1621\/revisions\/4308"}],"up":[{"embeddable":true,"href":"https:\/\/agora.xtec.cat\/ceip-practiques1-lleida\/wp-json\/wp\/v2\/pages\/64"}],"wp:attachment":[{"href":"https:\/\/agora.xtec.cat\/ceip-practiques1-lleida\/wp-json\/wp\/v2\/media?parent=1621"}],"curies":[{"name":"wp","href":"https:\/\/api.w.org\/{rel}","templated":true}]}}