{"id":1617,"date":"2019-02-08T15:18:44","date_gmt":"2019-02-08T14:18:44","guid":{"rendered":"http:\/\/agora.xtec.cat\/ceip-practiques1-lleida\/?page_id=1617"},"modified":"2023-10-18T12:53:25","modified_gmt":"2023-10-18T10:53:25","slug":"escoltam","status":"publish","type":"page","link":"https:\/\/agora.xtec.cat\/ceip-practiques1-lleida\/projecte-educatiu\/projectes-de-centre\/escoltam\/","title":{"rendered":"Escolta&#8217;m"},"content":{"rendered":"<p><a href=\"https:\/\/agora.xtec.cat\/ceip-practiques1-lleida\/wp-content\/uploads\/usu1761\/2023\/10\/Presentacion1.jpg\"><img loading=\"lazy\" decoding=\"async\" class=\"alignnone  wp-image-15119\" src=\"https:\/\/agora.xtec.cat\/ceip-practiques1-lleida\/wp-content\/uploads\/usu1761\/2023\/10\/Presentacion1-300x84.jpg\" alt=\"\" width=\"968\" height=\"271\" srcset=\"https:\/\/agora.xtec.cat\/ceip-practiques1-lleida\/wp-content\/uploads\/usu1761\/2023\/10\/Presentacion1-300x84.jpg 300w, https:\/\/agora.xtec.cat\/ceip-practiques1-lleida\/wp-content\/uploads\/usu1761\/2023\/10\/Presentacion1-1024x288.jpg 1024w, https:\/\/agora.xtec.cat\/ceip-practiques1-lleida\/wp-content\/uploads\/usu1761\/2023\/10\/Presentacion1-768x216.jpg 768w, https:\/\/agora.xtec.cat\/ceip-practiques1-lleida\/wp-content\/uploads\/usu1761\/2023\/10\/Presentacion1.jpg 1210w\" sizes=\"auto, (max-width: 968px) 100vw, 968px\" \/><\/a><\/p>\n<p>El projecte Escolta\u2019m proposa personali<a href=\"https:\/\/agora.xtec.cat\/ceip-practiques1-lleida\/wp-content\/uploads\/usu1761\/2019\/02\/IMG_6336-e1549986605417.jpg\"><img loading=\"lazy\" decoding=\"async\" class=\"alignright wp-image-1819 \" src=\"https:\/\/agora.xtec.cat\/ceip-practiques1-lleida\/wp-content\/uploads\/usu1761\/2019\/02\/IMG_6336-e1549986605417-300x225.jpg\" alt=\"\" width=\"236\" height=\"177\" srcset=\"https:\/\/agora.xtec.cat\/ceip-practiques1-lleida\/wp-content\/uploads\/usu1761\/2019\/02\/IMG_6336-e1549986605417-300x225.jpg 300w, https:\/\/agora.xtec.cat\/ceip-practiques1-lleida\/wp-content\/uploads\/usu1761\/2019\/02\/IMG_6336-e1549986605417-200x150.jpg 200w, https:\/\/agora.xtec.cat\/ceip-practiques1-lleida\/wp-content\/uploads\/usu1761\/2019\/02\/IMG_6336-e1549986605417.jpg 640w\" sizes=\"auto, (max-width: 236px) 100vw, 236px\" \/><\/a>tzar l\u2019escola amb un pla d\u2019intervenci\u00f3 educativa que estableixi una vinculaci\u00f3 educativa positiva entre el tutor i els infants.<\/p>\n<p>L\u2019Escolta\u2019m t\u00e9 com a protagonista principal a l\u2019alumnat que mitjan\u00e7ant la conversa i l\u2019escolta activa contribueix i organitza el pensament de l\u2019infant des de la seva vinculaci\u00f3 emocional.<\/p>\n<p>A l\u2019escola es disposa d\u2019uns espais que els mateixos alumnes han decorat per tenir un millor escenari de confian\u00e7a, comunicaci\u00f3 i de relaci\u00f3 on els infants interactuen entre ells.<\/p>\n<p>Aquest projecte \u00a0intenta ajudar a aconseguir cotes de seguretat personal en l\u2019infant que l\u2019ajudin a desenvolupar-se de forma integral i satisfact\u00f2ria. \u00a0Es porta a terme una vegada a la setmana i durant 30 minuts, on 3 alumnes parlem de temes que els interessen i el tutor t\u00e9 una escolta activa.<\/p>\n<p>Els objectius d\u2019aquest projecte, \u00e9s una relaci\u00f3 tutorial fonamentada a partir de:<a href=\"https:\/\/agora.xtec.cat\/ceip-practiques1-lleida\/wp-content\/uploads\/usu1761\/2021\/03\/Untitled-2.bmp\"><img loading=\"lazy\" decoding=\"async\" class=\"wp-image-6833 alignright\" src=\"https:\/\/agora.xtec.cat\/ceip-practiques1-lleida\/wp-content\/uploads\/usu1761\/2021\/03\/Untitled-2.bmp\" alt=\"\" width=\"219\" height=\"279\" srcset=\"https:\/\/agora.xtec.cat\/ceip-practiques1-lleida\/wp-content\/uploads\/usu1761\/2021\/03\/Untitled-2.bmp 520w, https:\/\/agora.xtec.cat\/ceip-practiques1-lleida\/wp-content\/uploads\/usu1761\/2021\/03\/Untitled-2-235x300.jpg 235w\" sizes=\"auto, (max-width: 219px) 100vw, 219px\" \/><\/a><\/p>\n<ul>\n<li>El desenvolupament d\u2019habilitats de comunicaci\u00f3 entre iguals.<\/li>\n<li>La confian\u00e7a mitjan\u00e7ant l\u2019escolta activa.<\/li>\n<li>Proporciona al grup-classe un bon clima emocional d\u2019aula i la motivaci\u00f3 per voler aprendre i treballar a l\u2019es<span style=\"font-family: inherit; font-size: 1em;\">cola.<\/span><\/li>\n<li>Una millor vinculaci\u00f3 educativa entre tutors i alumnes i entre els mateixos alumnes.<\/li>\n<li>Fomentar valors positius entre els infants.<\/li>\n<\/ul>\n<p>El Projecte Escolta\u2019m va comen\u00e7ar a impartir-se a la nostra escola l\u2019any 2015.<\/p>\n<p>El suport al professorat el fem amb tallers formatius durant el curs escolar.<\/p>\n<p><a href=\"https:\/\/agora.xtec.cat\/ceip-practiques1-lleida\/wp-content\/uploads\/usu1761\/2021\/03\/IMG-9793.jpg\"><img loading=\"lazy\" decoding=\"async\" class=\"alignleft wp-image-6830 \" src=\"https:\/\/agora.xtec.cat\/ceip-practiques1-lleida\/wp-content\/uploads\/usu1761\/2021\/03\/IMG-9793-150x150.jpg\" alt=\"\" width=\"178\" height=\"178\" \/><\/a> <a href=\"https:\/\/agora.xtec.cat\/ceip-practiques1-lleida\/wp-content\/uploads\/usu1761\/2021\/03\/Untitled-3.bmp\"><img loading=\"lazy\" decoding=\"async\" class=\"alignnone wp-image-6831 \" src=\"https:\/\/agora.xtec.cat\/ceip-practiques1-lleida\/wp-content\/uploads\/usu1761\/2021\/03\/Untitled-3-300x234.jpg\" alt=\"\" width=\"255\" height=\"199\" \/><\/a> <a href=\"https:\/\/agora.xtec.cat\/ceip-practiques1-lleida\/wp-content\/uploads\/usu1761\/2021\/03\/Untitled-1.bmp\"><img loading=\"lazy\" decoding=\"async\" class=\"alignnone wp-image-6832\" src=\"https:\/\/agora.xtec.cat\/ceip-practiques1-lleida\/wp-content\/uploads\/usu1761\/2021\/03\/Untitled-1.bmp\" alt=\"\" width=\"246\" height=\"192\" srcset=\"https:\/\/agora.xtec.cat\/ceip-practiques1-lleida\/wp-content\/uploads\/usu1761\/2021\/03\/Untitled-1.bmp 520w, https:\/\/agora.xtec.cat\/ceip-practiques1-lleida\/wp-content\/uploads\/usu1761\/2021\/03\/Untitled-1-300x234.jpg 300w\" sizes=\"auto, (max-width: 246px) 100vw, 246px\" \/><\/a><\/p>\n<p>Si en voleu saber m\u00e9s coses, <a href=\"http:\/\/www.gencat.cat\/benestarsocialifamilia\/publica\/butlletiDGAIA\/num51\/projecte_escoltam.htm\">feu clik aqu\u00ed<\/a><\/p>\n","protected":false},"excerpt":{"rendered":"<p>El projecte Escolta\u2019m proposa personalitzar l\u2019escola amb un pla d\u2019intervenci\u00f3 educativa que estableixi una vinculaci\u00f3 educativa positiva entre el tutor i els infants. L\u2019Escolta\u2019m t\u00e9 com a protagonista principal a l\u2019alumnat que mitjan\u00e7ant la conversa i l\u2019escolta activa contribueix i organitza el pensament de l\u2019infant des de la seva vinculaci\u00f3 emocional. A l\u2019escola es disposa [&hellip;]<\/p>\n","protected":false},"author":3,"featured_media":0,"parent":1615,"menu_order":0,"comment_status":"closed","ping_status":"closed","template":"page-templates\/side-menu.php","meta":{"_bbp_topic_count":0,"_bbp_reply_count":0,"_bbp_total_topic_count":0,"_bbp_total_reply_count":0,"_bbp_voice_count":0,"_bbp_anonymous_reply_count":0,"_bbp_topic_count_hidden":0,"_bbp_reply_count_hidden":0,"_bbp_forum_subforum_count":0,"site-sidebar-layout":"default","site-content-layout":"","ast-site-content-layout":"","site-content-style":"default","site-sidebar-style":"default","ast-global-header-display":"","ast-banner-title-visibility":"","ast-main-header-display":"","ast-hfb-above-header-display":"","ast-hfb-below-header-display":"","ast-hfb-mobile-header-display":"","site-post-title":"","ast-breadcrumbs-content":"","ast-featured-img":"","footer-sml-layout":"","theme-transparent-header-meta":"","adv-header-id-meta":"","stick-header-meta":"","header-above-stick-meta":"","header-main-stick-meta":"","header-below-stick-meta":"","astra-migrate-meta-layouts":"default","ast-page-background-enabled":"default","ast-page-background-meta":{"desktop":{"background-color":"var(--ast-global-color-4)","background-image":"","background-repeat":"repeat","background-position":"center center","background-size":"auto","background-attachment":"scroll","background-type":"","background-media":"","overlay-type":"","overlay-color":"","overlay-opacity":"","overlay-gradient":""},"tablet":{"background-color":"","background-image":"","background-repeat":"repeat","background-position":"center center","background-size":"auto","background-attachment":"scroll","background-type":"","background-media":"","overlay-type":"","overlay-color":"","overlay-opacity":"","overlay-gradient":""},"mobile":{"background-color":"","background-image":"","background-repeat":"repeat","background-position":"center center","background-size":"auto","background-attachment":"scroll","background-type":"","background-media":"","overlay-type":"","overlay-color":"","overlay-opacity":"","overlay-gradient":""}},"ast-content-background-meta":{"desktop":{"background-color":"var(--ast-global-color-5)","background-image":"","background-repeat":"repeat","background-position":"center center","background-size":"auto","background-attachment":"scroll","background-type":"","background-media":"","overlay-type":"","overlay-color":"","overlay-opacity":"","overlay-gradient":""},"tablet":{"background-color":"var(--ast-global-color-5)","background-image":"","background-repeat":"repeat","background-position":"center center","background-size":"auto","background-attachment":"scroll","background-type":"","background-media":"","overlay-type":"","overlay-color":"","overlay-opacity":"","overlay-gradient":""},"mobile":{"background-color":"var(--ast-global-color-5)","background-image":"","background-repeat":"repeat","background-position":"center center","background-size":"auto","background-attachment":"scroll","background-type":"","background-media":"","overlay-type":"","overlay-color":"","overlay-opacity":"","overlay-gradient":""}},"footnotes":""},"class_list":["post-1617","page","type-page","status-publish","hentry"],"post_mailing_queue_ids":[],"_links":{"self":[{"href":"https:\/\/agora.xtec.cat\/ceip-practiques1-lleida\/wp-json\/wp\/v2\/pages\/1617","targetHints":{"allow":["GET"]}}],"collection":[{"href":"https:\/\/agora.xtec.cat\/ceip-practiques1-lleida\/wp-json\/wp\/v2\/pages"}],"about":[{"href":"https:\/\/agora.xtec.cat\/ceip-practiques1-lleida\/wp-json\/wp\/v2\/types\/page"}],"author":[{"embeddable":true,"href":"https:\/\/agora.xtec.cat\/ceip-practiques1-lleida\/wp-json\/wp\/v2\/users\/3"}],"replies":[{"embeddable":true,"href":"https:\/\/agora.xtec.cat\/ceip-practiques1-lleida\/wp-json\/wp\/v2\/comments?post=1617"}],"version-history":[{"count":4,"href":"https:\/\/agora.xtec.cat\/ceip-practiques1-lleida\/wp-json\/wp\/v2\/pages\/1617\/revisions"}],"predecessor-version":[{"id":15142,"href":"https:\/\/agora.xtec.cat\/ceip-practiques1-lleida\/wp-json\/wp\/v2\/pages\/1617\/revisions\/15142"}],"up":[{"embeddable":true,"href":"https:\/\/agora.xtec.cat\/ceip-practiques1-lleida\/wp-json\/wp\/v2\/pages\/1615"}],"wp:attachment":[{"href":"https:\/\/agora.xtec.cat\/ceip-practiques1-lleida\/wp-json\/wp\/v2\/media?parent=1617"}],"curies":[{"name":"wp","href":"https:\/\/api.w.org\/{rel}","templated":true}]}}