{"id":1608,"date":"2019-02-08T15:09:48","date_gmt":"2019-02-08T14:09:48","guid":{"rendered":"http:\/\/agora.xtec.cat\/ceip-practiques1-lleida\/?page_id=1608"},"modified":"2026-01-25T16:36:48","modified_gmt":"2026-01-25T15:36:48","slug":"trobada-gegantera","status":"publish","type":"page","link":"https:\/\/agora.xtec.cat\/ceip-practiques1-lleida\/ampa\/festes-i-altres-activitats\/trobada-gegantera\/","title":{"rendered":"Trobada gegantera de les Festes de Maig"},"content":{"rendered":"<p style=\"text-align: justify;\">Amb la voluntat de participar activament del teixit cultural i les activitats festives del nostre municipi, l\u2019Escola Pr\u00e0ctiques 1 est\u00e0 present a les <strong>Festes de Maig de Lleida<\/strong>, concretament a la <strong>Trobada Gegantera<\/strong>. Aquell dia, els alumnes de 6\u00e8 s\u00f3n els encarregats de portar els gegants i capgrossos de l\u2019escola.<\/p>\n<p><a href=\"https:\/\/agora.xtec.cat\/ceip-practiques1-lleida\/wp-content\/uploads\/usu1761\/2020\/02\/IMG_20180513_110428.jpg\"><img loading=\"lazy\" decoding=\"async\" class=\"wp-image-4154 aligncenter\" src=\"https:\/\/agora.xtec.cat\/ceip-practiques1-lleida\/wp-content\/uploads\/usu1761\/2020\/02\/IMG_20180513_110428-1024x624.jpg\" alt=\"\" width=\"557\" height=\"340\" srcset=\"https:\/\/agora.xtec.cat\/ceip-practiques1-lleida\/wp-content\/uploads\/usu1761\/2020\/02\/IMG_20180513_110428-1024x624.jpg 1024w, https:\/\/agora.xtec.cat\/ceip-practiques1-lleida\/wp-content\/uploads\/usu1761\/2020\/02\/IMG_20180513_110428-300x183.jpg 300w, https:\/\/agora.xtec.cat\/ceip-practiques1-lleida\/wp-content\/uploads\/usu1761\/2020\/02\/IMG_20180513_110428-768x468.jpg 768w, https:\/\/agora.xtec.cat\/ceip-practiques1-lleida\/wp-content\/uploads\/usu1761\/2020\/02\/IMG_20180513_110428.jpg 2000w\" sizes=\"auto, (max-width: 557px) 100vw, 557px\" \/><\/a><\/p>\n<p><a href=\"https:\/\/agora.xtec.cat\/ceip-practiques1-lleida\/wp-content\/uploads\/usu1761\/2025\/03\/4b9b7d44-d914-4cf8-8562-a745a382bae1.jpeg\"><img loading=\"lazy\" decoding=\"async\" class=\"alignnone size-large wp-image-19298\" src=\"https:\/\/agora.xtec.cat\/ceip-practiques1-lleida\/wp-content\/uploads\/usu1761\/2025\/03\/4b9b7d44-d914-4cf8-8562-a745a382bae1-1024x768.jpeg\" alt=\"\" width=\"1024\" height=\"768\" srcset=\"https:\/\/agora.xtec.cat\/ceip-practiques1-lleida\/wp-content\/uploads\/usu1761\/2025\/03\/4b9b7d44-d914-4cf8-8562-a745a382bae1-1024x768.jpeg 1024w, https:\/\/agora.xtec.cat\/ceip-practiques1-lleida\/wp-content\/uploads\/usu1761\/2025\/03\/4b9b7d44-d914-4cf8-8562-a745a382bae1-300x225.jpeg 300w, https:\/\/agora.xtec.cat\/ceip-practiques1-lleida\/wp-content\/uploads\/usu1761\/2025\/03\/4b9b7d44-d914-4cf8-8562-a745a382bae1-768x576.jpeg 768w, https:\/\/agora.xtec.cat\/ceip-practiques1-lleida\/wp-content\/uploads\/usu1761\/2025\/03\/4b9b7d44-d914-4cf8-8562-a745a382bae1-1536x1152.jpeg 1536w, https:\/\/agora.xtec.cat\/ceip-practiques1-lleida\/wp-content\/uploads\/usu1761\/2025\/03\/4b9b7d44-d914-4cf8-8562-a745a382bae1-200x150.jpeg 200w, https:\/\/agora.xtec.cat\/ceip-practiques1-lleida\/wp-content\/uploads\/usu1761\/2025\/03\/4b9b7d44-d914-4cf8-8562-a745a382bae1.jpeg 1600w\" sizes=\"auto, (max-width: 1024px) 100vw, 1024px\" \/><\/a><\/p>\n<div class=\"ast-oembed-container \" style=\"height: 100%;\"><iframe loading=\"lazy\" title=\"Trobada gegantera 2024, escola Pr\u00e0ctiques 1.\" width=\"422\" height=\"750\" src=\"https:\/\/www.youtube.com\/embed\/pjs6kmPpbmA?feature=oembed\" frameborder=\"0\" allow=\"accelerometer; autoplay; clipboard-write; encrypted-media; gyroscope; picture-in-picture; web-share\" referrerpolicy=\"strict-origin-when-cross-origin\" allowfullscreen><\/iframe><\/div>\n<p><span style=\"font-family: inherit; font-size: 1em;\">L\u2019escola compta amb tres gegants que vam fer entre alumnes i fam\u00edlies ja fa un temps. Des d\u2019aleshores, ens acompanyen per les festes m\u00e9s assenyalades: a m\u00e9s de la Festa Major de maig de Lleida, surten tamb\u00e9 per Carnestoltes i durant la Trobada, a la festa de fi de curs.<\/span><\/p>\n<p><a href=\"https:\/\/agora.xtec.cat\/ceip-practiques1-lleida\/wp-content\/uploads\/usu1761\/2020\/02\/IMG_20190509_170038_237.jpg\"><img loading=\"lazy\" decoding=\"async\" class=\" wp-image-4226 aligncenter\" src=\"https:\/\/agora.xtec.cat\/ceip-practiques1-lleida\/wp-content\/uploads\/usu1761\/2020\/02\/IMG_20190509_170038_237-1024x759.jpg\" alt=\"\" width=\"482\" height=\"357\" srcset=\"https:\/\/agora.xtec.cat\/ceip-practiques1-lleida\/wp-content\/uploads\/usu1761\/2020\/02\/IMG_20190509_170038_237-1024x759.jpg 1024w, https:\/\/agora.xtec.cat\/ceip-practiques1-lleida\/wp-content\/uploads\/usu1761\/2020\/02\/IMG_20190509_170038_237-300x222.jpg 300w, https:\/\/agora.xtec.cat\/ceip-practiques1-lleida\/wp-content\/uploads\/usu1761\/2020\/02\/IMG_20190509_170038_237-768x569.jpg 768w, https:\/\/agora.xtec.cat\/ceip-practiques1-lleida\/wp-content\/uploads\/usu1761\/2020\/02\/IMG_20190509_170038_237.jpg 1071w\" sizes=\"auto, (max-width: 482px) 100vw, 482px\" \/><\/a><\/p>\n<p style=\"text-align: justify;\">Per\u00f2 els nostres gegants no van sols a la Festa Major! Els acompanya el grup de gralla i tabal de l\u2019escola \u00a0i la resta de fam\u00edlies que s\u2019animen a participar-hi.<\/p>\n<p><a href=\"https:\/\/agora.xtec.cat\/ceip-practiques1-lleida\/wp-content\/uploads\/usu1761\/2025\/03\/8b5a1356-968a-458c-a424-d342a31fab19.jpeg\"><img loading=\"lazy\" decoding=\"async\" class=\"alignnone size-large wp-image-19353\" src=\"https:\/\/agora.xtec.cat\/ceip-practiques1-lleida\/wp-content\/uploads\/usu1761\/2025\/03\/8b5a1356-968a-458c-a424-d342a31fab19-771x1024.jpeg\" alt=\"\" width=\"771\" height=\"1024\" srcset=\"https:\/\/agora.xtec.cat\/ceip-practiques1-lleida\/wp-content\/uploads\/usu1761\/2025\/03\/8b5a1356-968a-458c-a424-d342a31fab19-771x1024.jpeg 771w, https:\/\/agora.xtec.cat\/ceip-practiques1-lleida\/wp-content\/uploads\/usu1761\/2025\/03\/8b5a1356-968a-458c-a424-d342a31fab19-226x300.jpeg 226w, https:\/\/agora.xtec.cat\/ceip-practiques1-lleida\/wp-content\/uploads\/usu1761\/2025\/03\/8b5a1356-968a-458c-a424-d342a31fab19-768x1020.jpeg 768w, https:\/\/agora.xtec.cat\/ceip-practiques1-lleida\/wp-content\/uploads\/usu1761\/2025\/03\/8b5a1356-968a-458c-a424-d342a31fab19-1157x1536.jpeg 1157w, https:\/\/agora.xtec.cat\/ceip-practiques1-lleida\/wp-content\/uploads\/usu1761\/2025\/03\/8b5a1356-968a-458c-a424-d342a31fab19.jpeg 1536w\" sizes=\"auto, (max-width: 771px) 100vw, 771px\" \/><\/a><\/p>\n<p><a href=\"https:\/\/agora.xtec.cat\/ceip-practiques1-lleida\/wp-content\/uploads\/usu1761\/2025\/03\/d1b4e8d8-7230-439e-a7f2-bb579eae7581.jpeg\"><img loading=\"lazy\" decoding=\"async\" class=\"alignnone size-large wp-image-19310\" src=\"https:\/\/agora.xtec.cat\/ceip-practiques1-lleida\/wp-content\/uploads\/usu1761\/2025\/03\/d1b4e8d8-7230-439e-a7f2-bb579eae7581-768x1024.jpeg\" alt=\"\" width=\"768\" height=\"1024\" srcset=\"https:\/\/agora.xtec.cat\/ceip-practiques1-lleida\/wp-content\/uploads\/usu1761\/2025\/03\/d1b4e8d8-7230-439e-a7f2-bb579eae7581-768x1024.jpeg 768w, https:\/\/agora.xtec.cat\/ceip-practiques1-lleida\/wp-content\/uploads\/usu1761\/2025\/03\/d1b4e8d8-7230-439e-a7f2-bb579eae7581-225x300.jpeg 225w, https:\/\/agora.xtec.cat\/ceip-practiques1-lleida\/wp-content\/uploads\/usu1761\/2025\/03\/d1b4e8d8-7230-439e-a7f2-bb579eae7581-1152x1536.jpeg 1152w, https:\/\/agora.xtec.cat\/ceip-practiques1-lleida\/wp-content\/uploads\/usu1761\/2025\/03\/d1b4e8d8-7230-439e-a7f2-bb579eae7581.jpeg 1500w\" sizes=\"auto, (max-width: 768px) 100vw, 768px\" \/><\/a><\/p>\n<p style=\"text-align: justify;\"><span style=\"font-family: inherit; font-size: 1em;\">Ens agrada formar part d\u2019aquesta tradici\u00f3 tan catalana, acompanyar els gegants al ritme dels nostres grallers i tabalers i passejar els nostres gegants pels carrers de Lleida!<\/span><\/p>\n<p><a href=\"https:\/\/agora.xtec.cat\/ceip-practiques1-lleida\/wp-content\/uploads\/usu1761\/2020\/02\/IMG_20180503_093814.jpg\"><img loading=\"lazy\" decoding=\"async\" class=\"alignnone wp-image-4152\" src=\"https:\/\/agora.xtec.cat\/ceip-practiques1-lleida\/wp-content\/uploads\/usu1761\/2020\/02\/IMG_20180503_093814-1024x768.jpg\" alt=\"\" width=\"368\" height=\"276\" srcset=\"https:\/\/agora.xtec.cat\/ceip-practiques1-lleida\/wp-content\/uploads\/usu1761\/2020\/02\/IMG_20180503_093814-1024x768.jpg 1024w, https:\/\/agora.xtec.cat\/ceip-practiques1-lleida\/wp-content\/uploads\/usu1761\/2020\/02\/IMG_20180503_093814-300x225.jpg 300w, https:\/\/agora.xtec.cat\/ceip-practiques1-lleida\/wp-content\/uploads\/usu1761\/2020\/02\/IMG_20180503_093814-768x576.jpg 768w, https:\/\/agora.xtec.cat\/ceip-practiques1-lleida\/wp-content\/uploads\/usu1761\/2020\/02\/IMG_20180503_093814-200x150.jpg 200w\" sizes=\"auto, (max-width: 368px) 100vw, 368px\" \/><br \/>\n<\/a><\/p>\n<p><a href=\"https:\/\/agora.xtec.cat\/ceip-practiques1-lleida\/wp-content\/uploads\/usu1761\/2025\/03\/3527be6f-aee8-45c1-89cb-18b1489ba86f.jpeg\"><img loading=\"lazy\" decoding=\"async\" class=\"alignnone size-large wp-image-19300\" src=\"https:\/\/agora.xtec.cat\/ceip-practiques1-lleida\/wp-content\/uploads\/usu1761\/2025\/03\/3527be6f-aee8-45c1-89cb-18b1489ba86f-1024x768.jpeg\" alt=\"\" width=\"1024\" height=\"768\" srcset=\"https:\/\/agora.xtec.cat\/ceip-practiques1-lleida\/wp-content\/uploads\/usu1761\/2025\/03\/3527be6f-aee8-45c1-89cb-18b1489ba86f-1024x768.jpeg 1024w, https:\/\/agora.xtec.cat\/ceip-practiques1-lleida\/wp-content\/uploads\/usu1761\/2025\/03\/3527be6f-aee8-45c1-89cb-18b1489ba86f-300x225.jpeg 300w, https:\/\/agora.xtec.cat\/ceip-practiques1-lleida\/wp-content\/uploads\/usu1761\/2025\/03\/3527be6f-aee8-45c1-89cb-18b1489ba86f-768x576.jpeg 768w, https:\/\/agora.xtec.cat\/ceip-practiques1-lleida\/wp-content\/uploads\/usu1761\/2025\/03\/3527be6f-aee8-45c1-89cb-18b1489ba86f-1536x1152.jpeg 1536w, https:\/\/agora.xtec.cat\/ceip-practiques1-lleida\/wp-content\/uploads\/usu1761\/2025\/03\/3527be6f-aee8-45c1-89cb-18b1489ba86f-200x150.jpeg 200w, https:\/\/agora.xtec.cat\/ceip-practiques1-lleida\/wp-content\/uploads\/usu1761\/2025\/03\/3527be6f-aee8-45c1-89cb-18b1489ba86f.jpeg 2000w\" sizes=\"auto, (max-width: 1024px) 100vw, 1024px\" \/><\/a><\/p>\n<p><strong><a href=\"https:\/\/agora.xtec.cat\/ceip-practiques1-lleida\/wp-content\/uploads\/usu1761\/2020\/02\/IMG_20180503_113739.jpg\"><img loading=\"lazy\" decoding=\"async\" class=\" wp-image-4153 aligncenter\" src=\"https:\/\/agora.xtec.cat\/ceip-practiques1-lleida\/wp-content\/uploads\/usu1761\/2020\/02\/IMG_20180503_113739-768x1024.jpg\" alt=\"\" width=\"450\" height=\"600\" srcset=\"https:\/\/agora.xtec.cat\/ceip-practiques1-lleida\/wp-content\/uploads\/usu1761\/2020\/02\/IMG_20180503_113739-768x1024.jpg 768w, https:\/\/agora.xtec.cat\/ceip-practiques1-lleida\/wp-content\/uploads\/usu1761\/2020\/02\/IMG_20180503_113739-225x300.jpg 225w\" sizes=\"auto, (max-width: 450px) 100vw, 450px\" \/><\/a><\/strong>El gegants s&#8217;anomenen (d&#8217;esquerra a dreta): Cuiner &#8220;Pere Carxofa&#8221;, Solet i Rei Practic\u00fa.<\/p>\n","protected":false},"excerpt":{"rendered":"<p>Amb la voluntat de participar activament del teixit cultural i les activitats festives del nostre municipi, l\u2019Escola Pr\u00e0ctiques 1 est\u00e0 present a les Festes de Maig de Lleida, concretament a la Trobada Gegantera. Aquell dia, els alumnes de 6\u00e8 s\u00f3n els encarregats de portar els gegants i capgrossos de l\u2019escola. L\u2019escola compta amb tres gegants [&hellip;]<\/p>\n","protected":false},"author":3,"featured_media":0,"parent":1593,"menu_order":4,"comment_status":"closed","ping_status":"closed","template":"","meta":{"_bbp_topic_count":0,"_bbp_reply_count":0,"_bbp_total_topic_count":0,"_bbp_total_reply_count":0,"_bbp_voice_count":0,"_bbp_anonymous_reply_count":0,"_bbp_topic_count_hidden":0,"_bbp_reply_count_hidden":0,"_bbp_forum_subforum_count":0,"site-sidebar-layout":"default","site-content-layout":"","ast-site-content-layout":"default","site-content-style":"default","site-sidebar-style":"default","ast-global-header-display":"","ast-banner-title-visibility":"","ast-main-header-display":"","ast-hfb-above-header-display":"","ast-hfb-below-header-display":"","ast-hfb-mobile-header-display":"","site-post-title":"","ast-breadcrumbs-content":"","ast-featured-img":"","footer-sml-layout":"","theme-transparent-header-meta":"default","adv-header-id-meta":"","stick-header-meta":"","header-above-stick-meta":"","header-main-stick-meta":"","header-below-stick-meta":"","astra-migrate-meta-layouts":"set","ast-page-background-enabled":"default","ast-page-background-meta":{"desktop":{"background-color":"var(--ast-global-color-4)","background-image":"","background-repeat":"repeat","background-position":"center center","background-size":"auto","background-attachment":"scroll","background-type":"","background-media":"","overlay-type":"","overlay-color":"","overlay-opacity":"","overlay-gradient":""},"tablet":{"background-color":"","background-image":"","background-repeat":"repeat","background-position":"center center","background-size":"auto","background-attachment":"scroll","background-type":"","background-media":"","overlay-type":"","overlay-color":"","overlay-opacity":"","overlay-gradient":""},"mobile":{"background-color":"","background-image":"","background-repeat":"repeat","background-position":"center center","background-size":"auto","background-attachment":"scroll","background-type":"","background-media":"","overlay-type":"","overlay-color":"","overlay-opacity":"","overlay-gradient":""}},"ast-content-background-meta":{"desktop":{"background-color":"var(--ast-global-color-5)","background-image":"","background-repeat":"repeat","background-position":"center center","background-size":"auto","background-attachment":"scroll","background-type":"","background-media":"","overlay-type":"","overlay-color":"","overlay-opacity":"","overlay-gradient":""},"tablet":{"background-color":"var(--ast-global-color-5)","background-image":"","background-repeat":"repeat","background-position":"center center","background-size":"auto","background-attachment":"scroll","background-type":"","background-media":"","overlay-type":"","overlay-color":"","overlay-opacity":"","overlay-gradient":""},"mobile":{"background-color":"var(--ast-global-color-5)","background-image":"","background-repeat":"repeat","background-position":"center center","background-size":"auto","background-attachment":"scroll","background-type":"","background-media":"","overlay-type":"","overlay-color":"","overlay-opacity":"","overlay-gradient":""}},"footnotes":""},"class_list":["post-1608","page","type-page","status-publish","hentry"],"post_mailing_queue_ids":[],"_links":{"self":[{"href":"https:\/\/agora.xtec.cat\/ceip-practiques1-lleida\/wp-json\/wp\/v2\/pages\/1608","targetHints":{"allow":["GET"]}}],"collection":[{"href":"https:\/\/agora.xtec.cat\/ceip-practiques1-lleida\/wp-json\/wp\/v2\/pages"}],"about":[{"href":"https:\/\/agora.xtec.cat\/ceip-practiques1-lleida\/wp-json\/wp\/v2\/types\/page"}],"author":[{"embeddable":true,"href":"https:\/\/agora.xtec.cat\/ceip-practiques1-lleida\/wp-json\/wp\/v2\/users\/3"}],"replies":[{"embeddable":true,"href":"https:\/\/agora.xtec.cat\/ceip-practiques1-lleida\/wp-json\/wp\/v2\/comments?post=1608"}],"version-history":[{"count":7,"href":"https:\/\/agora.xtec.cat\/ceip-practiques1-lleida\/wp-json\/wp\/v2\/pages\/1608\/revisions"}],"predecessor-version":[{"id":21259,"href":"https:\/\/agora.xtec.cat\/ceip-practiques1-lleida\/wp-json\/wp\/v2\/pages\/1608\/revisions\/21259"}],"up":[{"embeddable":true,"href":"https:\/\/agora.xtec.cat\/ceip-practiques1-lleida\/wp-json\/wp\/v2\/pages\/1593"}],"wp:attachment":[{"href":"https:\/\/agora.xtec.cat\/ceip-practiques1-lleida\/wp-json\/wp\/v2\/media?parent=1608"}],"curies":[{"name":"wp","href":"https:\/\/api.w.org\/{rel}","templated":true}]}}