{"id":1591,"date":"2025-05-15T15:30:11","date_gmt":"2025-05-15T13:30:11","guid":{"rendered":"http:\/\/agora.xtec.cat\/ceip-practiques1-lleida\/?page_id=1591"},"modified":"2026-01-25T16:26:02","modified_gmt":"2026-01-25T15:26:02","slug":"activitats-extraescolars-2","status":"publish","type":"page","link":"https:\/\/agora.xtec.cat\/ceip-practiques1-lleida\/ampa\/serveis\/activitats-extraescolars-2\/","title":{"rendered":"Activitats extraescolars"},"content":{"rendered":"<p style=\"text-align: justify;\"><strong style=\"font-family: inherit; font-size: 1em;\">Les activitats organitzades per l\u2019AFA al nostre centre proporcionen als infants unes oportunitats educatives diferents i complement\u00e0ries al <i>curr\u00edculum escolar<\/i>. La voluntat de l\u2019AFA \u00e9s la d\u2019oferir una qualitat i excel\u00b7l\u00e8ncia en el monitoratge d\u2019aquestes activitats.<\/strong><\/p>\n<p style=\"text-align: justify;\"><span style=\"font-weight: 400;\">La tria de les activitats respon a un objectiu d\u2019equilibrar les esportives amb les culturals i de lleure.<\/span><\/p>\n<p style=\"text-align: justify;\">A continuaci\u00f3, podeu veure les activitats extraescolars que s\u2019estan oferint. Si no s\u2019arriba al m\u00ednim d\u2019alumnes inscrits, algunes podrien veure\u2019s afectades i, per tant, no podr\u00edem dur-se a terme. A m\u00e9s a m\u00e8s, l\u2019oferta es pot ampliar si hi ha demanda per crear activitats noves.<\/p>\n<p><a href=\"https:\/\/agora.xtec.cat\/ceip-practiques1-lleida\/wp-content\/uploads\/usu1761\/2025\/10\/IMG_2401.jpeg\"><img loading=\"lazy\" decoding=\"async\" class=\"size-large wp-image-20432\" src=\"https:\/\/agora.xtec.cat\/ceip-practiques1-lleida\/wp-content\/uploads\/usu1761\/2025\/10\/IMG_2401-1024x736.jpeg\" alt=\"\" width=\"1024\" height=\"736\" srcset=\"https:\/\/agora.xtec.cat\/ceip-practiques1-lleida\/wp-content\/uploads\/usu1761\/2025\/10\/IMG_2401-1024x736.jpeg 1024w, https:\/\/agora.xtec.cat\/ceip-practiques1-lleida\/wp-content\/uploads\/usu1761\/2025\/10\/IMG_2401-300x216.jpeg 300w, https:\/\/agora.xtec.cat\/ceip-practiques1-lleida\/wp-content\/uploads\/usu1761\/2025\/10\/IMG_2401-768x552.jpeg 768w, https:\/\/agora.xtec.cat\/ceip-practiques1-lleida\/wp-content\/uploads\/usu1761\/2025\/10\/IMG_2401.jpeg 1159w\" sizes=\"auto, (max-width: 1024px) 100vw, 1024px\" \/><\/a><\/p>\n<p><a href=\"https:\/\/agora.xtec.cat\/ceip-practiques1-lleida\/wp-content\/uploads\/usu1761\/2025\/10\/IMG_2459.jpeg\"><img loading=\"lazy\" decoding=\"async\" class=\"size-large wp-image-20441\" src=\"https:\/\/agora.xtec.cat\/ceip-practiques1-lleida\/wp-content\/uploads\/usu1761\/2025\/10\/IMG_2459-1024x722.jpeg\" alt=\"\" width=\"1024\" height=\"722\" srcset=\"https:\/\/agora.xtec.cat\/ceip-practiques1-lleida\/wp-content\/uploads\/usu1761\/2025\/10\/IMG_2459-1024x722.jpeg 1024w, https:\/\/agora.xtec.cat\/ceip-practiques1-lleida\/wp-content\/uploads\/usu1761\/2025\/10\/IMG_2459-300x211.jpeg 300w, https:\/\/agora.xtec.cat\/ceip-practiques1-lleida\/wp-content\/uploads\/usu1761\/2025\/10\/IMG_2459-768x541.jpeg 768w, https:\/\/agora.xtec.cat\/ceip-practiques1-lleida\/wp-content\/uploads\/usu1761\/2025\/10\/IMG_2459.jpeg 1158w\" sizes=\"auto, (max-width: 1024px) 100vw, 1024px\" \/><\/a><\/p>\n<table style=\"border-collapse: collapse; width: 100%;\">\n<tbody>\n<tr>\n<td style=\"width: 100%;\"><strong>NOTES:<\/strong><\/p>\n<ul>\n<li>El nombre m\u00ednim d\u2019alumnes per activitat ser\u00e0 de 10 alumnes.<\/li>\n<li>Inscriure\u2019s vol dir comprometre\u2019s a pagar l\u2019activitat durant tot el curs.<\/li>\n<li>En tots els equips d\u2019esports les fam\u00edlies seran responsables de portar als alumnes a les competicions els dissabtes al mat\u00ed i de garantir un nombre de jugadors m\u00ednim per competir amb altres escoles.<\/li>\n<\/ul>\n<p><span style=\"font-weight: 400;\">Per inscriure els vostres fills o filles o per demanar m\u00e9s informaci\u00f3 a<a href=\"https:\/\/agora.xtec.cat\/ceip-practiques1-lleida\/ampa\/informacio-practica\/\">\u00a0l\u2019AFA<\/a>.<\/span><\/td>\n<\/tr>\n<\/tbody>\n<\/table>\n<p style=\"text-align: center;\">Activitats extraescolars curs 2025-26<\/p>\n<p style=\"text-align: center;\"><strong>Gralla i tabal<\/strong><\/p>\n<p style=\"text-align: justify;\">El nostre grup de gralla i tabal es l\u2019encarregat de posar ritme al so de gralles i tabals per Carnaval i a la Trobada gegantera, quan sortim de cercavila per la ciutat.<\/p>\n<p><a href=\"https:\/\/agora.xtec.cat\/ceip-practiques1-lleida\/wp-content\/uploads\/usu1761\/2025\/05\/8b5a1356-968a-458c-a424-d342a31fab19.jpeg\"><img loading=\"lazy\" decoding=\"async\" class=\"alignnone size-large wp-image-19755\" src=\"https:\/\/agora.xtec.cat\/ceip-practiques1-lleida\/wp-content\/uploads\/usu1761\/2025\/05\/8b5a1356-968a-458c-a424-d342a31fab19-771x1024.jpeg\" alt=\"\" width=\"771\" height=\"1024\" srcset=\"https:\/\/agora.xtec.cat\/ceip-practiques1-lleida\/wp-content\/uploads\/usu1761\/2025\/05\/8b5a1356-968a-458c-a424-d342a31fab19-771x1024.jpeg 771w, https:\/\/agora.xtec.cat\/ceip-practiques1-lleida\/wp-content\/uploads\/usu1761\/2025\/05\/8b5a1356-968a-458c-a424-d342a31fab19-226x300.jpeg 226w, https:\/\/agora.xtec.cat\/ceip-practiques1-lleida\/wp-content\/uploads\/usu1761\/2025\/05\/8b5a1356-968a-458c-a424-d342a31fab19-768x1020.jpeg 768w, https:\/\/agora.xtec.cat\/ceip-practiques1-lleida\/wp-content\/uploads\/usu1761\/2025\/05\/8b5a1356-968a-458c-a424-d342a31fab19-1157x1536.jpeg 1157w, https:\/\/agora.xtec.cat\/ceip-practiques1-lleida\/wp-content\/uploads\/usu1761\/2025\/05\/8b5a1356-968a-458c-a424-d342a31fab19.jpeg 1536w\" sizes=\"auto, (max-width: 771px) 100vw, 771px\" \/><\/a><\/p>\n<p style=\"text-align: center;\"><strong>Nataci\u00f3<\/strong><\/p>\n<p style=\"text-align: justify;\">Aprendre a <strong>nedar<\/strong> \u00e9s important i ens agrada molt, per aix\u00f2 continuem amb l\u2019activitat de nataci\u00f3 a la piscina de l\u2019Episcopal.<\/p>\n<p><span style=\"font-weight: 400;\"><a href=\"https:\/\/agora.xtec.cat\/ceip-practiques1-lleida\/wp-content\/uploads\/usu1761\/2020\/03\/natacio.jpg\"><img loading=\"lazy\" decoding=\"async\" class=\"wp-image-4268 aligncenter\" src=\"https:\/\/agora.xtec.cat\/ceip-practiques1-lleida\/wp-content\/uploads\/usu1761\/2020\/03\/natacio-1024x491.jpg\" alt=\"\" width=\"640\" height=\"307\" srcset=\"https:\/\/agora.xtec.cat\/ceip-practiques1-lleida\/wp-content\/uploads\/usu1761\/2020\/03\/natacio-1024x491.jpg 1024w, https:\/\/agora.xtec.cat\/ceip-practiques1-lleida\/wp-content\/uploads\/usu1761\/2020\/03\/natacio-300x144.jpg 300w, https:\/\/agora.xtec.cat\/ceip-practiques1-lleida\/wp-content\/uploads\/usu1761\/2020\/03\/natacio-768x368.jpg 768w, https:\/\/agora.xtec.cat\/ceip-practiques1-lleida\/wp-content\/uploads\/usu1761\/2020\/03\/natacio.jpg 1654w\" sizes=\"auto, (max-width: 640px) 100vw, 640px\" \/><\/a><\/span><\/p>\n<p style=\"text-align: center;\"><strong>Voleibol<\/strong><\/p>\n<p style=\"text-align: justify;\">Fa uns anys vam ser campiones de <strong>voleibol<\/strong> de Catalunya, i tamb\u00e9 de Lleida ciutat. Apostem per aquest esport a la nostra escola. Animeu-vos!<\/p>\n<p><a href=\"https:\/\/agora.xtec.cat\/ceip-practiques1-lleida\/wp-content\/uploads\/usu1761\/2025\/05\/IMG_6571-scaled.jpeg\"><img loading=\"lazy\" decoding=\"async\" class=\"alignnone size-large wp-image-19767\" src=\"https:\/\/agora.xtec.cat\/ceip-practiques1-lleida\/wp-content\/uploads\/usu1761\/2025\/05\/IMG_6571-1024x843.jpeg\" alt=\"\" width=\"1024\" height=\"843\" srcset=\"https:\/\/agora.xtec.cat\/ceip-practiques1-lleida\/wp-content\/uploads\/usu1761\/2025\/05\/IMG_6571-1024x843.jpeg 1024w, https:\/\/agora.xtec.cat\/ceip-practiques1-lleida\/wp-content\/uploads\/usu1761\/2025\/05\/IMG_6571-300x247.jpeg 300w, https:\/\/agora.xtec.cat\/ceip-practiques1-lleida\/wp-content\/uploads\/usu1761\/2025\/05\/IMG_6571-768x632.jpeg 768w, https:\/\/agora.xtec.cat\/ceip-practiques1-lleida\/wp-content\/uploads\/usu1761\/2025\/05\/IMG_6571-1536x1264.jpeg 1536w, https:\/\/agora.xtec.cat\/ceip-practiques1-lleida\/wp-content\/uploads\/usu1761\/2025\/05\/IMG_6571-2048x1685.jpeg 2048w\" sizes=\"auto, (max-width: 1024px) 100vw, 1024px\" \/><\/a><\/p>\n<p style=\"text-align: center;\"><strong>Datchball<\/strong><\/p>\n<p style=\"text-align: justify;\">Dos equips de sis jugadors, cadasc\u00fan juga en contra de l\u2019altre amb l\u2019objectiu d\u2019eliminar als membres de l\u2019equip contrari. Per a aconseguir-ho, els i les jugadors\/es tenen que llen\u00e7ar pilotes de gomaespuma i picar amb elles als seus oponents.<\/p>\n<p style=\"text-align: center;\"><a href=\"https:\/\/agora.xtec.cat\/ceip-practiques1-lleida\/wp-content\/uploads\/usu1761\/2025\/05\/ff5ea7ac-7dce-4139-acbf-000118d07509-1.jpeg\"><img loading=\"lazy\" decoding=\"async\" class=\"alignnone size-large wp-image-19747\" src=\"https:\/\/agora.xtec.cat\/ceip-practiques1-lleida\/wp-content\/uploads\/usu1761\/2025\/05\/ff5ea7ac-7dce-4139-acbf-000118d07509-1-1024x768.jpeg\" alt=\"\" width=\"1024\" height=\"768\" srcset=\"https:\/\/agora.xtec.cat\/ceip-practiques1-lleida\/wp-content\/uploads\/usu1761\/2025\/05\/ff5ea7ac-7dce-4139-acbf-000118d07509-1-1024x768.jpeg 1024w, https:\/\/agora.xtec.cat\/ceip-practiques1-lleida\/wp-content\/uploads\/usu1761\/2025\/05\/ff5ea7ac-7dce-4139-acbf-000118d07509-1-300x225.jpeg 300w, https:\/\/agora.xtec.cat\/ceip-practiques1-lleida\/wp-content\/uploads\/usu1761\/2025\/05\/ff5ea7ac-7dce-4139-acbf-000118d07509-1-768x576.jpeg 768w, https:\/\/agora.xtec.cat\/ceip-practiques1-lleida\/wp-content\/uploads\/usu1761\/2025\/05\/ff5ea7ac-7dce-4139-acbf-000118d07509-1-1536x1152.jpeg 1536w, https:\/\/agora.xtec.cat\/ceip-practiques1-lleida\/wp-content\/uploads\/usu1761\/2025\/05\/ff5ea7ac-7dce-4139-acbf-000118d07509-1-200x150.jpeg 200w, https:\/\/agora.xtec.cat\/ceip-practiques1-lleida\/wp-content\/uploads\/usu1761\/2025\/05\/ff5ea7ac-7dce-4139-acbf-000118d07509-1.jpeg 2040w\" sizes=\"auto, (max-width: 1024px) 100vw, 1024px\" \/><\/a><strong style=\"font-family: inherit; font-size: 1em; text-align: center;\"><br \/>\n<\/strong><\/p>\n<p style=\"text-align: center;\"><strong style=\"font-family: inherit; font-size: 1em; text-align: center;\">Breaking dance<\/strong><\/p>\n<p>El ball urb\u00e0 est\u00e0 de moda i al Pr\u00e1ctiques 1 ens hem sumat a la tend\u00e8ncia!<\/p>\n<p>En aquesta activitat aprendran passos b\u00e0sics d\u2019aquest estil de ball, coreografies i t\u00e8cniques que combinen amb for\u00e7a, equilibri i coordinaci\u00f3 tot al ritme de la m\u00fasica.<\/p>\n<p style=\"text-align: center;\"><strong style=\"font-family: inherit; font-size: 1em; text-align: center;\">Manualitats t\u00e8xtils<\/strong><\/p>\n<p style=\"text-align: justify;\">La costura i les manualitats s\u00f3n una invitaci\u00f3 a crear, anar puntada a puntada donant-li valor a l\u2019objecte que estem elaborant. Cosir com a activitat, com a oportunitat de pausa, de concentraci\u00f3 i de paci\u00e8ncia.<\/p>\n<p style=\"text-align: center;\"><strong style=\"font-size: 16px; -webkit-text-size-adjust: 100%;\">Multiesports<\/strong><\/p>\n<p style=\"text-align: justify;\">Ens iniciem en la pr\u00e0ctica d\u2019esports que afavoreixen l\u2019activitat f\u00edsica i el companyerisme tot mitjan\u00e7ant diferents activitats i jocs.<\/p>\n<p><a href=\"https:\/\/agora.xtec.cat\/ceip-practiques1-lleida\/wp-content\/uploads\/usu1761\/2025\/10\/IMG_2321.jpeg\"><img loading=\"lazy\" decoding=\"async\" class=\"size-large wp-image-20420\" src=\"https:\/\/agora.xtec.cat\/ceip-practiques1-lleida\/wp-content\/uploads\/usu1761\/2025\/10\/IMG_2321-1024x707.jpeg\" alt=\"\" width=\"1024\" height=\"707\" srcset=\"https:\/\/agora.xtec.cat\/ceip-practiques1-lleida\/wp-content\/uploads\/usu1761\/2025\/10\/IMG_2321-1024x707.jpeg 1024w, https:\/\/agora.xtec.cat\/ceip-practiques1-lleida\/wp-content\/uploads\/usu1761\/2025\/10\/IMG_2321-300x207.jpeg 300w, https:\/\/agora.xtec.cat\/ceip-practiques1-lleida\/wp-content\/uploads\/usu1761\/2025\/10\/IMG_2321-768x530.jpeg 768w, https:\/\/agora.xtec.cat\/ceip-practiques1-lleida\/wp-content\/uploads\/usu1761\/2025\/10\/IMG_2321.jpeg 1170w\" sizes=\"auto, (max-width: 1024px) 100vw, 1024px\" \/><\/a><\/p>\n<p style=\"text-align: center;\"><strong>Hello English<\/strong><\/p>\n<p style=\"text-align: justify;\">Ens iniciem ens els idiomes a I4 amb <strong>Hello English<\/strong> d\u2019una manera l\u00fadica i divertida.<br \/>\nHello everybody!<\/p>\n<p><a href=\"https:\/\/agora.xtec.cat\/ceip-practiques1-lleida\/wp-content\/uploads\/usu1761\/2025\/05\/3bffc467-5770-4f92-bd85-17d326b3830d.jpeg\"><img loading=\"lazy\" decoding=\"async\" class=\"alignnone size-large wp-image-19744\" src=\"https:\/\/agora.xtec.cat\/ceip-practiques1-lleida\/wp-content\/uploads\/usu1761\/2025\/05\/3bffc467-5770-4f92-bd85-17d326b3830d-1024x576.jpeg\" alt=\"\" width=\"1024\" height=\"576\" srcset=\"https:\/\/agora.xtec.cat\/ceip-practiques1-lleida\/wp-content\/uploads\/usu1761\/2025\/05\/3bffc467-5770-4f92-bd85-17d326b3830d-1024x576.jpeg 1024w, https:\/\/agora.xtec.cat\/ceip-practiques1-lleida\/wp-content\/uploads\/usu1761\/2025\/05\/3bffc467-5770-4f92-bd85-17d326b3830d-300x169.jpeg 300w, https:\/\/agora.xtec.cat\/ceip-practiques1-lleida\/wp-content\/uploads\/usu1761\/2025\/05\/3bffc467-5770-4f92-bd85-17d326b3830d-768x432.jpeg 768w, https:\/\/agora.xtec.cat\/ceip-practiques1-lleida\/wp-content\/uploads\/usu1761\/2025\/05\/3bffc467-5770-4f92-bd85-17d326b3830d-1536x864.jpeg 1536w, https:\/\/agora.xtec.cat\/ceip-practiques1-lleida\/wp-content\/uploads\/usu1761\/2025\/05\/3bffc467-5770-4f92-bd85-17d326b3830d.jpeg 1599w\" sizes=\"auto, (max-width: 1024px) 100vw, 1024px\" \/><\/a><\/p>\n","protected":false},"excerpt":{"rendered":"<p>Les activitats organitzades per l\u2019AFA al nostre centre proporcionen als infants unes oportunitats educatives diferents i complement\u00e0ries al curr\u00edculum escolar. La voluntat de l\u2019AFA \u00e9s la d\u2019oferir una qualitat i excel\u00b7l\u00e8ncia en el monitoratge d\u2019aquestes activitats. La tria de les activitats respon a un objectiu d\u2019equilibrar les esportives amb les culturals i de lleure. A [&hellip;]<\/p>\n","protected":false},"author":3,"featured_media":0,"parent":66,"menu_order":3,"comment_status":"closed","ping_status":"closed","template":"","meta":{"_bbp_topic_count":0,"_bbp_reply_count":0,"_bbp_total_topic_count":0,"_bbp_total_reply_count":0,"_bbp_voice_count":0,"_bbp_anonymous_reply_count":0,"_bbp_topic_count_hidden":0,"_bbp_reply_count_hidden":0,"_bbp_forum_subforum_count":0,"site-sidebar-layout":"default","site-content-layout":"","ast-site-content-layout":"default","site-content-style":"default","site-sidebar-style":"default","ast-global-header-display":"","ast-banner-title-visibility":"","ast-main-header-display":"","ast-hfb-above-header-display":"","ast-hfb-below-header-display":"","ast-hfb-mobile-header-display":"","site-post-title":"","ast-breadcrumbs-content":"","ast-featured-img":"","footer-sml-layout":"","theme-transparent-header-meta":"default","adv-header-id-meta":"","stick-header-meta":"","header-above-stick-meta":"","header-main-stick-meta":"","header-below-stick-meta":"","astra-migrate-meta-layouts":"set","ast-page-background-enabled":"default","ast-page-background-meta":{"desktop":{"background-color":"var(--ast-global-color-4)","background-image":"","background-repeat":"repeat","background-position":"center center","background-size":"auto","background-attachment":"scroll","background-type":"","background-media":"","overlay-type":"","overlay-color":"","overlay-opacity":"","overlay-gradient":""},"tablet":{"background-color":"","background-image":"","background-repeat":"repeat","background-position":"center center","background-size":"auto","background-attachment":"scroll","background-type":"","background-media":"","overlay-type":"","overlay-color":"","overlay-opacity":"","overlay-gradient":""},"mobile":{"background-color":"","background-image":"","background-repeat":"repeat","background-position":"center center","background-size":"auto","background-attachment":"scroll","background-type":"","background-media":"","overlay-type":"","overlay-color":"","overlay-opacity":"","overlay-gradient":""}},"ast-content-background-meta":{"desktop":{"background-color":"var(--ast-global-color-5)","background-image":"","background-repeat":"repeat","background-position":"center center","background-size":"auto","background-attachment":"scroll","background-type":"","background-media":"","overlay-type":"","overlay-color":"","overlay-opacity":"","overlay-gradient":""},"tablet":{"background-color":"var(--ast-global-color-5)","background-image":"","background-repeat":"repeat","background-position":"center center","background-size":"auto","background-attachment":"scroll","background-type":"","background-media":"","overlay-type":"","overlay-color":"","overlay-opacity":"","overlay-gradient":""},"mobile":{"background-color":"var(--ast-global-color-5)","background-image":"","background-repeat":"repeat","background-position":"center center","background-size":"auto","background-attachment":"scroll","background-type":"","background-media":"","overlay-type":"","overlay-color":"","overlay-opacity":"","overlay-gradient":""}},"footnotes":""},"class_list":["post-1591","page","type-page","status-publish","hentry"],"post_mailing_queue_ids":[],"_links":{"self":[{"href":"https:\/\/agora.xtec.cat\/ceip-practiques1-lleida\/wp-json\/wp\/v2\/pages\/1591","targetHints":{"allow":["GET"]}}],"collection":[{"href":"https:\/\/agora.xtec.cat\/ceip-practiques1-lleida\/wp-json\/wp\/v2\/pages"}],"about":[{"href":"https:\/\/agora.xtec.cat\/ceip-practiques1-lleida\/wp-json\/wp\/v2\/types\/page"}],"author":[{"embeddable":true,"href":"https:\/\/agora.xtec.cat\/ceip-practiques1-lleida\/wp-json\/wp\/v2\/users\/3"}],"replies":[{"embeddable":true,"href":"https:\/\/agora.xtec.cat\/ceip-practiques1-lleida\/wp-json\/wp\/v2\/comments?post=1591"}],"version-history":[{"count":8,"href":"https:\/\/agora.xtec.cat\/ceip-practiques1-lleida\/wp-json\/wp\/v2\/pages\/1591\/revisions"}],"predecessor-version":[{"id":21254,"href":"https:\/\/agora.xtec.cat\/ceip-practiques1-lleida\/wp-json\/wp\/v2\/pages\/1591\/revisions\/21254"}],"up":[{"embeddable":true,"href":"https:\/\/agora.xtec.cat\/ceip-practiques1-lleida\/wp-json\/wp\/v2\/pages\/66"}],"wp:attachment":[{"href":"https:\/\/agora.xtec.cat\/ceip-practiques1-lleida\/wp-json\/wp\/v2\/media?parent=1591"}],"curies":[{"name":"wp","href":"https:\/\/api.w.org\/{rel}","templated":true}]}}