{"id":1587,"date":"2019-02-08T12:44:40","date_gmt":"2019-02-08T11:44:40","guid":{"rendered":"http:\/\/agora.xtec.cat\/ceip-practiques1-lleida\/?page_id=1587"},"modified":"2024-09-29T02:11:49","modified_gmt":"2024-09-29T00:11:49","slug":"informacio-practica","status":"publish","type":"page","link":"https:\/\/agora.xtec.cat\/ceip-practiques1-lleida\/ampa\/informacio-practica\/","title":{"rendered":"Informaci\u00f3 pr\u00e0ctica"},"content":{"rendered":"<p><a href=\"https:\/\/agora.xtec.cat\/ceip-practiques1-lleida\/wp-content\/uploads\/usu1761\/2024\/09\/Horari-atencio-families.pdf\"><img loading=\"lazy\" decoding=\"async\" class=\"alignnone wp-image-18337 size-large\" src=\"https:\/\/agora.xtec.cat\/ceip-practiques1-lleida\/wp-content\/uploads\/usu1761\/2024\/09\/Horari-atencio-families-pdf-724x1024.jpg\" alt=\"\" width=\"724\" height=\"1024\" \/><\/a><\/p>\n<table style=\"border-collapse: collapse; width: 100%;\">\n<tbody>\n<tr>\n<td style=\"width: 100%; text-align: center;\"><span style=\"font-family: inherit; font-size: 1em;\">La quota per pert\u00e0nyer a l&#8217;AFA \u00e9s de 52 \u20ac* anuals.<br \/>\n(* La quota de l&#8217;AFA s&#8217;aprova anualment, per tant, pot variar en cada curs escolar)<\/span><\/td>\n<\/tr>\n<\/tbody>\n<\/table>\n<p><a href=\"https:\/\/agora.xtec.cat\/ceip-practiques1-lleida\/wp-content\/uploads\/usu1761\/2023\/10\/AFA-1.png\"><img loading=\"lazy\" decoding=\"async\" class=\"wp-image-14975 aligncenter\" src=\"https:\/\/agora.xtec.cat\/ceip-practiques1-lleida\/wp-content\/uploads\/usu1761\/2023\/10\/AFA-1-300x75.png\" alt=\"\" width=\"932\" height=\"233\" srcset=\"https:\/\/agora.xtec.cat\/ceip-practiques1-lleida\/wp-content\/uploads\/usu1761\/2023\/10\/AFA-1-300x75.png 300w, https:\/\/agora.xtec.cat\/ceip-practiques1-lleida\/wp-content\/uploads\/usu1761\/2023\/10\/AFA-1-1024x256.png 1024w, https:\/\/agora.xtec.cat\/ceip-practiques1-lleida\/wp-content\/uploads\/usu1761\/2023\/10\/AFA-1-768x192.png 768w, https:\/\/agora.xtec.cat\/ceip-practiques1-lleida\/wp-content\/uploads\/usu1761\/2023\/10\/AFA-1-1536x384.png 1536w, https:\/\/agora.xtec.cat\/ceip-practiques1-lleida\/wp-content\/uploads\/usu1761\/2023\/10\/AFA-1.png 1920w\" sizes=\"auto, (max-width: 932px) 100vw, 932px\" \/><\/a><\/p>\n<p><a href=\"https:\/\/agora.xtec.cat\/ceip-practiques1-lleida\/wp-content\/uploads\/usu1761\/2023\/10\/fav_-l-ampa-es-escola-poster-1_1_page-0001.jpg\"><img loading=\"lazy\" decoding=\"async\" class=\"wp-image-14964 aligncenter\" src=\"https:\/\/agora.xtec.cat\/ceip-practiques1-lleida\/wp-content\/uploads\/usu1761\/2023\/10\/fav_-l-ampa-es-escola-poster-1_1_page-0001-212x300.jpg\" alt=\"\" width=\"907\" height=\"1284\" srcset=\"https:\/\/agora.xtec.cat\/ceip-practiques1-lleida\/wp-content\/uploads\/usu1761\/2023\/10\/fav_-l-ampa-es-escola-poster-1_1_page-0001-212x300.jpg 212w, https:\/\/agora.xtec.cat\/ceip-practiques1-lleida\/wp-content\/uploads\/usu1761\/2023\/10\/fav_-l-ampa-es-escola-poster-1_1_page-0001-724x1024.jpg 724w, https:\/\/agora.xtec.cat\/ceip-practiques1-lleida\/wp-content\/uploads\/usu1761\/2023\/10\/fav_-l-ampa-es-escola-poster-1_1_page-0001-768x1086.jpg 768w\" sizes=\"auto, (max-width: 907px) 100vw, 907px\" \/><\/a><\/p>\n<p><a href=\"https:\/\/agora.xtec.cat\/ceip-practiques1-lleida\/wp-content\/uploads\/usu1761\/2023\/10\/fav_-l-ampa-es-escola-poster-1_1_page-0002.jpg\"><img loading=\"lazy\" decoding=\"async\" class=\"wp-image-14965 aligncenter\" src=\"https:\/\/agora.xtec.cat\/ceip-practiques1-lleida\/wp-content\/uploads\/usu1761\/2023\/10\/fav_-l-ampa-es-escola-poster-1_1_page-0002-212x300.jpg\" alt=\"\" width=\"927\" height=\"1311\" srcset=\"https:\/\/agora.xtec.cat\/ceip-practiques1-lleida\/wp-content\/uploads\/usu1761\/2023\/10\/fav_-l-ampa-es-escola-poster-1_1_page-0002-212x300.jpg 212w, https:\/\/agora.xtec.cat\/ceip-practiques1-lleida\/wp-content\/uploads\/usu1761\/2023\/10\/fav_-l-ampa-es-escola-poster-1_1_page-0002-724x1024.jpg 724w, https:\/\/agora.xtec.cat\/ceip-practiques1-lleida\/wp-content\/uploads\/usu1761\/2023\/10\/fav_-l-ampa-es-escola-poster-1_1_page-0002-768x1086.jpg 768w, https:\/\/agora.xtec.cat\/ceip-practiques1-lleida\/wp-content\/uploads\/usu1761\/2023\/10\/fav_-l-ampa-es-escola-poster-1_1_page-0002-1087x1536.jpg 1087w, https:\/\/agora.xtec.cat\/ceip-practiques1-lleida\/wp-content\/uploads\/usu1761\/2023\/10\/fav_-l-ampa-es-escola-poster-1_1_page-0002-1449x2048.jpg 1449w, https:\/\/agora.xtec.cat\/ceip-practiques1-lleida\/wp-content\/uploads\/usu1761\/2023\/10\/fav_-l-ampa-es-escola-poster-1_1_page-0002.jpg 1755w\" sizes=\"auto, (max-width: 927px) 100vw, 927px\" \/><\/a><\/p>\n<p>Infogr\u00e0fia extreta de la pagina web <a href=\"https:\/\/agora.xtec.cat\/ceip-practiques1-lleida\/wp-content\/uploads\/usu1761\/2023\/10\/baixa.png\"><img loading=\"lazy\" decoding=\"async\" class=\"alignnone size-medium wp-image-14970\" src=\"https:\/\/agora.xtec.cat\/ceip-practiques1-lleida\/wp-content\/uploads\/usu1761\/2023\/10\/baixa-300x107.png\" alt=\"\" width=\"300\" height=\"107\" srcset=\"https:\/\/agora.xtec.cat\/ceip-practiques1-lleida\/wp-content\/uploads\/usu1761\/2023\/10\/baixa-300x107.png 300w, https:\/\/agora.xtec.cat\/ceip-practiques1-lleida\/wp-content\/uploads\/usu1761\/2023\/10\/baixa.png 375w\" sizes=\"auto, (max-width: 300px) 100vw, 300px\" \/><\/a><\/p>\n<p>&nbsp;<\/p>\n<p>Segueix-nos al <a href=\"https:\/\/www.facebook.com\/ampapractiques1\/\"><strong>Facebook de l&#8217;AFA de l&#8217;Escola Pr\u00e0ctiques 1<\/strong><\/a><br \/>\ni a l&#8217;<a href=\"https:\/\/www.instagram.com\/ampapractiques1\/\"><strong>Instagram de l&#8217;AFA de l&#8217;Escola Pr\u00e0ctiques 1<\/strong><\/a><\/p>\n<p>&nbsp;<\/p>\n","protected":false},"excerpt":{"rendered":"<p>La quota per pert\u00e0nyer a l&#8217;AFA \u00e9s de 52 \u20ac* anuals. (* La quota de l&#8217;AFA s&#8217;aprova anualment, per tant, pot variar en cada curs escolar) Infogr\u00e0fia extreta de la pagina web &nbsp; Segueix-nos al Facebook de l&#8217;AFA de l&#8217;Escola Pr\u00e0ctiques 1 i a l&#8217;Instagram de l&#8217;AFA de l&#8217;Escola Pr\u00e0ctiques 1 &nbsp;<\/p>\n","protected":false},"author":3,"featured_media":0,"parent":1575,"menu_order":3,"comment_status":"closed","ping_status":"closed","template":"page-templates\/side-menu.php","meta":{"_bbp_topic_count":0,"_bbp_reply_count":0,"_bbp_total_topic_count":0,"_bbp_total_reply_count":0,"_bbp_voice_count":0,"_bbp_anonymous_reply_count":0,"_bbp_topic_count_hidden":0,"_bbp_reply_count_hidden":0,"_bbp_forum_subforum_count":0,"site-sidebar-layout":"default","site-content-layout":"","ast-site-content-layout":"","site-content-style":"default","site-sidebar-style":"default","ast-global-header-display":"","ast-banner-title-visibility":"","ast-main-header-display":"","ast-hfb-above-header-display":"","ast-hfb-below-header-display":"","ast-hfb-mobile-header-display":"","site-post-title":"","ast-breadcrumbs-content":"","ast-featured-img":"","footer-sml-layout":"","theme-transparent-header-meta":"","adv-header-id-meta":"","stick-header-meta":"","header-above-stick-meta":"","header-main-stick-meta":"","header-below-stick-meta":"","astra-migrate-meta-layouts":"default","ast-page-background-enabled":"default","ast-page-background-meta":{"desktop":{"background-color":"var(--ast-global-color-4)","background-image":"","background-repeat":"repeat","background-position":"center center","background-size":"auto","background-attachment":"scroll","background-type":"","background-media":"","overlay-type":"","overlay-color":"","overlay-opacity":"","overlay-gradient":""},"tablet":{"background-color":"","background-image":"","background-repeat":"repeat","background-position":"center center","background-size":"auto","background-attachment":"scroll","background-type":"","background-media":"","overlay-type":"","overlay-color":"","overlay-opacity":"","overlay-gradient":""},"mobile":{"background-color":"","background-image":"","background-repeat":"repeat","background-position":"center center","background-size":"auto","background-attachment":"scroll","background-type":"","background-media":"","overlay-type":"","overlay-color":"","overlay-opacity":"","overlay-gradient":""}},"ast-content-background-meta":{"desktop":{"background-color":"var(--ast-global-color-5)","background-image":"","background-repeat":"repeat","background-position":"center center","background-size":"auto","background-attachment":"scroll","background-type":"","background-media":"","overlay-type":"","overlay-color":"","overlay-opacity":"","overlay-gradient":""},"tablet":{"background-color":"var(--ast-global-color-5)","background-image":"","background-repeat":"repeat","background-position":"center center","background-size":"auto","background-attachment":"scroll","background-type":"","background-media":"","overlay-type":"","overlay-color":"","overlay-opacity":"","overlay-gradient":""},"mobile":{"background-color":"var(--ast-global-color-5)","background-image":"","background-repeat":"repeat","background-position":"center center","background-size":"auto","background-attachment":"scroll","background-type":"","background-media":"","overlay-type":"","overlay-color":"","overlay-opacity":"","overlay-gradient":""}},"footnotes":""},"class_list":["post-1587","page","type-page","status-publish","hentry"],"post_mailing_queue_ids":[],"_links":{"self":[{"href":"https:\/\/agora.xtec.cat\/ceip-practiques1-lleida\/wp-json\/wp\/v2\/pages\/1587","targetHints":{"allow":["GET"]}}],"collection":[{"href":"https:\/\/agora.xtec.cat\/ceip-practiques1-lleida\/wp-json\/wp\/v2\/pages"}],"about":[{"href":"https:\/\/agora.xtec.cat\/ceip-practiques1-lleida\/wp-json\/wp\/v2\/types\/page"}],"author":[{"embeddable":true,"href":"https:\/\/agora.xtec.cat\/ceip-practiques1-lleida\/wp-json\/wp\/v2\/users\/3"}],"replies":[{"embeddable":true,"href":"https:\/\/agora.xtec.cat\/ceip-practiques1-lleida\/wp-json\/wp\/v2\/comments?post=1587"}],"version-history":[{"count":7,"href":"https:\/\/agora.xtec.cat\/ceip-practiques1-lleida\/wp-json\/wp\/v2\/pages\/1587\/revisions"}],"predecessor-version":[{"id":18338,"href":"https:\/\/agora.xtec.cat\/ceip-practiques1-lleida\/wp-json\/wp\/v2\/pages\/1587\/revisions\/18338"}],"up":[{"embeddable":true,"href":"https:\/\/agora.xtec.cat\/ceip-practiques1-lleida\/wp-json\/wp\/v2\/pages\/1575"}],"wp:attachment":[{"href":"https:\/\/agora.xtec.cat\/ceip-practiques1-lleida\/wp-json\/wp\/v2\/media?parent=1587"}],"curies":[{"name":"wp","href":"https:\/\/api.w.org\/{rel}","templated":true}]}}