{"id":1575,"date":"2019-02-08T10:49:16","date_gmt":"2019-02-08T09:49:16","guid":{"rendered":"http:\/\/agora.xtec.cat\/ceip-practiques1-lleida\/?page_id=1575"},"modified":"2024-09-26T01:22:02","modified_gmt":"2024-09-25T23:22:02","slug":"ampa","status":"publish","type":"page","link":"https:\/\/agora.xtec.cat\/ceip-practiques1-lleida\/ampa\/","title":{"rendered":"AFA  Associaci\u00f3 de Fam\u00edlies d&#8217;Alumnes"},"content":{"rendered":"<p><a href=\"https:\/\/agora.xtec.cat\/ceip-practiques1-lleida\/wp-content\/uploads\/usu1761\/2024\/09\/guanyadora-concurs-fotografic-45-Trobada.jpg\"><img loading=\"lazy\" decoding=\"async\" class=\"aligncenter wp-image-18302 \" src=\"https:\/\/agora.xtec.cat\/ceip-practiques1-lleida\/wp-content\/uploads\/usu1761\/2024\/09\/guanyadora-concurs-fotografic-45-Trobada-225x300.jpg\" alt=\"\" width=\"569\" height=\"759\" srcset=\"https:\/\/agora.xtec.cat\/ceip-practiques1-lleida\/wp-content\/uploads\/usu1761\/2024\/09\/guanyadora-concurs-fotografic-45-Trobada-225x300.jpg 225w, https:\/\/agora.xtec.cat\/ceip-practiques1-lleida\/wp-content\/uploads\/usu1761\/2024\/09\/guanyadora-concurs-fotografic-45-Trobada-768x1024.jpg 768w, https:\/\/agora.xtec.cat\/ceip-practiques1-lleida\/wp-content\/uploads\/usu1761\/2024\/09\/guanyadora-concurs-fotografic-45-Trobada-1152x1536.jpg 1152w, https:\/\/agora.xtec.cat\/ceip-practiques1-lleida\/wp-content\/uploads\/usu1761\/2024\/09\/guanyadora-concurs-fotografic-45-Trobada.jpg 1530w\" sizes=\"auto, (max-width: 569px) 100vw, 569px\" \/><\/a><\/p>\n<ul class=\"sub-menu menu-odd menu-depth-1\" style=\"list-style-type: circle;\">\n<li id=\"nav-menu-item-1586\" class=\"sub-menu-item menu-item-odd menu-item-depth-1 menu-item menu-item-type-post_type menu-item-object-page\" style=\"text-align: left;\"><strong><strong><a class=\"menu-link sub-menu-link\" href=\"https:\/\/agora.xtec.cat\/ceip-practiques1-lleida\/afa-en-construccio-qui-som-i-que-fem\/\" rel=\"noopener noreferrer\">Qu\u00e8 \u00e9s i qui som l&#8217;AFA<\/a><\/strong><\/strong><\/li>\n<li id=\"nav-menu-item-1601\" class=\"sub-menu-item menu-item-odd menu-item-depth-1 menu-item menu-item-type-post_type menu-item-object-page\" style=\"text-align: left;\"><strong><strong><a class=\"menu-link sub-menu-link\" href=\"https:\/\/agora.xtec.cat\/ceip-practiques1-lleida\/ampa\/informacio-practica\/\" target=\"_self\" rel=\"noopener noreferrer\">Informaci\u00f3 pr\u00e0ctica<\/a><\/strong><\/strong><\/li>\n<li id=\"nav-menu-item-1600\" class=\"sub-menu-item menu-item-odd menu-item-depth-1 menu-item menu-item-type-post_type menu-item-object-page\" style=\"text-align: left;\"><strong><a class=\"menu-link sub-menu-link\" href=\"https:\/\/agora.xtec.cat\/ceip-practiques1-lleida\/ampa\/serveis\/\" target=\"_self\" rel=\"noopener noreferrer\">Serveis que gestiona l&#8217;AFA<\/a><\/strong>\n<ul>\n<li style=\"list-style-type: none;\">\n<ul class=\"sub-menu menu-odd menu-depth-1\" style=\"list-style-type: circle;\">\n<li><a href=\"https:\/\/agora.xtec.cat\/ceip-practiques1-lleida\/serveis\/acollidamatinal\/\">Acollida matinal<\/a><\/li>\n<li><a href=\"https:\/\/agora.xtec.cat\/ceip-practiques1-lleida\/ampa\/serveis\/menjador-escolar\/\">Menjador escolar<\/a><\/li>\n<li><a href=\"https:\/\/agora.xtec.cat\/ceip-practiques1-lleida\/serveis\/activitats-extraescolars-2\/\">Activitats extraescolars<\/a><\/li>\n<li><a href=\"https:\/\/agora.xtec.cat\/ceip-practiques1-lleida\/serveis\/casal-destiu\/\">Tardes i matins de juny<\/a><\/li>\n<li><a href=\"https:\/\/agora.xtec.cat\/ceip-practiques1-lleida\/ampa\/serveis\/equipament-escolar\/\">Equipament escolar<\/a><\/li>\n<li><a href=\"https:\/\/agora.xtec.cat\/ceip-practiques1-lleida\/serveis\/socialitzacio-llibres\/\">Socialitzaci\u00f3 de llibres<\/a><\/li>\n<\/ul>\n<\/li>\n<\/ul>\n<\/li>\n<li id=\"nav-menu-item-1598\" class=\"sub-menu-item menu-item-odd menu-item-depth-1 menu-item menu-item-type-post_type menu-item-object-page menu-item-has-children\" style=\"text-align: left;\"><strong><a class=\"menu-link sub-menu-link\" href=\"https:\/\/agora.xtec.cat\/ceip-practiques1-lleida\/ampa\/festes-i-altres-activitats\/\" target=\"_self\" rel=\"noopener noreferrer\">Festes i altres<\/a><a class=\"menu-link sub-menu-link\" href=\"https:\/\/agora.xtec.cat\/ceip-practiques1-lleida\/ampa\/festes-i-altres-activitats\/\" target=\"_self\" rel=\"noopener noreferrer\"> activitats<\/a><\/strong>\n<ul>\n<li><a href=\"https:\/\/agora.xtec.cat\/ceip-practiques1-lleida\/ampa\/festes-i-altres-activitats\/sopar-dinici-de-curs\/\">Sopar d\u2019inici de curs<\/a><\/li>\n<li><a href=\"https:\/\/agora.xtec.cat\/ceip-practiques1-lleida\/ampa\/festes-i-altres-activitats\/rua-de-carnestoltes\/\">Rua de Carnestoltes<\/a><\/li>\n<li><a href=\"https:\/\/agora.xtec.cat\/ceip-practiques1-lleida\/ampa\/festes-i-altres-activitats\/trobada-gegantera\/\">Trobada gegantera de les Festes de Maig<\/a><\/li>\n<li><a href=\"https:\/\/agora.xtec.cat\/ceip-practiques1-lleida\/ampa\/festes-i-altres-activitats\/festa-de-final-de-curs-alumnes-de-6e\/\">Festa de comiat dels alumnes de 6\u00e8<\/a><\/li>\n<li><a href=\"https:\/\/agora.xtec.cat\/ceip-practiques1-lleida\/ampa\/festes-i-altres-activitats\/festa-final-dactivitats-extraescolars\/\">Festa de final d&#8217;activitats escolars<\/a><\/li>\n<li><a href=\"https:\/\/agora.xtec.cat\/ceip-practiques1-lleida\/ampa\/la-trobada\/\">La Trobada<\/a><\/li>\n<li><a href=\"https:\/\/agora.xtec.cat\/ceip-practiques1-lleida\/ampa\/festes-i-altres-activitats\/festes-descola\/\">Festes d&#8217;escola<\/a><\/li>\n<\/ul>\n<\/li>\n<\/ul>\n<p><span style=\"font-family: inherit; font-size: 1em;\">Si ens segueixes a trav\u00e9s de la nostra <\/span><a style=\"font-family: inherit; font-size: 1em;\" href=\"https:\/\/www.facebook.com\/ampapractiques1\/\"><strong>p\u00e0gina de Facebook<\/strong><\/a><span style=\"font-family: inherit; font-size: 1em;\">\u00a0o del nostre compte d&#8217;<\/span><a style=\"font-family: inherit; font-size: 1em;\" href=\"https:\/\/www.instagram.com\/ampapractiques1\/\"><strong>Instagram<\/strong><\/a><span style=\"font-family: inherit; font-size: 1em;\">, podr\u00e0s estar al dia de tots esdeveniments i novetats relacionades amb l&#8217;AFA i el nostre centre.<\/span><\/p>\n","protected":false},"excerpt":{"rendered":"<p>Qu\u00e8 \u00e9s i qui som l&#8217;AFA Informaci\u00f3 pr\u00e0ctica Serveis que gestiona l&#8217;AFA Acollida matinal Menjador escolar Activitats extraescolars Tardes i matins de juny Equipament escolar Socialitzaci\u00f3 de llibres Festes i altres activitats Sopar d\u2019inici de curs Rua de Carnestoltes Trobada gegantera de les Festes de Maig Festa de comiat dels alumnes de 6\u00e8 Festa de [&hellip;]<\/p>\n","protected":false},"author":3,"featured_media":0,"parent":0,"menu_order":0,"comment_status":"closed","ping_status":"closed","template":"","meta":{"_bbp_topic_count":0,"_bbp_reply_count":0,"_bbp_total_topic_count":0,"_bbp_total_reply_count":0,"_bbp_voice_count":0,"_bbp_anonymous_reply_count":0,"_bbp_topic_count_hidden":0,"_bbp_reply_count_hidden":0,"_bbp_forum_subforum_count":0,"site-sidebar-layout":"default","site-content-layout":"","ast-site-content-layout":"","site-content-style":"default","site-sidebar-style":"default","ast-global-header-display":"","ast-banner-title-visibility":"","ast-main-header-display":"","ast-hfb-above-header-display":"","ast-hfb-below-header-display":"","ast-hfb-mobile-header-display":"","site-post-title":"","ast-breadcrumbs-content":"","ast-featured-img":"","footer-sml-layout":"","theme-transparent-header-meta":"","adv-header-id-meta":"","stick-header-meta":"","header-above-stick-meta":"","header-main-stick-meta":"","header-below-stick-meta":"","astra-migrate-meta-layouts":"default","ast-page-background-enabled":"default","ast-page-background-meta":{"desktop":{"background-color":"var(--ast-global-color-4)","background-image":"","background-repeat":"repeat","background-position":"center center","background-size":"auto","background-attachment":"scroll","background-type":"","background-media":"","overlay-type":"","overlay-color":"","overlay-opacity":"","overlay-gradient":""},"tablet":{"background-color":"","background-image":"","background-repeat":"repeat","background-position":"center center","background-size":"auto","background-attachment":"scroll","background-type":"","background-media":"","overlay-type":"","overlay-color":"","overlay-opacity":"","overlay-gradient":""},"mobile":{"background-color":"","background-image":"","background-repeat":"repeat","background-position":"center center","background-size":"auto","background-attachment":"scroll","background-type":"","background-media":"","overlay-type":"","overlay-color":"","overlay-opacity":"","overlay-gradient":""}},"ast-content-background-meta":{"desktop":{"background-color":"var(--ast-global-color-5)","background-image":"","background-repeat":"repeat","background-position":"center center","background-size":"auto","background-attachment":"scroll","background-type":"","background-media":"","overlay-type":"","overlay-color":"","overlay-opacity":"","overlay-gradient":""},"tablet":{"background-color":"var(--ast-global-color-5)","background-image":"","background-repeat":"repeat","background-position":"center center","background-size":"auto","background-attachment":"scroll","background-type":"","background-media":"","overlay-type":"","overlay-color":"","overlay-opacity":"","overlay-gradient":""},"mobile":{"background-color":"var(--ast-global-color-5)","background-image":"","background-repeat":"repeat","background-position":"center center","background-size":"auto","background-attachment":"scroll","background-type":"","background-media":"","overlay-type":"","overlay-color":"","overlay-opacity":"","overlay-gradient":""}},"footnotes":""},"class_list":["post-1575","page","type-page","status-publish","hentry"],"post_mailing_queue_ids":[],"_links":{"self":[{"href":"https:\/\/agora.xtec.cat\/ceip-practiques1-lleida\/wp-json\/wp\/v2\/pages\/1575","targetHints":{"allow":["GET"]}}],"collection":[{"href":"https:\/\/agora.xtec.cat\/ceip-practiques1-lleida\/wp-json\/wp\/v2\/pages"}],"about":[{"href":"https:\/\/agora.xtec.cat\/ceip-practiques1-lleida\/wp-json\/wp\/v2\/types\/page"}],"author":[{"embeddable":true,"href":"https:\/\/agora.xtec.cat\/ceip-practiques1-lleida\/wp-json\/wp\/v2\/users\/3"}],"replies":[{"embeddable":true,"href":"https:\/\/agora.xtec.cat\/ceip-practiques1-lleida\/wp-json\/wp\/v2\/comments?post=1575"}],"version-history":[{"count":7,"href":"https:\/\/agora.xtec.cat\/ceip-practiques1-lleida\/wp-json\/wp\/v2\/pages\/1575\/revisions"}],"predecessor-version":[{"id":18322,"href":"https:\/\/agora.xtec.cat\/ceip-practiques1-lleida\/wp-json\/wp\/v2\/pages\/1575\/revisions\/18322"}],"wp:attachment":[{"href":"https:\/\/agora.xtec.cat\/ceip-practiques1-lleida\/wp-json\/wp\/v2\/media?parent=1575"}],"curies":[{"name":"wp","href":"https:\/\/api.w.org\/{rel}","templated":true}]}}